{"id":17676,"date":"2022-07-11T08:48:53","date_gmt":"2022-07-11T08:48:53","guid":{"rendered":"https:\/\/www.factris.com\/?page_id=17676"},"modified":"2024-03-26T16:09:18","modified_gmt":"2024-03-26T16:09:18","slug":"faq","status":"publish","type":"page","link":"https:\/\/www.factris.com\/be\/faq\/","title":{"rendered":"FAQ"},"content":{"rendered":"<p>[et_pb_section fb_built=&#8221;1&#8243; _builder_version=&#8221;4.16&#8243; _module_preset=&#8221;default&#8221; background_color=&#8221;#D8DAEE&#8221; z_index=&#8221;9999&#8243; custom_padding=&#8221;||50px|||&#8221; global_colors_info=&#8221;{}&#8221;][et_pb_row use_custom_gutter=&#8221;on&#8221; gutter_width=&#8221;2&#8243; make_equal=&#8221;on&#8221; _builder_version=&#8221;4.16&#8243; _module_preset=&#8221;default&#8221; custom_padding=&#8221;0px||0px||true|false&#8221; global_colors_info=&#8221;{}&#8221;][et_pb_column type=&#8221;4_4&#8243; _builder_version=&#8221;4.16&#8243; _module_preset=&#8221;default&#8221; global_colors_info=&#8221;{}&#8221;][et_pb_text _builder_version=&#8221;4.24.0&#8243; _module_preset=&#8221;default&#8221; header_font=&#8221;|700|||||||&#8221; header_text_color=&#8221;#000A54&#8243; header_2_font=&#8221;|700|||||||&#8221; header_2_text_color=&#8221;#000A54&#8243; header_2_font_size=&#8221;36px&#8221; header_3_font=&#8221;|600|||||||&#8221; header_3_text_align=&#8221;center&#8221; header_3_text_color=&#8221;#ffffff&#8221; header_3_font_size=&#8221;46px&#8221; hover_enabled=&#8221;0&#8243; header_2_line_height_tablet=&#8221;&#8221; header_2_line_height_phone=&#8221;1.4em&#8221; header_2_line_height_last_edited=&#8221;on|phone&#8221; global_colors_info=&#8221;{}&#8221; sticky_enabled=&#8221;0&#8243;]<\/p>\n<h1 style=\"text-align: left;\">Kunnen we u helpen?<\/h1>\n<p>Met behulp van onderstaande links navigeert u eenvoudig door onze pagina met \u2018veelgestelde vragen\u2019. Zo vindt u snel het antwoord dat u zoekt!<\/p>\n<p>[\/et_pb_text][\/et_pb_column][\/et_pb_row][et_pb_row _builder_version=&#8221;4.16&#8243; _module_preset=&#8221;default&#8221; global_colors_info=&#8221;{}&#8221;][et_pb_column type=&#8221;4_4&#8243; _builder_version=&#8221;4.16&#8243; _module_preset=&#8221;default&#8221; global_colors_info=&#8221;{}&#8221;][et_pb_accordion db_closeable=&#8221;on&#8221; db_initial_state=&#8221;all_closed&#8221; open_toggle_text_color=&#8221;#000a54&#8243; icon_color=&#8221;#727282&#8243; _builder_version=&#8221;4.24.0&#8243; _module_preset=&#8221;default&#8221; toggle_text_color=&#8221;#000a54&#8243; toggle_level=&#8221;h2&#8243; toggle_font=&#8221;|700|||||||&#8221; toggle_font_size=&#8221;21px&#8221; hover_enabled=&#8221;0&#8243; custom_css_toggle=&#8221;margin-top:10px;||margin-bottom:10px;&#8221; global_colors_info=&#8221;{}&#8221; background_color=&#8221;RGBA(255,255,255,0)&#8221; sticky_enabled=&#8221;0&#8243;][et_pb_accordion_item title=&#8221;Wat is factoring?&#8221; open=&#8221;on&#8221; _builder_version=&#8221;4.17.4&#8243; _module_preset=&#8221;default&#8221; global_colors_info=&#8221;{}&#8221;]Factoring is het voorschieten van geld op basis van een bedrijfstransactie. Bij ons type factoring bestaat de transactie uit het uitgeven en aanvaarden van een factuur die we geheel of gedeeltelijk kopen binnen de 24 uur. Factris wordt eigenaar van de factuur en zorgt voor het innen en verzekeren ervan, tegen een tarief dat bij aankoop van de factuur wordt betaald in de vorm van een kleine korting op de nominale waarde van de factuur (vanaf 0,5 %).[\/et_pb_accordion_item][et_pb_accordion_item title=&#8221;Hoe werkt het proces?&#8221; _builder_version=&#8221;4.17.4&#8243; _module_preset=&#8221;default&#8221; global_colors_info=&#8221;{}&#8221; open=&#8221;off&#8221;]Als u klant bij ons bent en een factuur wilt laten aankopen, plaats dan onze opdrachttekst op uw factuur. Wanneer u uw factuur naar de debiteur stuurt, vermeldt u Factris als CC in de e-mail, zodat wij kunnen zien dat de factuur naar uw debiteur is verzonden. Vervolgens kunt u de factuur en het onderliggende document uploaden in onze online omgeving, daarna volgt de uitbetaling van 90%-95% binnen de 24 uur. De overige 5-10% ontvangt u wanneer uw debiteur betaald heeft min de factoringkosten.[\/et_pb_accordion_item][et_pb_accordion_item title=&#8221;Wat kost factoring bij Factris&#8221; _builder_version=&#8221;4.17.4&#8243; _module_preset=&#8221;default&#8221; global_colors_info=&#8221;{}&#8221; open=&#8221;off&#8221;]Ons laagste fee is 0,5% op de factuurwaarde.<br \/>\nDe kosten van factoring zijn gebaseerd op volume en risico, de kosten vari\u00ebren van 0,5% tot 2,5% per 30 dagen. De kosten zijn opgebouwd uit een initieel en additioneel bedrag. Het initi\u00eble bedrag geldt voor de eerst afgesproken periode (30 dagen). Het additionele bedrag geld voor elke dag na de initi\u00eble periode.[\/et_pb_accordion_item][et_pb_accordion_item title=&#8221;Hoelang duurt het om mijn aanvraag te beoordelen?&#8221; _builder_version=&#8221;4.17.4&#8243; _module_preset=&#8221;default&#8221; global_colors_info=&#8221;{}&#8221; open=&#8221;off&#8221;]Nadat we uw ingevulde aanvraagformulier hebben ontvangen, wordt uw aanvraag binnen een dag verwerkt. Nadat wij uw documenten hebben ontvangen kunnen we snel schakelen, over het algemeen vindt een beoordeling binnen \u00e9\u00e9n werkdag plaats.[\/et_pb_accordion_item][et_pb_accordion_item title=&#8221;Moet ik al mijn facturen financieren?&#8221; _builder_version=&#8221;4.17.4&#8243; _module_preset=&#8221;default&#8221; global_colors_info=&#8221;{}&#8221; open=&#8221;off&#8221;]U kunt al uw facturen of een deel ervan aan ons verkopen, zoals overeengekomen met uw accountmanager.[\/et_pb_accordion_item][et_pb_accordion_item title=&#8221;Wat merken mijn klanten ervan?&#8221; _builder_version=&#8221;4.17.4&#8243; _module_preset=&#8221;default&#8221; global_colors_info=&#8221;{}&#8221; open=&#8221;off&#8221;]Samen met u bepalen we hoe we met uw klanten omgaan. We nemen alleen contact met hen op na uw toestemming. Dankzij onze jarenlange ervaring leerden we omgaan met geweldige klanten, maar ook met moeilijke klanten die te laat betalen. Onze communicatie blijft te allen tijde professioneel. Op basis van wat we overeenkomen bepalen we of onze betalingsinformatie wordt getoond op de factuur.[\/et_pb_accordion_item][et_pb_accordion_item title=&#8221;Hoe hoog is het voorschot dat ik op mijn facturen krijg?&#8221; _builder_version=&#8221;4.17.4&#8243; _module_preset=&#8221;default&#8221; global_colors_info=&#8221;{}&#8221; open=&#8221;off&#8221;]We verstrekken maximaal 100% van de factuur min onze fee voor de dienstverlening.[\/et_pb_accordion_item][et_pb_accordion_item title=&#8221;Waarin verschilt factoring van geld lenen?&#8221; _builder_version=&#8221;4.17.4&#8243; _module_preset=&#8221;default&#8221; global_colors_info=&#8221;{}&#8221; open=&#8221;off&#8221;]Factoring is een flexibele financieringsfaciliteit die meegroeit met uw bedrijf en zeer bruikbaar is voor liquiditeit op korte termijn, terwijl een lening normaal gezien inflexibel is en voor een langere termijn. Vaak sluit u een maximaal leenbedrag af en betaalt u rente, ook als u op dat moment niet het volledige bedrag nodig hebt. Boekhoudkundig betekent een lening dat u een verplichting hebt tegenover de geldgever, in tegenstelling tot factoring, dat buiten de balans valt en de verantwoordelijkheid is van het factoringbedrijf. Met factoring kunt u nagenoeg onbeperkt groeien.[\/et_pb_accordion_item][et_pb_accordion_item title=&#8221;Moet ik een overeenkomst tekenen voor factoringdiensten?&#8221; _builder_version=&#8221;4.17.4&#8243; _module_preset=&#8221;default&#8221; global_colors_info=&#8221;{}&#8221; open=&#8221;off&#8221;]Om de laagst mogelijke tarieven te kunnen bieden voor debiteuren- en kredietbeheerdiensten, hebben we een overeenkomst nodig. De voorwaarden daarvan bespreekt u met uw persoonlijke accountmanager die deze aanpast aan uw specifieke behoeften.[\/et_pb_accordion_item][et_pb_accordion_item title=&#8221;Hoe werkt de aanvraagprocedure?&#8221; _builder_version=&#8221;4.17.4&#8243; _module_preset=&#8221;default&#8221; global_colors_info=&#8221;{}&#8221; open=&#8221;off&#8221;]De aanvraagprocedure is vrij eenvoudig en snel, en tegelijk persoonlijk. U begint met het verstrekken van basisinformatie over de jaaromzet van uw bedrijf, het benodigde financieringsbedrag, de gemiddelde tijd waarbinnen uw facturen worden betaald en uw bedrijfsgegevens. Dit gebeurt online. Binnen vijf minuten sturen we u een offerte met een overzicht van de fees. Indien u met dit overzicht akkoord gaat, krijgt u een persoonlijke accountmanager die samen met u kijkt wat nu uw echte bedrijfsbehoeften zijn en die u meer uitleg geeft over debiteuren- en kredietbeheer. Uw accountmanager helpt bij het aanmeldproces, inclusief de verwerking van aanvullende informatie over uw bedrijf en de economische eigenaren.[\/et_pb_accordion_item][et_pb_accordion_item title=&#8221;Wat gebeurt er wanneer mijn klant niet betaalt?&#8221; _builder_version=&#8221;4.17.4&#8243; _module_preset=&#8221;default&#8221; global_colors_info=&#8221;{}&#8221; open=&#8221;off&#8221;]Wanneer uw klant niet betaald, dan nemen we eerst contact met u op om te kijken waar het probleem ligt. Sommige ondernemers vinden het belangrijk om de klantrelatie te onderhouden en willen zelf contact opnemen met de klant. Debiteurenbeheer is maatwerk en wordt in overleg met u georganiseerd.[\/et_pb_accordion_item][et_pb_accordion_item title=&#8221;De bank heeft mijn aanvraag voor een lening afgewezen. Kan ik dan nog financiering van Factris krijgen?&#8221; _builder_version=&#8221;4.17.4&#8243; _module_preset=&#8221;default&#8221; global_colors_info=&#8221;{}&#8221; open=&#8221;off&#8221;]<\/p>\n<p>Ja, dat kan! We zijn er om bedrijven te helpen waar banken dat niet kunnen.<\/p>\n<p>[\/et_pb_accordion_item][et_pb_accordion_item title=&#8221;Hoelang duurt het voordat ik een betaling op mijn bankrekening ontvang?&#8221; _builder_version=&#8221;4.17.4&#8243; _module_preset=&#8221;default&#8221; global_colors_info=&#8221;{}&#8221; open=&#8221;off&#8221;]De betaling gebeurt op dezelfde werkdag van aankoop. [\/et_pb_accordion_item][et_pb_accordion_item title=&#8221;Kan ik voor de initi\u00eble periode ook een kortere termijn afspreken? &#8221; _builder_version=&#8221;4.17.4&#8243; _module_preset=&#8221;default&#8221; global_colors_info=&#8221;{}&#8221; open=&#8221;off&#8221;]Ja dat kan, als uw klanten altijd na 14 dagen betalen, dan kunnen wij maatwerk leveren.[\/et_pb_accordion_item][et_pb_accordion_item title=&#8221;Wat voor facturen kan ik indienen?&#8221; _builder_version=&#8221;4.17.4&#8243; _module_preset=&#8221;default&#8221; global_colors_info=&#8221;{}&#8221; open=&#8221;off&#8221;]U kunt facturen indienen voor goederen en diensten waarvan de levering is bevestigd. Voor elke afgeronde zakelijke dienst kunt u de facturen laten aankopen. Een afgeronde dienst is een dienst die aantoonbaar is afgerond door middel van een onderliggend stuk. Denk hierbij aan een timesheet bij een uitzendkracht en aan een vrachtbrief bij een afgeleverd transport.[\/et_pb_accordion_item][et_pb_accordion_item title=&#8221;Hoeveel bedraagt de financiering waar ik toegang toe heb?&#8221; _builder_version=&#8221;4.17.4&#8243; _module_preset=&#8221;default&#8221; global_colors_info=&#8221;{}&#8221; open=&#8221;off&#8221;]We kunnen maximaal \u20ac 5 miljoen aan financiering bieden, afhankelijk van uw behoeften. We kunnen een maximaal bedrag van \u20ac 12 miljoen op jaarbasis aan financiering bieden. De maximale faciliteit (fundinglijn) is \u20ac 1 miljoen. Bij Factris is er geen sprake van een minimum factuurbedrag[\/et_pb_accordion_item][et_pb_accordion_item title=&#8221;Waarin verschilt Factris van andere factoringbedrijven?&#8221; _builder_version=&#8221;4.17.4&#8243; _module_preset=&#8221;default&#8221; global_colors_info=&#8221;{}&#8221; open=&#8221;off&#8221;]We onderscheiden ons met onze persoonlijke dienstverlening in combinatie met lage kosten. Normaliter proberen mensen uit het proces te vervangen door automatisering. Wij zorgen voor geautomatiseerde tools die onze persoonlijke accountmanagers ondersteunen, zodat ze tijd hebben om u te helpen.<\/p>\n<p>Factris verschilt met andere factoringbedrijven, ieder factorbedrijf heeft zijn eigen manier van werken. Bij Factris zijn we flexibel en leveren we maatwerk. Zo kunt u als ondernemer zelf bepalen welke factuur u wel of niet laat aankopen en welke debiteur u wel of niet onderbrengt. Ook kunt u zelf bepalen op welke dag u een factuur laat aankopen, hierdoor kunt u de kosten drukken.[\/et_pb_accordion_item][et_pb_accordion_item title=&#8221;Wanneer kom ik in aanmerking voor factoring bij Factris?&#8221; _builder_version=&#8221;4.17.4&#8243; _module_preset=&#8221;default&#8221; global_colors_info=&#8221;{}&#8221; open=&#8221;off&#8221;]<\/p>\n<p>Onze criteria zijn heel flexibel. We werken voor bedrijven in alle groeistadia, bedrijven van verschillende omvang en met uiteenlopende bedrijfsmodellen.<br \/>U komt in aanmerking voor factoring<br \/>1. indien uw bedrijf minimaal zes maanden bestaat<br \/>2. indien u een minimale omzet van \u20ac 50.000 op jaarbasis draait<br \/>3. indien uw bedrijf gevestigd is in de Benelux.<br \/>4. indien uw debiteuren gevestigd zijn in de OESO-landen.<\/p>\n<p>[\/et_pb_accordion_item][\/et_pb_accordion][\/et_pb_column][\/et_pb_row][\/et_pb_section][et_pb_section fb_built=&#8221;1&#8243; _builder_version=&#8221;4.24.0&#8243; _module_preset=&#8221;default&#8221; background_color=&#8221;#000A54&#8243; custom_padding=&#8221;||||true|false&#8221; hover_enabled=&#8221;0&#8243; global_colors_info=&#8221;{}&#8221; sticky_enabled=&#8221;0&#8243;][et_pb_row _builder_version=&#8221;4.24.0&#8243; _module_preset=&#8221;default&#8221; custom_padding=&#8221;||||true|false&#8221; hover_enabled=&#8221;0&#8243; global_colors_info=&#8221;{}&#8221; sticky_enabled=&#8221;0&#8243;][et_pb_column type=&#8221;4_4&#8243; _builder_version=&#8221;4.16&#8243; _module_preset=&#8221;default&#8221; global_colors_info=&#8221;{}&#8221;][et_pb_text _builder_version=&#8221;4.17.4&#8243; _module_preset=&#8221;default&#8221; header_font=&#8221;|700|||||||&#8221; header_text_color=&#8221;#ffffff&#8221; header_line_height=&#8221;2em&#8221; header_2_font=&#8221;|700|||||||&#8221; header_2_text_color=&#8221;#ffffff&#8221; header_2_font_size=&#8221;46px&#8221; header_3_font=&#8221;|700|||||||&#8221; header_3_text_align=&#8221;center&#8221; header_3_text_color=&#8221;#ffffff&#8221; header_3_font_size=&#8221;25px&#8221; hover_enabled=&#8221;0&#8243; header_font_tablet=&#8221;&#8221; header_font_phone=&#8221;&#8221; header_font_last_edited=&#8221;on|desktop&#8221; header_line_height_tablet=&#8221;1.8em&#8221; header_line_height_phone=&#8221;1.4em&#8221; header_line_height_last_edited=&#8221;on|phone&#8221; header_2_font_size_tablet=&#8221;&#8221; header_2_font_size_phone=&#8221;32px&#8221; header_2_font_size_last_edited=&#8221;on|phone&#8221; header_3_font_tablet=&#8221;&#8221; header_3_font_phone=&#8221;&#8221; header_3_font_last_edited=&#8221;on|phone&#8221; header_3_line_height_tablet=&#8221;&#8221; header_3_line_height_phone=&#8221;1.8em&#8221; header_3_line_height_last_edited=&#8221;on|phone&#8221; global_colors_info=&#8221;{}&#8221; sticky_enabled=&#8221;0&#8243;]<\/p>\n<h2 style=\"text-align: center;\">Focus op het succes van uw bedrijf<\/h2>\n<p>&nbsp;<\/p>\n<h3 style=\"text-align: center;\"><span>Zet met factoring uw openstaande facturen snel om in werkkapitaal<\/span><\/h3>\n<p>[\/et_pb_text][et_pb_button button_url=&#8221;https:\/\/www.factris.com\/be\/geschiktheid\/&#8221; button_text=&#8221;Iets voor mij?&#8221; button_alignment=&#8221;center&#8221; module_class=&#8221;btn-tertiary-2&#8243; _builder_version=&#8221;4.24.0&#8243; _module_preset=&#8221;default&#8221; custom_button=&#8221;on&#8221; button_text_color=&#8221;#ffffff&#8221; button_bg_color=&#8221;rgba(0,0,0,0)&#8221; button_font=&#8221;||||on||||&#8221; button_icon=&#8221;&#x24;||divi||400&#8243; button_icon_color=&#8221;#ffffff&#8221; button_on_hover=&#8221;off&#8221; custom_margin=&#8221;||||false|false&#8221; custom_padding=&#8221;||||true|true&#8221; hover_enabled=&#8221;0&#8243; global_colors_info=&#8221;{}&#8221; sticky_enabled=&#8221;0&#8243;][\/et_pb_button][et_pb_button button_url=&#8221;https:\/\/onboarding.factris.com\/BEnl\/sign-up&#8221; button_text=&#8221;Start nu&#8221; button_alignment=&#8221;center&#8221; _builder_version=&#8221;4.17.4&#8243; _module_preset=&#8221;default&#8221; button_icon=&#8221;&#x24;||divi||400&#8243; button_icon_color=&#8221;#353540&#8243; button_on_hover=&#8221;off&#8221; custom_margin=&#8221;||18px|||&#8221; custom_padding=&#8221;10px|40px|10px|25px|true|false&#8221; global_colors_info=&#8221;{}&#8221; custom_padding__hover_enabled=&#8221;on|hover&#8221; custom_padding__hover=&#8221;|50px|||true|false&#8221;][\/et_pb_button][\/et_pb_column][\/et_pb_row][\/et_pb_section]<\/p>\n","protected":false},"excerpt":{"rendered":"<p>Kunnen we u helpen? Met behulp van onderstaande links navigeert u eenvoudig door onze pagina met \u2018veelgestelde vragen\u2019. Zo vindt u snel het antwoord dat u zoekt!Factoring is het voorschieten van geld op basis van een bedrijfstransactie. Bij ons type factoring bestaat de transactie uit het uitgeven en aanvaarden van een factuur die we geheel [&hellip;]<\/p>\n","protected":false},"author":1,"featured_media":18609,"parent":0,"menu_order":0,"comment_status":"closed","ping_status":"closed","template":"","meta":{"_et_pb_use_builder":"on","_et_pb_old_content":"","_et_gb_content_width":"","footnotes":""},"yoast_head":"<!-- This site is optimized with the Yoast SEO Premium plugin v22.2 (Yoast SEO v24.5) - https:\/\/yoast.com\/wordpress\/plugins\/seo\/ -->\n<title>Hier vindt u alle veelgestelde vragen | Factris<\/title>\n<meta name=\"description\" content=\"Wat is factoring? Kan ik klant worden bij Factris? Ontdek hier het antwoord op deze en andere veelgestelde vragen.\" \/>\n<meta name=\"robots\" content=\"index, follow, max-snippet:-1, max-image-preview:large, max-video-preview:-1\" \/>\n<link rel=\"canonical\" href=\"https:\/\/www.factris.com\/be\/faq\/\" \/>\n<meta property=\"og:locale\" content=\"en_US\" \/>\n<meta property=\"og:type\" content=\"article\" \/>\n<meta property=\"og:title\" content=\"FAQ\" \/>\n<meta property=\"og:description\" content=\"Wat is factoring? Kan ik klant worden bij Factris? Ontdek hier het antwoord op deze en andere veelgestelde vragen.\" \/>\n<meta property=\"og:url\" content=\"https:\/\/www.factris.com\/be\/faq\/\" \/>\n<meta property=\"og:site_name\" content=\"Factris\" \/>\n<meta property=\"article:publisher\" content=\"https:\/\/www.facebook.com\/factris\" \/>\n<meta property=\"article:modified_time\" content=\"2024-03-26T16:09:18+00:00\" \/>\n<meta property=\"og:image\" content=\"https:\/\/www.factris.com\/wp-content\/uploads\/2022\/09\/BE12.png\" \/>\n\t<meta property=\"og:image:width\" content=\"1200\" \/>\n\t<meta property=\"og:image:height\" content=\"1200\" \/>\n\t<meta property=\"og:image:type\" content=\"image\/png\" \/>\n<meta name=\"twitter:card\" content=\"summary_large_image\" \/>\n<meta name=\"twitter:site\" content=\"@factris\" \/>\n<meta name=\"twitter:label1\" content=\"Est. reading time\" \/>\n\t<meta name=\"twitter:data1\" content=\"6 minutes\" \/>\n<script type=\"application\/ld+json\" class=\"yoast-schema-graph\">{\"@context\":\"https:\/\/schema.org\",\"@graph\":[{\"@type\":\"WebPage\",\"@id\":\"https:\/\/www.factris.com\/be\/faq\/\",\"url\":\"https:\/\/www.factris.com\/be\/faq\/\",\"name\":\"Hier vindt u alle veelgestelde vragen | Factris\",\"isPartOf\":{\"@id\":\"https:\/\/www.factris.com\/be\/#website\"},\"primaryImageOfPage\":{\"@id\":\"https:\/\/www.factris.com\/be\/faq\/#primaryimage\"},\"image\":{\"@id\":\"https:\/\/www.factris.com\/be\/faq\/#primaryimage\"},\"thumbnailUrl\":\"https:\/\/www.factris.com\/wp-content\/uploads\/2022\/09\/BE12.png\",\"datePublished\":\"2022-07-11T08:48:53+00:00\",\"dateModified\":\"2024-03-26T16:09:18+00:00\",\"description\":\"Wat is factoring? Kan ik klant worden bij Factris? Ontdek hier het antwoord op deze en andere veelgestelde vragen.\",\"breadcrumb\":{\"@id\":\"https:\/\/www.factris.com\/be\/faq\/#breadcrumb\"},\"inLanguage\":\"be-BE\",\"potentialAction\":[{\"@type\":\"ReadAction\",\"target\":[\"https:\/\/www.factris.com\/be\/faq\/\"]}]},{\"@type\":\"ImageObject\",\"inLanguage\":\"be-BE\",\"@id\":\"https:\/\/www.factris.com\/be\/faq\/#primaryimage\",\"url\":\"https:\/\/www.factris.com\/wp-content\/uploads\/2022\/09\/BE12.png\",\"contentUrl\":\"https:\/\/www.factris.com\/wp-content\/uploads\/2022\/09\/BE12.png\",\"width\":1200,\"height\":1200},{\"@type\":\"BreadcrumbList\",\"@id\":\"https:\/\/www.factris.com\/be\/faq\/#breadcrumb\",\"itemListElement\":[{\"@type\":\"ListItem\",\"position\":1,\"name\":\"Home\",\"item\":\"https:\/\/www.factris.com\/be\/\"},{\"@type\":\"ListItem\",\"position\":2,\"name\":\"FAQ\"}]},{\"@type\":\"WebSite\",\"@id\":\"https:\/\/www.factris.com\/be\/#website\",\"url\":\"https:\/\/www.factris.com\/be\/\",\"name\":\"Factris\",\"description\":\"Your invoices. Our financing.\",\"publisher\":{\"@id\":\"https:\/\/www.factris.com\/be\/#organization\"},\"potentialAction\":[{\"@type\":\"SearchAction\",\"target\":{\"@type\":\"EntryPoint\",\"urlTemplate\":\"https:\/\/www.factris.com\/be\/?s={search_term_string}\"},\"query-input\":{\"@type\":\"PropertyValueSpecification\",\"valueRequired\":true,\"valueName\":\"search_term_string\"}}],\"inLanguage\":\"be-BE\"},{\"@type\":\"Organization\",\"@id\":\"https:\/\/www.factris.com\/be\/#organization\",\"name\":\"Factris Holding B.V.\",\"url\":\"https:\/\/www.factris.com\/be\/\",\"logo\":{\"@type\":\"ImageObject\",\"inLanguage\":\"be-BE\",\"@id\":\"https:\/\/www.factris.com\/be\/#\/schema\/logo\/image\/\",\"url\":\"https:\/\/www.factris.com\/wp-content\/uploads\/2020\/12\/logo-factris-black.png\",\"contentUrl\":\"https:\/\/www.factris.com\/wp-content\/uploads\/2020\/12\/logo-factris-black.png\",\"width\":400,\"height\":73,\"caption\":\"Factris Holding B.V.\"},\"image\":{\"@id\":\"https:\/\/www.factris.com\/be\/#\/schema\/logo\/image\/\"},\"sameAs\":[\"https:\/\/www.facebook.com\/factris\",\"https:\/\/x.com\/factris\",\"https:\/\/www.instagram.com\/factrisholding\/\",\"https:\/\/www.linkedin.com\/company\/factrisholding\",\"https:\/\/www.youtube.com\/channel\/UCFupqDt-Xo3EaKYGiqJH1nQ\"]}]}<\/script>\n<!-- \/ Yoast SEO Premium plugin. -->","yoast_head_json":{"title":"Hier vindt u alle veelgestelde vragen | Factris","description":"Wat is factoring? Kan ik klant worden bij Factris? Ontdek hier het antwoord op deze en andere veelgestelde vragen.","robots":{"index":"index","follow":"follow","max-snippet":"max-snippet:-1","max-image-preview":"max-image-preview:large","max-video-preview":"max-video-preview:-1"},"canonical":"https:\/\/www.factris.com\/be\/faq\/","og_locale":"en_US","og_type":"article","og_title":"FAQ","og_description":"Wat is factoring? Kan ik klant worden bij Factris? Ontdek hier het antwoord op deze en andere veelgestelde vragen.","og_url":"https:\/\/www.factris.com\/be\/faq\/","og_site_name":"Factris","article_publisher":"https:\/\/www.facebook.com\/factris","article_modified_time":"2024-03-26T16:09:18+00:00","og_image":[{"width":1200,"height":1200,"url":"https:\/\/www.factris.com\/wp-content\/uploads\/2022\/09\/BE12.png","type":"image\/png"}],"twitter_card":"summary_large_image","twitter_site":"@factris","twitter_misc":{"Est. reading time":"6 minutes"},"schema":{"@context":"https:\/\/schema.org","@graph":[{"@type":"WebPage","@id":"https:\/\/www.factris.com\/be\/faq\/","url":"https:\/\/www.factris.com\/be\/faq\/","name":"Hier vindt u alle veelgestelde vragen | Factris","isPartOf":{"@id":"https:\/\/www.factris.com\/be\/#website"},"primaryImageOfPage":{"@id":"https:\/\/www.factris.com\/be\/faq\/#primaryimage"},"image":{"@id":"https:\/\/www.factris.com\/be\/faq\/#primaryimage"},"thumbnailUrl":"https:\/\/www.factris.com\/wp-content\/uploads\/2022\/09\/BE12.png","datePublished":"2022-07-11T08:48:53+00:00","dateModified":"2024-03-26T16:09:18+00:00","description":"Wat is factoring? Kan ik klant worden bij Factris? Ontdek hier het antwoord op deze en andere veelgestelde vragen.","breadcrumb":{"@id":"https:\/\/www.factris.com\/be\/faq\/#breadcrumb"},"inLanguage":"be-BE","potentialAction":[{"@type":"ReadAction","target":["https:\/\/www.factris.com\/be\/faq\/"]}]},{"@type":"ImageObject","inLanguage":"be-BE","@id":"https:\/\/www.factris.com\/be\/faq\/#primaryimage","url":"https:\/\/www.factris.com\/wp-content\/uploads\/2022\/09\/BE12.png","contentUrl":"https:\/\/www.factris.com\/wp-content\/uploads\/2022\/09\/BE12.png","width":1200,"height":1200},{"@type":"BreadcrumbList","@id":"https:\/\/www.factris.com\/be\/faq\/#breadcrumb","itemListElement":[{"@type":"ListItem","position":1,"name":"Home","item":"https:\/\/www.factris.com\/be\/"},{"@type":"ListItem","position":2,"name":"FAQ"}]},{"@type":"WebSite","@id":"https:\/\/www.factris.com\/be\/#website","url":"https:\/\/www.factris.com\/be\/","name":"Factris","description":"Your invoices. Our financing.","publisher":{"@id":"https:\/\/www.factris.com\/be\/#organization"},"potentialAction":[{"@type":"SearchAction","target":{"@type":"EntryPoint","urlTemplate":"https:\/\/www.factris.com\/be\/?s={search_term_string}"},"query-input":{"@type":"PropertyValueSpecification","valueRequired":true,"valueName":"search_term_string"}}],"inLanguage":"be-BE"},{"@type":"Organization","@id":"https:\/\/www.factris.com\/be\/#organization","name":"Factris Holding B.V.","url":"https:\/\/www.factris.com\/be\/","logo":{"@type":"ImageObject","inLanguage":"be-BE","@id":"https:\/\/www.factris.com\/be\/#\/schema\/logo\/image\/","url":"https:\/\/www.factris.com\/wp-content\/uploads\/2020\/12\/logo-factris-black.png","contentUrl":"https:\/\/www.factris.com\/wp-content\/uploads\/2020\/12\/logo-factris-black.png","width":400,"height":73,"caption":"Factris Holding B.V."},"image":{"@id":"https:\/\/www.factris.com\/be\/#\/schema\/logo\/image\/"},"sameAs":["https:\/\/www.facebook.com\/factris","https:\/\/x.com\/factris","https:\/\/www.instagram.com\/factrisholding\/","https:\/\/www.linkedin.com\/company\/factrisholding","https:\/\/www.youtube.com\/channel\/UCFupqDt-Xo3EaKYGiqJH1nQ"]}]}},"_links":{"self":[{"href":"https:\/\/www.factris.com\/be\/wp-json\/wp\/v2\/pages\/17676"}],"collection":[{"href":"https:\/\/www.factris.com\/be\/wp-json\/wp\/v2\/pages"}],"about":[{"href":"https:\/\/www.factris.com\/be\/wp-json\/wp\/v2\/types\/page"}],"author":[{"embeddable":true,"href":"https:\/\/www.factris.com\/be\/wp-json\/wp\/v2\/users\/1"}],"replies":[{"embeddable":true,"href":"https:\/\/www.factris.com\/be\/wp-json\/wp\/v2\/comments?post=17676"}],"version-history":[{"count":12,"href":"https:\/\/www.factris.com\/be\/wp-json\/wp\/v2\/pages\/17676\/revisions"}],"predecessor-version":[{"id":29960,"href":"https:\/\/www.factris.com\/be\/wp-json\/wp\/v2\/pages\/17676\/revisions\/29960"}],"wp:featuredmedia":[{"embeddable":true,"href":"https:\/\/www.factris.com\/be\/wp-json\/wp\/v2\/media\/18609"}],"wp:attachment":[{"href":"https:\/\/www.factris.com\/be\/wp-json\/wp\/v2\/media?parent=17676"}],"curies":[{"name":"wp","href":"https:\/\/api.w.org\/{rel}","templated":true}]}}