{"id":20472,"date":"2022-12-12T07:20:20","date_gmt":"2022-12-12T07:20:20","guid":{"rendered":"https:\/\/www.factris.com\/?page_id=20472"},"modified":"2022-12-12T07:42:36","modified_gmt":"2022-12-12T07:42:36","slug":"eu-projects","status":"publish","type":"page","link":"https:\/\/www.factris.com\/en\/eu-projects\/","title":{"rendered":"EU projects"},"content":{"rendered":"<p>[et_pb_section fb_built=&#8221;1&#8243; _builder_version=&#8221;4.16&#8243; _module_preset=&#8221;default&#8221; background_color=&#8221;#D8DAEE&#8221; z_index=&#8221;9999&#8243; custom_padding=&#8221;||100px|||&#8221; global_colors_info=&#8221;{}&#8221;][et_pb_row _builder_version=&#8221;4.18.0&#8243; _module_preset=&#8221;default&#8221; global_colors_info=&#8221;{}&#8221;][et_pb_column type=&#8221;4_4&#8243; _builder_version=&#8221;4.18.0&#8243; _module_preset=&#8221;default&#8221; global_colors_info=&#8221;{}&#8221;][et_pb_image src=&#8221;https:\/\/www.factris.com\/wp-content\/uploads\/2022\/12\/ESFIVP-I-2-EN.png&#8221; title_text=&#8221;ESFIVP-I-2-EN&#8221; align=&#8221;center&#8221; _builder_version=&#8221;4.18.0&#8243; _module_preset=&#8221;default&#8221; width=&#8221;40%&#8221; hover_enabled=&#8221;0&#8243; global_colors_info=&#8221;{}&#8221; sticky_enabled=&#8221;0&#8243;][\/et_pb_image][\/et_pb_column][\/et_pb_row][et_pb_row use_custom_gutter=&#8221;on&#8221; gutter_width=&#8221;2&#8243; make_equal=&#8221;on&#8221; _builder_version=&#8221;4.16&#8243; _module_preset=&#8221;default&#8221; custom_padding=&#8221;0px||0px||true|false&#8221; global_colors_info=&#8221;{}&#8221;][et_pb_column type=&#8221;4_4&#8243; _builder_version=&#8221;4.16&#8243; _module_preset=&#8221;default&#8221; global_colors_info=&#8221;{}&#8221;][et_pb_text _builder_version=&#8221;4.18.0&#8243; _module_preset=&#8221;default&#8221; header_font=&#8221;|600|||||||&#8221; header_text_color=&#8221;#000A54&#8243; header_font_size=&#8221;46px&#8221; header_2_font=&#8221;|700|||||||&#8221; header_2_text_color=&#8221;#000A54&#8243; header_2_font_size=&#8221;36px&#8221; header_3_font=&#8221;|600|||||||&#8221; header_3_text_align=&#8221;center&#8221; header_3_text_color=&#8221;#ffffff&#8221; header_3_font_size=&#8221;46px&#8221; hover_enabled=&#8221;0&#8243; header_2_line_height_tablet=&#8221;&#8221; header_2_line_height_phone=&#8221;1.4em&#8221; header_2_line_height_last_edited=&#8221;on|phone&#8221; global_colors_info=&#8221;{}&#8221; sticky_enabled=&#8221;0&#8243;]<\/p>\n<h1 style=\"text-align: left; padding-bottom: 50px;\">Creation of an innovative risk management system for factoring cases (FACTRIS)<\/h1>\n<p>UAB &#8220;Factris LT1&#8221; with its partner UAB &#8220;INNTEC&#8221; is currently implementing a project financed by the European Union.<\/p>\n<p>The goal of the project is to create an automated risk management platform for factored cases, which will consist of several main modules (components of the system): data collection module, factored risk assessment module, risk tolerance configuration module, risk algorithm definition module, monitoring module.<\/p>\n<p>During the project, it is planned to carry out research aimed at the development and validation of the concept of an artificial intelligence-based factorial risk management platform in laboratory conditions, as well as experimental development, the creation and demonstration of a prototype of an artificial intelligence-based factorial risk management platform under real operating conditions.<\/p>\n<p>The developed technology will allow to assess not the riskiness of a specific entity, but the risk of a factored case. This will significantly increase the accuracy of the assessment (reliability) and reduce the default rate. Also, the platform being developed will allow to significantly shorten the time of risk assessment and provision of factoring services, compared to manual work. Finally, the system will allow performing such functions as the collection and evaluation of alternative data, configuring the acceptable risk of a factored case, decompilation of the risk score into risk assessment rules, fixing the version of the risk assessment algorithm adapted to each risk case, and others. All this will allow system users (factoring service providers) to ensure the efficiency, promptness and cost-effectiveness of the factoring service provision process and even better meet the needs of end users (factoring service recipients).<\/p>\n<p>It is financed according to the measure &#8220;Smart FDI&#8221; of priority 1 &#8220;Promotion of scientific research, experimental development and innovation&#8221; of the 2014-2020 European Union funds investment action program. Funded from the European Regional Development Fund.<br \/>The name of the project is &#8220;Creation of an innovative risk management system of factoring cases (FACTRIS)&#8221;<br \/>Project executor &#8211; UAB &#8220;Factris LT1&#8221;<br \/>The total value of the project is EUR 1,955,389.10<br \/>Funding allocated from the European Regional Development Fund \u2013 EUR 1,397,043.52<br \/>Private investments corresponding to public support for innovations or R&amp;D projects &#8211; EUR 558,345.58<\/p>\n<p>The project is being implemented from 2020 February 11 until 2022 February 9<br \/>UAB &#8220;Factris LT1&#8221; has been operating since 2015. an active alternative financing company. It is the first provider of non-bank factoring (invoice financing) solutions for small and medium-sized businesses in Lithuania, occupying about 25% of the market. alternative factoring markets. in 2018 UAB &#8220;Factris LT1&#8221; was acquired by the Dutch factoring company &#8220;Factris&#8221;, which focuses on simplifying the business financing process and implementing innovative crediting solutions.<\/p>\n<p>[\/et_pb_text][\/et_pb_column][\/et_pb_row][\/et_pb_section]<\/p>\n","protected":false},"excerpt":{"rendered":"<p>Creation of an innovative risk management system for factoring cases (FACTRIS) UAB &#8220;Factris LT1&#8221; with its partner UAB &#8220;INNTEC&#8221; is currently implementing a project financed by the European Union. The goal of the project is to create an automated risk management platform for factored cases, which will consist of several main modules (components of the [&hellip;]<\/p>\n","protected":false},"author":1,"featured_media":8565,"parent":0,"menu_order":0,"comment_status":"closed","ping_status":"closed","template":"","meta":{"_et_pb_use_builder":"on","_et_pb_old_content":"[et_pb_section fb_built=\"1\" _builder_version=\"4.16\" _module_preset=\"default\" background_color=\"#D8DAEE\" z_index=\"9999\" custom_padding=\"||100px|||\" global_colors_info=\"{}\"][et_pb_row _builder_version=\"4.18.0\" _module_preset=\"default\"][et_pb_column _builder_version=\"4.18.0\" _module_preset=\"default\" type=\"4_4\"][et_pb_image src=\"https:\/\/www.factris.com\/wp-content\/uploads\/2022\/12\/ESFIVP-I-2.png\" _builder_version=\"4.18.0\" _module_preset=\"default\" title_text=\"ESFIVP-I-2\" hover_enabled=\"0\" sticky_enabled=\"0\" width=\"40%\" align=\"center\"][\/et_pb_image][\/et_pb_column][\/et_pb_row][et_pb_row use_custom_gutter=\"on\" gutter_width=\"2\" make_equal=\"on\" _builder_version=\"4.16\" _module_preset=\"default\" custom_padding=\"0px||0px||true|false\" global_colors_info=\"{}\"][et_pb_column type=\"4_4\" _builder_version=\"4.16\" _module_preset=\"default\" global_colors_info=\"{}\"][et_pb_text _builder_version=\"4.18.0\" _module_preset=\"default\" header_font=\"|600|||||||\" header_text_color=\"#000A54\" header_font_size=\"46px\" header_2_font=\"|700|||||||\" header_2_text_color=\"#000A54\" header_2_font_size=\"36px\" header_3_font=\"|600|||||||\" header_3_text_align=\"center\" header_3_text_color=\"#ffffff\" header_3_font_size=\"46px\" hover_enabled=\"0\" header_2_line_height_tablet=\"\" header_2_line_height_phone=\"1.4em\" header_2_line_height_last_edited=\"on|phone\" global_colors_info=\"{}\" sticky_enabled=\"0\"]\n<h1 style=\"text-align: left; padding-bottom:50px;\">Inovatyvios faktoringo atvej\u0173 rizikos valdymo sistemos suk\u016brimas (FACTRIS)<\/h1>\nUAB \u201eFactris LT1\u201c su partneriu UAB \u201eINNTEC\u201c \u0161iuo metu \u012fgyvendina Europos S\u0105jungos finansuojam\u0105 projekt\u0105.\n\nProjekto tikslas \u2013 sukurti automatizuot\u0105 faktoringo atvej\u0173 rizikos valdymo platform\u0105, kuri\u0105 sudarys keli pagrindiniai moduliai (sud\u0117tin\u0117s sistemos dalys): duomen\u0173 rinkimo modulis, faktoringo rizikos vertinimo modulis, rizikos tolerancijos konfig\u016bravimo modulis, rizikos algoritmo definicijos modulis, monitoringo modulis.\n\nProjekto metu numatoma vykdyti mokslinius tyrimus, skirtus dirbtiniu intelektu paremtos faktoringo atvej\u0173 rizikos valdymo platformos koncepcijos vystymui ir validavimui laboratorin\u0117mis s\u0105lygomis, bei eksperimentin\u0119 pl\u0117tr\u0105, dirbtiniu intelektu paremtos faktoringo atvej\u0173 rizikos valdymo platformos prototipo suk\u016brimui ir pademonstravimui realaus veikimo s\u0105lygomis.\n\nSukurta technologija leis \u012fvertinti ne konkretaus subjekto rizikingum\u0105, o faktoringo atvejo rizik\u0105. Tai leis \u017eymiai padidinti vertinimo tikslum\u0105 (patikimum\u0105) bei suma\u017einti rizikos pasiteisinimo rodikl\u012f (angl. default rate). Taip pat kuriama platforma leis \u017eymiai sutrumpinti rizikos vertinimo ir faktoringo paslaug\u0173 teikimo laik\u0105, lyginant su rankiniu darbu. Galiausiai sistema leis vykdyti tokias funkcijas kaip alternatyvi\u0173 duomen\u0173 rinkimas ir vertinimas, priimtinos faktoringo atvejo rizikos konfig\u016bravimas, rizikos balo dekompiliavimas \u012f rizikos vertinimo taisykles, kiekvienam rizikos atvejui pritaikytos rizikos vertinimo algoritmo versijos fiksavimas ir kitas. Visa tai sistemos naudotojams (faktoringo paslaug\u0173 teik\u0117jams) leis u\u017etikrinti faktoringo paslaug\u0173 teikimo proceso efektyvum\u0105, operatyvum\u0105 ir ekonomi\u0161kum\u0105 bei dar geriau patenkinti galutini\u0173 vartotoj\u0173 (faktoringo paslaug\u0173 gav\u0117j\u0173) poreikius.\n\nFinansuojama pagal 2014\u20132020 met\u0173 Europos S\u0105jungos fond\u0173 investicij\u0173 veiksm\u0173 programos 1 prioriteto \u201eMokslini\u0173 tyrim\u0173, eksperimentin\u0117s pl\u0117tros ir inovacij\u0173 skatinimas\u201c priemon\u0119 \u201eSmart FDI\u201c. Finansuojama i\u0161 Europos regionin\u0117s pl\u0117tros fondo.\n\nProjekto pavadinimas \u2013 \u201eInovatyvios faktoringo atvej\u0173 rizikos valdymo sistemos suk\u016brimas (FACTRIS)\u201c\nProjekto vykdytojas \u2013 UAB \u201eFactris LT1\u201c\nBendra projekto vert\u0117 \u2013 1 955 389,10 Eur\nI\u0161 Europos regionin\u0117s pl\u0117tros fondo skiriamas finansavimas \u2013 1 397 043,52 Eur\nPriva\u010dios investicijos, atitinkan\u010dios vie\u0161\u0105j\u0105 param\u0105 inovacijoms arba MTEP projektams \u2013 558 345,58 Eur\nProjektas \u012fgyvendinamas nuo 2020 m. vasario 11 d. iki 2022 m. vasario 9 d.\n\nUAB \u201eFactris LT1\u201c yra nuo 2015 m. veikianti alternatyvaus finansavimo \u012fmon\u0117. Tai pirmoji ne bankinio faktoringo (s\u0105skait\u0173 finansavimo) sprendim\u0173 smulkiam ir vidutiniam verslui teik\u0117ja Lietuvoje, u\u017eimanti apie 25 proc. alternatyvios faktoringo rinkos. 2018 m. pabaigoje UAB \u201eFactris LT1\u201c \u012fsigijo Nyderland\u0173 faktoringo bendrov\u0117 \u201eFactris\u201c, kuri orientuojasi \u012f verslo finansavimo proceso supaprastinim\u0105 bei inovatyvi\u0173 kreditavimo sprendim\u0173 diegim\u0105.[\/et_pb_text][\/et_pb_column][\/et_pb_row][\/et_pb_section]","_et_gb_content_width":"","footnotes":""},"yoast_head":"<!-- This site is optimized with the Yoast SEO Premium plugin v22.2 (Yoast SEO v24.5) - https:\/\/yoast.com\/wordpress\/plugins\/seo\/ -->\n<title>Risk management system for factoring cases<\/title>\n<meta name=\"description\" content=\"European Union Fund project&#039;s goal is to create an automated innovative risk management platform for factored cases.\" \/>\n<meta name=\"robots\" content=\"index, follow, max-snippet:-1, max-image-preview:large, max-video-preview:-1\" \/>\n<link rel=\"canonical\" href=\"https:\/\/www.factris.com\/en\/eu-projects\/\" \/>\n<meta property=\"og:locale\" content=\"en_US\" \/>\n<meta property=\"og:type\" content=\"article\" \/>\n<meta property=\"og:title\" content=\"EU projects\" \/>\n<meta property=\"og:description\" content=\"European Union Fund project&#039;s goal is to create an automated innovative risk management platform for factored cases.\" \/>\n<meta property=\"og:url\" content=\"https:\/\/www.factris.com\/en\/eu-projects\/\" \/>\n<meta property=\"og:site_name\" content=\"Factris\" \/>\n<meta property=\"article:publisher\" content=\"https:\/\/www.facebook.com\/factris\" \/>\n<meta property=\"article:modified_time\" content=\"2022-12-12T07:42:36+00:00\" \/>\n<meta property=\"og:image\" content=\"https:\/\/www.factris.com\/wp-content\/uploads\/2021\/03\/EN11.png\" \/>\n\t<meta property=\"og:image:width\" content=\"1200\" \/>\n\t<meta property=\"og:image:height\" content=\"1200\" \/>\n\t<meta property=\"og:image:type\" content=\"image\/png\" \/>\n<meta name=\"twitter:card\" content=\"summary_large_image\" \/>\n<meta name=\"twitter:site\" content=\"@factris\" \/>\n<meta name=\"twitter:label1\" content=\"Est. reading time\" \/>\n\t<meta name=\"twitter:data1\" content=\"3 minutes\" \/>\n<script type=\"application\/ld+json\" class=\"yoast-schema-graph\">{\"@context\":\"https:\/\/schema.org\",\"@graph\":[{\"@type\":\"WebPage\",\"@id\":\"https:\/\/www.factris.com\/en\/eu-projects\/\",\"url\":\"https:\/\/www.factris.com\/en\/eu-projects\/\",\"name\":\"Risk management system for factoring cases\",\"isPartOf\":{\"@id\":\"https:\/\/www.factris.com\/en\/#website\"},\"primaryImageOfPage\":{\"@id\":\"https:\/\/www.factris.com\/en\/eu-projects\/#primaryimage\"},\"image\":{\"@id\":\"https:\/\/www.factris.com\/en\/eu-projects\/#primaryimage\"},\"thumbnailUrl\":\"https:\/\/www.factris.com\/wp-content\/uploads\/2021\/03\/EN11.png\",\"datePublished\":\"2022-12-12T07:20:20+00:00\",\"dateModified\":\"2022-12-12T07:42:36+00:00\",\"description\":\"European Union Fund project's goal is to create an automated innovative risk management platform for factored cases.\",\"breadcrumb\":{\"@id\":\"https:\/\/www.factris.com\/en\/eu-projects\/#breadcrumb\"},\"inLanguage\":\"en-US\",\"potentialAction\":[{\"@type\":\"ReadAction\",\"target\":[\"https:\/\/www.factris.com\/en\/eu-projects\/\"]}]},{\"@type\":\"ImageObject\",\"inLanguage\":\"en-US\",\"@id\":\"https:\/\/www.factris.com\/en\/eu-projects\/#primaryimage\",\"url\":\"https:\/\/www.factris.com\/wp-content\/uploads\/2021\/03\/EN11.png\",\"contentUrl\":\"https:\/\/www.factris.com\/wp-content\/uploads\/2021\/03\/EN11.png\",\"width\":1200,\"height\":1200,\"caption\":\"your invoices our financing factris\"},{\"@type\":\"BreadcrumbList\",\"@id\":\"https:\/\/www.factris.com\/en\/eu-projects\/#breadcrumb\",\"itemListElement\":[{\"@type\":\"ListItem\",\"position\":1,\"name\":\"Home\",\"item\":\"https:\/\/www.factris.com\/en\/\"},{\"@type\":\"ListItem\",\"position\":2,\"name\":\"EU projects\"}]},{\"@type\":\"WebSite\",\"@id\":\"https:\/\/www.factris.com\/en\/#website\",\"url\":\"https:\/\/www.factris.com\/en\/\",\"name\":\"Factris\",\"description\":\"Your invoices. Our financing.\",\"publisher\":{\"@id\":\"https:\/\/www.factris.com\/en\/#organization\"},\"potentialAction\":[{\"@type\":\"SearchAction\",\"target\":{\"@type\":\"EntryPoint\",\"urlTemplate\":\"https:\/\/www.factris.com\/en\/?s={search_term_string}\"},\"query-input\":{\"@type\":\"PropertyValueSpecification\",\"valueRequired\":true,\"valueName\":\"search_term_string\"}}],\"inLanguage\":\"en-US\"},{\"@type\":\"Organization\",\"@id\":\"https:\/\/www.factris.com\/en\/#organization\",\"name\":\"Factris Holding B.V.\",\"url\":\"https:\/\/www.factris.com\/en\/\",\"logo\":{\"@type\":\"ImageObject\",\"inLanguage\":\"en-US\",\"@id\":\"https:\/\/www.factris.com\/en\/#\/schema\/logo\/image\/\",\"url\":\"https:\/\/www.factris.com\/wp-content\/uploads\/2020\/12\/logo-factris-black.png\",\"contentUrl\":\"https:\/\/www.factris.com\/wp-content\/uploads\/2020\/12\/logo-factris-black.png\",\"width\":400,\"height\":73,\"caption\":\"Factris Holding B.V.\"},\"image\":{\"@id\":\"https:\/\/www.factris.com\/en\/#\/schema\/logo\/image\/\"},\"sameAs\":[\"https:\/\/www.facebook.com\/factris\",\"https:\/\/x.com\/factris\",\"https:\/\/www.instagram.com\/factrisholding\/\",\"https:\/\/www.linkedin.com\/company\/factrisholding\",\"https:\/\/www.youtube.com\/channel\/UCFupqDt-Xo3EaKYGiqJH1nQ\"]}]}<\/script>\n<!-- \/ Yoast SEO Premium plugin. -->","yoast_head_json":{"title":"Risk management system for factoring cases","description":"European Union Fund project's goal is to create an automated innovative risk management platform for factored cases.","robots":{"index":"index","follow":"follow","max-snippet":"max-snippet:-1","max-image-preview":"max-image-preview:large","max-video-preview":"max-video-preview:-1"},"canonical":"https:\/\/www.factris.com\/en\/eu-projects\/","og_locale":"en_US","og_type":"article","og_title":"EU projects","og_description":"European Union Fund project's goal is to create an automated innovative risk management platform for factored cases.","og_url":"https:\/\/www.factris.com\/en\/eu-projects\/","og_site_name":"Factris","article_publisher":"https:\/\/www.facebook.com\/factris","article_modified_time":"2022-12-12T07:42:36+00:00","og_image":[{"width":1200,"height":1200,"url":"https:\/\/www.factris.com\/wp-content\/uploads\/2021\/03\/EN11.png","type":"image\/png"}],"twitter_card":"summary_large_image","twitter_site":"@factris","twitter_misc":{"Est. reading time":"3 minutes"},"schema":{"@context":"https:\/\/schema.org","@graph":[{"@type":"WebPage","@id":"https:\/\/www.factris.com\/en\/eu-projects\/","url":"https:\/\/www.factris.com\/en\/eu-projects\/","name":"Risk management system for factoring cases","isPartOf":{"@id":"https:\/\/www.factris.com\/en\/#website"},"primaryImageOfPage":{"@id":"https:\/\/www.factris.com\/en\/eu-projects\/#primaryimage"},"image":{"@id":"https:\/\/www.factris.com\/en\/eu-projects\/#primaryimage"},"thumbnailUrl":"https:\/\/www.factris.com\/wp-content\/uploads\/2021\/03\/EN11.png","datePublished":"2022-12-12T07:20:20+00:00","dateModified":"2022-12-12T07:42:36+00:00","description":"European Union Fund project's goal is to create an automated innovative risk management platform for factored cases.","breadcrumb":{"@id":"https:\/\/www.factris.com\/en\/eu-projects\/#breadcrumb"},"inLanguage":"en-US","potentialAction":[{"@type":"ReadAction","target":["https:\/\/www.factris.com\/en\/eu-projects\/"]}]},{"@type":"ImageObject","inLanguage":"en-US","@id":"https:\/\/www.factris.com\/en\/eu-projects\/#primaryimage","url":"https:\/\/www.factris.com\/wp-content\/uploads\/2021\/03\/EN11.png","contentUrl":"https:\/\/www.factris.com\/wp-content\/uploads\/2021\/03\/EN11.png","width":1200,"height":1200,"caption":"your invoices our financing factris"},{"@type":"BreadcrumbList","@id":"https:\/\/www.factris.com\/en\/eu-projects\/#breadcrumb","itemListElement":[{"@type":"ListItem","position":1,"name":"Home","item":"https:\/\/www.factris.com\/en\/"},{"@type":"ListItem","position":2,"name":"EU projects"}]},{"@type":"WebSite","@id":"https:\/\/www.factris.com\/en\/#website","url":"https:\/\/www.factris.com\/en\/","name":"Factris","description":"Your invoices. Our financing.","publisher":{"@id":"https:\/\/www.factris.com\/en\/#organization"},"potentialAction":[{"@type":"SearchAction","target":{"@type":"EntryPoint","urlTemplate":"https:\/\/www.factris.com\/en\/?s={search_term_string}"},"query-input":{"@type":"PropertyValueSpecification","valueRequired":true,"valueName":"search_term_string"}}],"inLanguage":"en-US"},{"@type":"Organization","@id":"https:\/\/www.factris.com\/en\/#organization","name":"Factris Holding B.V.","url":"https:\/\/www.factris.com\/en\/","logo":{"@type":"ImageObject","inLanguage":"en-US","@id":"https:\/\/www.factris.com\/en\/#\/schema\/logo\/image\/","url":"https:\/\/www.factris.com\/wp-content\/uploads\/2020\/12\/logo-factris-black.png","contentUrl":"https:\/\/www.factris.com\/wp-content\/uploads\/2020\/12\/logo-factris-black.png","width":400,"height":73,"caption":"Factris Holding B.V."},"image":{"@id":"https:\/\/www.factris.com\/en\/#\/schema\/logo\/image\/"},"sameAs":["https:\/\/www.facebook.com\/factris","https:\/\/x.com\/factris","https:\/\/www.instagram.com\/factrisholding\/","https:\/\/www.linkedin.com\/company\/factrisholding","https:\/\/www.youtube.com\/channel\/UCFupqDt-Xo3EaKYGiqJH1nQ"]}]}},"_links":{"self":[{"href":"https:\/\/www.factris.com\/en\/wp-json\/wp\/v2\/pages\/20472"}],"collection":[{"href":"https:\/\/www.factris.com\/en\/wp-json\/wp\/v2\/pages"}],"about":[{"href":"https:\/\/www.factris.com\/en\/wp-json\/wp\/v2\/types\/page"}],"author":[{"embeddable":true,"href":"https:\/\/www.factris.com\/en\/wp-json\/wp\/v2\/users\/1"}],"replies":[{"embeddable":true,"href":"https:\/\/www.factris.com\/en\/wp-json\/wp\/v2\/comments?post=20472"}],"version-history":[{"count":15,"href":"https:\/\/www.factris.com\/en\/wp-json\/wp\/v2\/pages\/20472\/revisions"}],"predecessor-version":[{"id":20493,"href":"https:\/\/www.factris.com\/en\/wp-json\/wp\/v2\/pages\/20472\/revisions\/20493"}],"wp:featuredmedia":[{"embeddable":true,"href":"https:\/\/www.factris.com\/en\/wp-json\/wp\/v2\/media\/8565"}],"wp:attachment":[{"href":"https:\/\/www.factris.com\/en\/wp-json\/wp\/v2\/media?parent=20472"}],"curies":[{"name":"wp","href":"https:\/\/api.w.org\/{rel}","templated":true}]}}