{"id":17599,"date":"2022-07-11T05:54:52","date_gmt":"2022-07-11T05:54:52","guid":{"rendered":"https:\/\/www.factris.com\/?page_id=17599"},"modified":"2022-10-26T11:29:14","modified_gmt":"2022-10-26T11:29:14","slug":"actualites","status":"publish","type":"page","link":"https:\/\/www.factris.com\/fr\/actualites\/","title":{"rendered":"Actualit\u00e9s"},"content":{"rendered":"\n\n[et_pb_section fb_built=\u00a0\u00bb1&Prime; _builder_version=\u00a0\u00bb4.16&Prime; _module_preset=\u00a0\u00bbdefault\u00a0\u00bb background_color=\u00a0\u00bb#D8DAEE\u00a0\u00bb z_index=\u00a0\u00bb9999&Prime; custom_padding=\u00a0\u00bb||50px|||\u00a0\u00bb global_colors_info=\u00a0\u00bb{}\u00a0\u00bb][et_pb_row use_custom_gutter=\u00a0\u00bbon\u00a0\u00bb gutter_width=\u00a0\u00bb2&Prime; make_equal=\u00a0\u00bbon\u00a0\u00bb _builder_version=\u00a0\u00bb4.16&Prime; _module_preset=\u00a0\u00bbdefault\u00a0\u00bb custom_padding=\u00a0\u00bb0px||0px||true|false\u00a0\u00bb global_colors_info=\u00a0\u00bb{}\u00a0\u00bb][et_pb_column type=\u00a0\u00bb4_4&Prime; _builder_version=\u00a0\u00bb4.16&Prime; _module_preset=\u00a0\u00bbdefault\u00a0\u00bb global_colors_info=\u00a0\u00bb{}\u00a0\u00bb][et_pb_text _builder_version=\u00a0\u00bb4.17.4&Prime; _module_preset=\u00a0\u00bbdefault\u00a0\u00bb header_font=\u00a0\u00bb|600|||||||\u00a0\u00bb header_text_color=\u00a0\u00bb#000A54&Prime; header_font_size=\u00a0\u00bb46px\u00a0\u00bb header_2_font=\u00a0\u00bb|700|||||||\u00a0\u00bb header_2_text_color=\u00a0\u00bb#000A54&Prime; header_2_font_size=\u00a0\u00bb36px\u00a0\u00bb header_3_font=\u00a0\u00bb|600|||||||\u00a0\u00bb header_3_text_align=\u00a0\u00bbcenter\u00a0\u00bb header_3_text_color=\u00a0\u00bb#ffffff\u00a0\u00bb header_3_font_size=\u00a0\u00bb46px\u00a0\u00bb header_2_line_height_tablet=\u00a0\u00bb\u00a0\u00bb header_2_line_height_phone=\u00a0\u00bb1.4em\u00a0\u00bb header_2_line_height_last_edited=\u00a0\u00bbon|phone\u00a0\u00bb global_colors_info=\u00a0\u00bb{}\u00a0\u00bb]<h1 style=\"text-align: left;\">Actualit\u00e9s<\/h1>[\/et_pb_text][et_pb_blog fullwidth=\u00a0\u00bboff\u00a0\u00bb posts_number=\u00a0\u00bb2000&Prime; include_categories=\u00a0\u00bb93,94,96,95,98,97&Prime; use_manual_excerpt=\u00a0\u00bboff\u00a0\u00bb show_author=\u00a0\u00bboff\u00a0\u00bb show_date=\u00a0\u00bboff\u00a0\u00bb show_excerpt=\u00a0\u00bboff\u00a0\u00bb module_class=\u00a0\u00bbnews-page\u00a0\u00bb _builder_version=\u00a0\u00bb4.16&Prime; _module_preset=\u00a0\u00bbdefault\u00a0\u00bb header_level=\u00a0\u00bbh4&Prime; header_font=\u00a0\u00bb|700|||||||\u00a0\u00bb header_text_color=\u00a0\u00bb#000A54&Prime; header_font_size=\u00a0\u00bb21px\u00a0\u00bb header_line_height=\u00a0\u00bb1.3em\u00a0\u00bb body_font=\u00a0\u00bb||||||||\u00a0\u00bb meta_text_color=\u00a0\u00bb#000A54&Prime; meta_font_size=\u00a0\u00bb12px\u00a0\u00bb background_color=\u00a0\u00bbrgba(0,0,0,0)\u00a0\u00bb custom_css_title=\u00a0\u00bbmargin-left:-20px;\u00a0\u00bb custom_css_post_meta=\u00a0\u00bbmargin-left:-20px;||margin-top:-35px;\u00a0\u00bb global_colors_info=\u00a0\u00bb{}\u00a0\u00bb][\/et_pb_blog][\/et_pb_column][\/et_pb_row][\/et_pb_section][et_pb_section fb_built=\u00a0\u00bb1&Prime; _builder_version=\u00a0\u00bb4.16&Prime; _module_preset=\u00a0\u00bbdefault\u00a0\u00bb background_color=\u00a0\u00bb#000A54&Prime; custom_padding=\u00a0\u00bb20vh||20vh||true|false\u00a0\u00bb global_colors_info=\u00a0\u00bb{}\u00a0\u00bb][et_pb_row _builder_version=\u00a0\u00bb4.16&Prime; _module_preset=\u00a0\u00bbdefault\u00a0\u00bb custom_padding=\u00a0\u00bb0px||0px||true|false\u00a0\u00bb global_colors_info=\u00a0\u00bb{}\u00a0\u00bb][et_pb_column type=\u00a0\u00bb4_4&Prime; _builder_version=\u00a0\u00bb4.16&Prime; _module_preset=\u00a0\u00bbdefault\u00a0\u00bb global_colors_info=\u00a0\u00bb{}\u00a0\u00bb][et_pb_text _builder_version=\u00a0\u00bb4.17.4&Prime; _module_preset=\u00a0\u00bbdefault\u00a0\u00bb header_font=\u00a0\u00bb|700|||||||\u00a0\u00bb header_text_color=\u00a0\u00bb#ffffff\u00a0\u00bb header_font_size=\u00a0\u00bb46px\u00a0\u00bb header_line_height=\u00a0\u00bb2em\u00a0\u00bb header_2_font=\u00a0\u00bb|700|||||||\u00a0\u00bb header_2_text_color=\u00a0\u00bb#ffffff\u00a0\u00bb header_2_font_size=\u00a0\u00bb45px\u00a0\u00bb header_2_line_height=\u00a0\u00bb2em\u00a0\u00bb header_3_font=\u00a0\u00bb|700|||||||\u00a0\u00bb header_3_text_align=\u00a0\u00bbcenter\u00a0\u00bb header_3_text_color=\u00a0\u00bb#ffffff\u00a0\u00bb header_3_font_size=\u00a0\u00bb25px\u00a0\u00bb hover_enabled=\u00a0\u00bb0&Prime; header_font_tablet=\u00a0\u00bb\u00a0\u00bb header_font_phone=\u00a0\u00bb\u00a0\u00bb header_font_last_edited=\u00a0\u00bbon|desktop\u00a0\u00bb header_line_height_tablet=\u00a0\u00bb1.8em\u00a0\u00bb header_line_height_phone=\u00a0\u00bb1.4em\u00a0\u00bb header_line_height_last_edited=\u00a0\u00bbon|phone\u00a0\u00bb header_2_font_size_tablet=\u00a0\u00bb\u00a0\u00bb header_2_font_size_phone=\u00a0\u00bb32px\u00a0\u00bb header_2_font_size_last_edited=\u00a0\u00bbon|phone\u00a0\u00bb header_3_font_tablet=\u00a0\u00bb\u00a0\u00bb header_3_font_phone=\u00a0\u00bb\u00a0\u00bb header_3_font_last_edited=\u00a0\u00bbon|phone\u00a0\u00bb header_3_line_height_tablet=\u00a0\u00bb\u00a0\u00bb header_3_line_height_phone=\u00a0\u00bb1.8em\u00a0\u00bb header_3_line_height_last_edited=\u00a0\u00bbon|phone\u00a0\u00bb global_colors_info=\u00a0\u00bb{}\u00a0\u00bb sticky_enabled=\u00a0\u00bb0&Prime;]<h2 style=\"text-align: center;\">Concentrez-vous sur la croissance de votre entreprise<\/h2>\n<h3 style=\"text-align: center;\">Transformez vos factures ouvertes en liquidit\u00e9s avec le factoring\n<\/h3>[\/et_pb_text][et_pb_button button_url=\u00a0\u00bb\/fr\/eligibilite\/\u00a0\u00bb button_text=\u00a0\u00bbV\u00e9rifiez si vous pouvez en profiter\u00a0\u00bb button_alignment=\u00a0\u00bbcenter\u00a0\u00bb module_class=\u00a0\u00bbbtn-tertiary-2&Prime; _builder_version=\u00a0\u00bb4.17.4&Prime; _module_preset=\u00a0\u00bbdefault\u00a0\u00bb custom_button=\u00a0\u00bbon\u00a0\u00bb button_text_color=\u00a0\u00bb#ffffff\u00a0\u00bb button_bg_color=\u00a0\u00bbrgba(0,0,0,0)\u00a0\u00bb button_font=\u00a0\u00bb||||on||||\u00a0\u00bb button_icon=\u00a0\u00bb&#x24;||divi||400&Prime; button_icon_color=\u00a0\u00bb#ffffff\u00a0\u00bb button_on_hover=\u00a0\u00bboff\u00a0\u00bb custom_margin=\u00a0\u00bb||20px|||\u00a0\u00bb custom_padding=\u00a0\u00bb0px|0px|0px|0px|true|true\u00a0\u00bb hover_enabled=\u00a0\u00bb0&Prime; global_colors_info=\u00a0\u00bb{}\u00a0\u00bb sticky_enabled=\u00a0\u00bb0&Prime;][\/et_pb_button][et_pb_button button_url=\u00a0\u00bbhttps:\/\/onboarding.factris.com\/fr\/sign-up\u00a0\u00bb button_text=\u00a0\u00bbFinancer mes factures\u00a0\u00bb button_alignment=\u00a0\u00bbcenter\u00a0\u00bb _builder_version=\u00a0\u00bb4.17.4&Prime; _module_preset=\u00a0\u00bbdefault\u00a0\u00bb button_icon=\u00a0\u00bb&#x24;||divi||400&Prime; button_icon_color=\u00a0\u00bb#353540&Prime; button_on_hover=\u00a0\u00bboff\u00a0\u00bb custom_margin=\u00a0\u00bb||18px|||\u00a0\u00bb custom_padding=\u00a0\u00bb10px|40px|10px|25px|true|false\u00a0\u00bb hover_enabled=\u00a0\u00bb0&Prime; global_colors_info=\u00a0\u00bb{}\u00a0\u00bb custom_padding__hover_enabled=\u00a0\u00bbon|hover\u00a0\u00bb custom_padding__hover=\u00a0\u00bb|50px|||true|false\u00a0\u00bb sticky_enabled=\u00a0\u00bb0&Prime;][\/et_pb_button][\/et_pb_column][\/et_pb_row][\/et_pb_section]\n\n","protected":false},"excerpt":{"rendered":"<p>Actualit\u00e9sConcentrez-vous sur la croissance de votre entreprise Transformez vos factures ouvertes en liquidit\u00e9s avec le factoring<\/p>\n","protected":false},"author":1,"featured_media":0,"parent":0,"menu_order":0,"comment_status":"closed","ping_status":"closed","template":"","meta":{"_et_pb_use_builder":"on","_et_pb_old_content":"<!-- wp:divi\/placeholder -->\n[et_pb_section fb_built=\"1\" _builder_version=\"4.7.6\" _module_preset=\"default\" background_color=\"#D8DAEE\" z_index=\"9999\" custom_padding=\"||50px|||\"][et_pb_row use_custom_gutter=\"on\" gutter_width=\"2\" make_equal=\"on\" _builder_version=\"4.7.6\" _module_preset=\"default\" custom_padding=\"0px||0px||true|false\"][et_pb_column type=\"4_4\" _builder_version=\"4.7.6\" _module_preset=\"default\"][et_pb_text _builder_version=\"4.9.3\" _module_preset=\"default\" header_font=\"|600|||||||\" header_text_color=\"#000A54\" header_font_size=\"46px\" header_2_font=\"|700|||||||\" header_2_text_color=\"#000A54\" header_2_font_size=\"36px\" header_3_font=\"|600|||||||\" header_3_text_align=\"center\" header_3_text_color=\"#ffffff\" header_3_font_size=\"46px\" hover_enabled=\"0\" header_2_line_height_tablet=\"\" header_2_line_height_phone=\"1.4em\" header_2_line_height_last_edited=\"on|phone\" sticky_enabled=\"0\"]<h1 style=\"text-align: left;\">Nieuws<\/h1>[\/et_pb_text][et_pb_blog fullwidth=\"off\" posts_number=\"2000\" include_categories=\"93,94,96,95,98,97\" use_manual_excerpt=\"off\" show_author=\"off\" show_date=\"off\" show_excerpt=\"off\" module_class=\"news-page\" _builder_version=\"4.9.0\" _module_preset=\"default\" header_level=\"h4\" header_font=\"|700|||||||\" header_text_color=\"#000A54\" header_font_size=\"21px\" header_line_height=\"1.3em\" body_font=\"||||||||\" meta_text_color=\"#000A54\" meta_font_size=\"12px\" background_color=\"rgba(0,0,0,0)\" custom_css_title=\"margin-left:-20px;\" custom_css_post_meta=\"margin-left:-20px;||margin-top:-35px;\"][\/et_pb_blog][\/et_pb_column][\/et_pb_row][\/et_pb_section][et_pb_section fb_built=\"1\" _builder_version=\"4.7.6\" _module_preset=\"default\" background_color=\"#000A54\" custom_padding=\"20vh||20vh||true|false\" global_module=\"5115\"][et_pb_row _builder_version=\"4.7.6\" _module_preset=\"default\" custom_padding=\"0px||0px||true|false\"][et_pb_column type=\"4_4\" _builder_version=\"4.7.6\" _module_preset=\"default\"][et_pb_text _builder_version=\"4.9.0\" _module_preset=\"default\" header_font=\"|700|||||||\" header_text_color=\"#ffffff\" header_font_size=\"46px\" header_line_height=\"2em\" header_2_font=\"|700|||||||\" header_2_text_color=\"#ffffff\" header_2_font_size=\"45px\" header_2_line_height=\"2em\" header_3_font=\"|700|||||||\" header_3_text_align=\"center\" header_3_text_color=\"#ffffff\" header_3_font_size=\"25px\" header_font_tablet=\"\" header_font_phone=\"\" header_font_last_edited=\"on|desktop\" header_line_height_tablet=\"1.8em\" header_line_height_phone=\"1.4em\" header_line_height_last_edited=\"on|phone\" header_2_font_size_tablet=\"\" header_2_font_size_phone=\"32px\" header_2_font_size_last_edited=\"on|phone\" header_3_font_tablet=\"\" header_3_font_phone=\"\" header_3_font_last_edited=\"on|phone\" header_3_line_height_tablet=\"\" header_3_line_height_phone=\"1.8em\" header_3_line_height_last_edited=\"on|phone\"]<h2 style=\"text-align: center;\">Focus op de groei van uw bedrijf<\/h2>\n<h3 style=\"text-align: center;\">Zet uw onbetaalde facturen om in werkkapitaal<\/h3>[\/et_pb_text][et_pb_button button_url=\"\/nl\/geschiktheid\/\" button_text=\"Kijk of u in aanmerking komt\" button_alignment=\"center\" module_class=\"btn-tertiary-2\" _builder_version=\"4.9.0\" _module_preset=\"default\" custom_button=\"on\" button_text_color=\"#ffffff\" button_bg_color=\"rgba(0,0,0,0)\" button_font=\"||||on||||\" button_icon=\"%%3%%\" button_icon_color=\"#ffffff\" button_on_hover=\"off\" custom_margin=\"||20px|||\" custom_padding=\"0px|0px|0px|0px|true|true\"][\/et_pb_button][et_pb_button button_url=\"https:\/\/onboarding.factris.com\/nl\/sign-up\" button_text=\"Meteen beginnen\" button_alignment=\"center\" _builder_version=\"4.9.0\" _module_preset=\"default\" button_icon=\"%%3%%\" button_icon_color=\"#353540\" button_on_hover=\"off\" custom_margin=\"||18px|||\" custom_padding=\"10px|40px|10px|25px|true|false\" custom_padding__hover_enabled=\"on|hover\" custom_padding__hover=\"|50px|||true|false\"][\/et_pb_button][\/et_pb_column][\/et_pb_row][\/et_pb_section]\n<!-- \/wp:divi\/placeholder -->","_et_gb_content_width":"","footnotes":""},"yoast_head":"<!-- This site is optimized with the Yoast SEO Premium plugin v22.2 (Yoast SEO v24.5) - https:\/\/yoast.com\/wordpress\/plugins\/seo\/ -->\n<title>Actualit\u00e9s l Factris<\/title>\n<meta name=\"description\" content=\"Lisez les derni\u00e8res nouvelles sur l\u2019actualit\u00e9 de Factris et d\u00e9couvrez comment nous aidons les entreprises gr\u00e2ce au factoring.\" \/>\n<meta name=\"robots\" content=\"index, follow, max-snippet:-1, max-image-preview:large, max-video-preview:-1\" \/>\n<link rel=\"canonical\" href=\"https:\/\/www.factris.com\/fr\/actualites\/\" \/>\n<meta property=\"og:locale\" content=\"fr_FR\" \/>\n<meta property=\"og:type\" content=\"article\" \/>\n<meta property=\"og:title\" content=\"Actualit\u00e9s\" \/>\n<meta property=\"og:description\" content=\"Lisez les derni\u00e8res nouvelles sur l\u2019actualit\u00e9 de Factris et d\u00e9couvrez comment nous aidons les entreprises gr\u00e2ce au factoring.\" \/>\n<meta property=\"og:url\" content=\"https:\/\/www.factris.com\/fr\/actualites\/\" \/>\n<meta property=\"og:site_name\" content=\"Factris\" \/>\n<meta property=\"article:publisher\" content=\"https:\/\/www.facebook.com\/factris\" \/>\n<meta property=\"article:modified_time\" content=\"2022-10-26T11:29:14+00:00\" \/>\n<meta name=\"twitter:card\" content=\"summary_large_image\" \/>\n<meta name=\"twitter:site\" content=\"@factris\" \/>\n<meta name=\"twitter:label1\" content=\"Dur\u00e9e de lecture estim\u00e9e\" \/>\n\t<meta name=\"twitter:data1\" content=\"1 minute\" \/>\n<script type=\"application\/ld+json\" class=\"yoast-schema-graph\">{\"@context\":\"https:\/\/schema.org\",\"@graph\":[{\"@type\":\"WebPage\",\"@id\":\"https:\/\/www.factris.com\/fr\/actualites\/\",\"url\":\"https:\/\/www.factris.com\/fr\/actualites\/\",\"name\":\"Actualit\u00e9s l Factris\",\"isPartOf\":{\"@id\":\"https:\/\/www.factris.com\/fr\/#website\"},\"datePublished\":\"2022-07-11T05:54:52+00:00\",\"dateModified\":\"2022-10-26T11:29:14+00:00\",\"description\":\"Lisez les derni\u00e8res nouvelles sur l\u2019actualit\u00e9 de Factris et d\u00e9couvrez comment nous aidons les entreprises gr\u00e2ce au factoring.\",\"breadcrumb\":{\"@id\":\"https:\/\/www.factris.com\/fr\/actualites\/#breadcrumb\"},\"inLanguage\":\"fr-FR\",\"potentialAction\":[{\"@type\":\"ReadAction\",\"target\":[\"https:\/\/www.factris.com\/fr\/actualites\/\"]}]},{\"@type\":\"BreadcrumbList\",\"@id\":\"https:\/\/www.factris.com\/fr\/actualites\/#breadcrumb\",\"itemListElement\":[{\"@type\":\"ListItem\",\"position\":1,\"name\":\"Home\",\"item\":\"https:\/\/www.factris.com\/fr\/\"},{\"@type\":\"ListItem\",\"position\":2,\"name\":\"Actualit\u00e9s\"}]},{\"@type\":\"WebSite\",\"@id\":\"https:\/\/www.factris.com\/fr\/#website\",\"url\":\"https:\/\/www.factris.com\/fr\/\",\"name\":\"Factris\",\"description\":\"Your invoices. Our financing.\",\"publisher\":{\"@id\":\"https:\/\/www.factris.com\/fr\/#organization\"},\"potentialAction\":[{\"@type\":\"SearchAction\",\"target\":{\"@type\":\"EntryPoint\",\"urlTemplate\":\"https:\/\/www.factris.com\/fr\/?s={search_term_string}\"},\"query-input\":{\"@type\":\"PropertyValueSpecification\",\"valueRequired\":true,\"valueName\":\"search_term_string\"}}],\"inLanguage\":\"fr-FR\"},{\"@type\":\"Organization\",\"@id\":\"https:\/\/www.factris.com\/fr\/#organization\",\"name\":\"Factris Holding B.V.\",\"url\":\"https:\/\/www.factris.com\/fr\/\",\"logo\":{\"@type\":\"ImageObject\",\"inLanguage\":\"fr-FR\",\"@id\":\"https:\/\/www.factris.com\/fr\/#\/schema\/logo\/image\/\",\"url\":\"https:\/\/www.factris.com\/wp-content\/uploads\/2020\/12\/logo-factris-black.png\",\"contentUrl\":\"https:\/\/www.factris.com\/wp-content\/uploads\/2020\/12\/logo-factris-black.png\",\"width\":400,\"height\":73,\"caption\":\"Factris Holding B.V.\"},\"image\":{\"@id\":\"https:\/\/www.factris.com\/fr\/#\/schema\/logo\/image\/\"},\"sameAs\":[\"https:\/\/www.facebook.com\/factris\",\"https:\/\/x.com\/factris\",\"https:\/\/www.instagram.com\/factrisholding\/\",\"https:\/\/www.linkedin.com\/company\/factrisholding\",\"https:\/\/www.youtube.com\/channel\/UCFupqDt-Xo3EaKYGiqJH1nQ\"]}]}<\/script>\n<!-- \/ Yoast SEO Premium plugin. -->","yoast_head_json":{"title":"Actualit\u00e9s l Factris","description":"Lisez les derni\u00e8res nouvelles sur l\u2019actualit\u00e9 de Factris et d\u00e9couvrez comment nous aidons les entreprises gr\u00e2ce au factoring.","robots":{"index":"index","follow":"follow","max-snippet":"max-snippet:-1","max-image-preview":"max-image-preview:large","max-video-preview":"max-video-preview:-1"},"canonical":"https:\/\/www.factris.com\/fr\/actualites\/","og_locale":"fr_FR","og_type":"article","og_title":"Actualit\u00e9s","og_description":"Lisez les derni\u00e8res nouvelles sur l\u2019actualit\u00e9 de Factris et d\u00e9couvrez comment nous aidons les entreprises gr\u00e2ce au factoring.","og_url":"https:\/\/www.factris.com\/fr\/actualites\/","og_site_name":"Factris","article_publisher":"https:\/\/www.facebook.com\/factris","article_modified_time":"2022-10-26T11:29:14+00:00","twitter_card":"summary_large_image","twitter_site":"@factris","twitter_misc":{"Dur\u00e9e de lecture estim\u00e9e":"1 minute"},"schema":{"@context":"https:\/\/schema.org","@graph":[{"@type":"WebPage","@id":"https:\/\/www.factris.com\/fr\/actualites\/","url":"https:\/\/www.factris.com\/fr\/actualites\/","name":"Actualit\u00e9s l Factris","isPartOf":{"@id":"https:\/\/www.factris.com\/fr\/#website"},"datePublished":"2022-07-11T05:54:52+00:00","dateModified":"2022-10-26T11:29:14+00:00","description":"Lisez les derni\u00e8res nouvelles sur l\u2019actualit\u00e9 de Factris et d\u00e9couvrez comment nous aidons les entreprises gr\u00e2ce au factoring.","breadcrumb":{"@id":"https:\/\/www.factris.com\/fr\/actualites\/#breadcrumb"},"inLanguage":"fr-FR","potentialAction":[{"@type":"ReadAction","target":["https:\/\/www.factris.com\/fr\/actualites\/"]}]},{"@type":"BreadcrumbList","@id":"https:\/\/www.factris.com\/fr\/actualites\/#breadcrumb","itemListElement":[{"@type":"ListItem","position":1,"name":"Home","item":"https:\/\/www.factris.com\/fr\/"},{"@type":"ListItem","position":2,"name":"Actualit\u00e9s"}]},{"@type":"WebSite","@id":"https:\/\/www.factris.com\/fr\/#website","url":"https:\/\/www.factris.com\/fr\/","name":"Factris","description":"Your invoices. Our financing.","publisher":{"@id":"https:\/\/www.factris.com\/fr\/#organization"},"potentialAction":[{"@type":"SearchAction","target":{"@type":"EntryPoint","urlTemplate":"https:\/\/www.factris.com\/fr\/?s={search_term_string}"},"query-input":{"@type":"PropertyValueSpecification","valueRequired":true,"valueName":"search_term_string"}}],"inLanguage":"fr-FR"},{"@type":"Organization","@id":"https:\/\/www.factris.com\/fr\/#organization","name":"Factris Holding B.V.","url":"https:\/\/www.factris.com\/fr\/","logo":{"@type":"ImageObject","inLanguage":"fr-FR","@id":"https:\/\/www.factris.com\/fr\/#\/schema\/logo\/image\/","url":"https:\/\/www.factris.com\/wp-content\/uploads\/2020\/12\/logo-factris-black.png","contentUrl":"https:\/\/www.factris.com\/wp-content\/uploads\/2020\/12\/logo-factris-black.png","width":400,"height":73,"caption":"Factris Holding B.V."},"image":{"@id":"https:\/\/www.factris.com\/fr\/#\/schema\/logo\/image\/"},"sameAs":["https:\/\/www.facebook.com\/factris","https:\/\/x.com\/factris","https:\/\/www.instagram.com\/factrisholding\/","https:\/\/www.linkedin.com\/company\/factrisholding","https:\/\/www.youtube.com\/channel\/UCFupqDt-Xo3EaKYGiqJH1nQ"]}]}},"_links":{"self":[{"href":"https:\/\/www.factris.com\/fr\/wp-json\/wp\/v2\/pages\/17599"}],"collection":[{"href":"https:\/\/www.factris.com\/fr\/wp-json\/wp\/v2\/pages"}],"about":[{"href":"https:\/\/www.factris.com\/fr\/wp-json\/wp\/v2\/types\/page"}],"author":[{"embeddable":true,"href":"https:\/\/www.factris.com\/fr\/wp-json\/wp\/v2\/users\/1"}],"replies":[{"embeddable":true,"href":"https:\/\/www.factris.com\/fr\/wp-json\/wp\/v2\/comments?post=17599"}],"version-history":[{"count":5,"href":"https:\/\/www.factris.com\/fr\/wp-json\/wp\/v2\/pages\/17599\/revisions"}],"predecessor-version":[{"id":18921,"href":"https:\/\/www.factris.com\/fr\/wp-json\/wp\/v2\/pages\/17599\/revisions\/18921"}],"wp:attachment":[{"href":"https:\/\/www.factris.com\/fr\/wp-json\/wp\/v2\/media?parent=17599"}],"curies":[{"name":"wp","href":"https:\/\/api.w.org\/{rel}","templated":true}]}}