{"id":17625,"date":"2022-07-11T06:56:48","date_gmt":"2022-07-11T06:56:48","guid":{"rendered":"https:\/\/www.factris.com\/?page_id=17625"},"modified":"2024-04-18T14:02:23","modified_gmt":"2024-04-18T14:02:23","slug":"e-book","status":"publish","type":"page","link":"https:\/\/www.factris.com\/fr\/e-book\/","title":{"rendered":"E-book"},"content":{"rendered":"<p>[et_pb_section fb_built=\u00a0\u00bb1&Prime; _builder_version=\u00a0\u00bb4.16&Prime; _module_preset=\u00a0\u00bbdefault\u00a0\u00bb position_origin_f=\u00a0\u00bbtop_center\u00a0\u00bb z_index=\u00a0\u00bb9999&Prime; custom_padding=\u00a0\u00bb||||false|false\u00a0\u00bb sticky_limit_top=\u00a0\u00bbbody\u00a0\u00bb global_colors_info=\u00a0\u00bb{}\u00a0\u00bb background_enable_color=\u00a0\u00bboff\u00a0\u00bb use_background_color_gradient=\u00a0\u00bbon\u00a0\u00bb background_color_gradient_stops=\u00a0\u00bb#ffd9cc 35%|#cc3600 100%\u00a0\u00bb background_enable_image=\u00a0\u00bboff\u00a0\u00bb background_size=\u00a0\u00bbinitial\u00a0\u00bb][et_pb_row column_structure=\u00a0\u00bb1_2,1_2&Prime; use_custom_gutter=\u00a0\u00bbon\u00a0\u00bb gutter_width=\u00a0\u00bb2&Prime; module_class=\u00a0\u00bbhome-start\u00a0\u00bb _builder_version=\u00a0\u00bb4.16&Prime; _module_preset=\u00a0\u00bbdefault\u00a0\u00bb custom_margin=\u00a0\u00bb||||false|false\u00a0\u00bb custom_margin_tablet=\u00a0\u00bb\u00a0\u00bb custom_margin_phone=\u00a0\u00bb-100px||-50px||false|false\u00a0\u00bb custom_margin_last_edited=\u00a0\u00bbon|phone\u00a0\u00bb custom_padding=\u00a0\u00bb10vh||10vh||true|false\u00a0\u00bb global_colors_info=\u00a0\u00bb{}\u00a0\u00bb background_enable_image=\u00a0\u00bboff\u00a0\u00bb background_size=\u00a0\u00bbcontain\u00a0\u00bb background_position=\u00a0\u00bbtop_right\u00a0\u00bb][et_pb_column type=\u00a0\u00bb1_2&Prime; module_class=\u00a0\u00bbstart-slogan\u00a0\u00bb _builder_version=\u00a0\u00bb4.16&Prime; _module_preset=\u00a0\u00bbdefault\u00a0\u00bb global_colors_info=\u00a0\u00bb{}\u00a0\u00bb][et_pb_text _builder_version=\u00a0\u00bb4.17.4&Prime; _module_preset=\u00a0\u00bbdefault\u00a0\u00bb text_text_color=\u00a0\u00bb#541700&Prime; header_font=\u00a0\u00bb|700|||||||\u00a0\u00bb header_text_color=\u00a0\u00bb#541700&Prime; header_line_height=\u00a0\u00bb1.2em\u00a0\u00bb header_3_font=\u00a0\u00bb|700|||||||\u00a0\u00bb header_3_text_color=\u00a0\u00bb#541700&Prime; header_3_font_size=\u00a0\u00bb25px\u00a0\u00bb header_3_line_height=\u00a0\u00bb1.2em\u00a0\u00bb header_5_text_color=\u00a0\u00bb#ffffff\u00a0\u00bb header_5_font_size=\u00a0\u00bb25px\u00a0\u00bb header_5_line_height=\u00a0\u00bb1.3em\u00a0\u00bb custom_margin=\u00a0\u00bb||30px||false|false\u00a0\u00bb header_font_size_tablet=\u00a0\u00bb\u00a0\u00bb header_font_size_phone=\u00a0\u00bb44px\u00a0\u00bb header_font_size_last_edited=\u00a0\u00bbon|phone\u00a0\u00bb global_colors_info=\u00a0\u00bb{}\u00a0\u00bb]<\/p>\n<h1 style=\"padding-bottom: 20px;\">10 sources de<br \/>financement pour les PME<\/h1>\n<p>O\u00f9 que vous en soyez dans la cr\u00e9ation de votre entreprise, <strong>vous avez besoin de financement.<\/strong><\/p>\n<p><strong>Vous venez tout juste de cr\u00e9er votre entreprise ?<\/strong> La plupart des porteurs de projet ne disposent pas du capital n\u00e9cessaire au lancement d&rsquo;une entreprise. Or, les banques sont g\u00e9n\u00e9ralement frileuses lorsqu&rsquo;il s&rsquo;agit de financer des start-ups. Surtout sans garantie.<\/p>\n<p><strong>Cela fait d\u00e9j\u00e0 un moment que votre entreprise est lanc\u00e9e ?<\/strong> Vous avez besoin d&rsquo;argent suppl\u00e9mentaire pour maintenir la croissance et le d\u00e9veloppement continus. C&rsquo;est pourquoi nous avons \u00e9labor\u00e9 ce guide sur les diff\u00e9rents moyens d&rsquo;obtenir un financement \u00e0 chaque \u00e9tape du d\u00e9veloppement d&rsquo;une entreprise.<\/p>\n<p>[\/et_pb_text][et_pb_button button_url=\u00a0\u00bb\/E-book\/E-book-NL.pdf\u00a0\u00bb url_new_window=\u00a0\u00bbon\u00a0\u00bb button_text=\u00a0\u00bbT\u00e9l\u00e9chargez l&rsquo;e-book\u00a0\u00bb _builder_version=\u00a0\u00bb4.17.4&Prime; _module_preset=\u00a0\u00bbdefault\u00a0\u00bb custom_button=\u00a0\u00bbon\u00a0\u00bb button_icon=\u00a0\u00bb&#x24;||divi||400&Prime; button_icon_color=\u00a0\u00bb#353540&Prime; button_on_hover=\u00a0\u00bboff\u00a0\u00bb custom_margin=\u00a0\u00bb25px||18px||false|false\u00a0\u00bb custom_padding=\u00a0\u00bb10px|40px|10px|28px|true|false\u00a0\u00bb global_colors_info=\u00a0\u00bb{}\u00a0\u00bb custom_padding__hover_enabled=\u00a0\u00bbon|hover\u00a0\u00bb custom_padding__hover=\u00a0\u00bb|53px|||true|false\u00a0\u00bb button_text_color=\u00a0\u00bb#353540&Prime; button_bg_color=\u00a0\u00bb#FFFFFF\u00a0\u00bb][\/et_pb_button][\/et_pb_column][et_pb_column type=\u00a0\u00bb1_2&Prime; module_class=\u00a0\u00bbhome-start\u00a0\u00bb _builder_version=\u00a0\u00bb4.16&Prime; _module_preset=\u00a0\u00bbdefault\u00a0\u00bb global_colors_info=\u00a0\u00bb{}\u00a0\u00bb][et_pb_image src=\u00a0\u00bbhttps:\/\/www.factris.com\/wp-content\/uploads\/2024\/04\/Group-545-1.png\u00a0\u00bb title_text=\u00a0\u00bbGroup 545&Prime; align=\u00a0\u00bbcenter\u00a0\u00bb _builder_version=\u00a0\u00bb4.24.0&Prime; _module_preset=\u00a0\u00bbdefault\u00a0\u00bb global_colors_info=\u00a0\u00bb{}\u00a0\u00bb locked=\u00a0\u00bboff\u00a0\u00bb][\/et_pb_image][\/et_pb_column][\/et_pb_row][\/et_pb_section]<\/p>\n","protected":false},"excerpt":{"rendered":"<p>10 sources definancement pour les PME O\u00f9 que vous en soyez dans la cr\u00e9ation de votre entreprise, vous avez besoin de financement. Vous venez tout juste de cr\u00e9er votre entreprise ? La plupart des porteurs de projet ne disposent pas du capital n\u00e9cessaire au lancement d&rsquo;une entreprise. Or, les banques sont g\u00e9n\u00e9ralement frileuses lorsqu&rsquo;il s&rsquo;agit [&hellip;]<\/p>\n","protected":false},"author":1,"featured_media":30413,"parent":0,"menu_order":0,"comment_status":"closed","ping_status":"closed","template":"","meta":{"_et_pb_use_builder":"on","_et_pb_old_content":"","_et_gb_content_width":"","footnotes":""},"yoast_head":"<!-- This site is optimized with the Yoast SEO Premium plugin v22.2 (Yoast SEO v24.5) - https:\/\/yoast.com\/wordpress\/plugins\/seo\/ -->\n<title>10 sources de financement pour une PME<\/title>\n<meta name=\"description\" content=\"T\u00e9l\u00e9chargez notre e-book gratuit sur les sources de financement pour d\u00e9velopper votre entreprise, quel que soit son stade de d\u00e9veloppement.\" \/>\n<meta name=\"robots\" content=\"index, follow, max-snippet:-1, max-image-preview:large, max-video-preview:-1\" \/>\n<link rel=\"canonical\" href=\"https:\/\/www.factris.com\/fr\/e-book\/\" \/>\n<meta property=\"og:locale\" content=\"fr_FR\" \/>\n<meta property=\"og:type\" content=\"article\" \/>\n<meta property=\"og:title\" content=\"E-book\" \/>\n<meta property=\"og:description\" content=\"T\u00e9l\u00e9chargez notre e-book gratuit sur les sources de financement pour d\u00e9velopper votre entreprise, quel que soit son stade de d\u00e9veloppement.\" \/>\n<meta property=\"og:url\" content=\"https:\/\/www.factris.com\/fr\/e-book\/\" \/>\n<meta property=\"og:site_name\" content=\"Factris\" \/>\n<meta property=\"article:publisher\" content=\"https:\/\/www.facebook.com\/factris\" \/>\n<meta property=\"article:modified_time\" content=\"2024-04-18T14:02:23+00:00\" \/>\n<meta property=\"og:image\" content=\"https:\/\/www.factris.com\/wp-content\/uploads\/2021\/03\/EN4.png\" \/>\n\t<meta property=\"og:image:width\" content=\"1200\" \/>\n\t<meta property=\"og:image:height\" content=\"1200\" \/>\n\t<meta property=\"og:image:type\" content=\"image\/png\" \/>\n<meta name=\"twitter:card\" content=\"summary_large_image\" \/>\n<meta name=\"twitter:site\" content=\"@factris\" \/>\n<meta name=\"twitter:label1\" content=\"Dur\u00e9e de lecture estim\u00e9e\" \/>\n\t<meta name=\"twitter:data1\" content=\"1 minute\" \/>\n<script type=\"application\/ld+json\" class=\"yoast-schema-graph\">{\"@context\":\"https:\/\/schema.org\",\"@graph\":[{\"@type\":\"WebPage\",\"@id\":\"https:\/\/www.factris.com\/fr\/e-book\/\",\"url\":\"https:\/\/www.factris.com\/fr\/e-book\/\",\"name\":\"10 sources de financement pour une PME\",\"isPartOf\":{\"@id\":\"https:\/\/www.factris.com\/fr\/#website\"},\"primaryImageOfPage\":{\"@id\":\"https:\/\/www.factris.com\/fr\/e-book\/#primaryimage\"},\"image\":{\"@id\":\"https:\/\/www.factris.com\/fr\/e-book\/#primaryimage\"},\"thumbnailUrl\":\"https:\/\/www.factris.com\/wp-content\/uploads\/2021\/03\/EN4.png\",\"datePublished\":\"2022-07-11T06:56:48+00:00\",\"dateModified\":\"2024-04-18T14:02:23+00:00\",\"description\":\"T\u00e9l\u00e9chargez notre e-book gratuit sur les sources de financement pour d\u00e9velopper votre entreprise, quel que soit son stade de d\u00e9veloppement.\",\"breadcrumb\":{\"@id\":\"https:\/\/www.factris.com\/fr\/e-book\/#breadcrumb\"},\"inLanguage\":\"fr-FR\",\"potentialAction\":[{\"@type\":\"ReadAction\",\"target\":[\"https:\/\/www.factris.com\/fr\/e-book\/\"]}]},{\"@type\":\"ImageObject\",\"inLanguage\":\"fr-FR\",\"@id\":\"https:\/\/www.factris.com\/fr\/e-book\/#primaryimage\",\"url\":\"https:\/\/www.factris.com\/wp-content\/uploads\/2021\/03\/EN4.png\",\"contentUrl\":\"https:\/\/www.factris.com\/wp-content\/uploads\/2021\/03\/EN4.png\",\"width\":1200,\"height\":1200},{\"@type\":\"BreadcrumbList\",\"@id\":\"https:\/\/www.factris.com\/fr\/e-book\/#breadcrumb\",\"itemListElement\":[{\"@type\":\"ListItem\",\"position\":1,\"name\":\"Home\",\"item\":\"https:\/\/www.factris.com\/fr\/\"},{\"@type\":\"ListItem\",\"position\":2,\"name\":\"E-book\"}]},{\"@type\":\"WebSite\",\"@id\":\"https:\/\/www.factris.com\/fr\/#website\",\"url\":\"https:\/\/www.factris.com\/fr\/\",\"name\":\"Factris\",\"description\":\"Your invoices. Our financing.\",\"publisher\":{\"@id\":\"https:\/\/www.factris.com\/fr\/#organization\"},\"potentialAction\":[{\"@type\":\"SearchAction\",\"target\":{\"@type\":\"EntryPoint\",\"urlTemplate\":\"https:\/\/www.factris.com\/fr\/?s={search_term_string}\"},\"query-input\":{\"@type\":\"PropertyValueSpecification\",\"valueRequired\":true,\"valueName\":\"search_term_string\"}}],\"inLanguage\":\"fr-FR\"},{\"@type\":\"Organization\",\"@id\":\"https:\/\/www.factris.com\/fr\/#organization\",\"name\":\"Factris Holding B.V.\",\"url\":\"https:\/\/www.factris.com\/fr\/\",\"logo\":{\"@type\":\"ImageObject\",\"inLanguage\":\"fr-FR\",\"@id\":\"https:\/\/www.factris.com\/fr\/#\/schema\/logo\/image\/\",\"url\":\"https:\/\/www.factris.com\/wp-content\/uploads\/2020\/12\/logo-factris-black.png\",\"contentUrl\":\"https:\/\/www.factris.com\/wp-content\/uploads\/2020\/12\/logo-factris-black.png\",\"width\":400,\"height\":73,\"caption\":\"Factris Holding B.V.\"},\"image\":{\"@id\":\"https:\/\/www.factris.com\/fr\/#\/schema\/logo\/image\/\"},\"sameAs\":[\"https:\/\/www.facebook.com\/factris\",\"https:\/\/x.com\/factris\",\"https:\/\/www.instagram.com\/factrisholding\/\",\"https:\/\/www.linkedin.com\/company\/factrisholding\",\"https:\/\/www.youtube.com\/channel\/UCFupqDt-Xo3EaKYGiqJH1nQ\"]}]}<\/script>\n<!-- \/ Yoast SEO Premium plugin. -->","yoast_head_json":{"title":"10 sources de financement pour une PME","description":"T\u00e9l\u00e9chargez notre e-book gratuit sur les sources de financement pour d\u00e9velopper votre entreprise, quel que soit son stade de d\u00e9veloppement.","robots":{"index":"index","follow":"follow","max-snippet":"max-snippet:-1","max-image-preview":"max-image-preview:large","max-video-preview":"max-video-preview:-1"},"canonical":"https:\/\/www.factris.com\/fr\/e-book\/","og_locale":"fr_FR","og_type":"article","og_title":"E-book","og_description":"T\u00e9l\u00e9chargez notre e-book gratuit sur les sources de financement pour d\u00e9velopper votre entreprise, quel que soit son stade de d\u00e9veloppement.","og_url":"https:\/\/www.factris.com\/fr\/e-book\/","og_site_name":"Factris","article_publisher":"https:\/\/www.facebook.com\/factris","article_modified_time":"2024-04-18T14:02:23+00:00","og_image":[{"width":1200,"height":1200,"url":"https:\/\/www.factris.com\/wp-content\/uploads\/2021\/03\/EN4.png","type":"image\/png"}],"twitter_card":"summary_large_image","twitter_site":"@factris","twitter_misc":{"Dur\u00e9e de lecture estim\u00e9e":"1 minute"},"schema":{"@context":"https:\/\/schema.org","@graph":[{"@type":"WebPage","@id":"https:\/\/www.factris.com\/fr\/e-book\/","url":"https:\/\/www.factris.com\/fr\/e-book\/","name":"10 sources de financement pour une PME","isPartOf":{"@id":"https:\/\/www.factris.com\/fr\/#website"},"primaryImageOfPage":{"@id":"https:\/\/www.factris.com\/fr\/e-book\/#primaryimage"},"image":{"@id":"https:\/\/www.factris.com\/fr\/e-book\/#primaryimage"},"thumbnailUrl":"https:\/\/www.factris.com\/wp-content\/uploads\/2021\/03\/EN4.png","datePublished":"2022-07-11T06:56:48+00:00","dateModified":"2024-04-18T14:02:23+00:00","description":"T\u00e9l\u00e9chargez notre e-book gratuit sur les sources de financement pour d\u00e9velopper votre entreprise, quel que soit son stade de d\u00e9veloppement.","breadcrumb":{"@id":"https:\/\/www.factris.com\/fr\/e-book\/#breadcrumb"},"inLanguage":"fr-FR","potentialAction":[{"@type":"ReadAction","target":["https:\/\/www.factris.com\/fr\/e-book\/"]}]},{"@type":"ImageObject","inLanguage":"fr-FR","@id":"https:\/\/www.factris.com\/fr\/e-book\/#primaryimage","url":"https:\/\/www.factris.com\/wp-content\/uploads\/2021\/03\/EN4.png","contentUrl":"https:\/\/www.factris.com\/wp-content\/uploads\/2021\/03\/EN4.png","width":1200,"height":1200},{"@type":"BreadcrumbList","@id":"https:\/\/www.factris.com\/fr\/e-book\/#breadcrumb","itemListElement":[{"@type":"ListItem","position":1,"name":"Home","item":"https:\/\/www.factris.com\/fr\/"},{"@type":"ListItem","position":2,"name":"E-book"}]},{"@type":"WebSite","@id":"https:\/\/www.factris.com\/fr\/#website","url":"https:\/\/www.factris.com\/fr\/","name":"Factris","description":"Your invoices. Our financing.","publisher":{"@id":"https:\/\/www.factris.com\/fr\/#organization"},"potentialAction":[{"@type":"SearchAction","target":{"@type":"EntryPoint","urlTemplate":"https:\/\/www.factris.com\/fr\/?s={search_term_string}"},"query-input":{"@type":"PropertyValueSpecification","valueRequired":true,"valueName":"search_term_string"}}],"inLanguage":"fr-FR"},{"@type":"Organization","@id":"https:\/\/www.factris.com\/fr\/#organization","name":"Factris Holding B.V.","url":"https:\/\/www.factris.com\/fr\/","logo":{"@type":"ImageObject","inLanguage":"fr-FR","@id":"https:\/\/www.factris.com\/fr\/#\/schema\/logo\/image\/","url":"https:\/\/www.factris.com\/wp-content\/uploads\/2020\/12\/logo-factris-black.png","contentUrl":"https:\/\/www.factris.com\/wp-content\/uploads\/2020\/12\/logo-factris-black.png","width":400,"height":73,"caption":"Factris Holding B.V."},"image":{"@id":"https:\/\/www.factris.com\/fr\/#\/schema\/logo\/image\/"},"sameAs":["https:\/\/www.facebook.com\/factris","https:\/\/x.com\/factris","https:\/\/www.instagram.com\/factrisholding\/","https:\/\/www.linkedin.com\/company\/factrisholding","https:\/\/www.youtube.com\/channel\/UCFupqDt-Xo3EaKYGiqJH1nQ"]}]}},"_links":{"self":[{"href":"https:\/\/www.factris.com\/fr\/wp-json\/wp\/v2\/pages\/17625"}],"collection":[{"href":"https:\/\/www.factris.com\/fr\/wp-json\/wp\/v2\/pages"}],"about":[{"href":"https:\/\/www.factris.com\/fr\/wp-json\/wp\/v2\/types\/page"}],"author":[{"embeddable":true,"href":"https:\/\/www.factris.com\/fr\/wp-json\/wp\/v2\/users\/1"}],"replies":[{"embeddable":true,"href":"https:\/\/www.factris.com\/fr\/wp-json\/wp\/v2\/comments?post=17625"}],"version-history":[{"count":5,"href":"https:\/\/www.factris.com\/fr\/wp-json\/wp\/v2\/pages\/17625\/revisions"}],"predecessor-version":[{"id":31114,"href":"https:\/\/www.factris.com\/fr\/wp-json\/wp\/v2\/pages\/17625\/revisions\/31114"}],"wp:featuredmedia":[{"embeddable":true,"href":"https:\/\/www.factris.com\/fr\/wp-json\/wp\/v2\/media\/30413"}],"wp:attachment":[{"href":"https:\/\/www.factris.com\/fr\/wp-json\/wp\/v2\/media?parent=17625"}],"curies":[{"name":"wp","href":"https:\/\/api.w.org\/{rel}","templated":true}]}}