{"id":17637,"date":"2022-07-11T07:02:19","date_gmt":"2022-07-11T07:02:19","guid":{"rendered":"https:\/\/www.factris.com\/?page_id=17637"},"modified":"2022-10-26T11:29:25","modified_gmt":"2022-10-26T11:29:25","slug":"conditions-utilisation","status":"publish","type":"page","link":"https:\/\/www.factris.com\/fr\/conditions-utilisation\/","title":{"rendered":"Conditions d&rsquo;utilisation"},"content":{"rendered":"\n\n\n\n[et_pb_section fb_built=\u00a0\u00bb1&Prime; _builder_version=\u00a0\u00bb4.16&Prime; _module_preset=\u00a0\u00bbdefault\u00a0\u00bb background_color=\u00a0\u00bb#D8DAEE\u00a0\u00bb z_index=\u00a0\u00bb9999&Prime; custom_padding=\u00a0\u00bb||100px|||\u00a0\u00bb global_colors_info=\u00a0\u00bb{}\u00a0\u00bb][et_pb_row use_custom_gutter=\u00a0\u00bbon\u00a0\u00bb gutter_width=\u00a0\u00bb2&Prime; make_equal=\u00a0\u00bbon\u00a0\u00bb _builder_version=\u00a0\u00bb4.16&Prime; _module_preset=\u00a0\u00bbdefault\u00a0\u00bb max_width=\u00a0\u00bb900px\u00a0\u00bb custom_padding=\u00a0\u00bb0px||0px||true|false\u00a0\u00bb global_colors_info=\u00a0\u00bb{}\u00a0\u00bb][et_pb_column type=\u00a0\u00bb4_4&Prime; _builder_version=\u00a0\u00bb4.16&Prime; _module_preset=\u00a0\u00bbdefault\u00a0\u00bb global_colors_info=\u00a0\u00bb{}\u00a0\u00bb][et_pb_text _builder_version=\u00a0\u00bb4.17.4&Prime; _module_preset=\u00a0\u00bbdefault\u00a0\u00bb header_font=\u00a0\u00bb|600|||||||\u00a0\u00bb header_text_color=\u00a0\u00bb#000A54&Prime; header_font_size=\u00a0\u00bb46px\u00a0\u00bb header_2_font=\u00a0\u00bb|700|||||||\u00a0\u00bb header_2_text_color=\u00a0\u00bb#000A54&Prime; header_2_font_size=\u00a0\u00bb27px\u00a0\u00bb header_3_font=\u00a0\u00bb|700|||||||\u00a0\u00bb header_3_text_align=\u00a0\u00bbleft\u00a0\u00bb header_3_text_color=\u00a0\u00bb#000a54&Prime; header_3_font_size=\u00a0\u00bb21px\u00a0\u00bb hover_enabled=\u00a0\u00bb0&Prime; header_2_line_height_tablet=\u00a0\u00bb\u00a0\u00bb header_2_line_height_phone=\u00a0\u00bb1.4em\u00a0\u00bb header_2_line_height_last_edited=\u00a0\u00bbon|phone\u00a0\u00bb global_colors_info=\u00a0\u00bb{}\u00a0\u00bb sticky_enabled=\u00a0\u00bb0&Prime;]<h1>Conditions d&rsquo;utilisation<\/h1>\n<p>&nbsp;<\/p>\n<h2>1. Introduction<\/h2>\n<p>(a) Les pr\u00e9sentes conditions d&rsquo;utilisation standard (les \u00ab\u00a0conditions d&rsquo;utilisation \u00bb), qui peuvent \u00eatre modifi\u00e9es de temps \u00e0 autre, r\u00e9gissent l&rsquo;utilisation de la plateforme (telle que d\u00e9finie ci-dessous) accessible via www.factris.com. Le site Internet et la plate-forme sont la propri\u00e9t\u00e9 de Factris Holding B.V., enregistr\u00e9e aupr\u00e8s de la CoC n\u00e9erlandaise sous le num\u00e9ro 6866646 de la Chambre de commerce (\u00ab\u00a0Factris \u00bb) et de ses conc\u00e9dants de licence.<\/p>\n<p>(b) En acceptant les conditions d&rsquo;utilisation et en acc\u00e9dant \u00e0 la plate-forme, vous garantissez \u00e0 Factris Holding B.V. que<\/p>\n<p>(i) vous avez 18 ans ou plus ; et<\/p>\n<p>(ii) que vous avez le droit et l&rsquo;autorit\u00e9, expresse ou implicite, d&rsquo;accepter les Conditions d&rsquo;utilisation au nom et pour le compte du Vendeur (tel que d\u00e9fini ci-dessous) et de lier le Vendeur aux Conditions d&rsquo;utilisation.<\/p>\n<p>&nbsp;<\/p>\n<h2>2. D\u00e9finitions<\/h2>\n<p>(a) Aux fins des pr\u00e9sentes conditions d&rsquo;utilisation  :<\/p>\n<p><strong>\u00ab Contrat\u00a0\u00bb<\/strong> d\u00e9signe le contrat d&rsquo;achat de cr\u00e9ances de Factris, ses termes et conditions, les conditions standard et tous les titres et termes de soumission des pr\u00e9sentes et auxquels un vendeur est ou a \u00e9t\u00e9 partie.<\/p>\n<p><strong>\u00ab Employ\u00e9\u2022e d\u00e9sign\u00e9\u2022e\u00a0\u00bb<\/strong> d\u00e9signe un\u2022e employ\u00e9\u2022e du Vendeur qui est autoris\u00e9\u2022e par le Vendeur \u00e0 acc\u00e9der et \u00e0 utiliser la plateforme en son nom.<\/p>\n<p><strong>\u00ab\u00a0Propri\u00e9t\u00e9 intellectuelle \u00bb<\/strong> d\u00e9signe les brevets, les marques de commerce, les marques de service, les droits (enregistr\u00e9s ou non) sur les dessins et mod\u00e8les, les demandes d&rsquo;enregistrement de l&rsquo;un de ces \u00e9l\u00e9ments, les noms commerciaux ou d&rsquo;entreprise, les droits d&rsquo;auteur (y compris les droits sur les logiciels informatiques et les droits topographiques) ; le savoir-faire, les secrets commerciaux, les inventions, les formules et proc\u00e9d\u00e9s secrets, les listes de fournisseurs et de clients et autres connaissances et informations exclusives ; les noms de domaine Internet ; les droits de protection de la client\u00e8le et de la r\u00e9putation ; les droits sur les bases de donn\u00e9es, les droits moraux et tous les droits et formes de protection ayant un effet \u00e9quivalent partout dans le monde.<\/p>\n<p><strong>\u00ab Plateforme\u00a0\u00bb<\/strong> d\u00e9signe les syst\u00e8mes en ligne fournis par Factris Holding B.V., Amsterdam, KvK 6866646 (\u00ab\u00a0Factris \u00bb) et mis \u00e0 la disposition du vendeur pour afficher les factures et faciliter l&rsquo;achat de cr\u00e9ances en vertu des pr\u00e9sentes.<\/p>\n<p><strong>\u00abVendeur\u00a0\u00bb<\/strong> d\u00e9signe toute personne qui a conclu un accord et qui est ou a \u00e9t\u00e9 partie \u00e0 un accord respectif.<\/p>\n<p>(b) Sauf indication contraire dans les pr\u00e9sentes conditions d&rsquo;utilisation ou si le contexte l&rsquo;exige, les mots et expressions utilis\u00e9s dans les pr\u00e9sentes conditions d&rsquo;utilisation ont le sens et la signification qui leur sont attribu\u00e9s dans l&rsquo;accord respectif.<\/p>\n<p>&nbsp;<\/p>\n<h2>3. Identifiant utilisateur et mot de passe<\/h2>\n<p>(a) L&rsquo;acc\u00e8s \u00e0 la plateforme est prot\u00e9g\u00e9 par identifiant et mot de passe.<\/p>\n<p>(b) Les identifiants des vendeurs sont sp\u00e9cifiques aux employ\u00e9\u2022e\u2022s d\u00e9sign\u00e9\u2022e\u2022s par le vendeur.<\/p>\n<p>(c) Le vendeur s&rsquo;engage \u00e0 ne permettre \u00e0 aucune personne (autre que les employ\u00e9\u2022e\u2022s d\u00e9sign\u00e9\u2022e\u2022s) d&rsquo;utiliser les identifiants du vendeur pour acc\u00e9der et utiliser la plateforme.<\/p>\n<p>(d) Le vendeur est responsable du maintien de la stricte confidentialit\u00e9 des identifiants et mots de passe fournis au vendeur dans le cadre du contrat pour tous les co\u00fbts, dommages ou pertes encourus ou subis en raison du manquement du vendeur \u00e0 cet \u00e9gard.<\/p>\n<p>(e) Factris ne sera pas responsable des dommages caus\u00e9s par ou li\u00e9s au vol des identifiants du vendeur, \u00e0 la divulgation des identifiants du vendeur par le vendeur, ou au consentement du vendeur \u00e0 permettre \u00e0 toute personne autre que ses employ\u00e9\u2022e\u2022s d\u00e9sign\u00e9\u2022e\u2022s d&rsquo;acc\u00e9der et d&rsquo;utiliser la plateforme avec les identifiants du vendeur, sauf si Factris omet de mettre fin \u00e0 l&rsquo;acc\u00e8s aux mots de passe ou aux identifiants sp\u00e9cifi\u00e9s \u00e0 la demande du vendeur.<\/p>\n<p>(f) Si le vendeur a connaissance d&rsquo;une utilisation non autoris\u00e9e des identifiants du vendeur ou de toute autre n\u00e9cessit\u00e9 de d\u00e9sactiver un identifiant pour des raisons de s\u00e9curit\u00e9, le vendeur doit imm\u00e9diatement en informer Factris ou le gestionnaire et Factris d\u00e9sactivera imm\u00e9diatement ces identifiants.<\/p>\n<p>(g) Le vendeur tient une liste \u00e9crite des employ\u00e9s d\u00e9sign\u00e9\u2022e\u2022s par le vendeur qui sont autoris\u00e9\u2022e\u2022s \u00e0 acc\u00e9der \u00e0 la plateforme et \u00e0 l&rsquo;utiliser au nom du vendeur.<\/p>\n<p>(h) Le vendeur doit s&rsquo;assurer que les employ\u00e9\u2022e\u2022s d\u00e9sign\u00e9\u2022e\u2022s respectent ces conditions d&rsquo;utilisation lorsqu&rsquo;ils acc\u00e8dent \u00e0 la plateforme ou l&rsquo;utilisent.<\/p>\n<p>&nbsp;<\/p>\n<h2>4. Reikwijdte van rechten<\/h2>\n<p>(a) De verkoper en zijn aangewezen werknemers hebben alleen toestemming voor toegang tot en gebruik van de informatie die beschikbaar is via het platform onder de voorwaarden van de overeenkomst, inclusief deze gebruiksvoorwaarden, en voor de eigen interne zaken van de verkoper.<\/p>\n<p>(b) Het is de verkoper en zijn aangewezen medewerkers ten strengste verboden om de beveiligingsmaatregelen van het platform te omzeilen of te proberen dit te doen.<\/p>\n<p>&nbsp;<\/p>\n<h2>5. Beveiliging<\/h2>\n<p>(a) De verkoper is als enige verantwoordelijk voor de veiligheid, vertrouwelijkheid en integriteit van alle informatie en berichten die de verkoper ontvangt, verzendt via het platform of opslaat op het platform, voor zover dergelijke informatie en berichten onder de controle van de verkoper staan.<\/p>\n<p>(b) Factris is verantwoordelijk voor het verlenen van toegang tot en gebruik van het platform aan aangewezen werknemers.<\/p>\n<p>(c) De verkoper is als enige verantwoordelijk voor enige geautoriseerde of ongeautoriseerde toegang tot of gebruik van het account van de verkoper door een persoon, behalve voor zover dit het gevolg is van nalatigheid of schending van\/door Factris.<\/p>\n<p>&nbsp;<\/p>\n<h2>6. Privacy<\/h2>\n<p>(a) Hoewel financier ermee instemt de informatie van de verkoper alleen te gebruiken zoals toegestaan in deze overeenkomst, erkent de verkoper dat de verkoper geen privacy verwacht met betrekking tot het internet in het algemeen.<\/p>\n<p>(b) De verkoper erkent dat zijn IP-adres wordt verzonden en geregistreerd bij elk bericht dat de verkoper naar het platform verzendt.<\/p>\n<p>&nbsp;<\/p>\n<h2>7. Verantwoordelijkheid voor gebruik van ID en wachtwoorden<\/h2>\n<p>(a) De verkoper erkent en stemt ermee in dat de verkoper aansprakelijk is voor alle acties van individuen of entiteiten die toegang hebben tot en gebruik maken van het platform met behulp van de verkopers ID&rsquo;s en wachtwoorden, ongeacht of de verkoper dergelijke individuen of entiteiten heeft geautoriseerd om toegang te krijgen tot en gebruik te maken van het platform.<\/p>\n<p>(b) Deze sectie blijft van kracht na be\u00ebindiging of afloop van de overeenkomst.<\/p>\n<p>&nbsp;<\/p>\n<h2>8. Onrechtmatig gebruik<\/h2>\n<p>De verkoper zal ervoor zorgen dat aangewezen werknemers het platform niet gebruiken om:<\/p>\n<p>(a) te interfereren, verstoren of proberen ongeautoriseerde toegang te krijgen tot andere accounts op het platform of enig ander computernetwerk;<\/p>\n<p>(b) enig apparaat, software of routine te gebruiken, inclusief maar niet beperkt tot virussen, Trojaanse paarden, wormen, tijdbommen en annuleringsbots, die de goede werking van de website beschadigen of hinderen, of bedoeld zijn om te beschadigen of te hinderen, of om op onrechtmatige wijze software, gegevens of andere informatie van de website te onderscheppen of te onteigenen;<\/p>\n<p>(c) enige actie ondernemen die een onredelijke of onevenredige belasting vormt voor de infrastructuur van de financier.<\/p>\n<p>&nbsp;<\/p>\n<h2>9. Toegang<\/h2>\n<p>(a) De verkoper gaat ermee akkoord dat het platform van tijd tot tijd ontoegankelijk of onbruikbaar kan zijn om vele redenen, waaronder:<\/p>\n<p>(i) defecten aan apparatuur;<\/p>\n<p>(ii) periodieke onderhoudsprocedures of reparaties die van tijd tot tijd kunnen worden uitgevoerd;<\/p>\n<p>(iii) oorzaken buiten de controle van financier of die redelijkerwijs niet te voorzien zijn door financier; of<\/p>\n<p>(iv) op andere momenten naar eigen goeddunken van de financier.<\/p>\n<p>(b) Factris behoudt zich het recht voor om, naar eigen goeddunken en zonder kennisgeving, op elk moment en om welke reden dan ook:<\/p>\n<p>(i) de toegang tot het gehele of een deel van het platform te verwijderen of uit te schakelen; of<\/p>\n<p>(ii) de toegang van de verkoper tot of het gebruik van het gehele of een deel van het Platform op te schorten.<\/p>\n<p>&nbsp;<\/p>\n<h2>10. Eigendom<\/h2>\n<p>(a) Al het ontwerp, de tekst, de afbeeldingen en de selectie en indeling van de website op het platform worden beschermd door auteursrechten.<\/p>\n<p>(b) De website wordt beschermd door auteursrechten en andere intellectuele eigendomswetten.<\/p>\n<p>(c) De verkoper erkent dat de website en alle bijbehorende intellectuele eigendomsrechten eigendom zijn van Factris of zijn licentiegevers.<\/p>\n<p>(d) Alle rechten die niet uitdrukkelijk in deze gebruiksvoorwaarden worden verleend, zijn voorbehouden aan Factris en haar licentiegevers.<\/p>\n<p>(e) De verkoper stemt ermee in om geen enkel deel van de website of enige toegang tot of gebruik van de website te reproduceren, dupliceren, kopi\u00ebren, verkopen, doorverkopen of exploiteren, behalve zoals toegestaan door deze gebruiksvoorwaarden.<\/p>\n<p>(f) Elk gebruik van de inhoud dat niet uitdrukkelijk is toegestaan door deze gebruiksvoorwaarden is een schending van de gebruiksvoorwaarden en kan in strijd zijn met het auteursrecht, het handelsmerk en andere wetten.<\/p>\n<p>(g) Links naar sites die eigendom zijn van en worden onderhouden door derden, of door een overheid of overheidsinstantie of autoriteit, kunnen in de website zijn opgenomen.<\/p>\n<p>(h) Factris is niet verantwoordelijk voor die sites en heeft geen controle over het privacybeleid of de inhoud van die sites.<\/p>\n<p>(i) Elk ongeautoriseerd of niet-goedgekeurd gebruik van het platform en de bijbehorende website vormt een inbreuk op de intellectuele eigendomsrechten en kan elke verantwoordelijke persoon onderwerpen aan alle civiele en strafrechtelijke sancties waarin is voorzien onder nationale en internationale auteursrechten, handelsmerken en andere wetten en verdragen.<\/p>\n<p>(j) Elk geautoriseerd gebruik door de verkoper is verder onderworpen aan zijn toestemming om de eigendomsvermeldingen die in de inhoud zijn opgenomen, niet uit te wissen, te wijzigen of te verwijderen, indien aanwezig.<\/p>\n<p>&nbsp;<\/p>\n<h2>11. Geen extraterritorialiteit<\/h2>\n<p>Toegang tot het platform en de inhoud ervan is mogelijk niet legaal voor bepaalde personen in bepaalde landen.<\/p>\n<p>&nbsp;<\/p>\n<h2>12. Toepasselijk recht en jurisdictie<\/h2>\n<p>Deze gebruiksvoorwaarden worden beheerst door en ge\u00efnterpreteerd in overeenstemming met de Nederlandse wetgeving, en de verkoper onderwerpt zich aan de niet-exclusieve jurisdictie van de rechtbank van Amsterdam voor de beslechting van eventuele geschillen.<\/p>[\/et_pb_text][\/et_pb_column][\/et_pb_row][\/et_pb_section]\n\n\n\n","protected":false},"excerpt":{"rendered":"<p>Conditions d&rsquo;utilisation &nbsp; 1. Introduction (a) Les pr\u00e9sentes conditions d&rsquo;utilisation standard (les \u00ab\u00a0conditions d&rsquo;utilisation \u00bb), qui peuvent \u00eatre modifi\u00e9es de temps \u00e0 autre, r\u00e9gissent l&rsquo;utilisation de la plateforme (telle que d\u00e9finie ci-dessous) accessible via www.factris.com. Le site Internet et la plate-forme sont la propri\u00e9t\u00e9 de Factris Holding B.V., enregistr\u00e9e aupr\u00e8s de la CoC n\u00e9erlandaise sous [&hellip;]<\/p>\n","protected":false},"author":1,"featured_media":18286,"parent":0,"menu_order":0,"comment_status":"closed","ping_status":"closed","template":"","meta":{"_et_pb_use_builder":"on","_et_pb_old_content":"","_et_gb_content_width":"","footnotes":""},"yoast_head":"<!-- This site is optimized with the Yoast SEO Premium plugin v22.2 (Yoast SEO v24.5) - https:\/\/yoast.com\/wordpress\/plugins\/seo\/ -->\n<title>Conditions d\u2019utilisation - Factris<\/title>\n<meta name=\"description\" content=\"Les pr\u00e9sentes conditions d\u2019utilisation standard r\u00e9gissent l\u2019utilisation de la plateforme accessible via le site Internet de Factris.\" \/>\n<meta name=\"robots\" content=\"index, follow, max-snippet:-1, max-image-preview:large, max-video-preview:-1\" \/>\n<link rel=\"canonical\" href=\"https:\/\/www.factris.com\/fr\/conditions-utilisation\/\" \/>\n<meta property=\"og:locale\" content=\"fr_FR\" \/>\n<meta property=\"og:type\" content=\"article\" \/>\n<meta property=\"og:title\" content=\"Conditions d&#039;utilisation\" \/>\n<meta property=\"og:description\" content=\"Les pr\u00e9sentes conditions d\u2019utilisation standard r\u00e9gissent l\u2019utilisation de la plateforme accessible via le site Internet de Factris.\" \/>\n<meta property=\"og:url\" content=\"https:\/\/www.factris.com\/fr\/conditions-utilisation\/\" \/>\n<meta property=\"og:site_name\" content=\"Factris\" \/>\n<meta property=\"article:publisher\" content=\"https:\/\/www.facebook.com\/factris\" \/>\n<meta property=\"article:modified_time\" content=\"2022-10-26T11:29:25+00:00\" \/>\n<meta property=\"og:image\" content=\"https:\/\/www.factris.com\/wp-content\/uploads\/2022\/08\/FR16.png\" \/>\n\t<meta property=\"og:image:width\" content=\"1200\" \/>\n\t<meta property=\"og:image:height\" content=\"1200\" \/>\n\t<meta property=\"og:image:type\" content=\"image\/png\" \/>\n<meta name=\"twitter:card\" content=\"summary_large_image\" \/>\n<meta name=\"twitter:site\" content=\"@factris\" \/>\n<meta name=\"twitter:label1\" content=\"Dur\u00e9e de lecture estim\u00e9e\" \/>\n\t<meta name=\"twitter:data1\" content=\"8 minutes\" \/>\n<script type=\"application\/ld+json\" class=\"yoast-schema-graph\">{\"@context\":\"https:\/\/schema.org\",\"@graph\":[{\"@type\":\"WebPage\",\"@id\":\"https:\/\/www.factris.com\/fr\/conditions-utilisation\/\",\"url\":\"https:\/\/www.factris.com\/fr\/conditions-utilisation\/\",\"name\":\"Conditions d\u2019utilisation - Factris\",\"isPartOf\":{\"@id\":\"https:\/\/www.factris.com\/fr\/#website\"},\"primaryImageOfPage\":{\"@id\":\"https:\/\/www.factris.com\/fr\/conditions-utilisation\/#primaryimage\"},\"image\":{\"@id\":\"https:\/\/www.factris.com\/fr\/conditions-utilisation\/#primaryimage\"},\"thumbnailUrl\":\"https:\/\/www.factris.com\/wp-content\/uploads\/2022\/08\/FR16.png\",\"datePublished\":\"2022-07-11T07:02:19+00:00\",\"dateModified\":\"2022-10-26T11:29:25+00:00\",\"description\":\"Les pr\u00e9sentes conditions d\u2019utilisation standard r\u00e9gissent l\u2019utilisation de la plateforme accessible via le site Internet de Factris.\",\"breadcrumb\":{\"@id\":\"https:\/\/www.factris.com\/fr\/conditions-utilisation\/#breadcrumb\"},\"inLanguage\":\"fr-FR\",\"potentialAction\":[{\"@type\":\"ReadAction\",\"target\":[\"https:\/\/www.factris.com\/fr\/conditions-utilisation\/\"]}]},{\"@type\":\"ImageObject\",\"inLanguage\":\"fr-FR\",\"@id\":\"https:\/\/www.factris.com\/fr\/conditions-utilisation\/#primaryimage\",\"url\":\"https:\/\/www.factris.com\/wp-content\/uploads\/2022\/08\/FR16.png\",\"contentUrl\":\"https:\/\/www.factris.com\/wp-content\/uploads\/2022\/08\/FR16.png\",\"width\":1200,\"height\":1200},{\"@type\":\"BreadcrumbList\",\"@id\":\"https:\/\/www.factris.com\/fr\/conditions-utilisation\/#breadcrumb\",\"itemListElement\":[{\"@type\":\"ListItem\",\"position\":1,\"name\":\"Home\",\"item\":\"https:\/\/www.factris.com\/fr\/\"},{\"@type\":\"ListItem\",\"position\":2,\"name\":\"Conditions d&#8217;utilisation\"}]},{\"@type\":\"WebSite\",\"@id\":\"https:\/\/www.factris.com\/fr\/#website\",\"url\":\"https:\/\/www.factris.com\/fr\/\",\"name\":\"Factris\",\"description\":\"Your invoices. Our financing.\",\"publisher\":{\"@id\":\"https:\/\/www.factris.com\/fr\/#organization\"},\"potentialAction\":[{\"@type\":\"SearchAction\",\"target\":{\"@type\":\"EntryPoint\",\"urlTemplate\":\"https:\/\/www.factris.com\/fr\/?s={search_term_string}\"},\"query-input\":{\"@type\":\"PropertyValueSpecification\",\"valueRequired\":true,\"valueName\":\"search_term_string\"}}],\"inLanguage\":\"fr-FR\"},{\"@type\":\"Organization\",\"@id\":\"https:\/\/www.factris.com\/fr\/#organization\",\"name\":\"Factris Holding B.V.\",\"url\":\"https:\/\/www.factris.com\/fr\/\",\"logo\":{\"@type\":\"ImageObject\",\"inLanguage\":\"fr-FR\",\"@id\":\"https:\/\/www.factris.com\/fr\/#\/schema\/logo\/image\/\",\"url\":\"https:\/\/www.factris.com\/wp-content\/uploads\/2020\/12\/logo-factris-black.png\",\"contentUrl\":\"https:\/\/www.factris.com\/wp-content\/uploads\/2020\/12\/logo-factris-black.png\",\"width\":400,\"height\":73,\"caption\":\"Factris Holding B.V.\"},\"image\":{\"@id\":\"https:\/\/www.factris.com\/fr\/#\/schema\/logo\/image\/\"},\"sameAs\":[\"https:\/\/www.facebook.com\/factris\",\"https:\/\/x.com\/factris\",\"https:\/\/www.instagram.com\/factrisholding\/\",\"https:\/\/www.linkedin.com\/company\/factrisholding\",\"https:\/\/www.youtube.com\/channel\/UCFupqDt-Xo3EaKYGiqJH1nQ\"]}]}<\/script>\n<!-- \/ Yoast SEO Premium plugin. -->","yoast_head_json":{"title":"Conditions d\u2019utilisation - Factris","description":"Les pr\u00e9sentes conditions d\u2019utilisation standard r\u00e9gissent l\u2019utilisation de la plateforme accessible via le site Internet de Factris.","robots":{"index":"index","follow":"follow","max-snippet":"max-snippet:-1","max-image-preview":"max-image-preview:large","max-video-preview":"max-video-preview:-1"},"canonical":"https:\/\/www.factris.com\/fr\/conditions-utilisation\/","og_locale":"fr_FR","og_type":"article","og_title":"Conditions d'utilisation","og_description":"Les pr\u00e9sentes conditions d\u2019utilisation standard r\u00e9gissent l\u2019utilisation de la plateforme accessible via le site Internet de Factris.","og_url":"https:\/\/www.factris.com\/fr\/conditions-utilisation\/","og_site_name":"Factris","article_publisher":"https:\/\/www.facebook.com\/factris","article_modified_time":"2022-10-26T11:29:25+00:00","og_image":[{"width":1200,"height":1200,"url":"https:\/\/www.factris.com\/wp-content\/uploads\/2022\/08\/FR16.png","type":"image\/png"}],"twitter_card":"summary_large_image","twitter_site":"@factris","twitter_misc":{"Dur\u00e9e de lecture estim\u00e9e":"8 minutes"},"schema":{"@context":"https:\/\/schema.org","@graph":[{"@type":"WebPage","@id":"https:\/\/www.factris.com\/fr\/conditions-utilisation\/","url":"https:\/\/www.factris.com\/fr\/conditions-utilisation\/","name":"Conditions d\u2019utilisation - Factris","isPartOf":{"@id":"https:\/\/www.factris.com\/fr\/#website"},"primaryImageOfPage":{"@id":"https:\/\/www.factris.com\/fr\/conditions-utilisation\/#primaryimage"},"image":{"@id":"https:\/\/www.factris.com\/fr\/conditions-utilisation\/#primaryimage"},"thumbnailUrl":"https:\/\/www.factris.com\/wp-content\/uploads\/2022\/08\/FR16.png","datePublished":"2022-07-11T07:02:19+00:00","dateModified":"2022-10-26T11:29:25+00:00","description":"Les pr\u00e9sentes conditions d\u2019utilisation standard r\u00e9gissent l\u2019utilisation de la plateforme accessible via le site Internet de Factris.","breadcrumb":{"@id":"https:\/\/www.factris.com\/fr\/conditions-utilisation\/#breadcrumb"},"inLanguage":"fr-FR","potentialAction":[{"@type":"ReadAction","target":["https:\/\/www.factris.com\/fr\/conditions-utilisation\/"]}]},{"@type":"ImageObject","inLanguage":"fr-FR","@id":"https:\/\/www.factris.com\/fr\/conditions-utilisation\/#primaryimage","url":"https:\/\/www.factris.com\/wp-content\/uploads\/2022\/08\/FR16.png","contentUrl":"https:\/\/www.factris.com\/wp-content\/uploads\/2022\/08\/FR16.png","width":1200,"height":1200},{"@type":"BreadcrumbList","@id":"https:\/\/www.factris.com\/fr\/conditions-utilisation\/#breadcrumb","itemListElement":[{"@type":"ListItem","position":1,"name":"Home","item":"https:\/\/www.factris.com\/fr\/"},{"@type":"ListItem","position":2,"name":"Conditions d&#8217;utilisation"}]},{"@type":"WebSite","@id":"https:\/\/www.factris.com\/fr\/#website","url":"https:\/\/www.factris.com\/fr\/","name":"Factris","description":"Your invoices. Our financing.","publisher":{"@id":"https:\/\/www.factris.com\/fr\/#organization"},"potentialAction":[{"@type":"SearchAction","target":{"@type":"EntryPoint","urlTemplate":"https:\/\/www.factris.com\/fr\/?s={search_term_string}"},"query-input":{"@type":"PropertyValueSpecification","valueRequired":true,"valueName":"search_term_string"}}],"inLanguage":"fr-FR"},{"@type":"Organization","@id":"https:\/\/www.factris.com\/fr\/#organization","name":"Factris Holding B.V.","url":"https:\/\/www.factris.com\/fr\/","logo":{"@type":"ImageObject","inLanguage":"fr-FR","@id":"https:\/\/www.factris.com\/fr\/#\/schema\/logo\/image\/","url":"https:\/\/www.factris.com\/wp-content\/uploads\/2020\/12\/logo-factris-black.png","contentUrl":"https:\/\/www.factris.com\/wp-content\/uploads\/2020\/12\/logo-factris-black.png","width":400,"height":73,"caption":"Factris Holding B.V."},"image":{"@id":"https:\/\/www.factris.com\/fr\/#\/schema\/logo\/image\/"},"sameAs":["https:\/\/www.facebook.com\/factris","https:\/\/x.com\/factris","https:\/\/www.instagram.com\/factrisholding\/","https:\/\/www.linkedin.com\/company\/factrisholding","https:\/\/www.youtube.com\/channel\/UCFupqDt-Xo3EaKYGiqJH1nQ"]}]}},"_links":{"self":[{"href":"https:\/\/www.factris.com\/fr\/wp-json\/wp\/v2\/pages\/17637"}],"collection":[{"href":"https:\/\/www.factris.com\/fr\/wp-json\/wp\/v2\/pages"}],"about":[{"href":"https:\/\/www.factris.com\/fr\/wp-json\/wp\/v2\/types\/page"}],"author":[{"embeddable":true,"href":"https:\/\/www.factris.com\/fr\/wp-json\/wp\/v2\/users\/1"}],"replies":[{"embeddable":true,"href":"https:\/\/www.factris.com\/fr\/wp-json\/wp\/v2\/comments?post=17637"}],"version-history":[{"count":12,"href":"https:\/\/www.factris.com\/fr\/wp-json\/wp\/v2\/pages\/17637\/revisions"}],"predecessor-version":[{"id":18472,"href":"https:\/\/www.factris.com\/fr\/wp-json\/wp\/v2\/pages\/17637\/revisions\/18472"}],"wp:featuredmedia":[{"embeddable":true,"href":"https:\/\/www.factris.com\/fr\/wp-json\/wp\/v2\/media\/18286"}],"wp:attachment":[{"href":"https:\/\/www.factris.com\/fr\/wp-json\/wp\/v2\/media?parent=17637"}],"curies":[{"name":"wp","href":"https:\/\/api.w.org\/{rel}","templated":true}]}}