{"id":19409,"date":"2022-10-31T11:04:14","date_gmt":"2022-10-31T11:04:14","guid":{"rendered":"https:\/\/www.factris.com\/newsletter-2\/"},"modified":"2024-04-18T14:22:56","modified_gmt":"2024-04-18T14:22:56","slug":"newsletterfr","status":"publish","type":"page","link":"https:\/\/www.factris.com\/fr\/newsletterfr\/","title":{"rendered":"Newsletter"},"content":{"rendered":"<p>[et_pb_section fb_built=\u00a0\u00bb1&Prime; _builder_version=\u00a0\u00bb4.16&Prime; _module_preset=\u00a0\u00bbdefault\u00a0\u00bb position_origin_f=\u00a0\u00bbtop_center\u00a0\u00bb z_index=\u00a0\u00bb9999&Prime; custom_padding=\u00a0\u00bb||||false|false\u00a0\u00bb sticky_limit_top=\u00a0\u00bbbody\u00a0\u00bb global_colors_info=\u00a0\u00bb{}\u00a0\u00bb background_enable_color=\u00a0\u00bboff\u00a0\u00bb use_background_color_gradient=\u00a0\u00bbon\u00a0\u00bb background_color_gradient_stops=\u00a0\u00bb#ffe5f4 50%|#ff7cc6 100%\u00a0\u00bb background_enable_image=\u00a0\u00bboff\u00a0\u00bb background_size=\u00a0\u00bbinitial\u00a0\u00bb][et_pb_row column_structure=\u00a0\u00bb1_2,1_2&Prime; use_custom_gutter=\u00a0\u00bbon\u00a0\u00bb gutter_width=\u00a0\u00bb2&Prime; module_class=\u00a0\u00bbhome-start\u00a0\u00bb _builder_version=\u00a0\u00bb4.16&Prime; _module_preset=\u00a0\u00bbdefault\u00a0\u00bb custom_margin=\u00a0\u00bb||||false|false\u00a0\u00bb custom_margin_tablet=\u00a0\u00bb\u00a0\u00bb custom_margin_phone=\u00a0\u00bb-100px||-50px||false|false\u00a0\u00bb custom_margin_last_edited=\u00a0\u00bbon|phone\u00a0\u00bb custom_padding=\u00a0\u00bb10vh||10vh||true|false\u00a0\u00bb global_colors_info=\u00a0\u00bb{}\u00a0\u00bb background_enable_image=\u00a0\u00bboff\u00a0\u00bb background_size=\u00a0\u00bbcontain\u00a0\u00bb background_position=\u00a0\u00bbtop_right\u00a0\u00bb][et_pb_column type=\u00a0\u00bb1_2&Prime; module_class=\u00a0\u00bbstart-slogan\u00a0\u00bb _builder_version=\u00a0\u00bb4.16&Prime; _module_preset=\u00a0\u00bbdefault\u00a0\u00bb global_colors_info=\u00a0\u00bb{}\u00a0\u00bb][et_pb_text _builder_version=\u00a0\u00bb4.18.0&Prime; _module_preset=\u00a0\u00bbdefault\u00a0\u00bb text_text_color=\u00a0\u00bb#1c0140&Prime; header_font=\u00a0\u00bb|700|||||||\u00a0\u00bb header_text_color=\u00a0\u00bb#1c0140&Prime; header_line_height=\u00a0\u00bb1.2em\u00a0\u00bb header_3_font=\u00a0\u00bb|700|||||||\u00a0\u00bb header_3_text_color=\u00a0\u00bb#1c0140&Prime; header_3_font_size=\u00a0\u00bb25px\u00a0\u00bb header_3_line_height=\u00a0\u00bb1.3em\u00a0\u00bb header_5_text_color=\u00a0\u00bb#1c0140&Prime; header_5_font_size=\u00a0\u00bb18px\u00a0\u00bb header_5_line_height=\u00a0\u00bb1.2em\u00a0\u00bb custom_padding=\u00a0\u00bb||15px||false|false\u00a0\u00bb header_font_size_tablet=\u00a0\u00bb\u00a0\u00bb header_font_size_phone=\u00a0\u00bb44px\u00a0\u00bb header_font_size_last_edited=\u00a0\u00bbon|phone\u00a0\u00bb global_colors_info=\u00a0\u00bb{}\u00a0\u00bb header_2_font_size=\u00a0\u00bb36px\u00a0\u00bb header_4_font_size=\u00a0\u00bb21px\u00a0\u00bb header_5_font=\u00a0\u00bb|700|||||||\u00a0\u00bb]<\/p>\n<h1 style=\"padding-bottom: 25px;\">Inscrivez-vous \u00e0 notre newsletter<\/h1>\n<p>Recevez toutes les informations utiles sur Factris et restez \u00e0 jour sur l\u2019actualit\u00e9 financi\u00e8re et les derni\u00e8res tendances commerciales. Profitez \u00e9galement de nos conseils d\u2019experts et d\u00e9couvrez en primeur les offres sp\u00e9ciales de Factris. Tout \u00e7a, directement dans votre bo\u00eete mail ![\/et_pb_text][et_pb_signup provider=\u00a0\u00bbmailerlite\u00a0\u00bb mailerlite_list=\u00a0\u00bbarturasbabusis@factriscom|111513927&Prime; first_name_field=\u00a0\u00bboff\u00a0\u00bb last_name_field=\u00a0\u00bboff\u00a0\u00bb success_message=\u00a0\u00bbThank you for subscribing to our newsletter!\u00a0\u00bb button_text=\u00a0\u00bbJe m&rsquo;abonne\u00a0\u00bb footer_content=\u00a0\u00bb<\/p>\n<p data-pm-slice=%221 1 %91%93%22>En cochant cette case, vous acceptez que Factris stocke, traite et utilise vos donn\u00e9es pour fournir des informations, conform\u00e9ment \u00e0 notre <a href=%22https:\/\/www.factris.com\/fr\/politique-vie-privee\/%22 class=%22ProsemirrorEditor-link%22><span style=%22text-decoration: underline;%22>politique vie priv\u00e9e<\/span>.<\/a><\/p>\n<p>\u00a0\u00bb _builder_version=\u00a0\u00bb4.24.0&Prime; _module_preset=\u00a0\u00bbdefault\u00a0\u00bb form_field_custom_padding=\u00a0\u00bb20px||20px||true|false\u00a0\u00bb body_font_size=\u00a0\u00bb16px\u00a0\u00bb result_message_font=\u00a0\u00bbLora|700|||||||\u00a0\u00bb result_message_text_color=\u00a0\u00bb#FFFFFF\u00a0\u00bb result_message_font_size=\u00a0\u00bb27px\u00a0\u00bb custom_button=\u00a0\u00bbon\u00a0\u00bb button_icon=\u00a0\u00bb&#x24;||divi||400&Prime; button_on_hover=\u00a0\u00bboff\u00a0\u00bb button_custom_margin=\u00a0\u00bb||18px||false|true\u00a0\u00bb button_custom_padding=\u00a0\u00bb10px|40px|10px|28px|true|false\u00a0\u00bb width=\u00a0\u00bb100%\u00a0\u00bb custom_css_main_element=\u00a0\u00bbpadding:0px !important\u00a0\u00bb custom_css_newsletter_button=\u00a0\u00bbwidth:40%;\u00a0\u00bb border_radii_fields=\u00a0\u00bbon|5px|5px|5px|5px\u00a0\u00bb global_colors_info=\u00a0\u00bb{}\u00a0\u00bb custom_css_newsletter_button_last_edited=\u00a0\u00bbon|phone\u00a0\u00bb custom_css_newsletter_button_phone=\u00a0\u00bbwidth:100%;\u00a0\u00bb custom_css_newsletter_button_tablet=\u00a0\u00bbwidth:40%;\u00a0\u00bb form_field_background_color=\u00a0\u00bb#FFFFFF\u00a0\u00bb background_color=\u00a0\u00bbRGBA(0,0,0,0)\u00a0\u00bb background_layout=\u00a0\u00bblight\u00a0\u00bb hover_enabled=\u00a0\u00bb0&Prime; sticky_enabled=\u00a0\u00bb0&Prime;][\/et_pb_signup][\/et_pb_column][et_pb_column type=\u00a0\u00bb1_2&Prime; module_class=\u00a0\u00bbhome-start\u00a0\u00bb _builder_version=\u00a0\u00bb4.16&Prime; _module_preset=\u00a0\u00bbdefault\u00a0\u00bb global_colors_info=\u00a0\u00bb{}\u00a0\u00bb][et_pb_image src=\u00a0\u00bbhttps:\/\/www.factris.com\/wp-content\/uploads\/2024\/04\/BG_hand-with-phone.png\u00a0\u00bb title_text=\u00a0\u00bbBG_hand-with-phone\u00a0\u00bb align=\u00a0\u00bbcenter\u00a0\u00bb disabled_on=\u00a0\u00bboff|off|off\u00a0\u00bb module_class=\u00a0\u00bbwicon\u00a0\u00bb _builder_version=\u00a0\u00bb4.24.0&Prime; _module_preset=\u00a0\u00bbdefault\u00a0\u00bb width=\u00a0\u00bb70%\u00a0\u00bb scroll_vertical_motion=\u00a0\u00bb0|50|60|100|0|0|3.3&Prime; scroll_fade=\u00a0\u00bb0|26|68|92|0%|96%|0%\u00a0\u00bb motion_trigger_start=\u00a0\u00bbbottom\u00a0\u00bb scroll_vertical_motion_tablet=\u00a0\u00bb0|50|50|100|4|0|-0.7&Prime; scroll_vertical_motion_phone=\u00a0\u00bb0|50|50|100|4|0|0&Prime; scroll_vertical_motion_last_edited=\u00a0\u00bbon|phone\u00a0\u00bb scroll_fade_tablet=\u00a0\u00bb\u00a0\u00bb scroll_fade_phone=\u00a0\u00bb0|26|68|100|0%|96%|100%\u00a0\u00bb scroll_fade_last_edited=\u00a0\u00bbon|phone\u00a0\u00bb global_colors_info=\u00a0\u00bb{}\u00a0\u00bb locked=\u00a0\u00bboff\u00a0\u00bb][\/et_pb_image][\/et_pb_column][\/et_pb_row][\/et_pb_section]<\/p>\n","protected":false},"excerpt":{"rendered":"<p>Inscrivez-vous \u00e0 notre newsletter Recevez toutes les informations utiles sur Factris et restez \u00e0 jour sur l\u2019actualit\u00e9 financi\u00e8re et les derni\u00e8res tendances commerciales. Profitez \u00e9galement de nos conseils d\u2019experts et d\u00e9couvrez en primeur les offres sp\u00e9ciales de Factris. Tout \u00e7a, directement dans votre bo\u00eete mail !<\/p>\n","protected":false},"author":1,"featured_media":18279,"parent":0,"menu_order":0,"comment_status":"closed","ping_status":"closed","template":"","meta":{"_et_pb_use_builder":"on","_et_pb_old_content":"<!-- wp:divi\/placeholder -->\n[et_pb_section fb_built=\"1\" _builder_version=\"4.9.0\" _module_preset=\"default\" background_color=\"#246051\" use_background_color_gradient=\"on\" background_color_gradient_start=\"#246051\" background_color_gradient_end=\"#043226\" background_enable_image=\"off\" background_size=\"initial\" position_origin_f=\"top_center\" z_index=\"9999\" custom_padding=\"||15px|||\" sticky_limit_top=\"body\"][et_pb_row column_structure=\"1_2,1_2\" use_custom_gutter=\"on\" gutter_width=\"2\" module_class=\"home-start\" _builder_version=\"4.7.6\" _module_preset=\"default\" background_enable_image=\"off\" background_size=\"contain\" background_position=\"top_right\" custom_margin=\"||||false|false\" custom_margin_tablet=\"\" custom_margin_phone=\"-100px||-50px||false|false\" custom_margin_last_edited=\"on|phone\" custom_padding=\"10vh||14vh||false|false\"][et_pb_column type=\"1_2\" module_class=\"start-slogan\" _builder_version=\"4.7.6\" _module_preset=\"default\"][et_pb_text _builder_version=\"4.9.0\" _module_preset=\"default\" text_text_color=\"#ffffff\" header_font=\"|600|||||||\" header_text_color=\"#ffffff\" header_font_size=\"46px\" header_line_height=\"1.2em\" header_3_font=\"|700|||||||\" header_3_text_color=\"#ffffff\" header_3_font_size=\"25px\" header_3_line_height=\"1.3em\" header_5_text_color=\"#ffffff\" header_5_font_size=\"25px\" header_5_line_height=\"1.3em\" custom_margin=\"||40px||false|false\" header_font_size_tablet=\"\" header_font_size_phone=\"44px\" header_font_size_last_edited=\"on|phone\"]<h1 style=\"padding-bottom: 25px;\">Aanmelden voor de nieuwsbrief<\/h1>\nLees de belangrijkste zakelijke inzichten van Factris in onze nieuwsbrief. Houd uw bedrijf up-to-date en ga vooruit met het laatste financieringsnieuws, zakelijke trends en ons deskundig advies. Wees bovendien de eerste die op de hoogte is van speciale aanbiedingen van Factris.[\/et_pb_text][et_pb_signup provider=\"mailerlite\" mailerlite_list=\"arturasbabusis@factriscom|54035996\" first_name_field=\"off\" last_name_field=\"off\" success_message=\"Bedankt voor het abonneren!\" _builder_version=\"4.9.4\" _module_preset=\"default\" form_field_custom_padding=\"20px||20px||true|false\" result_message_font=\"Lora|700|||||||\" result_message_text_color=\"#FFFFFF\" result_message_font_size=\"27px\" background_color=\"RGBA(0,0,0,0)\" custom_button=\"on\" button_custom_margin=\"||||false|true\" button_custom_padding=\"10px||10px||true|true\" width=\"100%\" hover_enabled=\"0\" custom_css_main_element=\"padding:0px !important\" custom_css_newsletter_button=\"width:40%;\" border_radii_fields=\"on|5px|5px|5px|5px\" custom_css_newsletter_button_last_edited=\"on|phone\" custom_css_newsletter_button_phone=\"width:100%;\" custom_css_newsletter_button_tablet=\"width:40%;\" sticky_enabled=\"0\"][\/et_pb_signup][\/et_pb_column][et_pb_column type=\"1_2\" module_class=\"home-start\" _builder_version=\"4.7.6\" _module_preset=\"default\"][et_pb_image src=\"https:\/\/www.factris.com\/wp-content\/uploads\/2021\/03\/newsletter.png\" title_text=\"newsletter\" align=\"center\" disabled_on=\"off|off|off\" module_class=\"wicon\" _builder_version=\"4.9.0\" _module_preset=\"default\" width=\"70%\" scroll_vertical_motion_enable=\"on\" scroll_vertical_motion=\"0|50|60|100|0|0|3.3\" scroll_fade_enable=\"on\" scroll_fade=\"0|26|68|92|0%|96%|0%\" motion_trigger_start=\"bottom\" scroll_vertical_motion_tablet=\"0|50|50|100|4|0|-0.7\" scroll_vertical_motion_phone=\"0|50|50|100|4|0|0\" scroll_vertical_motion_last_edited=\"on|phone\" scroll_fade_tablet=\"\" scroll_fade_phone=\"0|26|68|100|0%|96%|100%\" scroll_fade_last_edited=\"on|phone\"][\/et_pb_image][\/et_pb_column][\/et_pb_row][\/et_pb_section]\n<!-- \/wp:divi\/placeholder -->","_et_gb_content_width":"","footnotes":""},"yoast_head":"<!-- This site is optimized with the Yoast SEO Premium plugin v22.2 (Yoast SEO v24.5) - https:\/\/yoast.com\/wordpress\/plugins\/seo\/ -->\n<title>Factris - Newsletter subscription<\/title>\n<meta name=\"description\" content=\"Keep your company up-to-date and moving forward with the latest financing news, business trends, and expert advice.\" \/>\n<meta name=\"robots\" content=\"index, follow, max-snippet:-1, max-image-preview:large, max-video-preview:-1\" \/>\n<link rel=\"canonical\" href=\"https:\/\/www.factris.com\/fr\/newsletterfr\/\" \/>\n<meta property=\"og:locale\" content=\"fr_FR\" \/>\n<meta property=\"og:type\" content=\"article\" \/>\n<meta property=\"og:title\" content=\"Newsletter\" \/>\n<meta property=\"og:description\" content=\"Keep your company up-to-date and moving forward with the latest financing news, business trends, and expert advice.\" \/>\n<meta property=\"og:url\" content=\"https:\/\/www.factris.com\/fr\/newsletterfr\/\" \/>\n<meta property=\"og:site_name\" content=\"Factris\" \/>\n<meta property=\"article:publisher\" content=\"https:\/\/www.facebook.com\/factris\" \/>\n<meta property=\"article:modified_time\" content=\"2024-04-18T14:22:56+00:00\" \/>\n<meta property=\"og:image\" content=\"https:\/\/www.factris.com\/wp-content\/uploads\/2022\/08\/FR9.png\" \/>\n\t<meta property=\"og:image:width\" content=\"1200\" \/>\n\t<meta property=\"og:image:height\" content=\"1200\" \/>\n\t<meta property=\"og:image:type\" content=\"image\/png\" \/>\n<meta name=\"twitter:card\" content=\"summary_large_image\" \/>\n<meta name=\"twitter:site\" content=\"@factris\" \/>\n<meta name=\"twitter:label1\" content=\"Dur\u00e9e de lecture estim\u00e9e\" \/>\n\t<meta name=\"twitter:data1\" content=\"1 minute\" \/>\n<script type=\"application\/ld+json\" class=\"yoast-schema-graph\">{\"@context\":\"https:\/\/schema.org\",\"@graph\":[{\"@type\":\"WebPage\",\"@id\":\"https:\/\/www.factris.com\/fr\/newsletterfr\/\",\"url\":\"https:\/\/www.factris.com\/fr\/newsletterfr\/\",\"name\":\"Factris - Newsletter subscription\",\"isPartOf\":{\"@id\":\"https:\/\/www.factris.com\/fr\/#website\"},\"primaryImageOfPage\":{\"@id\":\"https:\/\/www.factris.com\/fr\/newsletterfr\/#primaryimage\"},\"image\":{\"@id\":\"https:\/\/www.factris.com\/fr\/newsletterfr\/#primaryimage\"},\"thumbnailUrl\":\"https:\/\/www.factris.com\/wp-content\/uploads\/2022\/08\/FR9.png\",\"datePublished\":\"2022-10-31T11:04:14+00:00\",\"dateModified\":\"2024-04-18T14:22:56+00:00\",\"description\":\"Keep your company up-to-date and moving forward with the latest financing news, business trends, and expert advice.\",\"breadcrumb\":{\"@id\":\"https:\/\/www.factris.com\/fr\/newsletterfr\/#breadcrumb\"},\"inLanguage\":\"fr-FR\",\"potentialAction\":[{\"@type\":\"ReadAction\",\"target\":[\"https:\/\/www.factris.com\/fr\/newsletterfr\/\"]}]},{\"@type\":\"ImageObject\",\"inLanguage\":\"fr-FR\",\"@id\":\"https:\/\/www.factris.com\/fr\/newsletterfr\/#primaryimage\",\"url\":\"https:\/\/www.factris.com\/wp-content\/uploads\/2022\/08\/FR9.png\",\"contentUrl\":\"https:\/\/www.factris.com\/wp-content\/uploads\/2022\/08\/FR9.png\",\"width\":1200,\"height\":1200},{\"@type\":\"BreadcrumbList\",\"@id\":\"https:\/\/www.factris.com\/fr\/newsletterfr\/#breadcrumb\",\"itemListElement\":[{\"@type\":\"ListItem\",\"position\":1,\"name\":\"Home\",\"item\":\"https:\/\/www.factris.com\/fr\/\"},{\"@type\":\"ListItem\",\"position\":2,\"name\":\"Newsletter\"}]},{\"@type\":\"WebSite\",\"@id\":\"https:\/\/www.factris.com\/fr\/#website\",\"url\":\"https:\/\/www.factris.com\/fr\/\",\"name\":\"Factris\",\"description\":\"Your invoices. Our financing.\",\"publisher\":{\"@id\":\"https:\/\/www.factris.com\/fr\/#organization\"},\"potentialAction\":[{\"@type\":\"SearchAction\",\"target\":{\"@type\":\"EntryPoint\",\"urlTemplate\":\"https:\/\/www.factris.com\/fr\/?s={search_term_string}\"},\"query-input\":{\"@type\":\"PropertyValueSpecification\",\"valueRequired\":true,\"valueName\":\"search_term_string\"}}],\"inLanguage\":\"fr-FR\"},{\"@type\":\"Organization\",\"@id\":\"https:\/\/www.factris.com\/fr\/#organization\",\"name\":\"Factris Holding B.V.\",\"url\":\"https:\/\/www.factris.com\/fr\/\",\"logo\":{\"@type\":\"ImageObject\",\"inLanguage\":\"fr-FR\",\"@id\":\"https:\/\/www.factris.com\/fr\/#\/schema\/logo\/image\/\",\"url\":\"https:\/\/www.factris.com\/wp-content\/uploads\/2020\/12\/logo-factris-black.png\",\"contentUrl\":\"https:\/\/www.factris.com\/wp-content\/uploads\/2020\/12\/logo-factris-black.png\",\"width\":400,\"height\":73,\"caption\":\"Factris Holding B.V.\"},\"image\":{\"@id\":\"https:\/\/www.factris.com\/fr\/#\/schema\/logo\/image\/\"},\"sameAs\":[\"https:\/\/www.facebook.com\/factris\",\"https:\/\/x.com\/factris\",\"https:\/\/www.instagram.com\/factrisholding\/\",\"https:\/\/www.linkedin.com\/company\/factrisholding\",\"https:\/\/www.youtube.com\/channel\/UCFupqDt-Xo3EaKYGiqJH1nQ\"]}]}<\/script>\n<!-- \/ Yoast SEO Premium plugin. -->","yoast_head_json":{"title":"Factris - Newsletter subscription","description":"Keep your company up-to-date and moving forward with the latest financing news, business trends, and expert advice.","robots":{"index":"index","follow":"follow","max-snippet":"max-snippet:-1","max-image-preview":"max-image-preview:large","max-video-preview":"max-video-preview:-1"},"canonical":"https:\/\/www.factris.com\/fr\/newsletterfr\/","og_locale":"fr_FR","og_type":"article","og_title":"Newsletter","og_description":"Keep your company up-to-date and moving forward with the latest financing news, business trends, and expert advice.","og_url":"https:\/\/www.factris.com\/fr\/newsletterfr\/","og_site_name":"Factris","article_publisher":"https:\/\/www.facebook.com\/factris","article_modified_time":"2024-04-18T14:22:56+00:00","og_image":[{"width":1200,"height":1200,"url":"https:\/\/www.factris.com\/wp-content\/uploads\/2022\/08\/FR9.png","type":"image\/png"}],"twitter_card":"summary_large_image","twitter_site":"@factris","twitter_misc":{"Dur\u00e9e de lecture estim\u00e9e":"1 minute"},"schema":{"@context":"https:\/\/schema.org","@graph":[{"@type":"WebPage","@id":"https:\/\/www.factris.com\/fr\/newsletterfr\/","url":"https:\/\/www.factris.com\/fr\/newsletterfr\/","name":"Factris - Newsletter subscription","isPartOf":{"@id":"https:\/\/www.factris.com\/fr\/#website"},"primaryImageOfPage":{"@id":"https:\/\/www.factris.com\/fr\/newsletterfr\/#primaryimage"},"image":{"@id":"https:\/\/www.factris.com\/fr\/newsletterfr\/#primaryimage"},"thumbnailUrl":"https:\/\/www.factris.com\/wp-content\/uploads\/2022\/08\/FR9.png","datePublished":"2022-10-31T11:04:14+00:00","dateModified":"2024-04-18T14:22:56+00:00","description":"Keep your company up-to-date and moving forward with the latest financing news, business trends, and expert advice.","breadcrumb":{"@id":"https:\/\/www.factris.com\/fr\/newsletterfr\/#breadcrumb"},"inLanguage":"fr-FR","potentialAction":[{"@type":"ReadAction","target":["https:\/\/www.factris.com\/fr\/newsletterfr\/"]}]},{"@type":"ImageObject","inLanguage":"fr-FR","@id":"https:\/\/www.factris.com\/fr\/newsletterfr\/#primaryimage","url":"https:\/\/www.factris.com\/wp-content\/uploads\/2022\/08\/FR9.png","contentUrl":"https:\/\/www.factris.com\/wp-content\/uploads\/2022\/08\/FR9.png","width":1200,"height":1200},{"@type":"BreadcrumbList","@id":"https:\/\/www.factris.com\/fr\/newsletterfr\/#breadcrumb","itemListElement":[{"@type":"ListItem","position":1,"name":"Home","item":"https:\/\/www.factris.com\/fr\/"},{"@type":"ListItem","position":2,"name":"Newsletter"}]},{"@type":"WebSite","@id":"https:\/\/www.factris.com\/fr\/#website","url":"https:\/\/www.factris.com\/fr\/","name":"Factris","description":"Your invoices. Our financing.","publisher":{"@id":"https:\/\/www.factris.com\/fr\/#organization"},"potentialAction":[{"@type":"SearchAction","target":{"@type":"EntryPoint","urlTemplate":"https:\/\/www.factris.com\/fr\/?s={search_term_string}"},"query-input":{"@type":"PropertyValueSpecification","valueRequired":true,"valueName":"search_term_string"}}],"inLanguage":"fr-FR"},{"@type":"Organization","@id":"https:\/\/www.factris.com\/fr\/#organization","name":"Factris Holding B.V.","url":"https:\/\/www.factris.com\/fr\/","logo":{"@type":"ImageObject","inLanguage":"fr-FR","@id":"https:\/\/www.factris.com\/fr\/#\/schema\/logo\/image\/","url":"https:\/\/www.factris.com\/wp-content\/uploads\/2020\/12\/logo-factris-black.png","contentUrl":"https:\/\/www.factris.com\/wp-content\/uploads\/2020\/12\/logo-factris-black.png","width":400,"height":73,"caption":"Factris Holding B.V."},"image":{"@id":"https:\/\/www.factris.com\/fr\/#\/schema\/logo\/image\/"},"sameAs":["https:\/\/www.facebook.com\/factris","https:\/\/x.com\/factris","https:\/\/www.instagram.com\/factrisholding\/","https:\/\/www.linkedin.com\/company\/factrisholding","https:\/\/www.youtube.com\/channel\/UCFupqDt-Xo3EaKYGiqJH1nQ"]}]}},"_links":{"self":[{"href":"https:\/\/www.factris.com\/fr\/wp-json\/wp\/v2\/pages\/19409"}],"collection":[{"href":"https:\/\/www.factris.com\/fr\/wp-json\/wp\/v2\/pages"}],"about":[{"href":"https:\/\/www.factris.com\/fr\/wp-json\/wp\/v2\/types\/page"}],"author":[{"embeddable":true,"href":"https:\/\/www.factris.com\/fr\/wp-json\/wp\/v2\/users\/1"}],"replies":[{"embeddable":true,"href":"https:\/\/www.factris.com\/fr\/wp-json\/wp\/v2\/comments?post=19409"}],"version-history":[{"count":12,"href":"https:\/\/www.factris.com\/fr\/wp-json\/wp\/v2\/pages\/19409\/revisions"}],"predecessor-version":[{"id":31126,"href":"https:\/\/www.factris.com\/fr\/wp-json\/wp\/v2\/pages\/19409\/revisions\/31126"}],"wp:featuredmedia":[{"embeddable":true,"href":"https:\/\/www.factris.com\/fr\/wp-json\/wp\/v2\/media\/18279"}],"wp:attachment":[{"href":"https:\/\/www.factris.com\/fr\/wp-json\/wp\/v2\/media?parent=19409"}],"curies":[{"name":"wp","href":"https:\/\/api.w.org\/{rel}","templated":true}]}}