{"id":10127,"date":"2021-04-20T07:03:39","date_gmt":"2021-04-20T07:03:39","guid":{"rendered":"https:\/\/www.factris.com\/e-book\/"},"modified":"2024-04-18T13:53:37","modified_gmt":"2024-04-18T13:53:37","slug":"el-knyga","status":"publish","type":"page","link":"https:\/\/www.factris.com\/lt\/el-knyga\/","title":{"rendered":"El. knyga"},"content":{"rendered":"<p>[et_pb_section fb_built=&#8221;1&#8243; _builder_version=&#8221;4.24.0&#8243; _module_preset=&#8221;default&#8221; position_origin_f=&#8221;top_center&#8221; z_index=&#8221;9999&#8243; custom_padding=&#8221;||||false|false&#8221; sticky_limit_top=&#8221;body&#8221; global_colors_info=&#8221;{}&#8221; background_enable_color=&#8221;off&#8221; use_background_color_gradient=&#8221;on&#8221; background_color_gradient_stops=&#8221;#ffd9cc 35%|#cc3600 100%&#8221; background_enable_image=&#8221;off&#8221; background_size=&#8221;initial&#8221;][et_pb_row column_structure=&#8221;1_2,1_2&#8243; use_custom_gutter=&#8221;on&#8221; gutter_width=&#8221;2&#8243; module_class=&#8221;home-start&#8221; _builder_version=&#8221;4.24.0&#8243; _module_preset=&#8221;default&#8221; custom_margin=&#8221;||||false|false&#8221; custom_margin_tablet=&#8221;&#8221; custom_margin_phone=&#8221;-100px||-50px||false|false&#8221; custom_margin_last_edited=&#8221;on|phone&#8221; custom_padding=&#8221;10vh||10vh||true|false&#8221; global_colors_info=&#8221;{}&#8221; background_enable_image=&#8221;off&#8221; background_size=&#8221;contain&#8221; background_position=&#8221;top_right&#8221;][et_pb_column type=&#8221;1_2&#8243; module_class=&#8221;start-slogan&#8221; _builder_version=&#8221;4.16&#8243; _module_preset=&#8221;default&#8221; global_colors_info=&#8221;{}&#8221;][et_pb_text _builder_version=&#8221;4.24.0&#8243; _module_preset=&#8221;default&#8221; text_text_color=&#8221;#1c0140&#8243; header_font=&#8221;|700|||||||&#8221; header_text_color=&#8221;#1c0140&#8243; header_line_height=&#8221;1.2em&#8221; header_3_font=&#8221;|700|||||||&#8221; header_3_text_color=&#8221;#ffffff&#8221; header_3_font_size=&#8221;25px&#8221; header_3_line_height=&#8221;1.3em&#8221; header_5_text_color=&#8221;#ffffff&#8221; header_5_font_size=&#8221;25px&#8221; header_5_line_height=&#8221;1.3em&#8221; custom_margin=&#8221;||30px||false|false&#8221; header_font_size_tablet=&#8221;&#8221; header_font_size_phone=&#8221;44px&#8221; header_font_size_last_edited=&#8221;on|phone&#8221; global_colors_info=&#8221;{}&#8221;]<\/p>\n<h1 style=\"padding-bottom: 20px;\">10 finansavimo \u0161altini\u0173<br \/>smulkiajam ir vidutiniam verslui<\/h1>\n<p><strong>Finansavimas gali pad\u0117ti<\/strong> papasakoti j\u016bs\u0173 verslo istorij\u0105, nesvarbu, kuriame etape beb\u016btum\u0117te.<\/p>\n<p><strong>Dar tik pradedate versl\u0105?<\/strong> Daugumai pradedan\u010di\u0173j\u0173 verslinink\u0173 reikalingas pakankamas kapitalas verslo prad\u017eiai, o tradiciniai finansuotojai kelia per auk\u0161tus reikalavimus ar reikalauja u\u017estatini\u0173 priemoni\u0173.<\/p>\n<p><strong>J\u016bs\u0173 verslas jau \u012fgavo pagreit\u012f?<\/strong> Vis tiek vert\u0117t\u0173 pasir\u016bpinti papildomo finansavimo galimybe, kuri u\u017etikrins spart\u0173 augim\u0105 ir verslo pl\u0117tr\u0105. B\u016btent tam mes ir paruo\u0161\u0117me \u0161\u012f gid\u0105 \u2013 daug skirting\u0173 b\u016bd\u0173 verslo finansavimui, bet kuriame veiklos etape.<\/p>\n<p>[\/et_pb_text][et_pb_button button_url=&#8221;\/E-book\/E-book-LT.pdf&#8221; url_new_window=&#8221;on&#8221; button_text=&#8221;Atsisi\u0173skite el. knyg\u0105&#8221; _builder_version=&#8221;4.24.0&#8243; _module_preset=&#8221;default&#8221; custom_button=&#8221;on&#8221; button_text_color=&#8221;#353540&#8243; button_bg_color=&#8221;#FFFFFF&#8221; button_icon=&#8221;&#x24;||divi||400&#8243; button_icon_color=&#8221;#353540&#8243; button_on_hover=&#8221;off&#8221; custom_margin=&#8221;25px||18px||false|false&#8221; custom_padding=&#8221;10px|40px|10px|28px|true|false&#8221; global_colors_info=&#8221;{}&#8221; custom_padding__hover_enabled=&#8221;on|hover&#8221; custom_padding__hover=&#8221;|53px|||true|false&#8221;][\/et_pb_button][\/et_pb_column][et_pb_column type=&#8221;1_2&#8243; module_class=&#8221;home-start&#8221; _builder_version=&#8221;4.16&#8243; _module_preset=&#8221;default&#8221; global_colors_info=&#8221;{}&#8221;][et_pb_image src=&#8221;https:\/\/www.factris.com\/wp-content\/uploads\/2024\/04\/Group-545-1.png&#8221; title_text=&#8221;Group 545&#8243; align=&#8221;center&#8221; _builder_version=&#8221;4.24.0&#8243; _module_preset=&#8221;default&#8221; global_colors_info=&#8221;{}&#8221; locked=&#8221;off&#8221;][\/et_pb_image][\/et_pb_column][\/et_pb_row][\/et_pb_section]<\/p>\n","protected":false},"excerpt":{"rendered":"<p>10 finansavimo \u0161altini\u0173smulkiajam ir vidutiniam verslui Finansavimas gali pad\u0117ti papasakoti j\u016bs\u0173 verslo istorij\u0105, nesvarbu, kuriame etape beb\u016btum\u0117te. Dar tik pradedate versl\u0105? Daugumai pradedan\u010di\u0173j\u0173 verslinink\u0173 reikalingas pakankamas kapitalas verslo prad\u017eiai, o tradiciniai finansuotojai kelia per auk\u0161tus reikalavimus ar reikalauja u\u017estatini\u0173 priemoni\u0173. J\u016bs\u0173 verslas jau \u012fgavo pagreit\u012f? Vis tiek vert\u0117t\u0173 pasir\u016bpinti papildomo finansavimo galimybe, kuri u\u017etikrins spart\u0173 [&hellip;]<\/p>\n","protected":false},"author":1,"featured_media":8273,"parent":0,"menu_order":0,"comment_status":"closed","ping_status":"closed","template":"","meta":{"_et_pb_use_builder":"on","_et_pb_old_content":"","_et_gb_content_width":"","footnotes":""},"yoast_head":"<!-- This site is optimized with the Yoast SEO Premium plugin v22.2 (Yoast SEO v24.5) - https:\/\/yoast.com\/wordpress\/plugins\/seo\/ -->\n<title>El. knyga - 10 finansavimo \u0161altini\u0173 smulkiajam ir vidutiniam verslui<\/title>\n<meta name=\"description\" content=\"Pasir\u016bpinkite papildomo finansavimo galimybe, kuri u\u017etikrins spart\u0173 verslo augim\u0105. Parsisi\u0173skite el. knyg\u0105 \u2013 10 finansavimo \u0161altini\u0173 SVV.\" \/>\n<meta name=\"robots\" content=\"index, follow, max-snippet:-1, max-image-preview:large, max-video-preview:-1\" \/>\n<link rel=\"canonical\" href=\"https:\/\/www.factris.com\/lt\/el-knyga\/\" \/>\n<meta property=\"og:locale\" content=\"lt_LT\" \/>\n<meta property=\"og:type\" content=\"article\" \/>\n<meta property=\"og:title\" content=\"El. knyga\" \/>\n<meta property=\"og:description\" content=\"Pasir\u016bpinkite papildomo finansavimo galimybe, kuri u\u017etikrins spart\u0173 verslo augim\u0105. Parsisi\u0173skite el. knyg\u0105 \u2013 10 finansavimo \u0161altini\u0173 SVV.\" \/>\n<meta property=\"og:url\" content=\"https:\/\/www.factris.com\/lt\/el-knyga\/\" \/>\n<meta property=\"og:site_name\" content=\"Factris\" \/>\n<meta property=\"article:publisher\" content=\"https:\/\/www.facebook.com\/factris\" \/>\n<meta property=\"article:modified_time\" content=\"2024-04-18T13:53:37+00:00\" \/>\n<meta property=\"og:image\" content=\"https:\/\/www.factris.com\/wp-content\/uploads\/2021\/03\/LT1-2.png\" \/>\n\t<meta property=\"og:image:width\" content=\"1200\" \/>\n\t<meta property=\"og:image:height\" content=\"1200\" \/>\n\t<meta property=\"og:image:type\" content=\"image\/png\" \/>\n<meta name=\"twitter:card\" content=\"summary_large_image\" \/>\n<meta name=\"twitter:site\" content=\"@factris\" \/>\n<meta name=\"twitter:label1\" content=\"Est. reading time\" \/>\n\t<meta name=\"twitter:data1\" content=\"1 minut\u0117\" \/>\n<script type=\"application\/ld+json\" class=\"yoast-schema-graph\">{\"@context\":\"https:\/\/schema.org\",\"@graph\":[{\"@type\":\"WebPage\",\"@id\":\"https:\/\/www.factris.com\/lt\/el-knyga\/\",\"url\":\"https:\/\/www.factris.com\/lt\/el-knyga\/\",\"name\":\"El. knyga - 10 finansavimo \u0161altini\u0173 smulkiajam ir vidutiniam verslui\",\"isPartOf\":{\"@id\":\"https:\/\/www.factris.com\/lt\/#website\"},\"primaryImageOfPage\":{\"@id\":\"https:\/\/www.factris.com\/lt\/el-knyga\/#primaryimage\"},\"image\":{\"@id\":\"https:\/\/www.factris.com\/lt\/el-knyga\/#primaryimage\"},\"thumbnailUrl\":\"https:\/\/www.factris.com\/wp-content\/uploads\/2021\/03\/LT1-2.png\",\"datePublished\":\"2021-04-20T07:03:39+00:00\",\"dateModified\":\"2024-04-18T13:53:37+00:00\",\"description\":\"Pasir\u016bpinkite papildomo finansavimo galimybe, kuri u\u017etikrins spart\u0173 verslo augim\u0105. Parsisi\u0173skite el. knyg\u0105 \u2013 10 finansavimo \u0161altini\u0173 SVV.\",\"breadcrumb\":{\"@id\":\"https:\/\/www.factris.com\/lt\/el-knyga\/#breadcrumb\"},\"inLanguage\":\"lt-LT\",\"potentialAction\":[{\"@type\":\"ReadAction\",\"target\":[\"https:\/\/www.factris.com\/lt\/el-knyga\/\"]}]},{\"@type\":\"ImageObject\",\"inLanguage\":\"lt-LT\",\"@id\":\"https:\/\/www.factris.com\/lt\/el-knyga\/#primaryimage\",\"url\":\"https:\/\/www.factris.com\/wp-content\/uploads\/2021\/03\/LT1-2.png\",\"contentUrl\":\"https:\/\/www.factris.com\/wp-content\/uploads\/2021\/03\/LT1-2.png\",\"width\":1200,\"height\":1200,\"caption\":\"s\u0105akait\u0173 finansavimas lietuvoje factris\"},{\"@type\":\"BreadcrumbList\",\"@id\":\"https:\/\/www.factris.com\/lt\/el-knyga\/#breadcrumb\",\"itemListElement\":[{\"@type\":\"ListItem\",\"position\":1,\"name\":\"Home\",\"item\":\"https:\/\/www.factris.com\/lt\/\"},{\"@type\":\"ListItem\",\"position\":2,\"name\":\"El. knyga\"}]},{\"@type\":\"WebSite\",\"@id\":\"https:\/\/www.factris.com\/lt\/#website\",\"url\":\"https:\/\/www.factris.com\/lt\/\",\"name\":\"Factris\",\"description\":\"Your invoices. Our financing.\",\"publisher\":{\"@id\":\"https:\/\/www.factris.com\/lt\/#organization\"},\"potentialAction\":[{\"@type\":\"SearchAction\",\"target\":{\"@type\":\"EntryPoint\",\"urlTemplate\":\"https:\/\/www.factris.com\/lt\/?s={search_term_string}\"},\"query-input\":{\"@type\":\"PropertyValueSpecification\",\"valueRequired\":true,\"valueName\":\"search_term_string\"}}],\"inLanguage\":\"lt-LT\"},{\"@type\":\"Organization\",\"@id\":\"https:\/\/www.factris.com\/lt\/#organization\",\"name\":\"Factris Holding B.V.\",\"url\":\"https:\/\/www.factris.com\/lt\/\",\"logo\":{\"@type\":\"ImageObject\",\"inLanguage\":\"lt-LT\",\"@id\":\"https:\/\/www.factris.com\/lt\/#\/schema\/logo\/image\/\",\"url\":\"https:\/\/www.factris.com\/wp-content\/uploads\/2020\/12\/logo-factris-black.png\",\"contentUrl\":\"https:\/\/www.factris.com\/wp-content\/uploads\/2020\/12\/logo-factris-black.png\",\"width\":400,\"height\":73,\"caption\":\"Factris Holding B.V.\"},\"image\":{\"@id\":\"https:\/\/www.factris.com\/lt\/#\/schema\/logo\/image\/\"},\"sameAs\":[\"https:\/\/www.facebook.com\/factris\",\"https:\/\/x.com\/factris\",\"https:\/\/www.instagram.com\/factrisholding\/\",\"https:\/\/www.linkedin.com\/company\/factrisholding\",\"https:\/\/www.youtube.com\/channel\/UCFupqDt-Xo3EaKYGiqJH1nQ\"]}]}<\/script>\n<!-- \/ Yoast SEO Premium plugin. -->","yoast_head_json":{"title":"El. knyga - 10 finansavimo \u0161altini\u0173 smulkiajam ir vidutiniam verslui","description":"Pasir\u016bpinkite papildomo finansavimo galimybe, kuri u\u017etikrins spart\u0173 verslo augim\u0105. Parsisi\u0173skite el. knyg\u0105 \u2013 10 finansavimo \u0161altini\u0173 SVV.","robots":{"index":"index","follow":"follow","max-snippet":"max-snippet:-1","max-image-preview":"max-image-preview:large","max-video-preview":"max-video-preview:-1"},"canonical":"https:\/\/www.factris.com\/lt\/el-knyga\/","og_locale":"lt_LT","og_type":"article","og_title":"El. knyga","og_description":"Pasir\u016bpinkite papildomo finansavimo galimybe, kuri u\u017etikrins spart\u0173 verslo augim\u0105. Parsisi\u0173skite el. knyg\u0105 \u2013 10 finansavimo \u0161altini\u0173 SVV.","og_url":"https:\/\/www.factris.com\/lt\/el-knyga\/","og_site_name":"Factris","article_publisher":"https:\/\/www.facebook.com\/factris","article_modified_time":"2024-04-18T13:53:37+00:00","og_image":[{"width":1200,"height":1200,"url":"https:\/\/www.factris.com\/wp-content\/uploads\/2021\/03\/LT1-2.png","type":"image\/png"}],"twitter_card":"summary_large_image","twitter_site":"@factris","twitter_misc":{"Est. reading time":"1 minut\u0117"},"schema":{"@context":"https:\/\/schema.org","@graph":[{"@type":"WebPage","@id":"https:\/\/www.factris.com\/lt\/el-knyga\/","url":"https:\/\/www.factris.com\/lt\/el-knyga\/","name":"El. knyga - 10 finansavimo \u0161altini\u0173 smulkiajam ir vidutiniam verslui","isPartOf":{"@id":"https:\/\/www.factris.com\/lt\/#website"},"primaryImageOfPage":{"@id":"https:\/\/www.factris.com\/lt\/el-knyga\/#primaryimage"},"image":{"@id":"https:\/\/www.factris.com\/lt\/el-knyga\/#primaryimage"},"thumbnailUrl":"https:\/\/www.factris.com\/wp-content\/uploads\/2021\/03\/LT1-2.png","datePublished":"2021-04-20T07:03:39+00:00","dateModified":"2024-04-18T13:53:37+00:00","description":"Pasir\u016bpinkite papildomo finansavimo galimybe, kuri u\u017etikrins spart\u0173 verslo augim\u0105. Parsisi\u0173skite el. knyg\u0105 \u2013 10 finansavimo \u0161altini\u0173 SVV.","breadcrumb":{"@id":"https:\/\/www.factris.com\/lt\/el-knyga\/#breadcrumb"},"inLanguage":"lt-LT","potentialAction":[{"@type":"ReadAction","target":["https:\/\/www.factris.com\/lt\/el-knyga\/"]}]},{"@type":"ImageObject","inLanguage":"lt-LT","@id":"https:\/\/www.factris.com\/lt\/el-knyga\/#primaryimage","url":"https:\/\/www.factris.com\/wp-content\/uploads\/2021\/03\/LT1-2.png","contentUrl":"https:\/\/www.factris.com\/wp-content\/uploads\/2021\/03\/LT1-2.png","width":1200,"height":1200,"caption":"s\u0105akait\u0173 finansavimas lietuvoje factris"},{"@type":"BreadcrumbList","@id":"https:\/\/www.factris.com\/lt\/el-knyga\/#breadcrumb","itemListElement":[{"@type":"ListItem","position":1,"name":"Home","item":"https:\/\/www.factris.com\/lt\/"},{"@type":"ListItem","position":2,"name":"El. knyga"}]},{"@type":"WebSite","@id":"https:\/\/www.factris.com\/lt\/#website","url":"https:\/\/www.factris.com\/lt\/","name":"Factris","description":"Your invoices. Our financing.","publisher":{"@id":"https:\/\/www.factris.com\/lt\/#organization"},"potentialAction":[{"@type":"SearchAction","target":{"@type":"EntryPoint","urlTemplate":"https:\/\/www.factris.com\/lt\/?s={search_term_string}"},"query-input":{"@type":"PropertyValueSpecification","valueRequired":true,"valueName":"search_term_string"}}],"inLanguage":"lt-LT"},{"@type":"Organization","@id":"https:\/\/www.factris.com\/lt\/#organization","name":"Factris Holding B.V.","url":"https:\/\/www.factris.com\/lt\/","logo":{"@type":"ImageObject","inLanguage":"lt-LT","@id":"https:\/\/www.factris.com\/lt\/#\/schema\/logo\/image\/","url":"https:\/\/www.factris.com\/wp-content\/uploads\/2020\/12\/logo-factris-black.png","contentUrl":"https:\/\/www.factris.com\/wp-content\/uploads\/2020\/12\/logo-factris-black.png","width":400,"height":73,"caption":"Factris Holding B.V."},"image":{"@id":"https:\/\/www.factris.com\/lt\/#\/schema\/logo\/image\/"},"sameAs":["https:\/\/www.facebook.com\/factris","https:\/\/x.com\/factris","https:\/\/www.instagram.com\/factrisholding\/","https:\/\/www.linkedin.com\/company\/factrisholding","https:\/\/www.youtube.com\/channel\/UCFupqDt-Xo3EaKYGiqJH1nQ"]}]}},"_links":{"self":[{"href":"https:\/\/www.factris.com\/lt\/wp-json\/wp\/v2\/pages\/10127"}],"collection":[{"href":"https:\/\/www.factris.com\/lt\/wp-json\/wp\/v2\/pages"}],"about":[{"href":"https:\/\/www.factris.com\/lt\/wp-json\/wp\/v2\/types\/page"}],"author":[{"embeddable":true,"href":"https:\/\/www.factris.com\/lt\/wp-json\/wp\/v2\/users\/1"}],"replies":[{"embeddable":true,"href":"https:\/\/www.factris.com\/lt\/wp-json\/wp\/v2\/comments?post=10127"}],"version-history":[{"count":5,"href":"https:\/\/www.factris.com\/lt\/wp-json\/wp\/v2\/pages\/10127\/revisions"}],"predecessor-version":[{"id":31111,"href":"https:\/\/www.factris.com\/lt\/wp-json\/wp\/v2\/pages\/10127\/revisions\/31111"}],"wp:featuredmedia":[{"embeddable":true,"href":"https:\/\/www.factris.com\/lt\/wp-json\/wp\/v2\/media\/8273"}],"wp:attachment":[{"href":"https:\/\/www.factris.com\/lt\/wp-json\/wp\/v2\/media?parent=10127"}],"curies":[{"name":"wp","href":"https:\/\/api.w.org\/{rel}","templated":true}]}}