{"id":10586,"date":"2021-05-06T07:12:11","date_gmt":"2021-05-06T07:12:11","guid":{"rendered":"https:\/\/www.factris.com\/?page_id=10586"},"modified":"2025-10-01T18:27:13","modified_gmt":"2025-10-01T18:27:13","slug":"paslaugu-kainos","status":"publish","type":"page","link":"https:\/\/www.factris.com\/lt\/paslaugu-kainos\/","title":{"rendered":"Paslaug\u0173 kainos"},"content":{"rendered":"<p>[et_pb_section fb_built=&#8221;1&#8243; _builder_version=&#8221;4.16&#8243; _module_preset=&#8221;default&#8221; background_color=&#8221;#D8DAEE&#8221; z_index=&#8221;9999&#8243; custom_padding=&#8221;||50px|||&#8221; global_colors_info=&#8221;{}&#8221;][et_pb_row _builder_version=&#8221;4.16&#8243; _module_preset=&#8221;default&#8221; custom_padding=&#8221;0px||||false|false&#8221; global_colors_info=&#8221;{}&#8221;][et_pb_column type=&#8221;4_4&#8243; _builder_version=&#8221;4.16&#8243; _module_preset=&#8221;default&#8221; global_colors_info=&#8221;{}&#8221;][et_pb_text disabled_on=&#8221;on|off|off&#8221; _builder_version=&#8221;4.25.2&#8243; _module_preset=&#8221;default&#8221; header_font=&#8221;|700|||||||&#8221; header_text_color=&#8221;#000a54&#8243; header_2_font=&#8221;|600|||||||&#8221; header_2_text_color=&#8221;#000a54&#8243; header_2_font_size=&#8221;36px&#8221; hover_enabled=&#8221;0&#8243; global_colors_info=&#8221;{}&#8221; sticky_enabled=&#8221;0&#8243;]<\/p>\n<h1>Paslaug\u0173 \u012fkainiai<\/h1>\n<p><strong>Faktoringo paslaug\u0173 ir operacij\u0173 \u012fkainiai (galioja nuo 2020 m. gegu\u017e\u0117s 1 d.)<\/strong><\/p>\n<p><strong><\/strong><\/p>\n<p>tr style=&#8221;background-color: #cbcddf;&#8221;&gt;<\/p>\n<table width=\"100%\" class=\"table-cookies\" border=\"1\" style=\"height: 336px; width: 100%;\">\n<tbody>\n<tr style=\"background-color: #001194; color: #ffff;\">\n<td style=\"height: 24px;\"><\/td>\n<td style=\"height: 24px;\"><strong>Kaina \u20ac be PVM<\/strong><\/td>\n<\/tr>\n<tr style=\"background-color: #e7e8ef;\">\n<td style=\"height: 24px;\"><strong>Metinis sutarties sudarymo mokestis<\/strong><\/td>\n<td style=\"height: 24px;\">Pagal susitarim\u0105<\/td>\n<\/tr>\n<tr style=\"background-color: #cbcddf;\">\n<td style=\"height: 24px;\"><strong>Faktoringo limito padidinimo mokestis<\/strong><\/td>\n<td style=\"height: 24px;\">Pagal susitarim\u0105<\/td>\n<\/tr>\n<tr style=\"background-color: #e7e8ef;\">\n<td style=\"height: 48px;\"><strong>Metinis pirk\u0117jo limito nustatymo mokestis<\/strong><\/td>\n<td style=\"height: 48px;\">50 \u20ac &#8211; pirk\u0117jui, registruotam Baltijos \u0161alyse.<br \/>70 \u20ac &#8211; pirk\u0117jui, registruotam kitose \u0161alyse.<\/td>\n<\/tr>\n<tr style=\"background-color: #cbcddf;\">\n<td style=\"height: 24px;\"><strong>Pakartotinis s\u0105skait\u0173 persiuntimas (kliento pra\u0161ymu)<\/strong><\/td>\n<td style=\"height: 24px;\">15 \u20ac<\/td>\n<\/tr>\n<tr style=\"background-color: #e7e8ef;\">\n<td style=\"height: 24px;\"><strong>Papildom\u0173 dokument\u0173 rengimas (\u012fskaitant tri\u0161alius ir dvi\u0161alius susitarimus), naujo pirk\u0117jo \u012ftraukimo administravimas<\/strong><\/td>\n<td style=\"height: 24px;\">50 \u20ac<\/td>\n<\/tr>\n<tr style=\"background-color: #cbcddf;\">\n<td style=\"height: 48px;\"><strong>Papildom\u0173 klient\u0173 pra\u0161ym\u0173 vykdymas\/netipini\u0173 ataskait\u0173 parengimas<\/strong><\/td>\n<td style=\"height: 48px;\">75-150 \u20ac<br \/>*ataskait\u0173 parengimas per 3 d. d.<\/td>\n<\/tr>\n<tr style=\"background-color: #e7e8ef;\">\n<td style=\"height: 48px;\"><strong>Skubus pinig\u0173 pervedimas<\/strong><\/td>\n<td style=\"height: 48px;\">35 \u20ac EEE \u0161alys<br \/>70 \u20ac kitos \u0161alys<\/td>\n<\/tr>\n<tr style=\"background-color: #cbcddf;\">\n<td style=\"height: 24px;\"><strong>Paskolos grafiko keitimo mokestis<\/strong><\/td>\n<td style=\"height: 24px;\">0,5% nuo kredito sumos.<\/td>\n<\/tr>\n<tr style=\"background-color: #e7e8ef;\">\n<td style=\"height: 24px;\"><strong>Atsisakymo finansuoti verslo subjekt\u0105 pa\u017eyma<\/strong><\/td>\n<td style=\"height: 24px;\">150 \u20ac<\/td>\n<\/tr>\n<tr style=\"background-color: #cbcddf;\">\n<td style=\"height: 24px;\"><strong>Administracinis mokestis u\u017e pervedim\u0105, atlikt\u0105 u\u017e nefinansuotas s\u0105skaitas\u00a0<\/strong><\/td>\n<td style=\"height: 24px;\"><strong><\/strong>4 \u20ac u\u017e pervedim\u0105<\/td>\n<\/tr>\n<\/tbody>\n<\/table>\n<p>[\/et_pb_text][\/et_pb_column][\/et_pb_row][et_pb_row _builder_version=&#8221;4.16&#8243; _module_preset=&#8221;default&#8221; custom_padding=&#8221;0px||||false|false&#8221; global_colors_info=&#8221;{}&#8221;][et_pb_column type=&#8221;4_4&#8243; _builder_version=&#8221;4.16&#8243; _module_preset=&#8221;default&#8221; global_colors_info=&#8221;{}&#8221;][et_pb_text disabled_on=&#8221;off|on|on&#8221; _builder_version=&#8221;4.25.2&#8243; _module_preset=&#8221;default&#8221; header_font=&#8221;|700|||||||&#8221; header_text_color=&#8221;#001194&#8243; header_font_size=&#8221;41px&#8221; header_2_font=&#8221;|600|||||||&#8221; header_2_text_color=&#8221;#001194&#8243; header_2_font_size=&#8221;25px&#8221; header_2_line_height=&#8221;1.1em&#8221; hover_enabled=&#8221;0&#8243; global_colors_info=&#8221;{}&#8221; sticky_enabled=&#8221;0&#8243;]<\/p>\n<h1>Paslaug\u0173 \u012fkainiai<\/h1>\n<h2><strong>Faktoringo paslaug\u0173 ir operacij\u0173 \u012fkainiai (galioja nuo 2020 m. gegu\u017e\u0117s 1 d.)<\/strong><\/h2>\n<p><em>Kainos nurodytos \u20ac be PVM<\/em><\/p>\n<hr \/>\n<p><strong>Metinis sutarties sudarymo mokestis<\/strong><br \/>Pagal susitarim\u0105<\/p>\n<hr \/>\n<p><strong>Faktoringo limito padidinimo mokestis<\/strong><br \/>Pagal susitarim\u0105<\/p>\n<hr \/>\n<p><strong>Metinis pirk\u0117jo limito nustatymo mokestis<\/strong><br \/>50 \u20ac \u2013 pirk\u0117jui, registruotam Baltijos \u0161alyse.<br \/>70 \u20ac \u2013 pirk\u0117jui, registruotam kitose \u0161alyse.<\/p>\n<hr \/>\n<p><strong>Pakartotinis s\u0105skait\u0173 persiuntimas (kliento pra\u0161ymu)<\/strong><br \/>15 \u20ac<\/p>\n<hr \/>\n<p><strong>Papildom\u0173 dokument\u0173 rengimas (\u012fskaitant tri\u0161alius ir dvi\u0161alius susitarimus), naujo pirk\u0117jo \u012ftraukimo administravimas<\/strong><br \/>50 \u20ac<\/p>\n<hr \/>\n<p><strong>Papildom\u0173 klient\u0173 pra\u0161ym\u0173 vykdymas\/netipini\u0173 ataskait\u0173 parengimas<\/strong><br \/>75-150 \u20ac<br \/>*ataskait\u0173 parengimas per 3 d. d.<\/p>\n<hr \/>\n<p><strong>Skubus pinig\u0173 pervedimas<\/strong><br \/>35 \u20ac EEE \u0161alys<br \/>70 \u20ac kitos \u0161alys<\/p>\n<hr \/>\n<p><strong>Paskolos grafiko keitimo mokestis<\/strong><br \/>0,5% nuo kredito sumos.<\/p>\n<hr \/>\n<p><strong>Atsisakymo finansuoti verslo subjekt\u0105 pa\u017eyma<\/strong><br \/>150 \u20ac<\/p>\n<hr \/>\n<p><strong>Administracinis mokestis u\u017e pervedim\u0105, atlikt\u0105 u\u017e nefinansuotas s\u0105skaitas<\/strong><br \/>4 \u20ac u\u017e pervedim\u0105<\/p>\n<p>[\/et_pb_text][\/et_pb_column][\/et_pb_row][\/et_pb_section][et_pb_section fb_built=&#8221;1&#8243; _builder_version=&#8221;4.24.0&#8243; _module_preset=&#8221;default&#8221; background_color=&#8221;#000A54&#8243; custom_padding=&#8221;||||true|false&#8221; global_module=&#8221;2087&#8243; global_colors_info=&#8221;{}&#8221;][et_pb_row _builder_version=&#8221;4.24.0&#8243; _module_preset=&#8221;default&#8221; custom_padding=&#8221;||||true|false&#8221; global_colors_info=&#8221;{}&#8221;][et_pb_column type=&#8221;4_4&#8243; _builder_version=&#8221;4.16&#8243; _module_preset=&#8221;default&#8221; global_colors_info=&#8221;{}&#8221;][et_pb_text _builder_version=&#8221;4.16&#8243; _module_preset=&#8221;default&#8221; header_font=&#8221;|700|||||||&#8221; header_text_color=&#8221;#ffffff&#8221; header_line_height=&#8221;2em&#8221; header_2_font=&#8221;|700|||||||&#8221; header_2_text_color=&#8221;#ffffff&#8221; header_2_font_size=&#8221;46px&#8221; header_2_line_height=&#8221;2em&#8221; header_3_font=&#8221;|700|||||||&#8221; header_3_text_align=&#8221;center&#8221; header_3_text_color=&#8221;#ffffff&#8221; header_3_font_size=&#8221;25px&#8221; header_font_tablet=&#8221;&#8221; header_font_phone=&#8221;&#8221; header_font_last_edited=&#8221;on|desktop&#8221; header_line_height_tablet=&#8221;1.8em&#8221; header_line_height_phone=&#8221;1.4em&#8221; header_line_height_last_edited=&#8221;on|phone&#8221; header_2_font_size_tablet=&#8221;&#8221; header_2_font_size_phone=&#8221;32px&#8221; header_2_font_size_last_edited=&#8221;on|phone&#8221; header_3_font_tablet=&#8221;&#8221; header_3_font_phone=&#8221;&#8221; header_3_font_last_edited=&#8221;on|phone&#8221; header_3_line_height_tablet=&#8221;&#8221; header_3_line_height_phone=&#8221;1.8em&#8221; header_3_line_height_last_edited=&#8221;on|phone&#8221; global_colors_info=&#8221;{}&#8221;]<\/p>\n<h2 style=\"text-align: center;\">Papasakokite savo verslo istorij\u0105<\/h2>\n<h3 style=\"text-align: center;\">Su faktoringu skol\u0105 paverskite apyvartin\u0117mis l\u0117\u0161omis<\/h3>\n<p>[\/et_pb_text][et_pb_button button_url=&#8221;\/lt\/finansavimo-kriterijai\/&#8221; button_text=&#8221;Pa\u017ei\u016br\u0117kite, ar atitinkate s\u0105lygas&#8221; button_alignment=&#8221;center&#8221; module_class=&#8221;btn-tertiary-2&#8243; _builder_version=&#8221;4.24.0&#8243; _module_preset=&#8221;default&#8221; custom_button=&#8221;on&#8221; button_text_color=&#8221;#ffffff&#8221; button_bg_color=&#8221;rgba(0,0,0,0)&#8221; button_font=&#8221;||||on||||&#8221; button_icon=&#8221;&#x24;||divi||400&#8243; button_icon_color=&#8221;#ffffff&#8221; button_on_hover=&#8221;off&#8221; custom_margin=&#8221;||||false|false&#8221; custom_padding=&#8221;||||true|true&#8221; global_colors_info=&#8221;{}&#8221;][\/et_pb_button][et_pb_button button_url=&#8221;https:\/\/onboarding.factris.com\/lt\/sign-up&#8221; button_text=&#8221;Finansuokite pirm\u0105j\u0105 s\u0105skait\u0105&#8221; button_alignment=&#8221;center&#8221; _builder_version=&#8221;4.24.0&#8243; _module_preset=&#8221;default&#8221; button_icon=&#8221;&#x24;||divi||400&#8243; button_icon_color=&#8221;#353540&#8243; button_on_hover=&#8221;off&#8221; custom_margin=&#8221;||18px|||&#8221; custom_padding=&#8221;10px|40px|10px|28px|true|false&#8221; global_colors_info=&#8221;{}&#8221; custom_padding__hover_enabled=&#8221;on|hover&#8221; custom_padding__hover=&#8221;|50px|||true|false&#8221;][\/et_pb_button][\/et_pb_column][\/et_pb_row][\/et_pb_section]<\/p>\n","protected":false},"excerpt":{"rendered":"<p>Paslaug\u0173 \u012fkainiai Faktoringo paslaug\u0173 ir operacij\u0173 \u012fkainiai (galioja nuo 2020 m. gegu\u017e\u0117s 1 d.) tr style=&#8221;background-color: #cbcddf;&#8221;&gt; Kaina \u20ac be PVM Metinis sutarties sudarymo mokestis Pagal susitarim\u0105 Faktoringo limito padidinimo mokestis Pagal susitarim\u0105 Metinis pirk\u0117jo limito nustatymo mokestis 50 \u20ac &#8211; pirk\u0117jui, registruotam Baltijos \u0161alyse.70 \u20ac &#8211; pirk\u0117jui, registruotam kitose \u0161alyse. Pakartotinis s\u0105skait\u0173 persiuntimas (kliento [&hellip;]<\/p>\n","protected":false},"author":1,"featured_media":8330,"parent":0,"menu_order":0,"comment_status":"closed","ping_status":"closed","template":"","meta":{"_et_pb_use_builder":"on","_et_pb_old_content":"","_et_gb_content_width":"","footnotes":""},"yoast_head":"<!-- This site is optimized with the Yoast SEO Premium plugin v22.2 (Yoast SEO v24.5) - https:\/\/yoast.com\/wordpress\/plugins\/seo\/ -->\n<title>Factris faktoringo paslaug\u0173 \u012fkainiai | Papasakokite savo verslo istorij\u0105<\/title>\n<meta name=\"description\" content=\"\u010cia galite su\u017einoti Factris s\u0105skait\u0173 finansavimo paslaug\u0173 ir operacij\u0173 \u012fkainius. Papasakokite savo verslo istorij\u0105.\" \/>\n<meta name=\"robots\" content=\"index, follow, max-snippet:-1, max-image-preview:large, max-video-preview:-1\" \/>\n<link rel=\"canonical\" href=\"https:\/\/www.factris.com\/lt\/paslaugu-kainos\/\" \/>\n<meta property=\"og:locale\" content=\"lt_LT\" \/>\n<meta property=\"og:type\" content=\"article\" \/>\n<meta property=\"og:title\" content=\"Paslaug\u0173 kainos\" \/>\n<meta property=\"og:description\" content=\"\u010cia galite su\u017einoti Factris s\u0105skait\u0173 finansavimo paslaug\u0173 ir operacij\u0173 \u012fkainius. Papasakokite savo verslo istorij\u0105.\" \/>\n<meta property=\"og:url\" content=\"https:\/\/www.factris.com\/lt\/paslaugu-kainos\/\" \/>\n<meta property=\"og:site_name\" content=\"Factris\" \/>\n<meta property=\"article:publisher\" content=\"https:\/\/www.facebook.com\/factris\" \/>\n<meta property=\"article:modified_time\" content=\"2025-10-01T18:27:13+00:00\" \/>\n<meta property=\"og:image\" content=\"https:\/\/www.factris.com\/wp-content\/uploads\/2021\/03\/LT12.png\" \/>\n\t<meta property=\"og:image:width\" content=\"1200\" \/>\n\t<meta property=\"og:image:height\" content=\"1200\" \/>\n\t<meta property=\"og:image:type\" content=\"image\/png\" \/>\n<meta name=\"twitter:card\" content=\"summary_large_image\" \/>\n<meta name=\"twitter:site\" content=\"@factris\" \/>\n<meta name=\"twitter:label1\" content=\"Est. reading time\" \/>\n\t<meta name=\"twitter:data1\" content=\"2 minut\u0117s\" \/>\n<script type=\"application\/ld+json\" class=\"yoast-schema-graph\">{\"@context\":\"https:\/\/schema.org\",\"@graph\":[{\"@type\":\"WebPage\",\"@id\":\"https:\/\/www.factris.com\/lt\/paslaugu-kainos\/\",\"url\":\"https:\/\/www.factris.com\/lt\/paslaugu-kainos\/\",\"name\":\"Factris faktoringo paslaug\u0173 \u012fkainiai | Papasakokite savo verslo istorij\u0105\",\"isPartOf\":{\"@id\":\"https:\/\/www.factris.com\/lt\/#website\"},\"primaryImageOfPage\":{\"@id\":\"https:\/\/www.factris.com\/lt\/paslaugu-kainos\/#primaryimage\"},\"image\":{\"@id\":\"https:\/\/www.factris.com\/lt\/paslaugu-kainos\/#primaryimage\"},\"thumbnailUrl\":\"https:\/\/www.factris.com\/wp-content\/uploads\/2021\/03\/LT12.png\",\"datePublished\":\"2021-05-06T07:12:11+00:00\",\"dateModified\":\"2025-10-01T18:27:13+00:00\",\"description\":\"\u010cia galite su\u017einoti Factris s\u0105skait\u0173 finansavimo paslaug\u0173 ir operacij\u0173 \u012fkainius. Papasakokite savo verslo istorij\u0105.\",\"breadcrumb\":{\"@id\":\"https:\/\/www.factris.com\/lt\/paslaugu-kainos\/#breadcrumb\"},\"inLanguage\":\"lt-LT\",\"potentialAction\":[{\"@type\":\"ReadAction\",\"target\":[\"https:\/\/www.factris.com\/lt\/paslaugu-kainos\/\"]}]},{\"@type\":\"ImageObject\",\"inLanguage\":\"lt-LT\",\"@id\":\"https:\/\/www.factris.com\/lt\/paslaugu-kainos\/#primaryimage\",\"url\":\"https:\/\/www.factris.com\/wp-content\/uploads\/2021\/03\/LT12.png\",\"contentUrl\":\"https:\/\/www.factris.com\/wp-content\/uploads\/2021\/03\/LT12.png\",\"width\":1200,\"height\":1200,\"caption\":\"j\u016bs\u0173 s\u0105skaitos m\u016bs\u0173 finansavimas factris\"},{\"@type\":\"BreadcrumbList\",\"@id\":\"https:\/\/www.factris.com\/lt\/paslaugu-kainos\/#breadcrumb\",\"itemListElement\":[{\"@type\":\"ListItem\",\"position\":1,\"name\":\"Home\",\"item\":\"https:\/\/www.factris.com\/lt\/\"},{\"@type\":\"ListItem\",\"position\":2,\"name\":\"Paslaug\u0173 kainos\"}]},{\"@type\":\"WebSite\",\"@id\":\"https:\/\/www.factris.com\/lt\/#website\",\"url\":\"https:\/\/www.factris.com\/lt\/\",\"name\":\"Factris\",\"description\":\"Your invoices. Our financing.\",\"publisher\":{\"@id\":\"https:\/\/www.factris.com\/lt\/#organization\"},\"potentialAction\":[{\"@type\":\"SearchAction\",\"target\":{\"@type\":\"EntryPoint\",\"urlTemplate\":\"https:\/\/www.factris.com\/lt\/?s={search_term_string}\"},\"query-input\":{\"@type\":\"PropertyValueSpecification\",\"valueRequired\":true,\"valueName\":\"search_term_string\"}}],\"inLanguage\":\"lt-LT\"},{\"@type\":\"Organization\",\"@id\":\"https:\/\/www.factris.com\/lt\/#organization\",\"name\":\"Factris Holding B.V.\",\"url\":\"https:\/\/www.factris.com\/lt\/\",\"logo\":{\"@type\":\"ImageObject\",\"inLanguage\":\"lt-LT\",\"@id\":\"https:\/\/www.factris.com\/lt\/#\/schema\/logo\/image\/\",\"url\":\"https:\/\/www.factris.com\/wp-content\/uploads\/2020\/12\/logo-factris-black.png\",\"contentUrl\":\"https:\/\/www.factris.com\/wp-content\/uploads\/2020\/12\/logo-factris-black.png\",\"width\":400,\"height\":73,\"caption\":\"Factris Holding B.V.\"},\"image\":{\"@id\":\"https:\/\/www.factris.com\/lt\/#\/schema\/logo\/image\/\"},\"sameAs\":[\"https:\/\/www.facebook.com\/factris\",\"https:\/\/x.com\/factris\",\"https:\/\/www.instagram.com\/factrisholding\/\",\"https:\/\/www.linkedin.com\/company\/factrisholding\",\"https:\/\/www.youtube.com\/channel\/UCFupqDt-Xo3EaKYGiqJH1nQ\"]}]}<\/script>\n<!-- \/ Yoast SEO Premium plugin. -->","yoast_head_json":{"title":"Factris faktoringo paslaug\u0173 \u012fkainiai | Papasakokite savo verslo istorij\u0105","description":"\u010cia galite su\u017einoti Factris s\u0105skait\u0173 finansavimo paslaug\u0173 ir operacij\u0173 \u012fkainius. Papasakokite savo verslo istorij\u0105.","robots":{"index":"index","follow":"follow","max-snippet":"max-snippet:-1","max-image-preview":"max-image-preview:large","max-video-preview":"max-video-preview:-1"},"canonical":"https:\/\/www.factris.com\/lt\/paslaugu-kainos\/","og_locale":"lt_LT","og_type":"article","og_title":"Paslaug\u0173 kainos","og_description":"\u010cia galite su\u017einoti Factris s\u0105skait\u0173 finansavimo paslaug\u0173 ir operacij\u0173 \u012fkainius. Papasakokite savo verslo istorij\u0105.","og_url":"https:\/\/www.factris.com\/lt\/paslaugu-kainos\/","og_site_name":"Factris","article_publisher":"https:\/\/www.facebook.com\/factris","article_modified_time":"2025-10-01T18:27:13+00:00","og_image":[{"width":1200,"height":1200,"url":"https:\/\/www.factris.com\/wp-content\/uploads\/2021\/03\/LT12.png","type":"image\/png"}],"twitter_card":"summary_large_image","twitter_site":"@factris","twitter_misc":{"Est. reading time":"2 minut\u0117s"},"schema":{"@context":"https:\/\/schema.org","@graph":[{"@type":"WebPage","@id":"https:\/\/www.factris.com\/lt\/paslaugu-kainos\/","url":"https:\/\/www.factris.com\/lt\/paslaugu-kainos\/","name":"Factris faktoringo paslaug\u0173 \u012fkainiai | Papasakokite savo verslo istorij\u0105","isPartOf":{"@id":"https:\/\/www.factris.com\/lt\/#website"},"primaryImageOfPage":{"@id":"https:\/\/www.factris.com\/lt\/paslaugu-kainos\/#primaryimage"},"image":{"@id":"https:\/\/www.factris.com\/lt\/paslaugu-kainos\/#primaryimage"},"thumbnailUrl":"https:\/\/www.factris.com\/wp-content\/uploads\/2021\/03\/LT12.png","datePublished":"2021-05-06T07:12:11+00:00","dateModified":"2025-10-01T18:27:13+00:00","description":"\u010cia galite su\u017einoti Factris s\u0105skait\u0173 finansavimo paslaug\u0173 ir operacij\u0173 \u012fkainius. Papasakokite savo verslo istorij\u0105.","breadcrumb":{"@id":"https:\/\/www.factris.com\/lt\/paslaugu-kainos\/#breadcrumb"},"inLanguage":"lt-LT","potentialAction":[{"@type":"ReadAction","target":["https:\/\/www.factris.com\/lt\/paslaugu-kainos\/"]}]},{"@type":"ImageObject","inLanguage":"lt-LT","@id":"https:\/\/www.factris.com\/lt\/paslaugu-kainos\/#primaryimage","url":"https:\/\/www.factris.com\/wp-content\/uploads\/2021\/03\/LT12.png","contentUrl":"https:\/\/www.factris.com\/wp-content\/uploads\/2021\/03\/LT12.png","width":1200,"height":1200,"caption":"j\u016bs\u0173 s\u0105skaitos m\u016bs\u0173 finansavimas factris"},{"@type":"BreadcrumbList","@id":"https:\/\/www.factris.com\/lt\/paslaugu-kainos\/#breadcrumb","itemListElement":[{"@type":"ListItem","position":1,"name":"Home","item":"https:\/\/www.factris.com\/lt\/"},{"@type":"ListItem","position":2,"name":"Paslaug\u0173 kainos"}]},{"@type":"WebSite","@id":"https:\/\/www.factris.com\/lt\/#website","url":"https:\/\/www.factris.com\/lt\/","name":"Factris","description":"Your invoices. Our financing.","publisher":{"@id":"https:\/\/www.factris.com\/lt\/#organization"},"potentialAction":[{"@type":"SearchAction","target":{"@type":"EntryPoint","urlTemplate":"https:\/\/www.factris.com\/lt\/?s={search_term_string}"},"query-input":{"@type":"PropertyValueSpecification","valueRequired":true,"valueName":"search_term_string"}}],"inLanguage":"lt-LT"},{"@type":"Organization","@id":"https:\/\/www.factris.com\/lt\/#organization","name":"Factris Holding B.V.","url":"https:\/\/www.factris.com\/lt\/","logo":{"@type":"ImageObject","inLanguage":"lt-LT","@id":"https:\/\/www.factris.com\/lt\/#\/schema\/logo\/image\/","url":"https:\/\/www.factris.com\/wp-content\/uploads\/2020\/12\/logo-factris-black.png","contentUrl":"https:\/\/www.factris.com\/wp-content\/uploads\/2020\/12\/logo-factris-black.png","width":400,"height":73,"caption":"Factris Holding B.V."},"image":{"@id":"https:\/\/www.factris.com\/lt\/#\/schema\/logo\/image\/"},"sameAs":["https:\/\/www.facebook.com\/factris","https:\/\/x.com\/factris","https:\/\/www.instagram.com\/factrisholding\/","https:\/\/www.linkedin.com\/company\/factrisholding","https:\/\/www.youtube.com\/channel\/UCFupqDt-Xo3EaKYGiqJH1nQ"]}]}},"_links":{"self":[{"href":"https:\/\/www.factris.com\/lt\/wp-json\/wp\/v2\/pages\/10586"}],"collection":[{"href":"https:\/\/www.factris.com\/lt\/wp-json\/wp\/v2\/pages"}],"about":[{"href":"https:\/\/www.factris.com\/lt\/wp-json\/wp\/v2\/types\/page"}],"author":[{"embeddable":true,"href":"https:\/\/www.factris.com\/lt\/wp-json\/wp\/v2\/users\/1"}],"replies":[{"embeddable":true,"href":"https:\/\/www.factris.com\/lt\/wp-json\/wp\/v2\/comments?post=10586"}],"version-history":[{"count":22,"href":"https:\/\/www.factris.com\/lt\/wp-json\/wp\/v2\/pages\/10586\/revisions"}],"predecessor-version":[{"id":33605,"href":"https:\/\/www.factris.com\/lt\/wp-json\/wp\/v2\/pages\/10586\/revisions\/33605"}],"wp:featuredmedia":[{"embeddable":true,"href":"https:\/\/www.factris.com\/lt\/wp-json\/wp\/v2\/media\/8330"}],"wp:attachment":[{"href":"https:\/\/www.factris.com\/lt\/wp-json\/wp\/v2\/media?parent=10586"}],"curies":[{"name":"wp","href":"https:\/\/api.w.org\/{rel}","templated":true}]}}