{"id":23043,"date":"2023-04-25T06:35:38","date_gmt":"2023-04-25T06:35:38","guid":{"rendered":"https:\/\/www.factris.com\/?page_id=23043"},"modified":"2024-07-05T10:47:48","modified_gmt":"2024-07-05T10:47:48","slug":"saskaitu-finansavimas-internetu","status":"publish","type":"page","link":"https:\/\/www.factris.com\/lt\/saskaitu-finansavimo-gidas\/","title":{"rendered":"S\u0105skait\u0173 finansavimas internetu"},"content":{"rendered":"<p>[et_pb_section fb_built=&#8221;1&#8243; _builder_version=&#8221;4.24.0&#8243; _module_preset=&#8221;default&#8221; background_color=&#8221;#38047c&#8221; use_background_color_gradient=&#8221;on&#8221; background_color_gradient_stops=&#8221;#d8daee 0%|#f7efff 53%&#8221; position_origin_f=&#8221;top_center&#8221; z_index=&#8221;9999&#8243; custom_margin=&#8221;||||false|false&#8221; custom_padding=&#8221;||||false|false&#8221; sticky_limit_top=&#8221;body&#8221; collapsed=&#8221;off&#8221; global_colors_info=&#8221;{}&#8221;][et_pb_row column_structure=&#8221;1_2,1_2&#8243; use_custom_gutter=&#8221;on&#8221; gutter_width=&#8221;2&#8243; module_class=&#8221;home-start&#8221; _builder_version=&#8221;4.25.2&#8243; _module_preset=&#8221;default&#8221; background_enable_image=&#8221;off&#8221; background_size=&#8221;contain&#8221; background_position=&#8221;top_right&#8221; custom_margin=&#8221;||||false|false&#8221; custom_margin_tablet=&#8221;&#8221; custom_margin_phone=&#8221;-100px||-50px||false|false&#8221; custom_margin_last_edited=&#8221;on|phone&#8221; custom_padding=&#8221;10vh||10vh||false|false&#8221; hover_enabled=&#8221;0&#8243; global_colors_info=&#8221;{}&#8221; sticky_enabled=&#8221;0&#8243;][et_pb_column type=&#8221;1_2&#8243; module_class=&#8221;start-slogan&#8221; _builder_version=&#8221;4.16&#8243; _module_preset=&#8221;default&#8221; global_colors_info=&#8221;{}&#8221;][et_pb_text _builder_version=&#8221;4.25.2&#8243; _module_preset=&#8221;default&#8221; text_font=&#8221;Roboto||||||||&#8221; text_text_color=&#8221;#000a54&#8243; link_text_color=&#8221;#000a54&#8243; header_font=&#8221;Lora|700|||||||&#8221; header_text_color=&#8221;#000a54&#8243; header_line_height=&#8221;1.2em&#8221; header_3_font=&#8221;|700|||||||&#8221; header_3_text_color=&#8221;#000a54&#8243; header_3_font_size=&#8221;25px&#8221; header_3_line_height=&#8221;1.3em&#8221; header_5_text_color=&#8221;#ffffff&#8221; header_5_font_size=&#8221;25px&#8221; header_5_line_height=&#8221;1.3em&#8221; min_height_tablet=&#8221;&#8221; min_height_phone=&#8221;&#8221; min_height_last_edited=&#8221;on|desktop&#8221; custom_margin=&#8221;||||false|false&#8221; hover_enabled=&#8221;0&#8243; header_font_size_tablet=&#8221;&#8221; header_font_size_phone=&#8221;44px&#8221; header_font_size_last_edited=&#8221;on|phone&#8221; global_colors_info=&#8221;{}&#8221; sticky_enabled=&#8221;0&#8243; link_font=&#8221;||||on|||#000a54|&#8221;]<\/p>\n<h1>S\u0105skait\u0173 finansavimas internetu<\/h1>\n<p>Finansuoti \u012fmon\u0117s s\u0105skaitas paprasta ir patogu \u2013 sudarykite sandor\u012f nei\u0161\u0117j\u0119 i\u0161 nam\u0173 ar biuro. Faktoringas, taip pat vadinamas s\u0105skait\u0173 finansavimu, skiriasi nuo bankinio tuo, kad neturite gai\u0161ti laiko ilgiems susitikimams ir procesams, o s\u0105lygos lanks\u010dios ir pritaikytos \u012fvairi\u0173 dyd\u017ei\u0173 ir veiklos sektori\u0173 verslams.<\/p>\n<p>Kaip\u00a0veikia <a href=\"https:\/\/www.factris.com\/lt\/faktoringas\/\">s\u0105skait\u0173 finansavimas<\/a> ir kod\u0117l tur\u0117tum\u0117te j\u012f i\u0161bandyti, jei esate verslo savininkas? Su\u017einokite daugiau, atsisiunt\u0119 s\u0105skait\u0173 finansavimo\u00a0 internetu gid\u0105.<\/p>\n<p>&nbsp;<\/p>\n<p>[\/et_pb_text][et_pb_button button_url=&#8221;@ET-DC@eyJkeW5hbWljIjp0cnVlLCJjb250ZW50IjoicG9zdF9saW5rX3VybF9hdHRhY2htZW50Iiwic2V0dGluZ3MiOnsicG9zdF9pZCI6IjIzMzkxIn19@&#8221; url_new_window=&#8221;on&#8221; button_text=&#8221;S\u0105skait\u0173 finansavimo internetu gidas&#8221; button_alignment=&#8221;left&#8221; button_alignment_tablet=&#8221;center&#8221; button_alignment_phone=&#8221;center&#8221; button_alignment_last_edited=&#8221;on|tablet&#8221; _builder_version=&#8221;4.25.2&#8243; _dynamic_attributes=&#8221;button_url&#8221; _module_preset=&#8221;default&#8221; button_icon=&#8221;&#x24;||divi||400&#8243; button_icon_color=&#8221;#353540&#8243; button_on_hover=&#8221;off&#8221; custom_margin=&#8221;||18px||false|false&#8221; custom_margin_tablet=&#8221;70px||0px||false|false&#8221; custom_margin_phone=&#8221;70px||0px||false|false&#8221; custom_margin_last_edited=&#8221;on|tablet&#8221; custom_padding=&#8221;10px|40px|10px|28px|true|false&#8221; hover_enabled=&#8221;0&#8243; button_text_size_tablet=&#8221;14px&#8221; button_text_size_phone=&#8221;14px&#8221; button_text_size_last_edited=&#8221;on|phone&#8221; global_colors_info=&#8221;{}&#8221; custom_padding__hover_enabled=&#8221;on|hover&#8221; custom_padding__hover=&#8221;|53px|||true|false&#8221; sticky_enabled=&#8221;0&#8243;][\/et_pb_button][\/et_pb_column][et_pb_column type=&#8221;1_2&#8243; module_class=&#8221;home-start&#8221; _builder_version=&#8221;4.16&#8243; _module_preset=&#8221;default&#8221; global_colors_info=&#8221;{}&#8221;][et_pb_image src=&#8221;https:\/\/www.factris.com\/wp-content\/uploads\/2024\/04\/Onboarding-form-LT.png&#8221; alt=&#8221;small business growth&#8221; title_text=&#8221;Onboarding form LT&#8221; align=&#8221;center&#8221; disabled_on=&#8221;off|off|off&#8221; module_class=&#8221;wicon&#8221; _builder_version=&#8221;4.25.2&#8243; _module_preset=&#8221;default&#8221; max_width=&#8221;837px&#8221; max_height=&#8221;440px&#8221; max_height_tablet=&#8221;436px&#8221; max_height_phone=&#8221;436px&#8221; max_height_last_edited=&#8221;on|desktop&#8221; custom_margin=&#8221;10px||||false|false&#8221; scroll_vertical_motion=&#8221;0|50|60|100|4|0|3.3&#8243; scroll_fade=&#8221;0|26|68|92|0%|96%|0%&#8221; motion_trigger_start=&#8221;bottom&#8221; hover_enabled=&#8221;0&#8243; scroll_vertical_motion_tablet=&#8221;0|50|50|100|4|0|-0.7&#8243; scroll_vertical_motion_phone=&#8221;0|50|50|100|4|0|0&#8243; scroll_vertical_motion_last_edited=&#8221;on|phone&#8221; scroll_fade_tablet=&#8221;&#8221; scroll_fade_phone=&#8221;0|26|68|100|0%|96%|100%&#8221; scroll_fade_last_edited=&#8221;on|phone&#8221; global_colors_info=&#8221;{}&#8221; width=&#8221;85%&#8221; sticky_enabled=&#8221;0&#8243;][\/et_pb_image][\/et_pb_column][\/et_pb_row][\/et_pb_section][et_pb_section fb_built=&#8221;1&#8243; _builder_version=&#8221;4.25.2&#8243; _module_preset=&#8221;default&#8221; background_color=&#8221;#000a54&#8243; custom_padding=&#8221;||||true|false&#8221; hover_enabled=&#8221;0&#8243; global_colors_info=&#8221;{}&#8221; sticky_enabled=&#8221;0&#8243;][et_pb_row _builder_version=&#8221;4.24.0&#8243; _module_preset=&#8221;default&#8221; custom_padding=&#8221;||||true|false&#8221; global_colors_info=&#8221;{}&#8221;][et_pb_column type=&#8221;4_4&#8243; _builder_version=&#8221;4.16&#8243; _module_preset=&#8221;default&#8221; global_colors_info=&#8221;{}&#8221;][et_pb_text _builder_version=&#8221;4.25.2&#8243; _module_preset=&#8221;default&#8221; header_font=&#8221;|700|||||||&#8221; header_text_color=&#8221;#ffffff&#8221; header_line_height=&#8221;2em&#8221; header_2_font=&#8221;|700|||||||&#8221; header_2_text_color=&#8221;#ffffff&#8221; header_2_font_size=&#8221;46px&#8221; header_3_font=&#8221;|700|||||||&#8221; header_3_text_align=&#8221;center&#8221; header_3_text_color=&#8221;#ffffff&#8221; header_3_font_size=&#8221;25px&#8221; hover_enabled=&#8221;0&#8243; header_font_tablet=&#8221;&#8221; header_font_phone=&#8221;&#8221; header_font_last_edited=&#8221;on|desktop&#8221; header_line_height_tablet=&#8221;1.8em&#8221; header_line_height_phone=&#8221;1.4em&#8221; header_line_height_last_edited=&#8221;on|phone&#8221; header_2_font_size_tablet=&#8221;&#8221; header_2_font_size_phone=&#8221;32px&#8221; header_2_font_size_last_edited=&#8221;on|phone&#8221; header_3_font_tablet=&#8221;&#8221; header_3_font_phone=&#8221;&#8221; header_3_font_last_edited=&#8221;on|phone&#8221; header_3_line_height_tablet=&#8221;&#8221; header_3_line_height_phone=&#8221;1.8em&#8221; header_3_line_height_last_edited=&#8221;on|phone&#8221; global_colors_info=&#8221;{}&#8221; sticky_enabled=&#8221;0&#8243;]<\/p>\n<h2 style=\"text-align: center;\">Papasakokite savo verslo istorij\u0105<\/h2>\n<h3 style=\"text-align: center;\">Su faktoringu neapmok\u0117tas s\u0105skaitas paverskite apyvartin\u0117mis l\u0117\u0161omis<\/h3>\n<p>[\/et_pb_text][et_pb_button button_url=&#8221;\/lt\/finansavimo-kriterijai\/&#8221; button_text=&#8221;Pa\u017ei\u016br\u0117kite, ar atitinkate s\u0105lygas&#8221; button_alignment=&#8221;center&#8221; module_class=&#8221;btn-tertiary-2&#8243; _builder_version=&#8221;4.25.2&#8243; _module_preset=&#8221;default&#8221; custom_button=&#8221;on&#8221; button_text_color=&#8221;#ffffff&#8221; button_bg_color=&#8221;rgba(0,0,0,0)&#8221; button_font=&#8221;||||on||||&#8221; button_icon=&#8221;&#x24;||divi||400&#8243; button_icon_color=&#8221;#ffffff&#8221; button_on_hover=&#8221;off&#8221; custom_margin=&#8221;||||false|false&#8221; custom_padding=&#8221;||||true|true&#8221; hover_enabled=&#8221;0&#8243; global_colors_info=&#8221;{}&#8221; sticky_enabled=&#8221;0&#8243;][\/et_pb_button][et_pb_button button_url=&#8221;https:\/\/onboarding.factris.com\/lt\/sign-up&#8221; button_text=&#8221;Finansuokite pirm\u0105j\u0105 s\u0105skait\u0105&#8221; button_alignment=&#8221;center&#8221; _builder_version=&#8221;4.25.2&#8243; _module_preset=&#8221;default&#8221; button_icon=&#8221;&#x24;||divi||400&#8243; button_icon_color=&#8221;#FFFFFF&#8221; button_on_hover=&#8221;off&#8221; custom_margin=&#8221;||18px|||&#8221; custom_padding=&#8221;10px|40px|10px|28px|true|false&#8221; hover_enabled=&#8221;0&#8243; global_colors_info=&#8221;{}&#8221; custom_padding__hover_enabled=&#8221;on|hover&#8221; custom_padding__hover=&#8221;|50px|||true|false&#8221; sticky_enabled=&#8221;0&#8243;][\/et_pb_button][\/et_pb_column][\/et_pb_row][\/et_pb_section]<\/p>\n","protected":false},"excerpt":{"rendered":"<p>S\u0105skait\u0173 finansavimas internetu Finansuoti \u012fmon\u0117s s\u0105skaitas paprasta ir patogu \u2013 sudarykite sandor\u012f nei\u0161\u0117j\u0119 i\u0161 nam\u0173 ar biuro. Faktoringas, taip pat vadinamas s\u0105skait\u0173 finansavimu, skiriasi nuo bankinio tuo, kad neturite gai\u0161ti laiko ilgiems susitikimams ir procesams, o s\u0105lygos lanks\u010dios ir pritaikytos \u012fvairi\u0173 dyd\u017ei\u0173 ir veiklos sektori\u0173 verslams. Kaip\u00a0veikia s\u0105skait\u0173 finansavimas ir kod\u0117l tur\u0117tum\u0117te j\u012f i\u0161bandyti, jei [&hellip;]<\/p>\n","protected":false},"author":1,"featured_media":23104,"parent":0,"menu_order":0,"comment_status":"closed","ping_status":"closed","template":"","meta":{"_et_pb_use_builder":"on","_et_pb_old_content":"","_et_gb_content_width":"","footnotes":""},"yoast_head":"<!-- This site is optimized with the Yoast SEO Premium plugin v22.2 (Yoast SEO v24.5) - https:\/\/yoast.com\/wordpress\/plugins\/seo\/ -->\n<title>S\u0105skait\u0173 finansavimo internetu gidas<\/title>\n<meta name=\"description\" content=\"S\u0105skait\u0173 finansavimas internetu (faktoringas) \u2013 patogus verslo finansavimo b\u016bdas, pritr\u016bkus apyvartini\u0173 l\u0117\u0161\u0173.\" \/>\n<meta name=\"robots\" content=\"index, follow, max-snippet:-1, max-image-preview:large, max-video-preview:-1\" \/>\n<link rel=\"canonical\" href=\"https:\/\/www.factris.com\/lt\/saskaitu-finansavimo-gidas\/\" \/>\n<meta property=\"og:locale\" content=\"lt_LT\" \/>\n<meta property=\"og:type\" content=\"article\" \/>\n<meta property=\"og:title\" content=\"S\u0105skait\u0173 finansavimas internetu\" \/>\n<meta property=\"og:description\" content=\"S\u0105skait\u0173 finansavimas internetu (faktoringas) \u2013 patogus verslo finansavimo b\u016bdas, pritr\u016bkus apyvartini\u0173 l\u0117\u0161\u0173.\" \/>\n<meta property=\"og:url\" content=\"https:\/\/www.factris.com\/lt\/saskaitu-finansavimo-gidas\/\" \/>\n<meta property=\"og:site_name\" content=\"Factris\" \/>\n<meta property=\"article:publisher\" content=\"https:\/\/www.facebook.com\/factris\" \/>\n<meta property=\"article:modified_time\" content=\"2024-07-05T10:47:48+00:00\" \/>\n<meta property=\"og:image\" content=\"https:\/\/www.factris.com\/wp-content\/uploads\/2023\/04\/Saskaitu-finansavimas-internetu.png\" \/>\n\t<meta property=\"og:image:width\" content=\"1200\" \/>\n\t<meta property=\"og:image:height\" content=\"1200\" \/>\n\t<meta property=\"og:image:type\" content=\"image\/png\" \/>\n<meta name=\"twitter:card\" content=\"summary_large_image\" \/>\n<meta name=\"twitter:site\" content=\"@factris\" \/>\n<meta name=\"twitter:label1\" content=\"Est. reading time\" \/>\n\t<meta name=\"twitter:data1\" content=\"1 minut\u0117\" \/>\n<script type=\"application\/ld+json\" class=\"yoast-schema-graph\">{\"@context\":\"https:\/\/schema.org\",\"@graph\":[{\"@type\":\"WebPage\",\"@id\":\"https:\/\/www.factris.com\/lt\/saskaitu-finansavimo-gidas\/\",\"url\":\"https:\/\/www.factris.com\/lt\/saskaitu-finansavimo-gidas\/\",\"name\":\"S\u0105skait\u0173 finansavimo internetu gidas\",\"isPartOf\":{\"@id\":\"https:\/\/www.factris.com\/lt\/#website\"},\"primaryImageOfPage\":{\"@id\":\"https:\/\/www.factris.com\/lt\/saskaitu-finansavimo-gidas\/#primaryimage\"},\"image\":{\"@id\":\"https:\/\/www.factris.com\/lt\/saskaitu-finansavimo-gidas\/#primaryimage\"},\"thumbnailUrl\":\"https:\/\/www.factris.com\/wp-content\/uploads\/2023\/04\/Saskaitu-finansavimas-internetu.png\",\"datePublished\":\"2023-04-25T06:35:38+00:00\",\"dateModified\":\"2024-07-05T10:47:48+00:00\",\"description\":\"S\u0105skait\u0173 finansavimas internetu (faktoringas) \u2013 patogus verslo finansavimo b\u016bdas, pritr\u016bkus apyvartini\u0173 l\u0117\u0161\u0173.\",\"breadcrumb\":{\"@id\":\"https:\/\/www.factris.com\/lt\/saskaitu-finansavimo-gidas\/#breadcrumb\"},\"inLanguage\":\"lt-LT\",\"potentialAction\":[{\"@type\":\"ReadAction\",\"target\":[\"https:\/\/www.factris.com\/lt\/saskaitu-finansavimo-gidas\/\"]}]},{\"@type\":\"ImageObject\",\"inLanguage\":\"lt-LT\",\"@id\":\"https:\/\/www.factris.com\/lt\/saskaitu-finansavimo-gidas\/#primaryimage\",\"url\":\"https:\/\/www.factris.com\/wp-content\/uploads\/2023\/04\/Saskaitu-finansavimas-internetu.png\",\"contentUrl\":\"https:\/\/www.factris.com\/wp-content\/uploads\/2023\/04\/Saskaitu-finansavimas-internetu.png\",\"width\":1200,\"height\":1200,\"caption\":\"Gidas kaip finansuoti s\u0105skaitas internetu\"},{\"@type\":\"BreadcrumbList\",\"@id\":\"https:\/\/www.factris.com\/lt\/saskaitu-finansavimo-gidas\/#breadcrumb\",\"itemListElement\":[{\"@type\":\"ListItem\",\"position\":1,\"name\":\"Home\",\"item\":\"https:\/\/www.factris.com\/lt\/\"},{\"@type\":\"ListItem\",\"position\":2,\"name\":\"S\u0105skait\u0173 finansavimas internetu\"}]},{\"@type\":\"WebSite\",\"@id\":\"https:\/\/www.factris.com\/lt\/#website\",\"url\":\"https:\/\/www.factris.com\/lt\/\",\"name\":\"Factris\",\"description\":\"Your invoices. Our financing.\",\"publisher\":{\"@id\":\"https:\/\/www.factris.com\/lt\/#organization\"},\"potentialAction\":[{\"@type\":\"SearchAction\",\"target\":{\"@type\":\"EntryPoint\",\"urlTemplate\":\"https:\/\/www.factris.com\/lt\/?s={search_term_string}\"},\"query-input\":{\"@type\":\"PropertyValueSpecification\",\"valueRequired\":true,\"valueName\":\"search_term_string\"}}],\"inLanguage\":\"lt-LT\"},{\"@type\":\"Organization\",\"@id\":\"https:\/\/www.factris.com\/lt\/#organization\",\"name\":\"Factris Holding B.V.\",\"url\":\"https:\/\/www.factris.com\/lt\/\",\"logo\":{\"@type\":\"ImageObject\",\"inLanguage\":\"lt-LT\",\"@id\":\"https:\/\/www.factris.com\/lt\/#\/schema\/logo\/image\/\",\"url\":\"https:\/\/www.factris.com\/wp-content\/uploads\/2020\/12\/logo-factris-black.png\",\"contentUrl\":\"https:\/\/www.factris.com\/wp-content\/uploads\/2020\/12\/logo-factris-black.png\",\"width\":400,\"height\":73,\"caption\":\"Factris Holding B.V.\"},\"image\":{\"@id\":\"https:\/\/www.factris.com\/lt\/#\/schema\/logo\/image\/\"},\"sameAs\":[\"https:\/\/www.facebook.com\/factris\",\"https:\/\/x.com\/factris\",\"https:\/\/www.instagram.com\/factrisholding\/\",\"https:\/\/www.linkedin.com\/company\/factrisholding\",\"https:\/\/www.youtube.com\/channel\/UCFupqDt-Xo3EaKYGiqJH1nQ\"]}]}<\/script>\n<!-- \/ Yoast SEO Premium plugin. -->","yoast_head_json":{"title":"S\u0105skait\u0173 finansavimo internetu gidas","description":"S\u0105skait\u0173 finansavimas internetu (faktoringas) \u2013 patogus verslo finansavimo b\u016bdas, pritr\u016bkus apyvartini\u0173 l\u0117\u0161\u0173.","robots":{"index":"index","follow":"follow","max-snippet":"max-snippet:-1","max-image-preview":"max-image-preview:large","max-video-preview":"max-video-preview:-1"},"canonical":"https:\/\/www.factris.com\/lt\/saskaitu-finansavimo-gidas\/","og_locale":"lt_LT","og_type":"article","og_title":"S\u0105skait\u0173 finansavimas internetu","og_description":"S\u0105skait\u0173 finansavimas internetu (faktoringas) \u2013 patogus verslo finansavimo b\u016bdas, pritr\u016bkus apyvartini\u0173 l\u0117\u0161\u0173.","og_url":"https:\/\/www.factris.com\/lt\/saskaitu-finansavimo-gidas\/","og_site_name":"Factris","article_publisher":"https:\/\/www.facebook.com\/factris","article_modified_time":"2024-07-05T10:47:48+00:00","og_image":[{"width":1200,"height":1200,"url":"https:\/\/www.factris.com\/wp-content\/uploads\/2023\/04\/Saskaitu-finansavimas-internetu.png","type":"image\/png"}],"twitter_card":"summary_large_image","twitter_site":"@factris","twitter_misc":{"Est. reading time":"1 minut\u0117"},"schema":{"@context":"https:\/\/schema.org","@graph":[{"@type":"WebPage","@id":"https:\/\/www.factris.com\/lt\/saskaitu-finansavimo-gidas\/","url":"https:\/\/www.factris.com\/lt\/saskaitu-finansavimo-gidas\/","name":"S\u0105skait\u0173 finansavimo internetu gidas","isPartOf":{"@id":"https:\/\/www.factris.com\/lt\/#website"},"primaryImageOfPage":{"@id":"https:\/\/www.factris.com\/lt\/saskaitu-finansavimo-gidas\/#primaryimage"},"image":{"@id":"https:\/\/www.factris.com\/lt\/saskaitu-finansavimo-gidas\/#primaryimage"},"thumbnailUrl":"https:\/\/www.factris.com\/wp-content\/uploads\/2023\/04\/Saskaitu-finansavimas-internetu.png","datePublished":"2023-04-25T06:35:38+00:00","dateModified":"2024-07-05T10:47:48+00:00","description":"S\u0105skait\u0173 finansavimas internetu (faktoringas) \u2013 patogus verslo finansavimo b\u016bdas, pritr\u016bkus apyvartini\u0173 l\u0117\u0161\u0173.","breadcrumb":{"@id":"https:\/\/www.factris.com\/lt\/saskaitu-finansavimo-gidas\/#breadcrumb"},"inLanguage":"lt-LT","potentialAction":[{"@type":"ReadAction","target":["https:\/\/www.factris.com\/lt\/saskaitu-finansavimo-gidas\/"]}]},{"@type":"ImageObject","inLanguage":"lt-LT","@id":"https:\/\/www.factris.com\/lt\/saskaitu-finansavimo-gidas\/#primaryimage","url":"https:\/\/www.factris.com\/wp-content\/uploads\/2023\/04\/Saskaitu-finansavimas-internetu.png","contentUrl":"https:\/\/www.factris.com\/wp-content\/uploads\/2023\/04\/Saskaitu-finansavimas-internetu.png","width":1200,"height":1200,"caption":"Gidas kaip finansuoti s\u0105skaitas internetu"},{"@type":"BreadcrumbList","@id":"https:\/\/www.factris.com\/lt\/saskaitu-finansavimo-gidas\/#breadcrumb","itemListElement":[{"@type":"ListItem","position":1,"name":"Home","item":"https:\/\/www.factris.com\/lt\/"},{"@type":"ListItem","position":2,"name":"S\u0105skait\u0173 finansavimas internetu"}]},{"@type":"WebSite","@id":"https:\/\/www.factris.com\/lt\/#website","url":"https:\/\/www.factris.com\/lt\/","name":"Factris","description":"Your invoices. Our financing.","publisher":{"@id":"https:\/\/www.factris.com\/lt\/#organization"},"potentialAction":[{"@type":"SearchAction","target":{"@type":"EntryPoint","urlTemplate":"https:\/\/www.factris.com\/lt\/?s={search_term_string}"},"query-input":{"@type":"PropertyValueSpecification","valueRequired":true,"valueName":"search_term_string"}}],"inLanguage":"lt-LT"},{"@type":"Organization","@id":"https:\/\/www.factris.com\/lt\/#organization","name":"Factris Holding B.V.","url":"https:\/\/www.factris.com\/lt\/","logo":{"@type":"ImageObject","inLanguage":"lt-LT","@id":"https:\/\/www.factris.com\/lt\/#\/schema\/logo\/image\/","url":"https:\/\/www.factris.com\/wp-content\/uploads\/2020\/12\/logo-factris-black.png","contentUrl":"https:\/\/www.factris.com\/wp-content\/uploads\/2020\/12\/logo-factris-black.png","width":400,"height":73,"caption":"Factris Holding B.V."},"image":{"@id":"https:\/\/www.factris.com\/lt\/#\/schema\/logo\/image\/"},"sameAs":["https:\/\/www.facebook.com\/factris","https:\/\/x.com\/factris","https:\/\/www.instagram.com\/factrisholding\/","https:\/\/www.linkedin.com\/company\/factrisholding","https:\/\/www.youtube.com\/channel\/UCFupqDt-Xo3EaKYGiqJH1nQ"]}]}},"_links":{"self":[{"href":"https:\/\/www.factris.com\/lt\/wp-json\/wp\/v2\/pages\/23043"}],"collection":[{"href":"https:\/\/www.factris.com\/lt\/wp-json\/wp\/v2\/pages"}],"about":[{"href":"https:\/\/www.factris.com\/lt\/wp-json\/wp\/v2\/types\/page"}],"author":[{"embeddable":true,"href":"https:\/\/www.factris.com\/lt\/wp-json\/wp\/v2\/users\/1"}],"replies":[{"embeddable":true,"href":"https:\/\/www.factris.com\/lt\/wp-json\/wp\/v2\/comments?post=23043"}],"version-history":[{"count":61,"href":"https:\/\/www.factris.com\/lt\/wp-json\/wp\/v2\/pages\/23043\/revisions"}],"predecessor-version":[{"id":32823,"href":"https:\/\/www.factris.com\/lt\/wp-json\/wp\/v2\/pages\/23043\/revisions\/32823"}],"wp:featuredmedia":[{"embeddable":true,"href":"https:\/\/www.factris.com\/lt\/wp-json\/wp\/v2\/media\/23104"}],"wp:attachment":[{"href":"https:\/\/www.factris.com\/lt\/wp-json\/wp\/v2\/media?parent=23043"}],"curies":[{"name":"wp","href":"https:\/\/api.w.org\/{rel}","templated":true}]}}