{"id":33311,"date":"2024-09-30T11:23:21","date_gmt":"2024-09-30T11:23:21","guid":{"rendered":"https:\/\/www.factris.com\/?page_id=33311"},"modified":"2024-09-30T11:26:25","modified_gmt":"2024-09-30T11:26:25","slug":"finansiniu-terminu-zodynas-apyvartinis-kapitalas","status":"publish","type":"page","link":"https:\/\/www.factris.com\/lt\/finansiniu-terminu-zodynas\/apyvartinis-kapitalas\/","title":{"rendered":"Apyvartinis kapitalas (Finansini\u0173 termin\u0173 \u017eodynas)"},"content":{"rendered":"<p>[et_pb_section fb_built=&#8221;1&#8243; _builder_version=&#8221;4.16&#8243; _module_preset=&#8221;default&#8221; background_color=&#8221;#D8DAEE&#8221; z_index=&#8221;9999&#8243; custom_padding=&#8221;||109px|||&#8221; global_colors_info=&#8221;{}&#8221;][et_pb_row use_custom_gutter=&#8221;on&#8221; gutter_width=&#8221;2&#8243; make_equal=&#8221;on&#8221; _builder_version=&#8221;4.16&#8243; _module_preset=&#8221;default&#8221; max_width=&#8221;900px&#8221; custom_padding=&#8221;0px||0px||true|false&#8221; global_colors_info=&#8221;{}&#8221;][et_pb_column type=&#8221;4_4&#8243; _builder_version=&#8221;4.16&#8243; _module_preset=&#8221;default&#8221; global_colors_info=&#8221;{}&#8221;][et_pb_text _builder_version=&#8221;4.25.2&#8243; _module_preset=&#8221;default&#8221; header_font=&#8221;|700|||||||&#8221; header_text_color=&#8221;#000A54&#8243; header_2_font=&#8221;|700|||||||&#8221; header_2_text_color=&#8221;#000A54&#8243; header_2_font_size=&#8221;27px&#8221; header_3_font=&#8221;|700|||||||&#8221; header_3_text_align=&#8221;left&#8221; header_3_text_color=&#8221;#000a54&#8243; header_3_font_size=&#8221;21px&#8221; min_height=&#8221;50px&#8221; hover_enabled=&#8221;0&#8243; header_2_line_height_tablet=&#8221;&#8221; header_2_line_height_phone=&#8221;1.4em&#8221; header_2_line_height_last_edited=&#8221;on|phone&#8221; global_colors_info=&#8221;{}&#8221; sticky_enabled=&#8221;0&#8243;]<\/p>\n<h1>Apyvartinis kapitalas<\/h1>\n<p>[\/et_pb_text][et_pb_button button_url=&#8221;\/lt\/finansiniu-terminu-zodynas&#8221; button_text=&#8221;Finansini\u0173 termin\u0173 \u017eodynas&#8221; module_class=&#8221;btn-back&#8221; _builder_version=&#8221;4.25.2&#8243; _module_preset=&#8221;default&#8221; custom_button=&#8221;on&#8221; button_text_color=&#8221;#001194&#8243; button_bg_color=&#8221;rgba(0,0,0,0)&#8221; button_font=&#8221;||||on||||&#8221; button_icon=&#8221;&#x23;||divi||400&#8243; button_icon_placement=&#8221;left&#8221; button_on_hover=&#8221;off&#8221; hover_enabled=&#8221;0&#8243; global_colors_info=&#8221;{}&#8221; button_text_color__hover_enabled=&#8221;off|hover&#8221; custom_padding__hover_enabled=&#8221;off|desktop&#8221; custom_padding__hover=&#8221;|||59px|false|false&#8221; sticky_enabled=&#8221;0&#8243;][\/et_pb_button][et_pb_text _builder_version=&#8221;4.25.2&#8243; _module_preset=&#8221;default&#8221; header_font=&#8221;|600|||||||&#8221; header_text_color=&#8221;#000A54&#8243; header_2_font=&#8221;|700|||||||&#8221; header_2_text_color=&#8221;#000A54&#8243; header_2_font_size=&#8221;27px&#8221; header_3_font=&#8221;|700|||||||&#8221; header_3_text_align=&#8221;left&#8221; header_3_text_color=&#8221;#000a54&#8243; header_3_font_size=&#8221;21px&#8221; hover_enabled=&#8221;0&#8243; header_2_line_height_tablet=&#8221;&#8221; header_2_line_height_phone=&#8221;1.4em&#8221; header_2_line_height_last_edited=&#8221;on|phone&#8221; global_colors_info=&#8221;{}&#8221; sticky_enabled=&#8221;0&#8243;]<\/p>\n<h2>Kas yra apyvartinis kapitalas?<\/h2>\n<p>Apyvartinis kapitalas \u2013 tai pinig\u0173 suma, kuri\u0105 \u012fmon\u0117 gali naudoti kasdienei veiklai, pvz., \u012fsigyti preki\u0173, mok\u0117ti tiek\u0117jams, mok\u0117ti atlyginimus darbuotojams. Tai lyg \u012fmon\u0117s likvidumo matas. Jis apskai\u010diuojamas vertinant skirtum\u0105 tarp \u012fmon\u0117s trumpalaikio turto ir trumpalaiki\u0173 \u012fsipareigojim\u0173.<\/p>\n<p>[\/et_pb_text][\/et_pb_column][\/et_pb_row][\/et_pb_section]<\/p>\n","protected":false},"excerpt":{"rendered":"<p>Apyvartinis kapitalasKas yra apyvartinis kapitalas? Apyvartinis kapitalas \u2013 tai pinig\u0173 suma, kuri\u0105 \u012fmon\u0117 gali naudoti kasdienei veiklai, pvz., \u012fsigyti preki\u0173, mok\u0117ti tiek\u0117jams, mok\u0117ti atlyginimus darbuotojams. Tai lyg \u012fmon\u0117s likvidumo matas. Jis apskai\u010diuojamas vertinant skirtum\u0105 tarp \u012fmon\u0117s trumpalaikio turto ir trumpalaiki\u0173 \u012fsipareigojim\u0173.<\/p>\n","protected":false},"author":1,"featured_media":8325,"parent":0,"menu_order":0,"comment_status":"closed","ping_status":"closed","template":"","meta":{"_et_pb_use_builder":"on","_et_pb_old_content":"[et_pb_section fb_built=\"1\" _builder_version=\"4.16\" _module_preset=\"default\" background_color=\"#D8DAEE\" z_index=\"9999\" custom_padding=\"||109px|||\" global_colors_info=\"{}\"][et_pb_row use_custom_gutter=\"on\" gutter_width=\"2\" make_equal=\"on\" _builder_version=\"4.16\" _module_preset=\"default\" max_width=\"900px\" custom_padding=\"0px||0px||true|false\" global_colors_info=\"{}\"][et_pb_column type=\"4_4\" _builder_version=\"4.16\" _module_preset=\"default\" global_colors_info=\"{}\"][et_pb_text _builder_version=\"4.20.4\" _module_preset=\"default\" header_font=\"|600|||||||\" header_text_color=\"#000A54\" header_2_font=\"|700|||||||\" header_2_text_color=\"#000A54\" header_2_font_size=\"27px\" header_3_font=\"|700|||||||\" header_3_text_align=\"left\" header_3_text_color=\"#000a54\" header_3_font_size=\"21px\" min_height=\"50px\" header_2_line_height_tablet=\"\" header_2_line_height_phone=\"1.4em\" header_2_line_height_last_edited=\"on|phone\" global_colors_info=\"{}\"]\n<h1>Werkkapitaal<\/h1>\n[\/et_pb_text][et_pb_button button_url=\"\/nl\/kennisbank\/\" button_text=\"Kennisbank\" module_class=\"btn-back\" _builder_version=\"4.25.2\" _module_preset=\"default\" custom_button=\"on\" button_text_color=\"#001194\" button_bg_color=\"rgba(0,0,0,0)\" button_font=\"||||on||||\" button_icon=\"&#x23;||divi||400\" button_icon_placement=\"left\" button_on_hover=\"off\" hover_enabled=\"0\" global_colors_info=\"{}\" button_text_color__hover_enabled=\"off|hover\" custom_padding__hover_enabled=\"off|desktop\" custom_padding__hover=\"|||59px|false|false\" sticky_enabled=\"0\"][\/et_pb_button][et_pb_text _builder_version=\"4.20.4\" _module_preset=\"default\" header_font=\"|600|||||||\" header_text_color=\"#000A54\" header_2_font=\"|700|||||||\" header_2_text_color=\"#000A54\" header_2_font_size=\"27px\" header_3_font=\"|700|||||||\" header_3_text_align=\"left\" header_3_text_color=\"#000a54\" header_3_font_size=\"21px\" header_2_line_height_tablet=\"\" header_2_line_height_phone=\"1.4em\" header_2_line_height_last_edited=\"on|phone\" global_colors_info=\"{}\"]\n<h2>Wat is werkkapitaal?<\/h2>\n<a href=\"https:\/\/www.factris.com\/nl\/nieuws\/wat-is-werkkapitaal\/\">Werkkapitaal<\/a> is het bedrag dat beschikbaar is voor een bedrijf om haar dagelijkse activiteiten uit te voeren, zoals het kopen van voorraden, betalen van leveranciers en salarissen van werknemers. Het wordt berekend door het verschil tussen het vlottende <a href=\"https:\/\/www.factris.com\/nl\/kennisbank\/activa\/\">activa<\/a> en de vlottende <a href=\"https:\/\/www.factris.com\/nl\/kennisbank\/passiva\/\">passiva<\/a> van een bedrijf te nemen en wordt beschouwd als een maatstaf voor de liquiditeit van een bedrijf.\n\nGerelateerde onderwerpen:\n<ul>\n \t<li><a href=\"https:\/\/factris.com\/nl\/nieuws\/hoe-bereken-je-werkkapitaal\/\">Hoe bereken je werkkapitaal?<\/a><\/li>\n<\/ul>\n[\/et_pb_text][\/et_pb_column][\/et_pb_row][\/et_pb_section]","_et_gb_content_width":"","footnotes":""},"yoast_head":"<!-- This site is optimized with the Yoast SEO Premium plugin v22.2 (Yoast SEO v24.5) - https:\/\/yoast.com\/wordpress\/plugins\/seo\/ -->\n<title>Kas yra apyvartinis kapitalas? | Finansini\u0173 termin\u0173 \u017eodynas<\/title>\n<meta name=\"description\" content=\"Kas yra apyvartinis kapitalas? Su\u017einokite pla\u010diau apie apyvartin\u012f kapital\u0105 Factris finansini\u0173 termin\u0173 \u017eodyne!\" \/>\n<meta name=\"robots\" content=\"index, follow, max-snippet:-1, max-image-preview:large, max-video-preview:-1\" \/>\n<link rel=\"canonical\" href=\"https:\/\/www.factris.com\/lt\/finansiniu-terminu-zodynas\/apyvartinis-kapitalas\/\" \/>\n<meta property=\"og:locale\" content=\"lt_LT\" \/>\n<meta property=\"og:type\" content=\"article\" \/>\n<meta property=\"og:title\" content=\"Apyvartinis kapitalas (Finansini\u0173 termin\u0173 \u017eodynas)\" \/>\n<meta property=\"og:description\" content=\"Kas yra apyvartinis kapitalas? Su\u017einokite pla\u010diau apie apyvartin\u012f kapital\u0105 Factris finansini\u0173 termin\u0173 \u017eodyne!\" \/>\n<meta property=\"og:url\" content=\"https:\/\/www.factris.com\/lt\/finansiniu-terminu-zodynas\/apyvartinis-kapitalas\/\" \/>\n<meta property=\"og:site_name\" content=\"Factris\" \/>\n<meta property=\"article:publisher\" content=\"https:\/\/www.facebook.com\/factris\" \/>\n<meta property=\"article:modified_time\" content=\"2024-09-30T11:26:25+00:00\" \/>\n<meta property=\"og:image\" content=\"https:\/\/www.factris.com\/wp-content\/uploads\/2021\/03\/LT11.png\" \/>\n\t<meta property=\"og:image:width\" content=\"1200\" \/>\n\t<meta property=\"og:image:height\" content=\"1200\" \/>\n\t<meta property=\"og:image:type\" content=\"image\/png\" \/>\n<meta name=\"twitter:card\" content=\"summary_large_image\" \/>\n<meta name=\"twitter:site\" content=\"@factris\" \/>\n<meta name=\"twitter:label1\" content=\"Est. reading time\" \/>\n\t<meta name=\"twitter:data1\" content=\"1 minut\u0117\" \/>\n<script type=\"application\/ld+json\" class=\"yoast-schema-graph\">{\"@context\":\"https:\/\/schema.org\",\"@graph\":[{\"@type\":\"WebPage\",\"@id\":\"https:\/\/www.factris.com\/lt\/finansiniu-terminu-zodynas\/apyvartinis-kapitalas\/\",\"url\":\"https:\/\/www.factris.com\/lt\/finansiniu-terminu-zodynas\/apyvartinis-kapitalas\/\",\"name\":\"Kas yra apyvartinis kapitalas? | Finansini\u0173 termin\u0173 \u017eodynas\",\"isPartOf\":{\"@id\":\"https:\/\/www.factris.com\/lt\/#website\"},\"primaryImageOfPage\":{\"@id\":\"https:\/\/www.factris.com\/lt\/finansiniu-terminu-zodynas\/apyvartinis-kapitalas\/#primaryimage\"},\"image\":{\"@id\":\"https:\/\/www.factris.com\/lt\/finansiniu-terminu-zodynas\/apyvartinis-kapitalas\/#primaryimage\"},\"thumbnailUrl\":\"https:\/\/www.factris.com\/wp-content\/uploads\/2021\/03\/LT11.png\",\"datePublished\":\"2024-09-30T11:23:21+00:00\",\"dateModified\":\"2024-09-30T11:26:25+00:00\",\"description\":\"Kas yra apyvartinis kapitalas? Su\u017einokite pla\u010diau apie apyvartin\u012f kapital\u0105 Factris finansini\u0173 termin\u0173 \u017eodyne!\",\"breadcrumb\":{\"@id\":\"https:\/\/www.factris.com\/lt\/finansiniu-terminu-zodynas\/apyvartinis-kapitalas\/#breadcrumb\"},\"inLanguage\":\"lt-LT\",\"potentialAction\":[{\"@type\":\"ReadAction\",\"target\":[\"https:\/\/www.factris.com\/lt\/finansiniu-terminu-zodynas\/apyvartinis-kapitalas\/\"]}]},{\"@type\":\"ImageObject\",\"inLanguage\":\"lt-LT\",\"@id\":\"https:\/\/www.factris.com\/lt\/finansiniu-terminu-zodynas\/apyvartinis-kapitalas\/#primaryimage\",\"url\":\"https:\/\/www.factris.com\/wp-content\/uploads\/2021\/03\/LT11.png\",\"contentUrl\":\"https:\/\/www.factris.com\/wp-content\/uploads\/2021\/03\/LT11.png\",\"width\":1200,\"height\":1200,\"caption\":\"j\u016bs\u0173 s\u0105skaitos m\u016bs\u0173 finansavimas factris\"},{\"@type\":\"BreadcrumbList\",\"@id\":\"https:\/\/www.factris.com\/lt\/finansiniu-terminu-zodynas\/apyvartinis-kapitalas\/#breadcrumb\",\"itemListElement\":[{\"@type\":\"ListItem\",\"position\":1,\"name\":\"Home\",\"item\":\"https:\/\/www.factris.com\/lt\/\"},{\"@type\":\"ListItem\",\"position\":2,\"name\":\"Apyvartinis kapitalas (Finansini\u0173 termin\u0173 \u017eodynas)\"}]},{\"@type\":\"WebSite\",\"@id\":\"https:\/\/www.factris.com\/lt\/#website\",\"url\":\"https:\/\/www.factris.com\/lt\/\",\"name\":\"Factris\",\"description\":\"Your invoices. Our financing.\",\"publisher\":{\"@id\":\"https:\/\/www.factris.com\/lt\/#organization\"},\"potentialAction\":[{\"@type\":\"SearchAction\",\"target\":{\"@type\":\"EntryPoint\",\"urlTemplate\":\"https:\/\/www.factris.com\/lt\/?s={search_term_string}\"},\"query-input\":{\"@type\":\"PropertyValueSpecification\",\"valueRequired\":true,\"valueName\":\"search_term_string\"}}],\"inLanguage\":\"lt-LT\"},{\"@type\":\"Organization\",\"@id\":\"https:\/\/www.factris.com\/lt\/#organization\",\"name\":\"Factris Holding B.V.\",\"url\":\"https:\/\/www.factris.com\/lt\/\",\"logo\":{\"@type\":\"ImageObject\",\"inLanguage\":\"lt-LT\",\"@id\":\"https:\/\/www.factris.com\/lt\/#\/schema\/logo\/image\/\",\"url\":\"https:\/\/www.factris.com\/wp-content\/uploads\/2020\/12\/logo-factris-black.png\",\"contentUrl\":\"https:\/\/www.factris.com\/wp-content\/uploads\/2020\/12\/logo-factris-black.png\",\"width\":400,\"height\":73,\"caption\":\"Factris Holding B.V.\"},\"image\":{\"@id\":\"https:\/\/www.factris.com\/lt\/#\/schema\/logo\/image\/\"},\"sameAs\":[\"https:\/\/www.facebook.com\/factris\",\"https:\/\/x.com\/factris\",\"https:\/\/www.instagram.com\/factrisholding\/\",\"https:\/\/www.linkedin.com\/company\/factrisholding\",\"https:\/\/www.youtube.com\/channel\/UCFupqDt-Xo3EaKYGiqJH1nQ\"]}]}<\/script>\n<!-- \/ Yoast SEO Premium plugin. -->","yoast_head_json":{"title":"Kas yra apyvartinis kapitalas? | Finansini\u0173 termin\u0173 \u017eodynas","description":"Kas yra apyvartinis kapitalas? Su\u017einokite pla\u010diau apie apyvartin\u012f kapital\u0105 Factris finansini\u0173 termin\u0173 \u017eodyne!","robots":{"index":"index","follow":"follow","max-snippet":"max-snippet:-1","max-image-preview":"max-image-preview:large","max-video-preview":"max-video-preview:-1"},"canonical":"https:\/\/www.factris.com\/lt\/finansiniu-terminu-zodynas\/apyvartinis-kapitalas\/","og_locale":"lt_LT","og_type":"article","og_title":"Apyvartinis kapitalas (Finansini\u0173 termin\u0173 \u017eodynas)","og_description":"Kas yra apyvartinis kapitalas? Su\u017einokite pla\u010diau apie apyvartin\u012f kapital\u0105 Factris finansini\u0173 termin\u0173 \u017eodyne!","og_url":"https:\/\/www.factris.com\/lt\/finansiniu-terminu-zodynas\/apyvartinis-kapitalas\/","og_site_name":"Factris","article_publisher":"https:\/\/www.facebook.com\/factris","article_modified_time":"2024-09-30T11:26:25+00:00","og_image":[{"width":1200,"height":1200,"url":"https:\/\/www.factris.com\/wp-content\/uploads\/2021\/03\/LT11.png","type":"image\/png"}],"twitter_card":"summary_large_image","twitter_site":"@factris","twitter_misc":{"Est. reading time":"1 minut\u0117"},"schema":{"@context":"https:\/\/schema.org","@graph":[{"@type":"WebPage","@id":"https:\/\/www.factris.com\/lt\/finansiniu-terminu-zodynas\/apyvartinis-kapitalas\/","url":"https:\/\/www.factris.com\/lt\/finansiniu-terminu-zodynas\/apyvartinis-kapitalas\/","name":"Kas yra apyvartinis kapitalas? | Finansini\u0173 termin\u0173 \u017eodynas","isPartOf":{"@id":"https:\/\/www.factris.com\/lt\/#website"},"primaryImageOfPage":{"@id":"https:\/\/www.factris.com\/lt\/finansiniu-terminu-zodynas\/apyvartinis-kapitalas\/#primaryimage"},"image":{"@id":"https:\/\/www.factris.com\/lt\/finansiniu-terminu-zodynas\/apyvartinis-kapitalas\/#primaryimage"},"thumbnailUrl":"https:\/\/www.factris.com\/wp-content\/uploads\/2021\/03\/LT11.png","datePublished":"2024-09-30T11:23:21+00:00","dateModified":"2024-09-30T11:26:25+00:00","description":"Kas yra apyvartinis kapitalas? Su\u017einokite pla\u010diau apie apyvartin\u012f kapital\u0105 Factris finansini\u0173 termin\u0173 \u017eodyne!","breadcrumb":{"@id":"https:\/\/www.factris.com\/lt\/finansiniu-terminu-zodynas\/apyvartinis-kapitalas\/#breadcrumb"},"inLanguage":"lt-LT","potentialAction":[{"@type":"ReadAction","target":["https:\/\/www.factris.com\/lt\/finansiniu-terminu-zodynas\/apyvartinis-kapitalas\/"]}]},{"@type":"ImageObject","inLanguage":"lt-LT","@id":"https:\/\/www.factris.com\/lt\/finansiniu-terminu-zodynas\/apyvartinis-kapitalas\/#primaryimage","url":"https:\/\/www.factris.com\/wp-content\/uploads\/2021\/03\/LT11.png","contentUrl":"https:\/\/www.factris.com\/wp-content\/uploads\/2021\/03\/LT11.png","width":1200,"height":1200,"caption":"j\u016bs\u0173 s\u0105skaitos m\u016bs\u0173 finansavimas factris"},{"@type":"BreadcrumbList","@id":"https:\/\/www.factris.com\/lt\/finansiniu-terminu-zodynas\/apyvartinis-kapitalas\/#breadcrumb","itemListElement":[{"@type":"ListItem","position":1,"name":"Home","item":"https:\/\/www.factris.com\/lt\/"},{"@type":"ListItem","position":2,"name":"Apyvartinis kapitalas (Finansini\u0173 termin\u0173 \u017eodynas)"}]},{"@type":"WebSite","@id":"https:\/\/www.factris.com\/lt\/#website","url":"https:\/\/www.factris.com\/lt\/","name":"Factris","description":"Your invoices. Our financing.","publisher":{"@id":"https:\/\/www.factris.com\/lt\/#organization"},"potentialAction":[{"@type":"SearchAction","target":{"@type":"EntryPoint","urlTemplate":"https:\/\/www.factris.com\/lt\/?s={search_term_string}"},"query-input":{"@type":"PropertyValueSpecification","valueRequired":true,"valueName":"search_term_string"}}],"inLanguage":"lt-LT"},{"@type":"Organization","@id":"https:\/\/www.factris.com\/lt\/#organization","name":"Factris Holding B.V.","url":"https:\/\/www.factris.com\/lt\/","logo":{"@type":"ImageObject","inLanguage":"lt-LT","@id":"https:\/\/www.factris.com\/lt\/#\/schema\/logo\/image\/","url":"https:\/\/www.factris.com\/wp-content\/uploads\/2020\/12\/logo-factris-black.png","contentUrl":"https:\/\/www.factris.com\/wp-content\/uploads\/2020\/12\/logo-factris-black.png","width":400,"height":73,"caption":"Factris Holding B.V."},"image":{"@id":"https:\/\/www.factris.com\/lt\/#\/schema\/logo\/image\/"},"sameAs":["https:\/\/www.facebook.com\/factris","https:\/\/x.com\/factris","https:\/\/www.instagram.com\/factrisholding\/","https:\/\/www.linkedin.com\/company\/factrisholding","https:\/\/www.youtube.com\/channel\/UCFupqDt-Xo3EaKYGiqJH1nQ"]}]}},"_links":{"self":[{"href":"https:\/\/www.factris.com\/lt\/wp-json\/wp\/v2\/pages\/33311"}],"collection":[{"href":"https:\/\/www.factris.com\/lt\/wp-json\/wp\/v2\/pages"}],"about":[{"href":"https:\/\/www.factris.com\/lt\/wp-json\/wp\/v2\/types\/page"}],"author":[{"embeddable":true,"href":"https:\/\/www.factris.com\/lt\/wp-json\/wp\/v2\/users\/1"}],"replies":[{"embeddable":true,"href":"https:\/\/www.factris.com\/lt\/wp-json\/wp\/v2\/comments?post=33311"}],"version-history":[{"count":5,"href":"https:\/\/www.factris.com\/lt\/wp-json\/wp\/v2\/pages\/33311\/revisions"}],"predecessor-version":[{"id":33317,"href":"https:\/\/www.factris.com\/lt\/wp-json\/wp\/v2\/pages\/33311\/revisions\/33317"}],"wp:featuredmedia":[{"embeddable":true,"href":"https:\/\/www.factris.com\/lt\/wp-json\/wp\/v2\/media\/8325"}],"wp:attachment":[{"href":"https:\/\/www.factris.com\/lt\/wp-json\/wp\/v2\/media?parent=33311"}],"curies":[{"name":"wp","href":"https:\/\/api.w.org\/{rel}","templated":true}]}}