{"id":33323,"date":"2024-09-30T13:20:42","date_gmt":"2024-09-30T13:20:42","guid":{"rendered":"https:\/\/www.factris.com\/?page_id=33323"},"modified":"2024-09-30T13:26:16","modified_gmt":"2024-09-30T13:26:16","slug":"finansiniu-terminu-zodynas-balansas","status":"publish","type":"page","link":"https:\/\/www.factris.com\/lt\/finansiniu-terminu-zodynas\/balansas\/","title":{"rendered":"Balansas (Finansini\u0173 termin\u0173 \u017eodynas)"},"content":{"rendered":"<p>[et_pb_section fb_built=&#8221;1&#8243; _builder_version=&#8221;4.16&#8243; _module_preset=&#8221;default&#8221; background_color=&#8221;#D8DAEE&#8221; z_index=&#8221;9999&#8243; custom_padding=&#8221;||109px|||&#8221; global_colors_info=&#8221;{}&#8221;][et_pb_row use_custom_gutter=&#8221;on&#8221; gutter_width=&#8221;2&#8243; make_equal=&#8221;on&#8221; _builder_version=&#8221;4.16&#8243; _module_preset=&#8221;default&#8221; max_width=&#8221;900px&#8221; custom_padding=&#8221;0px||0px||true|false&#8221; global_colors_info=&#8221;{}&#8221;][et_pb_column type=&#8221;4_4&#8243; _builder_version=&#8221;4.16&#8243; _module_preset=&#8221;default&#8221; global_colors_info=&#8221;{}&#8221;][et_pb_text _builder_version=&#8221;4.25.2&#8243; _module_preset=&#8221;default&#8221; header_font=&#8221;|700|||||||&#8221; header_text_color=&#8221;#000A54&#8243; header_2_font=&#8221;|700|||||||&#8221; header_2_text_color=&#8221;#000A54&#8243; header_2_font_size=&#8221;27px&#8221; header_3_font=&#8221;|700|||||||&#8221; header_3_text_align=&#8221;left&#8221; header_3_text_color=&#8221;#000a54&#8243; header_3_font_size=&#8221;21px&#8221; min_height=&#8221;50px&#8221; hover_enabled=&#8221;0&#8243; header_2_line_height_tablet=&#8221;&#8221; header_2_line_height_phone=&#8221;1.4em&#8221; header_2_line_height_last_edited=&#8221;on|phone&#8221; global_colors_info=&#8221;{}&#8221; sticky_enabled=&#8221;0&#8243;]<\/p>\n<h1>Balansas<\/h1>\n<p>[\/et_pb_text][et_pb_button button_url=&#8221;\/lt\/finansiniu-terminu-zodynas&#8221; button_text=&#8221;Finansini\u0173 termin\u0173 \u017eodynas&#8221; module_class=&#8221;btn-back&#8221; _builder_version=&#8221;4.25.2&#8243; _module_preset=&#8221;default&#8221; custom_button=&#8221;on&#8221; button_text_color=&#8221;#001194&#8243; button_bg_color=&#8221;rgba(0,0,0,0)&#8221; button_font=&#8221;||||on||||&#8221; button_icon=&#8221;&#x23;||divi||400&#8243; button_icon_placement=&#8221;left&#8221; button_on_hover=&#8221;off&#8221; global_colors_info=&#8221;{}&#8221; button_text_color__hover_enabled=&#8221;off|hover&#8221; custom_padding__hover_enabled=&#8221;off|desktop&#8221; custom_padding__hover=&#8221;|||59px|false|false&#8221; theme_builder_area=&#8221;post_content&#8221;][\/et_pb_button][et_pb_text _builder_version=&#8221;4.25.2&#8243; _module_preset=&#8221;default&#8221; header_font=&#8221;|600|||||||&#8221; header_text_color=&#8221;#000A54&#8243; header_2_font=&#8221;|700|||||||&#8221; header_2_text_color=&#8221;#000A54&#8243; header_2_font_size=&#8221;27px&#8221; header_3_font=&#8221;|700|||||||&#8221; header_3_text_align=&#8221;left&#8221; header_3_text_color=&#8221;#000a54&#8243; header_3_font_size=&#8221;21px&#8221; hover_enabled=&#8221;0&#8243; header_2_line_height_tablet=&#8221;&#8221; header_2_line_height_phone=&#8221;1.4em&#8221; header_2_line_height_last_edited=&#8221;on|phone&#8221; global_colors_info=&#8221;{}&#8221; sticky_enabled=&#8221;0&#8243;]<\/p>\n<h2>Kas yra balansas?<\/h2>\n<p>Balansas yra finansin\u0117 ataskaita, parodanti \u012fmon\u0117s finansin\u0119 b\u016bkl\u0119. Vienoje balanso pus\u0117je rodomas \u012fmon\u0117s turtas, pvz., turimos atsargos ir gautinos sumos, o kitoje balanso pus\u0117je \u2013 \u012fsipareigojimai (skola ir nuosavas kapitalas). Turtas ir \u012fsipareigojimai visada turi b\u016bti subalansuoti, t. y. bendra turto suma turi b\u016bti lygi bendrai \u012fsipareigojim\u0173 sumai.<br \/>Balansas suteikia informacijos apie \u012fmon\u0117s finansin\u0119 b\u016bkl\u0119 ir da\u017enai naudojamas vertinant \u012fmon\u0117s geb\u0117jim\u0105 vykdyti trumpalaikius ir ilgalaikius \u012fsipareigojimus. Balansas da\u017eniausiai rengiamas finansini\u0173 met\u0173 pabaigoje, ta\u010diau gali b\u016bti rengiamas ir bet kuriuo kitu metu siekiant \u012fvertinti \u012fmon\u0117s finansin\u0119 b\u016bkl\u0119.<\/p>\n<p>[\/et_pb_text][\/et_pb_column][\/et_pb_row][\/et_pb_section]<\/p>\n","protected":false},"excerpt":{"rendered":"<p>BalansasKas yra balansas? Balansas yra finansin\u0117 ataskaita, parodanti \u012fmon\u0117s finansin\u0119 b\u016bkl\u0119. Vienoje balanso pus\u0117je rodomas \u012fmon\u0117s turtas, pvz., turimos atsargos ir gautinos sumos, o kitoje balanso pus\u0117je \u2013 \u012fsipareigojimai (skola ir nuosavas kapitalas). Turtas ir \u012fsipareigojimai visada turi b\u016bti subalansuoti, t. y. bendra turto suma turi b\u016bti lygi bendrai \u012fsipareigojim\u0173 sumai.Balansas suteikia informacijos apie \u012fmon\u0117s [&hellip;]<\/p>\n","protected":false},"author":1,"featured_media":8350,"parent":0,"menu_order":0,"comment_status":"closed","ping_status":"closed","template":"","meta":{"_et_pb_use_builder":"on","_et_pb_old_content":"[et_pb_section fb_built=\"1\" _builder_version=\"4.16\" _module_preset=\"default\" background_color=\"#D8DAEE\" z_index=\"9999\" custom_padding=\"||109px|||\" global_colors_info=\"{}\"][et_pb_row use_custom_gutter=\"on\" gutter_width=\"2\" make_equal=\"on\" _builder_version=\"4.16\" _module_preset=\"default\" max_width=\"900px\" custom_padding=\"0px||0px||true|false\" global_colors_info=\"{}\"][et_pb_column type=\"4_4\" _builder_version=\"4.16\" _module_preset=\"default\" global_colors_info=\"{}\"][et_pb_text _builder_version=\"4.20.4\" _module_preset=\"default\" header_font=\"|600|||||||\" header_text_color=\"#000A54\" header_2_font=\"|700|||||||\" header_2_text_color=\"#000A54\" header_2_font_size=\"27px\" header_3_font=\"|700|||||||\" header_3_text_align=\"left\" header_3_text_color=\"#000a54\" header_3_font_size=\"21px\" min_height=\"50px\" header_2_line_height_tablet=\"\" header_2_line_height_phone=\"1.4em\" header_2_line_height_last_edited=\"on|phone\" global_colors_info=\"{}\"]\n<h1>Balans<\/h1>\n[\/et_pb_text][et_pb_button button_url=\"\/nl\/kennisbank\/\" button_text=\"Kennisbank\" module_class=\"btn-back\" _builder_version=\"4.25.2\" _module_preset=\"default\" custom_button=\"on\" button_text_color=\"#001194\" button_bg_color=\"rgba(0,0,0,0)\" button_font=\"||||on||||\" button_icon=\"&#x23;||divi||400\" button_icon_placement=\"left\" button_on_hover=\"off\" hover_enabled=\"0\" global_colors_info=\"{}\" button_text_color__hover_enabled=\"off|hover\" custom_padding__hover_enabled=\"off|desktop\" custom_padding__hover=\"|||59px|false|false\" sticky_enabled=\"0\"][\/et_pb_button][et_pb_text _builder_version=\"4.24.0\" _module_preset=\"default\" header_font=\"|600|||||||\" header_text_color=\"#000A54\" header_2_font=\"|700|||||||\" header_2_text_color=\"#000A54\" header_2_font_size=\"27px\" header_3_font=\"|700|||||||\" header_3_text_align=\"left\" header_3_text_color=\"#000a54\" header_3_font_size=\"21px\" header_2_line_height_tablet=\"\" header_2_line_height_phone=\"1.4em\" header_2_line_height_last_edited=\"on|phone\" global_colors_info=\"{}\"]\n<h2>Wat is een balans?<\/h2>\nEen balans is een financieel overzicht dat de financi\u00eble positie van een bedrijf weergeeft op een bepaald moment. Het toont de <a href=\"https:\/\/www.factris.com\/nl\/kennisbank\/activa\/\">activa<\/a> (bezittingen) van het bedrijf, zoals eigendommen, voorraden en <a href=\"https:\/\/www.factris.com\/nl\/kennisbank\/vordering\/\">vorderingen<\/a>, aan de ene kant van de balans en de <a href=\"https:\/\/www.factris.com\/nl\/kennisbank\/passiva\/\">passiva<\/a> (schulden en <a href=\"https:\/\/www.factris.com\/nl\/kennisbank\/eigen-vermogen\/\">eigen vermogen<\/a>) aan de andere kant van de balans.\n\nDe activa en passiva moeten altijd in balans zijn, wat betekent dat het totale bedrag van de activa gelijk moet zijn aan het totale bedrag van de passiva. De balans geeft inzicht in de financi\u00eble gezondheid van een bedrijf, en wordt vaak gebruikt om te beoordelen hoe goed het bedrijf in staat is om zijn verplichtingen op korte en lange termijn na te komen.\n\nDe balans wordt meestal opgesteld aan het einde van een boekjaar, maar kan ook op elk ander moment worden opgesteld om de financi\u00eble positie van het bedrijf te beoordelen.\n\n[\/et_pb_text][\/et_pb_column][\/et_pb_row][\/et_pb_section]","_et_gb_content_width":"","footnotes":""},"yoast_head":"<!-- This site is optimized with the Yoast SEO Premium plugin v22.2 (Yoast SEO v24.5) - https:\/\/yoast.com\/wordpress\/plugins\/seo\/ -->\n<title>Kas yra balansas? | Finansini\u0173 termin\u0173 \u017eodynas | Factris<\/title>\n<meta name=\"description\" content=\"Kas yra balansas? Pla\u010diau apie balans\u0105 skaitykite finansini\u0173 termin\u0173 \u017eodyne.\" \/>\n<meta name=\"robots\" content=\"index, follow, max-snippet:-1, max-image-preview:large, max-video-preview:-1\" \/>\n<link rel=\"canonical\" href=\"https:\/\/www.factris.com\/lt\/finansiniu-terminu-zodynas\/balansas\/\" \/>\n<meta property=\"og:locale\" content=\"lt_LT\" \/>\n<meta property=\"og:type\" content=\"article\" \/>\n<meta property=\"og:title\" content=\"Balansas (Finansini\u0173 termin\u0173 \u017eodynas)\" \/>\n<meta property=\"og:description\" content=\"Kas yra balansas? Pla\u010diau apie balans\u0105 skaitykite finansini\u0173 termin\u0173 \u017eodyne.\" \/>\n<meta property=\"og:url\" content=\"https:\/\/www.factris.com\/lt\/finansiniu-terminu-zodynas\/balansas\/\" \/>\n<meta property=\"og:site_name\" content=\"Factris\" \/>\n<meta property=\"article:publisher\" content=\"https:\/\/www.facebook.com\/factris\" \/>\n<meta property=\"article:modified_time\" content=\"2024-09-30T13:26:16+00:00\" \/>\n<meta property=\"og:image\" content=\"https:\/\/www.factris.com\/wp-content\/uploads\/2021\/03\/LT16.png\" \/>\n\t<meta property=\"og:image:width\" content=\"1200\" \/>\n\t<meta property=\"og:image:height\" content=\"1200\" \/>\n\t<meta property=\"og:image:type\" content=\"image\/png\" \/>\n<meta name=\"twitter:card\" content=\"summary_large_image\" \/>\n<meta name=\"twitter:site\" content=\"@factris\" \/>\n<meta name=\"twitter:label1\" content=\"Est. reading time\" \/>\n\t<meta name=\"twitter:data1\" content=\"2 minut\u0117s\" \/>\n<script type=\"application\/ld+json\" class=\"yoast-schema-graph\">{\"@context\":\"https:\/\/schema.org\",\"@graph\":[{\"@type\":\"WebPage\",\"@id\":\"https:\/\/www.factris.com\/lt\/finansiniu-terminu-zodynas\/balansas\/\",\"url\":\"https:\/\/www.factris.com\/lt\/finansiniu-terminu-zodynas\/balansas\/\",\"name\":\"Kas yra balansas? | Finansini\u0173 termin\u0173 \u017eodynas | Factris\",\"isPartOf\":{\"@id\":\"https:\/\/www.factris.com\/lt\/#website\"},\"primaryImageOfPage\":{\"@id\":\"https:\/\/www.factris.com\/lt\/finansiniu-terminu-zodynas\/balansas\/#primaryimage\"},\"image\":{\"@id\":\"https:\/\/www.factris.com\/lt\/finansiniu-terminu-zodynas\/balansas\/#primaryimage\"},\"thumbnailUrl\":\"https:\/\/www.factris.com\/wp-content\/uploads\/2021\/03\/LT16.png\",\"datePublished\":\"2024-09-30T13:20:42+00:00\",\"dateModified\":\"2024-09-30T13:26:16+00:00\",\"description\":\"Kas yra balansas? Pla\u010diau apie balans\u0105 skaitykite finansini\u0173 termin\u0173 \u017eodyne.\",\"breadcrumb\":{\"@id\":\"https:\/\/www.factris.com\/lt\/finansiniu-terminu-zodynas\/balansas\/#breadcrumb\"},\"inLanguage\":\"lt-LT\",\"potentialAction\":[{\"@type\":\"ReadAction\",\"target\":[\"https:\/\/www.factris.com\/lt\/finansiniu-terminu-zodynas\/balansas\/\"]}]},{\"@type\":\"ImageObject\",\"inLanguage\":\"lt-LT\",\"@id\":\"https:\/\/www.factris.com\/lt\/finansiniu-terminu-zodynas\/balansas\/#primaryimage\",\"url\":\"https:\/\/www.factris.com\/wp-content\/uploads\/2021\/03\/LT16.png\",\"contentUrl\":\"https:\/\/www.factris.com\/wp-content\/uploads\/2021\/03\/LT16.png\",\"width\":1200,\"height\":1200,\"caption\":\"j\u016bs\u0173 s\u0105skaitos m\u016bs\u0173 finansavimas factris\"},{\"@type\":\"BreadcrumbList\",\"@id\":\"https:\/\/www.factris.com\/lt\/finansiniu-terminu-zodynas\/balansas\/#breadcrumb\",\"itemListElement\":[{\"@type\":\"ListItem\",\"position\":1,\"name\":\"Home\",\"item\":\"https:\/\/www.factris.com\/lt\/\"},{\"@type\":\"ListItem\",\"position\":2,\"name\":\"Balansas (Finansini\u0173 termin\u0173 \u017eodynas)\"}]},{\"@type\":\"WebSite\",\"@id\":\"https:\/\/www.factris.com\/lt\/#website\",\"url\":\"https:\/\/www.factris.com\/lt\/\",\"name\":\"Factris\",\"description\":\"Your invoices. Our financing.\",\"publisher\":{\"@id\":\"https:\/\/www.factris.com\/lt\/#organization\"},\"potentialAction\":[{\"@type\":\"SearchAction\",\"target\":{\"@type\":\"EntryPoint\",\"urlTemplate\":\"https:\/\/www.factris.com\/lt\/?s={search_term_string}\"},\"query-input\":{\"@type\":\"PropertyValueSpecification\",\"valueRequired\":true,\"valueName\":\"search_term_string\"}}],\"inLanguage\":\"lt-LT\"},{\"@type\":\"Organization\",\"@id\":\"https:\/\/www.factris.com\/lt\/#organization\",\"name\":\"Factris Holding B.V.\",\"url\":\"https:\/\/www.factris.com\/lt\/\",\"logo\":{\"@type\":\"ImageObject\",\"inLanguage\":\"lt-LT\",\"@id\":\"https:\/\/www.factris.com\/lt\/#\/schema\/logo\/image\/\",\"url\":\"https:\/\/www.factris.com\/wp-content\/uploads\/2020\/12\/logo-factris-black.png\",\"contentUrl\":\"https:\/\/www.factris.com\/wp-content\/uploads\/2020\/12\/logo-factris-black.png\",\"width\":400,\"height\":73,\"caption\":\"Factris Holding B.V.\"},\"image\":{\"@id\":\"https:\/\/www.factris.com\/lt\/#\/schema\/logo\/image\/\"},\"sameAs\":[\"https:\/\/www.facebook.com\/factris\",\"https:\/\/x.com\/factris\",\"https:\/\/www.instagram.com\/factrisholding\/\",\"https:\/\/www.linkedin.com\/company\/factrisholding\",\"https:\/\/www.youtube.com\/channel\/UCFupqDt-Xo3EaKYGiqJH1nQ\"]}]}<\/script>\n<!-- \/ Yoast SEO Premium plugin. -->","yoast_head_json":{"title":"Kas yra balansas? | Finansini\u0173 termin\u0173 \u017eodynas | Factris","description":"Kas yra balansas? Pla\u010diau apie balans\u0105 skaitykite finansini\u0173 termin\u0173 \u017eodyne.","robots":{"index":"index","follow":"follow","max-snippet":"max-snippet:-1","max-image-preview":"max-image-preview:large","max-video-preview":"max-video-preview:-1"},"canonical":"https:\/\/www.factris.com\/lt\/finansiniu-terminu-zodynas\/balansas\/","og_locale":"lt_LT","og_type":"article","og_title":"Balansas (Finansini\u0173 termin\u0173 \u017eodynas)","og_description":"Kas yra balansas? Pla\u010diau apie balans\u0105 skaitykite finansini\u0173 termin\u0173 \u017eodyne.","og_url":"https:\/\/www.factris.com\/lt\/finansiniu-terminu-zodynas\/balansas\/","og_site_name":"Factris","article_publisher":"https:\/\/www.facebook.com\/factris","article_modified_time":"2024-09-30T13:26:16+00:00","og_image":[{"width":1200,"height":1200,"url":"https:\/\/www.factris.com\/wp-content\/uploads\/2021\/03\/LT16.png","type":"image\/png"}],"twitter_card":"summary_large_image","twitter_site":"@factris","twitter_misc":{"Est. reading time":"2 minut\u0117s"},"schema":{"@context":"https:\/\/schema.org","@graph":[{"@type":"WebPage","@id":"https:\/\/www.factris.com\/lt\/finansiniu-terminu-zodynas\/balansas\/","url":"https:\/\/www.factris.com\/lt\/finansiniu-terminu-zodynas\/balansas\/","name":"Kas yra balansas? | Finansini\u0173 termin\u0173 \u017eodynas | Factris","isPartOf":{"@id":"https:\/\/www.factris.com\/lt\/#website"},"primaryImageOfPage":{"@id":"https:\/\/www.factris.com\/lt\/finansiniu-terminu-zodynas\/balansas\/#primaryimage"},"image":{"@id":"https:\/\/www.factris.com\/lt\/finansiniu-terminu-zodynas\/balansas\/#primaryimage"},"thumbnailUrl":"https:\/\/www.factris.com\/wp-content\/uploads\/2021\/03\/LT16.png","datePublished":"2024-09-30T13:20:42+00:00","dateModified":"2024-09-30T13:26:16+00:00","description":"Kas yra balansas? Pla\u010diau apie balans\u0105 skaitykite finansini\u0173 termin\u0173 \u017eodyne.","breadcrumb":{"@id":"https:\/\/www.factris.com\/lt\/finansiniu-terminu-zodynas\/balansas\/#breadcrumb"},"inLanguage":"lt-LT","potentialAction":[{"@type":"ReadAction","target":["https:\/\/www.factris.com\/lt\/finansiniu-terminu-zodynas\/balansas\/"]}]},{"@type":"ImageObject","inLanguage":"lt-LT","@id":"https:\/\/www.factris.com\/lt\/finansiniu-terminu-zodynas\/balansas\/#primaryimage","url":"https:\/\/www.factris.com\/wp-content\/uploads\/2021\/03\/LT16.png","contentUrl":"https:\/\/www.factris.com\/wp-content\/uploads\/2021\/03\/LT16.png","width":1200,"height":1200,"caption":"j\u016bs\u0173 s\u0105skaitos m\u016bs\u0173 finansavimas factris"},{"@type":"BreadcrumbList","@id":"https:\/\/www.factris.com\/lt\/finansiniu-terminu-zodynas\/balansas\/#breadcrumb","itemListElement":[{"@type":"ListItem","position":1,"name":"Home","item":"https:\/\/www.factris.com\/lt\/"},{"@type":"ListItem","position":2,"name":"Balansas (Finansini\u0173 termin\u0173 \u017eodynas)"}]},{"@type":"WebSite","@id":"https:\/\/www.factris.com\/lt\/#website","url":"https:\/\/www.factris.com\/lt\/","name":"Factris","description":"Your invoices. Our financing.","publisher":{"@id":"https:\/\/www.factris.com\/lt\/#organization"},"potentialAction":[{"@type":"SearchAction","target":{"@type":"EntryPoint","urlTemplate":"https:\/\/www.factris.com\/lt\/?s={search_term_string}"},"query-input":{"@type":"PropertyValueSpecification","valueRequired":true,"valueName":"search_term_string"}}],"inLanguage":"lt-LT"},{"@type":"Organization","@id":"https:\/\/www.factris.com\/lt\/#organization","name":"Factris Holding B.V.","url":"https:\/\/www.factris.com\/lt\/","logo":{"@type":"ImageObject","inLanguage":"lt-LT","@id":"https:\/\/www.factris.com\/lt\/#\/schema\/logo\/image\/","url":"https:\/\/www.factris.com\/wp-content\/uploads\/2020\/12\/logo-factris-black.png","contentUrl":"https:\/\/www.factris.com\/wp-content\/uploads\/2020\/12\/logo-factris-black.png","width":400,"height":73,"caption":"Factris Holding B.V."},"image":{"@id":"https:\/\/www.factris.com\/lt\/#\/schema\/logo\/image\/"},"sameAs":["https:\/\/www.facebook.com\/factris","https:\/\/x.com\/factris","https:\/\/www.instagram.com\/factrisholding\/","https:\/\/www.linkedin.com\/company\/factrisholding","https:\/\/www.youtube.com\/channel\/UCFupqDt-Xo3EaKYGiqJH1nQ"]}]}},"_links":{"self":[{"href":"https:\/\/www.factris.com\/lt\/wp-json\/wp\/v2\/pages\/33323"}],"collection":[{"href":"https:\/\/www.factris.com\/lt\/wp-json\/wp\/v2\/pages"}],"about":[{"href":"https:\/\/www.factris.com\/lt\/wp-json\/wp\/v2\/types\/page"}],"author":[{"embeddable":true,"href":"https:\/\/www.factris.com\/lt\/wp-json\/wp\/v2\/users\/1"}],"replies":[{"embeddable":true,"href":"https:\/\/www.factris.com\/lt\/wp-json\/wp\/v2\/comments?post=33323"}],"version-history":[{"count":5,"href":"https:\/\/www.factris.com\/lt\/wp-json\/wp\/v2\/pages\/33323\/revisions"}],"predecessor-version":[{"id":33328,"href":"https:\/\/www.factris.com\/lt\/wp-json\/wp\/v2\/pages\/33323\/revisions\/33328"}],"wp:featuredmedia":[{"embeddable":true,"href":"https:\/\/www.factris.com\/lt\/wp-json\/wp\/v2\/media\/8350"}],"wp:attachment":[{"href":"https:\/\/www.factris.com\/lt\/wp-json\/wp\/v2\/media?parent=33323"}],"curies":[{"name":"wp","href":"https:\/\/api.w.org\/{rel}","templated":true}]}}