{"id":4289,"date":"2021-02-15T08:57:01","date_gmt":"2021-02-15T08:57:01","guid":{"rendered":"https:\/\/www.factris.com\/faq\/"},"modified":"2024-02-26T13:09:46","modified_gmt":"2024-02-26T13:09:46","slug":"faq","status":"publish","type":"page","link":"https:\/\/www.factris.com\/nl\/faq\/","title":{"rendered":"FAQ"},"content":{"rendered":"<p>[et_pb_section fb_built=&#8221;1&#8243; _builder_version=&#8221;4.16&#8243; _module_preset=&#8221;default&#8221; background_color=&#8221;#D8DAEE&#8221; z_index=&#8221;9999&#8243; custom_padding=&#8221;||50px|||&#8221; global_colors_info=&#8221;{}&#8221;][et_pb_row use_custom_gutter=&#8221;on&#8221; gutter_width=&#8221;2&#8243; make_equal=&#8221;on&#8221; _builder_version=&#8221;4.16&#8243; _module_preset=&#8221;default&#8221; custom_padding=&#8221;0px||0px||true|false&#8221; global_colors_info=&#8221;{}&#8221;][et_pb_column type=&#8221;4_4&#8243; _builder_version=&#8221;4.16&#8243; _module_preset=&#8221;default&#8221; global_colors_info=&#8221;{}&#8221;][et_pb_text _builder_version=&#8221;4.24.0&#8243; _module_preset=&#8221;default&#8221; header_font=&#8221;|700|||||||&#8221; header_text_color=&#8221;#000A54&#8243; header_font_size=&#8221;46px&#8221; header_2_font=&#8221;|700|||||||&#8221; header_2_text_color=&#8221;#000A54&#8243; header_2_font_size=&#8221;36px&#8221; header_3_font=&#8221;|600|||||||&#8221; header_3_text_align=&#8221;center&#8221; header_3_text_color=&#8221;#ffffff&#8221; header_3_font_size=&#8221;46px&#8221; hover_enabled=&#8221;0&#8243; header_2_line_height_tablet=&#8221;&#8221; header_2_line_height_phone=&#8221;1.4em&#8221; header_2_line_height_last_edited=&#8221;on|phone&#8221; global_colors_info=&#8221;{}&#8221; sticky_enabled=&#8221;0&#8243;]<\/p>\n<h1 style=\"text-align: left;\">Kunnen we je helpen?<\/h1>\n<p>Met behulp van onderstaande links navigeer je eenvoudig op onze pagina \u2018veelgestelde vragen\u2019. Zo vind je snel het antwoord dat je zoekt!<\/p>\n<p>[\/et_pb_text][\/et_pb_column][\/et_pb_row][et_pb_row _builder_version=&#8221;4.16&#8243; _module_preset=&#8221;default&#8221; global_colors_info=&#8221;{}&#8221;][et_pb_column type=&#8221;4_4&#8243; _builder_version=&#8221;4.16&#8243; _module_preset=&#8221;default&#8221; hover_enabled=&#8221;0&#8243; global_colors_info=&#8221;{}&#8221; sticky_enabled=&#8221;0&#8243;][et_pb_accordion db_closeable=&#8221;on&#8221; db_initial_state=&#8221;all_closed&#8221; open_toggle_text_color=&#8221;#000a54&#8243; icon_color=&#8221;#727282&#8243; _builder_version=&#8221;4.24.0&#8243; _module_preset=&#8221;default&#8221; toggle_text_color=&#8221;#000a54&#8243; toggle_level=&#8221;h2&#8243; toggle_font=&#8221;|700|||||||&#8221; toggle_font_size=&#8221;21px&#8221; hover_enabled=&#8221;0&#8243; custom_css_toggle=&#8221;margin-top:10px;||margin-bottom:10px;&#8221; global_colors_info=&#8221;{}&#8221; background_enable_color=&#8221;off&#8221; sticky_enabled=&#8221;0&#8243;][et_pb_accordion_item title=&#8221;Wat is factoring?&#8221; open=&#8221;on&#8221; _builder_version=&#8221;4.16&#8243; _module_preset=&#8221;default&#8221; hover_enabled=&#8221;0&#8243; global_colors_info=&#8221;{}&#8221; sticky_enabled=&#8221;0&#8243;]Factoring is het voorschieten van geld op basis van een bedrijfstransactie. Bij ons type factoring bestaat de transactie uit het uitgeven en aanvaarden van een factuur die we geheel of gedeeltelijk kopen binnen 24 uur. Factris wordt eigenaar van de factuur en zorgt voor het innen en verzekeren ervan, tegen een tarief dat bij aankoop van de factuur wordt betaald in de vorm van een kleine korting op de nominale waarde van de factuur (vanaf 0,5 procent).[\/et_pb_accordion_item][et_pb_accordion_item title=&#8221;Hoe werkt het proces?&#8221; _builder_version=&#8221;4.16&#8243; _module_preset=&#8221;default&#8221; global_colors_info=&#8221;{}&#8221; open=&#8221;off&#8221;]Indien je klant bij ons bent geworden en een factuur wilt laten aankopen plaats je onze cessietekst op jouw factuur. Wanneer jij jouw factuur verstuurd naar de debiteur, dan neem je Factris mee in de CC van de mail, zo kunnen wij zien dat de factuur is verzonden naar jouw debiteur. Vervolgens kun je de factuur en het onderliggende document uploaden in onze online omgeving, daarna volgt de uitbetaling van 90%-95% binnen 24 uur. De overige 5-10% die ontvang je wanneer jouw debiteur betaald heeft minus de factorfee.[\/et_pb_accordion_item][et_pb_accordion_item title=&#8221;Wat kost factoring bij Factris&#8221; _builder_version=&#8221;4.18.0&#8243; _module_preset=&#8221;default&#8221; global_colors_info=&#8221;{}&#8221; open=&#8221;off&#8221;]Ons laagste fee-tarief is 1 procent van de factuurwaarde.<\/p>\n<p>De kosten van factoring zijn gebaseerd op volume en risico, de kosten vari\u00ebren van 1 % tot 3,5% per 30 dagen. De kosten zijn opgebouwd uit een initieel en additioneel bedrag. Het initi\u00eble bedrag geldt voor de eerst afgesproken periode (30 dagen). Het additionele bedrag geld voor elke dag na de initi\u00eble periode.[\/et_pb_accordion_item][et_pb_accordion_item title=&#8221;Hoelang duurt het om mijn aanvraag te beoordelen?&#8221; _builder_version=&#8221;4.16&#8243; _module_preset=&#8221;default&#8221; global_colors_info=&#8221;{}&#8221; open=&#8221;off&#8221;]Nadat we je ingevulde aanvraagformulier hebben ontvangen, wordt je aanvraag binnen een dag verwerkt.<br \/>\nNadat wij jouw documenten hebben ontvangen kunnen we snel schakelen, over het algemeen vindt een beoordeling binnen \u00e9\u00e9n werkdag plaats.[\/et_pb_accordion_item][et_pb_accordion_item title=&#8221;Moet ik al mijn facturen financieren?&#8221; _builder_version=&#8221;4.16&#8243; _module_preset=&#8221;default&#8221; global_colors_info=&#8221;{}&#8221; open=&#8221;off&#8221;]Je kunt al je facturen of een deel daarvan aan ons verkopen, zoals overeengekomen met je accountmanager.[\/et_pb_accordion_item][et_pb_accordion_item title=&#8221;Wat merken mijn klanten ervan?&#8221; _builder_version=&#8221;4.16&#8243; _module_preset=&#8221;default&#8221; hover_enabled=&#8221;0&#8243; global_colors_info=&#8221;{}&#8221; open=&#8221;off&#8221; sticky_enabled=&#8221;0&#8243;]Samen met jou bepalen we hoe we gezamenlijk met jouw klanten omgaan. We nemen alleen contact met hen op met jouw toestemming. Met onze jarenlange ervaring hebben we te maken gehad met geweldige klanten, maar ook met moeilijke klanten die te laat betalen. Onze communicatie blijft te allen tijde professioneel. Op basis van wat we overeenkomen bepalen we of onze betalingsinformatie wordt getoond op de factuur.[\/et_pb_accordion_item][et_pb_accordion_item title=&#8221;Hoe hoog is het voorschot dat ik op mijn facturen krijg?&#8221; _builder_version=&#8221;4.16&#8243; _module_preset=&#8221;default&#8221; global_colors_info=&#8221;{}&#8221; open=&#8221;off&#8221;]We verstrekken maximaal 100 procent van de factuur minus onze fee voor de dienstverlening.[\/et_pb_accordion_item][et_pb_accordion_item title=&#8221;Waarin verschilt factoring van geld lenen?&#8221; _builder_version=&#8221;4.16&#8243; _module_preset=&#8221;default&#8221; global_colors_info=&#8221;{}&#8221; open=&#8221;off&#8221;]Factoring is een flexibele financieringsfaciliteit die meegroeit met je bedrijf en zeer bruikbaar is voor liquiditeit op korte termijn, terwijl een lening normaal gesproken inflexibel is en voor de langere termijn. Vaak sluit je een maximaal leenbedrag af en betaal je rente, ook als je op dat moment niet het volledige bedrag nodig hebt. Boekhoudkundig betekent een lening dat je een verplichting hebt jegens de geldgever, terwijl factoring niet uit de balans blijkt en de verantwoordelijkheid is van het factoringbedrijf. Met factoring kun je nagenoeg onbeperkt groeien. [\/et_pb_accordion_item][et_pb_accordion_item title=&#8221;Moet ik een overeenkomst tekenen voor factoringdiensten?&#8221; _builder_version=&#8221;4.16&#8243; _module_preset=&#8221;default&#8221; global_colors_info=&#8221;{}&#8221; open=&#8221;off&#8221;]Om de laagst mogelijke tarieven te kunnen bieden voor diensten op het gebied van debiteuren- en kredietbeheer, hebben we een overeenkomst nodig. De voorwaarden daarvan bespreek je met je persoonlijke accountmanager die deze aanpast aan je specifieke behoeften.[\/et_pb_accordion_item][et_pb_accordion_item title=&#8221;Hoe werkt de aanvraagprocedure?&#8221; _builder_version=&#8221;4.16&#8243; _module_preset=&#8221;default&#8221; global_colors_info=&#8221;{}&#8221; open=&#8221;off&#8221;]De aanvraagprocedure is vrij eenvoudig en snel, en tegelijk persoonlijk. Je begint met het verstrekken van basisinformatie over de jaaromzet van je bedrijf, het benodigde financieringsbedrag, de gemiddelde tijd waarbinnen je facturen worden betaald en je bedrijfsgegevens. Dit gebeurt online. Binnen vijf minuten sturen we je een offerte met een overzicht van de fees. Indien je met dit overzicht akkoord gaat, krijg je een persoonlijke accountmanager die samen met jou kijkt wat nu je echte bedrijfsbehoeften zijn en die je nadere uitleg geeft over debiteuren- en kredietbeheer. Je accountmanager helpt je bij het aanmeldproces, inclusief de verwerking van aanvullende informatie over je bedrijf en economische eigenaren.[\/et_pb_accordion_item][et_pb_accordion_item title=&#8221;Wat gebeurt er wanneer mijn klant niet betaalt?&#8221; _builder_version=&#8221;4.16&#8243; _module_preset=&#8221;default&#8221; global_colors_info=&#8221;{}&#8221; open=&#8221;off&#8221;]Wanneer jouw klant niet betaald, dan nemen we eerst contact op met jou om te kijken waar het probleem ligt. Sommige ondernemers vinden het belangrijk om de klantrelatie te onderhouden en willen zelf contact opnemen met de klant. Debiteurenbeheer is maatwerk en wordt in overleg met jou ingericht.[\/et_pb_accordion_item][et_pb_accordion_item title=&#8221;De bank heeft mijn aanvraag voor een lening afgewezen. Kan ik dan nog financiering van Factris krijgen?&#8221; _builder_version=&#8221;4.16&#8243; _module_preset=&#8221;default&#8221; global_colors_info=&#8221;{}&#8221; open=&#8221;off&#8221;]Ja, dat kan! We zijn er om bedrijven te helpen waar banken dat niet kunnen.[\/et_pb_accordion_item][et_pb_accordion_item title=&#8221;Hoelang duurt het voordat ik een betaling op mijn bankrekening ontvang?&#8221; _builder_version=&#8221;4.16&#8243; _module_preset=&#8221;default&#8221; global_colors_info=&#8221;{}&#8221; open=&#8221;off&#8221;]De betaling gebeurt op dezelfde werkdag van aankoop[\/et_pb_accordion_item][et_pb_accordion_item title=&#8221;Kan ik voor de initi\u00eble periode ook een kortere termijn afspreken&#8221; _builder_version=&#8221;4.16&#8243; _module_preset=&#8221;default&#8221; global_colors_info=&#8221;{}&#8221; open=&#8221;off&#8221;]Ja dat kan, als jouw klanten altijd met 14 dagen betalen, dan kunnen wij maatwerk leveren.[\/et_pb_accordion_item][et_pb_accordion_item title=&#8221;Wat voor facturen kan ik indienen?&#8221; _builder_version=&#8221;4.16&#8243; _module_preset=&#8221;default&#8221; global_colors_info=&#8221;{}&#8221; open=&#8221;off&#8221;]Je kunt facturen indienen voor goederen en diensten waarvan de levering is bevestigd.<br \/>\nVoor elke afgeronde zakelijke dienst kun je de facturen laten aankopen. Een afgeronde dienst is een dienst die aantoonbaar is afgerond door middel van een onderliggend stuk. Denk hierbij aan een urenbriefje bij een uitzendwerknemer en aan een CMR-bon bij een afgeleverd transport. [\/et_pb_accordion_item][et_pb_accordion_item title=&#8221;Hoeveel bedraagt de financiering waar ik toegang toe heb?&#8221; _builder_version=&#8221;4.16&#8243; _module_preset=&#8221;default&#8221; global_colors_info=&#8221;{}&#8221; open=&#8221;off&#8221;]We kunnen maximaal 5 miljoen aan financiering bieden, afhankelijk van je behoeften.<br \/>\nWe kunnen een maximaal bedrag van 12 miljoen euro op jaarbasis aan financiering bieden. De maximale faciliteit (fundinglijn) is 1 miljoen. Bij Factris is er geen sprake van een minimum factuur bedrag[\/et_pb_accordion_item][et_pb_accordion_item title=&#8221;Waarin verschilt Factris van andere factoringbedrijven?&#8221; _builder_version=&#8221;4.16&#8243; _module_preset=&#8221;default&#8221; hover_enabled=&#8221;0&#8243; global_colors_info=&#8221;{}&#8221; open=&#8221;off&#8221; sticky_enabled=&#8221;0&#8243;]<\/p>\n<p>We onderscheiden ons met onze persoonlijke dienstverlening in combinatie met lage kosten. Normaliter proberen bedrijven door automatisering de mensen uit het proces te bezuinigen. Wij zorgen voor geautomatiseerde tools die onze persoonlijke accountmanagers ondersteunen, zodat ze tijd hebben om jou te helpen.<\/p>\n<p> Factris verschilt met andere factoringbedrijven, ieder factorbedrijf heeft zijn eigen manier van werken. Bij Factris zijn wij flexibel en leveren wij maatwerk. Zo kun je als ondernemer zelf bepalen welke factuur jij wel of niet laat aankopen en welke debiteur jij wel of niet onderbrengt. Ook kan je zelf bepalen op welke dag je een factuur laat aankopen, hierdoor kun je de kosten drukken.<\/p>\n<p>[\/et_pb_accordion_item][et_pb_accordion_item title=&#8221;Wanneer kom ik in aanmerking voor factoring bij Factris?&#8221; _builder_version=&#8221;4.16&#8243; _module_preset=&#8221;default&#8221; global_colors_info=&#8221;{}&#8221; open=&#8221;off&#8221;]<\/p>\n<p>Onze criteria zijn heel flexibel. We werken voor bedrijven in alle stadia van hun groei, bedrijven van verschillende omvang en met uiteenlopende bedrijfsmodellen.<\/p>\n<p>Je komt in aanmerking voor factoring<\/p>\n<ol>\n<li>Indien je bedrijf minimaal 6 maanden bestaat<\/li>\n<li>Indien je de minimale omzet behaald van 50.000 euro op jaarbasis<\/li>\n<li>Indien je bedrijf is gevestigd in de Benelux.<\/li>\n<li>Indien jouw debiteuren zijn gevestigd in de OESO landen.<\/li>\n<\/ol>\n<p>[\/et_pb_accordion_item][\/et_pb_accordion][\/et_pb_column][\/et_pb_row][\/et_pb_section][et_pb_section fb_built=&#8221;1&#8243; _builder_version=&#8221;4.16&#8243; _module_preset=&#8221;default&#8221; background_color=&#8221;#000A54&#8243; custom_padding=&#8221;20vh||20vh||true|false&#8221; global_colors_info=&#8221;{}&#8221;][et_pb_row _builder_version=&#8221;4.16&#8243; _module_preset=&#8221;default&#8221; custom_padding=&#8221;0px||0px||true|false&#8221; global_colors_info=&#8221;{}&#8221;][et_pb_column type=&#8221;4_4&#8243; _builder_version=&#8221;4.16&#8243; _module_preset=&#8221;default&#8221; global_colors_info=&#8221;{}&#8221;][et_pb_text _builder_version=&#8221;4.16&#8243; _module_preset=&#8221;default&#8221; header_font=&#8221;|700|||||||&#8221; header_text_color=&#8221;#ffffff&#8221; header_font_size=&#8221;46px&#8221; header_line_height=&#8221;2em&#8221; header_2_font=&#8221;|700|||||||&#8221; header_2_text_color=&#8221;#ffffff&#8221; header_2_font_size=&#8221;46px&#8221; header_3_font=&#8221;|700|||||||&#8221; header_3_text_align=&#8221;center&#8221; header_3_text_color=&#8221;#ffffff&#8221; header_3_font_size=&#8221;25px&#8221; header_font_tablet=&#8221;&#8221; header_font_phone=&#8221;&#8221; header_font_last_edited=&#8221;on|desktop&#8221; header_line_height_tablet=&#8221;1.8em&#8221; header_line_height_phone=&#8221;1.4em&#8221; header_line_height_last_edited=&#8221;on|phone&#8221; header_2_font_size_tablet=&#8221;&#8221; header_2_font_size_phone=&#8221;32px&#8221; header_2_font_size_last_edited=&#8221;on|phone&#8221; header_3_font_tablet=&#8221;&#8221; header_3_font_phone=&#8221;&#8221; header_3_font_last_edited=&#8221;on|phone&#8221; header_3_line_height_tablet=&#8221;&#8221; header_3_line_height_phone=&#8221;1.8em&#8221; header_3_line_height_last_edited=&#8221;on|phone&#8221; global_colors_info=&#8221;{}&#8221;]<\/p>\n<h2 style=\"text-align: center;\">Focus op het succes van uw bedrijf<\/h2>\n<p>&nbsp;<\/p>\n<h3 style=\"text-align: center;\"><span>Zet met factoring uw openstaande facturen snel om in werkkapitaal<\/span><\/h3>\n<p>[\/et_pb_text][et_pb_button button_url=&#8221;\/nl\/geschiktheid\/&#8221; button_text=&#8221;Iets voor mij?&#8221; button_alignment=&#8221;center&#8221; module_class=&#8221;btn-tertiary-2&#8243; _builder_version=&#8221;4.16&#8243; _module_preset=&#8221;default&#8221; custom_button=&#8221;on&#8221; button_text_color=&#8221;#ffffff&#8221; button_bg_color=&#8221;rgba(0,0,0,0)&#8221; button_font=&#8221;||||on||||&#8221; button_icon=&#8221;&#x24;||divi||400&#8243; button_icon_color=&#8221;#ffffff&#8221; button_on_hover=&#8221;off&#8221; custom_margin=&#8221;||20px|||&#8221; custom_padding=&#8221;0px|0px|0px|0px|true|true&#8221; global_colors_info=&#8221;{}&#8221;][\/et_pb_button][et_pb_button button_url=&#8221;https:\/\/onboarding.factris.com\/nl\/sign-up&#8221; button_text=&#8221;Start nu&#8221; button_alignment=&#8221;center&#8221; _builder_version=&#8221;4.16&#8243; _module_preset=&#8221;default&#8221; button_icon=&#8221;&#x24;||divi||400&#8243; button_icon_color=&#8221;#353540&#8243; button_on_hover=&#8221;off&#8221; custom_margin=&#8221;||18px|||&#8221; custom_padding=&#8221;10px|40px|10px|25px|true|false&#8221; global_colors_info=&#8221;{}&#8221; custom_padding__hover_enabled=&#8221;on|hover&#8221; custom_padding__hover=&#8221;|50px|||true|false&#8221;][\/et_pb_button][\/et_pb_column][\/et_pb_row][\/et_pb_section]<\/p>\n","protected":false},"excerpt":{"rendered":"<p>Kunnen we je helpen? Met behulp van onderstaande links navigeer je eenvoudig op onze pagina \u2018veelgestelde vragen\u2019. Zo vind je snel het antwoord dat je zoekt!Factoring is het voorschieten van geld op basis van een bedrijfstransactie. Bij ons type factoring bestaat de transactie uit het uitgeven en aanvaarden van een factuur die we geheel of [&hellip;]<\/p>\n","protected":false},"author":1,"featured_media":11204,"parent":0,"menu_order":0,"comment_status":"closed","ping_status":"closed","template":"","meta":{"_et_pb_use_builder":"on","_et_pb_old_content":"","_et_gb_content_width":"","footnotes":""},"yoast_head":"<!-- This site is optimized with the Yoast SEO Premium plugin v22.2 (Yoast SEO v24.5) - https:\/\/yoast.com\/wordpress\/plugins\/seo\/ -->\n<title>Veelgestelde vragen over factoring of Factris. Zoek hier uw antwoord<\/title>\n<meta name=\"description\" content=\"Met behulp van onderstaande links navigeer je eenvoudig op onze pagina \u2018veelgestelde vragen\u2019. Zo vind je snel het antwoord dat je zoekt!\" \/>\n<meta name=\"robots\" content=\"index, follow, max-snippet:-1, max-image-preview:large, max-video-preview:-1\" \/>\n<link rel=\"canonical\" href=\"https:\/\/www.factris.com\/nl\/faq\/\" \/>\n<meta property=\"og:locale\" content=\"nl_NL\" \/>\n<meta property=\"og:type\" content=\"article\" \/>\n<meta property=\"og:title\" content=\"FAQ\" \/>\n<meta property=\"og:description\" content=\"Met behulp van onderstaande links navigeer je eenvoudig op onze pagina \u2018veelgestelde vragen\u2019. Zo vind je snel het antwoord dat je zoekt!\" \/>\n<meta property=\"og:url\" content=\"https:\/\/www.factris.com\/nl\/faq\/\" \/>\n<meta property=\"og:site_name\" content=\"Factris\" \/>\n<meta property=\"article:publisher\" content=\"https:\/\/www.facebook.com\/factris\" \/>\n<meta property=\"article:modified_time\" content=\"2024-02-26T13:09:46+00:00\" \/>\n<meta property=\"og:image\" content=\"https:\/\/www.factris.com\/wp-content\/uploads\/2021\/06\/NL12.png\" \/>\n\t<meta property=\"og:image:width\" content=\"1200\" \/>\n\t<meta property=\"og:image:height\" content=\"1200\" \/>\n\t<meta property=\"og:image:type\" content=\"image\/png\" \/>\n<meta name=\"twitter:card\" content=\"summary_large_image\" \/>\n<meta name=\"twitter:site\" content=\"@factris\" \/>\n<meta name=\"twitter:label1\" content=\"Geschatte leestijd\" \/>\n\t<meta name=\"twitter:data1\" content=\"6 minuten\" \/>\n<script type=\"application\/ld+json\" class=\"yoast-schema-graph\">{\"@context\":\"https:\/\/schema.org\",\"@graph\":[{\"@type\":\"WebPage\",\"@id\":\"https:\/\/www.factris.com\/nl\/faq\/\",\"url\":\"https:\/\/www.factris.com\/nl\/faq\/\",\"name\":\"Veelgestelde vragen over factoring of Factris. Zoek hier uw antwoord\",\"isPartOf\":{\"@id\":\"https:\/\/www.factris.com\/nl\/#website\"},\"primaryImageOfPage\":{\"@id\":\"https:\/\/www.factris.com\/nl\/faq\/#primaryimage\"},\"image\":{\"@id\":\"https:\/\/www.factris.com\/nl\/faq\/#primaryimage\"},\"thumbnailUrl\":\"https:\/\/www.factris.com\/wp-content\/uploads\/2021\/06\/NL12.png\",\"datePublished\":\"2021-02-15T08:57:01+00:00\",\"dateModified\":\"2024-02-26T13:09:46+00:00\",\"description\":\"Met behulp van onderstaande links navigeer je eenvoudig op onze pagina \u2018veelgestelde vragen\u2019. Zo vind je snel het antwoord dat je zoekt!\",\"breadcrumb\":{\"@id\":\"https:\/\/www.factris.com\/nl\/faq\/#breadcrumb\"},\"inLanguage\":\"nl-NL\",\"potentialAction\":[{\"@type\":\"ReadAction\",\"target\":[\"https:\/\/www.factris.com\/nl\/faq\/\"]}]},{\"@type\":\"ImageObject\",\"inLanguage\":\"nl-NL\",\"@id\":\"https:\/\/www.factris.com\/nl\/faq\/#primaryimage\",\"url\":\"https:\/\/www.factris.com\/wp-content\/uploads\/2021\/06\/NL12.png\",\"contentUrl\":\"https:\/\/www.factris.com\/wp-content\/uploads\/2021\/06\/NL12.png\",\"width\":1200,\"height\":1200,\"caption\":\"factris-jouw facturen-onze-financiering\"},{\"@type\":\"BreadcrumbList\",\"@id\":\"https:\/\/www.factris.com\/nl\/faq\/#breadcrumb\",\"itemListElement\":[{\"@type\":\"ListItem\",\"position\":1,\"name\":\"Home\",\"item\":\"https:\/\/www.factris.com\/nl\/\"},{\"@type\":\"ListItem\",\"position\":2,\"name\":\"FAQ\"}]},{\"@type\":\"WebSite\",\"@id\":\"https:\/\/www.factris.com\/nl\/#website\",\"url\":\"https:\/\/www.factris.com\/nl\/\",\"name\":\"Factris\",\"description\":\"Your invoices. Our financing.\",\"publisher\":{\"@id\":\"https:\/\/www.factris.com\/nl\/#organization\"},\"potentialAction\":[{\"@type\":\"SearchAction\",\"target\":{\"@type\":\"EntryPoint\",\"urlTemplate\":\"https:\/\/www.factris.com\/nl\/?s={search_term_string}\"},\"query-input\":{\"@type\":\"PropertyValueSpecification\",\"valueRequired\":true,\"valueName\":\"search_term_string\"}}],\"inLanguage\":\"nl-NL\"},{\"@type\":\"Organization\",\"@id\":\"https:\/\/www.factris.com\/nl\/#organization\",\"name\":\"Factris Holding B.V.\",\"url\":\"https:\/\/www.factris.com\/nl\/\",\"logo\":{\"@type\":\"ImageObject\",\"inLanguage\":\"nl-NL\",\"@id\":\"https:\/\/www.factris.com\/nl\/#\/schema\/logo\/image\/\",\"url\":\"https:\/\/www.factris.com\/wp-content\/uploads\/2020\/12\/logo-factris-black.png\",\"contentUrl\":\"https:\/\/www.factris.com\/wp-content\/uploads\/2020\/12\/logo-factris-black.png\",\"width\":400,\"height\":73,\"caption\":\"Factris Holding B.V.\"},\"image\":{\"@id\":\"https:\/\/www.factris.com\/nl\/#\/schema\/logo\/image\/\"},\"sameAs\":[\"https:\/\/www.facebook.com\/factris\",\"https:\/\/x.com\/factris\",\"https:\/\/www.instagram.com\/factrisholding\/\",\"https:\/\/www.linkedin.com\/company\/factrisholding\",\"https:\/\/www.youtube.com\/channel\/UCFupqDt-Xo3EaKYGiqJH1nQ\"]}]}<\/script>\n<!-- \/ Yoast SEO Premium plugin. -->","yoast_head_json":{"title":"Veelgestelde vragen over factoring of Factris. Zoek hier uw antwoord","description":"Met behulp van onderstaande links navigeer je eenvoudig op onze pagina \u2018veelgestelde vragen\u2019. Zo vind je snel het antwoord dat je zoekt!","robots":{"index":"index","follow":"follow","max-snippet":"max-snippet:-1","max-image-preview":"max-image-preview:large","max-video-preview":"max-video-preview:-1"},"canonical":"https:\/\/www.factris.com\/nl\/faq\/","og_locale":"nl_NL","og_type":"article","og_title":"FAQ","og_description":"Met behulp van onderstaande links navigeer je eenvoudig op onze pagina \u2018veelgestelde vragen\u2019. Zo vind je snel het antwoord dat je zoekt!","og_url":"https:\/\/www.factris.com\/nl\/faq\/","og_site_name":"Factris","article_publisher":"https:\/\/www.facebook.com\/factris","article_modified_time":"2024-02-26T13:09:46+00:00","og_image":[{"width":1200,"height":1200,"url":"https:\/\/www.factris.com\/wp-content\/uploads\/2021\/06\/NL12.png","type":"image\/png"}],"twitter_card":"summary_large_image","twitter_site":"@factris","twitter_misc":{"Geschatte leestijd":"6 minuten"},"schema":{"@context":"https:\/\/schema.org","@graph":[{"@type":"WebPage","@id":"https:\/\/www.factris.com\/nl\/faq\/","url":"https:\/\/www.factris.com\/nl\/faq\/","name":"Veelgestelde vragen over factoring of Factris. Zoek hier uw antwoord","isPartOf":{"@id":"https:\/\/www.factris.com\/nl\/#website"},"primaryImageOfPage":{"@id":"https:\/\/www.factris.com\/nl\/faq\/#primaryimage"},"image":{"@id":"https:\/\/www.factris.com\/nl\/faq\/#primaryimage"},"thumbnailUrl":"https:\/\/www.factris.com\/wp-content\/uploads\/2021\/06\/NL12.png","datePublished":"2021-02-15T08:57:01+00:00","dateModified":"2024-02-26T13:09:46+00:00","description":"Met behulp van onderstaande links navigeer je eenvoudig op onze pagina \u2018veelgestelde vragen\u2019. Zo vind je snel het antwoord dat je zoekt!","breadcrumb":{"@id":"https:\/\/www.factris.com\/nl\/faq\/#breadcrumb"},"inLanguage":"nl-NL","potentialAction":[{"@type":"ReadAction","target":["https:\/\/www.factris.com\/nl\/faq\/"]}]},{"@type":"ImageObject","inLanguage":"nl-NL","@id":"https:\/\/www.factris.com\/nl\/faq\/#primaryimage","url":"https:\/\/www.factris.com\/wp-content\/uploads\/2021\/06\/NL12.png","contentUrl":"https:\/\/www.factris.com\/wp-content\/uploads\/2021\/06\/NL12.png","width":1200,"height":1200,"caption":"factris-jouw facturen-onze-financiering"},{"@type":"BreadcrumbList","@id":"https:\/\/www.factris.com\/nl\/faq\/#breadcrumb","itemListElement":[{"@type":"ListItem","position":1,"name":"Home","item":"https:\/\/www.factris.com\/nl\/"},{"@type":"ListItem","position":2,"name":"FAQ"}]},{"@type":"WebSite","@id":"https:\/\/www.factris.com\/nl\/#website","url":"https:\/\/www.factris.com\/nl\/","name":"Factris","description":"Your invoices. Our financing.","publisher":{"@id":"https:\/\/www.factris.com\/nl\/#organization"},"potentialAction":[{"@type":"SearchAction","target":{"@type":"EntryPoint","urlTemplate":"https:\/\/www.factris.com\/nl\/?s={search_term_string}"},"query-input":{"@type":"PropertyValueSpecification","valueRequired":true,"valueName":"search_term_string"}}],"inLanguage":"nl-NL"},{"@type":"Organization","@id":"https:\/\/www.factris.com\/nl\/#organization","name":"Factris Holding B.V.","url":"https:\/\/www.factris.com\/nl\/","logo":{"@type":"ImageObject","inLanguage":"nl-NL","@id":"https:\/\/www.factris.com\/nl\/#\/schema\/logo\/image\/","url":"https:\/\/www.factris.com\/wp-content\/uploads\/2020\/12\/logo-factris-black.png","contentUrl":"https:\/\/www.factris.com\/wp-content\/uploads\/2020\/12\/logo-factris-black.png","width":400,"height":73,"caption":"Factris Holding B.V."},"image":{"@id":"https:\/\/www.factris.com\/nl\/#\/schema\/logo\/image\/"},"sameAs":["https:\/\/www.facebook.com\/factris","https:\/\/x.com\/factris","https:\/\/www.instagram.com\/factrisholding\/","https:\/\/www.linkedin.com\/company\/factrisholding","https:\/\/www.youtube.com\/channel\/UCFupqDt-Xo3EaKYGiqJH1nQ"]}]}},"_links":{"self":[{"href":"https:\/\/www.factris.com\/nl\/wp-json\/wp\/v2\/pages\/4289"}],"collection":[{"href":"https:\/\/www.factris.com\/nl\/wp-json\/wp\/v2\/pages"}],"about":[{"href":"https:\/\/www.factris.com\/nl\/wp-json\/wp\/v2\/types\/page"}],"author":[{"embeddable":true,"href":"https:\/\/www.factris.com\/nl\/wp-json\/wp\/v2\/users\/1"}],"replies":[{"embeddable":true,"href":"https:\/\/www.factris.com\/nl\/wp-json\/wp\/v2\/comments?post=4289"}],"version-history":[{"count":8,"href":"https:\/\/www.factris.com\/nl\/wp-json\/wp\/v2\/pages\/4289\/revisions"}],"predecessor-version":[{"id":29064,"href":"https:\/\/www.factris.com\/nl\/wp-json\/wp\/v2\/pages\/4289\/revisions\/29064"}],"wp:featuredmedia":[{"embeddable":true,"href":"https:\/\/www.factris.com\/nl\/wp-json\/wp\/v2\/media\/11204"}],"wp:attachment":[{"href":"https:\/\/www.factris.com\/nl\/wp-json\/wp\/v2\/media?parent=4289"}],"curies":[{"name":"wp","href":"https:\/\/api.w.org\/{rel}","templated":true}]}}