{"id":19412,"date":"2022-10-31T11:04:14","date_gmt":"2022-10-31T11:04:14","guid":{"rendered":"https:\/\/www.factris.com\/newsletter-2\/"},"modified":"2024-04-18T14:20:21","modified_gmt":"2024-04-18T14:20:21","slug":"newsletter","status":"publish","type":"page","link":"https:\/\/www.factris.com\/pl\/newsletter\/","title":{"rendered":"Newsletter"},"content":{"rendered":"<p>[et_pb_section fb_built=&#8221;1&#8243; _builder_version=&#8221;4.16&#8243; _module_preset=&#8221;default&#8221; position_origin_f=&#8221;top_center&#8221; z_index=&#8221;9999&#8243; custom_padding=&#8221;||||false|false&#8221; sticky_limit_top=&#8221;body&#8221; global_colors_info=&#8221;{}&#8221; background_enable_color=&#8221;off&#8221; use_background_color_gradient=&#8221;on&#8221; background_color_gradient_stops=&#8221;#ffe5f4 50%|#ff7cc6 100%&#8221; background_enable_image=&#8221;off&#8221; background_size=&#8221;initial&#8221;][et_pb_row column_structure=&#8221;1_2,1_2&#8243; use_custom_gutter=&#8221;on&#8221; gutter_width=&#8221;2&#8243; module_class=&#8221;home-start&#8221; _builder_version=&#8221;4.16&#8243; _module_preset=&#8221;default&#8221; custom_margin=&#8221;||||false|false&#8221; custom_margin_tablet=&#8221;&#8221; custom_margin_phone=&#8221;-100px||-50px||false|false&#8221; custom_margin_last_edited=&#8221;on|phone&#8221; custom_padding=&#8221;10vh||10vh||true|false&#8221; global_colors_info=&#8221;{}&#8221; background_enable_image=&#8221;off&#8221; background_size=&#8221;contain&#8221; background_position=&#8221;top_right&#8221;][et_pb_column type=&#8221;1_2&#8243; module_class=&#8221;start-slogan&#8221; _builder_version=&#8221;4.16&#8243; _module_preset=&#8221;default&#8221; global_colors_info=&#8221;{}&#8221;][et_pb_text _builder_version=&#8221;4.20.4&#8243; _module_preset=&#8221;default&#8221; text_text_color=&#8221;#1c0140&#8243; header_font=&#8221;|700|||||||&#8221; header_text_color=&#8221;#1c0140&#8243; header_line_height=&#8221;1.2em&#8221; header_2_font_size=&#8221;36px&#8221; header_3_font=&#8221;|700|||||||&#8221; header_3_text_color=&#8221;#1c0140&#8243; header_3_font_size=&#8221;25px&#8221; header_3_line_height=&#8221;1.3em&#8221; header_4_font_size=&#8221;21px&#8221; header_5_font=&#8221;|700|||||||&#8221; header_5_text_color=&#8221;#1c0140&#8243; header_5_font_size=&#8221;18px&#8221; header_5_line_height=&#8221;1.2em&#8221; custom_padding=&#8221;||15px||false|false&#8221; header_font_size_tablet=&#8221;&#8221; header_font_size_phone=&#8221;44px&#8221; header_font_size_last_edited=&#8221;on|phone&#8221; global_colors_info=&#8221;{}&#8221;]<\/p>\n<h1 style=\"padding-bottom: 25px;\"><span data-contrast=\"none\" xml:lang=\"PL\" lang=\"PL\" class=\"TextRun SCXW236968937 BCX0\"><span class=\"NormalTextRun SCXW236968937 BCX0\">Subskrypcja newslettera<\/span><\/span><\/h1>\n<p><span data-contrast=\"none\" xml:lang=\"PL\" lang=\"PL\" class=\"TextRun SCXW248102643 BCX0\"><span class=\"NormalTextRun SCXW248102643 BCX0\">Poznaj<\/span><span class=\"NormalTextRun SCXW248102643 BCX0\"> <\/span><span class=\"NormalTextRun SCXW248102643 BCX0\">istotne<\/span><span class=\"NormalTextRun SCXW248102643 BCX0\"> informacje biznesowe w biuletynie<\/span><span class=\"NormalTextRun SCXW248102643 BCX0\"> od Factris<\/span><span class=\"NormalTextRun SCXW248102643 BCX0\">. <\/span><span class=\"NormalTextRun SCXW248102643 BCX0\">B\u0105d\u017a <\/span><span class=\"NormalTextRun SCXW248102643 BCX0\">na bie\u017c\u0105co i id\u017a naprz\u00f3d dzi\u0119ki <\/span><span class=\"NormalTextRun SCXW248102643 BCX0\">aktualnym<\/span><span class=\"NormalTextRun SCXW248102643 BCX0\"> wiadomo\u015bciom finansowym, <\/span><span class=\"NormalTextRun SCXW248102643 BCX0\">informacjach o trendach <\/span><span class=\"NormalTextRun SCXW248102643 BCX0\">biznesowy<\/span><span class=\"NormalTextRun SCXW248102643 BCX0\">ch<\/span><span class=\"NormalTextRun SCXW248102643 BCX0\"> i porad<\/span><span class=\"NormalTextRun SCXW248102643 BCX0\">ami<\/span><span class=\"NormalTextRun SCXW248102643 BCX0\"> ekspert\u00f3w. Dodatkowo b\u0105d\u017a pierwszym, kt\u00f3ry dowie si\u0119 o specjalnych ofertach <\/span><span class=\"NormalTextRun SCXW248102643 BCX0\">o<\/span><span class=\"NormalTextRun SCXW248102643 BCX0\">d Factris.<\/span><\/span><span class=\"EOP SCXW248102643 BCX0\" data-ccp-props=\"{&quot;201341983&quot;:0,&quot;335559739&quot;:0,&quot;335559740&quot;:240}\">\u00a0<\/span><\/p>\n<p>[\/et_pb_text][et_pb_signup provider=&#8221;mailerlite&#8221; mailerlite_list=&#8221;arturasbabusis@factriscom|111513929&#8243; first_name_field=&#8221;off&#8221; last_name_field=&#8221;off&#8221; success_message=&#8221;Thank you for subscribing to our newsletter!&#8221; button_text=&#8221;Subskrybuj teraz&#8221; footer_content=&#8221;<\/p>\n<p data-pm-slice=%221 1 %91%93%22>Klikaj\u0105c przycisk, zgadzasz si\u0119, aby Factris przechowywa\u0142, przetwarza\u0142 i wykorzystywa\u0142 Twoje dane w celu dostarczania informacji w zgodzie z <a href=%22https:\/\/www.factris.com\/pl\/polityka-prywatnosci\/%22 class=%22ProsemirrorEditor-link%22><span style=%22text-decoration: underline;%22>polityk\u0105 prywatno\u015bci<\/span><\/a>.<\/p>\n<p>&#8221; _builder_version=&#8221;4.24.0&#8243; _module_preset=&#8221;default&#8221; form_field_custom_padding=&#8221;20px||20px||true|false&#8221; body_font_size=&#8221;16px&#8221; result_message_font=&#8221;Lora|700|||||||&#8221; result_message_text_color=&#8221;#FFFFFF&#8221; result_message_font_size=&#8221;27px&#8221; custom_button=&#8221;on&#8221; button_icon=&#8221;&#x24;||divi||400&#8243; button_on_hover=&#8221;off&#8221; button_custom_margin=&#8221;||18px||false|true&#8221; button_custom_padding=&#8221;10px|40px|10px|28px|true|false&#8221; width=&#8221;100%&#8221; custom_css_main_element=&#8221;padding:0px !important&#8221; custom_css_newsletter_button=&#8221;width:40%;&#8221; border_radii_fields=&#8221;on|5px|5px|5px|5px&#8221; global_colors_info=&#8221;{}&#8221; custom_css_newsletter_button_last_edited=&#8221;on|phone&#8221; custom_css_newsletter_button_phone=&#8221;width:100%;&#8221; custom_css_newsletter_button_tablet=&#8221;width:40%;&#8221; form_field_background_color=&#8221;#FFFFFF&#8221; background_color=&#8221;RGBA(0,0,0,0)&#8221; background_layout=&#8221;light&#8221; hover_enabled=&#8221;0&#8243; sticky_enabled=&#8221;0&#8243;][\/et_pb_signup][\/et_pb_column][et_pb_column type=&#8221;1_2&#8243; module_class=&#8221;home-start&#8221; _builder_version=&#8221;4.16&#8243; _module_preset=&#8221;default&#8221; global_colors_info=&#8221;{}&#8221;][et_pb_image src=&#8221;https:\/\/www.factris.com\/wp-content\/uploads\/2024\/04\/BG_hand-with-phone.png&#8221; title_text=&#8221;BG_hand-with-phone&#8221; align=&#8221;center&#8221; disabled_on=&#8221;off|off|off&#8221; module_class=&#8221;wicon&#8221; _builder_version=&#8221;4.24.0&#8243; _module_preset=&#8221;default&#8221; width=&#8221;70%&#8221; scroll_vertical_motion=&#8221;0|50|60|100|0|0|3.3&#8243; scroll_fade=&#8221;0|26|68|92|0%|96%|0%&#8221; motion_trigger_start=&#8221;bottom&#8221; scroll_vertical_motion_tablet=&#8221;0|50|50|100|4|0|-0.7&#8243; scroll_vertical_motion_phone=&#8221;0|50|50|100|4|0|0&#8243; scroll_vertical_motion_last_edited=&#8221;on|phone&#8221; scroll_fade_tablet=&#8221;&#8221; scroll_fade_phone=&#8221;0|26|68|100|0%|96%|100%&#8221; scroll_fade_last_edited=&#8221;on|phone&#8221; global_colors_info=&#8221;{}&#8221; locked=&#8221;off&#8221;][\/et_pb_image][\/et_pb_column][\/et_pb_row][\/et_pb_section]<\/p>\n","protected":false},"excerpt":{"rendered":"<p>Subskrypcja newslettera Poznaj istotne informacje biznesowe w biuletynie od Factris. B\u0105d\u017a na bie\u017c\u0105co i id\u017a naprz\u00f3d dzi\u0119ki aktualnym wiadomo\u015bciom finansowym, informacjach o trendach biznesowych i poradami ekspert\u00f3w. Dodatkowo b\u0105d\u017a pierwszym, kt\u00f3ry dowie si\u0119 o specjalnych ofertach od Factris.\u00a0<\/p>\n","protected":false},"author":1,"featured_media":13192,"parent":0,"menu_order":0,"comment_status":"closed","ping_status":"closed","template":"","meta":{"_et_pb_use_builder":"on","_et_pb_old_content":"<!-- wp:divi\/placeholder -->\n[et_pb_section fb_built=\"1\" _builder_version=\"4.9.0\" _module_preset=\"default\" background_color=\"#246051\" use_background_color_gradient=\"on\" background_color_gradient_start=\"#246051\" background_color_gradient_end=\"#043226\" background_enable_image=\"off\" background_size=\"initial\" position_origin_f=\"top_center\" z_index=\"9999\" custom_padding=\"||15px|||\" sticky_limit_top=\"body\"][et_pb_row column_structure=\"1_2,1_2\" use_custom_gutter=\"on\" gutter_width=\"2\" module_class=\"home-start\" _builder_version=\"4.7.6\" _module_preset=\"default\" background_enable_image=\"off\" background_size=\"contain\" background_position=\"top_right\" custom_margin=\"||||false|false\" custom_margin_tablet=\"\" custom_margin_phone=\"-100px||-50px||false|false\" custom_margin_last_edited=\"on|phone\" custom_padding=\"10vh||14vh||false|false\"][et_pb_column type=\"1_2\" module_class=\"start-slogan\" _builder_version=\"4.7.6\" _module_preset=\"default\"][et_pb_text _builder_version=\"4.9.0\" _module_preset=\"default\" text_text_color=\"#ffffff\" header_font=\"|600|||||||\" header_text_color=\"#ffffff\" header_font_size=\"46px\" header_line_height=\"1.2em\" header_3_font=\"|700|||||||\" header_3_text_color=\"#ffffff\" header_3_font_size=\"25px\" header_3_line_height=\"1.3em\" header_5_text_color=\"#ffffff\" header_5_font_size=\"25px\" header_5_line_height=\"1.3em\" custom_margin=\"||40px||false|false\" header_font_size_tablet=\"\" header_font_size_phone=\"44px\" header_font_size_last_edited=\"on|phone\"]<h1 style=\"padding-bottom: 25px;\">Aanmelden voor de nieuwsbrief<\/h1>\nLees de belangrijkste zakelijke inzichten van Factris in onze nieuwsbrief. Houd uw bedrijf up-to-date en ga vooruit met het laatste financieringsnieuws, zakelijke trends en ons deskundig advies. Wees bovendien de eerste die op de hoogte is van speciale aanbiedingen van Factris.[\/et_pb_text][et_pb_signup provider=\"mailerlite\" mailerlite_list=\"arturasbabusis@factriscom|54035996\" first_name_field=\"off\" last_name_field=\"off\" success_message=\"Bedankt voor het abonneren!\" _builder_version=\"4.9.4\" _module_preset=\"default\" form_field_custom_padding=\"20px||20px||true|false\" result_message_font=\"Lora|700|||||||\" result_message_text_color=\"#FFFFFF\" result_message_font_size=\"27px\" background_color=\"RGBA(0,0,0,0)\" custom_button=\"on\" button_custom_margin=\"||||false|true\" button_custom_padding=\"10px||10px||true|true\" width=\"100%\" hover_enabled=\"0\" custom_css_main_element=\"padding:0px !important\" custom_css_newsletter_button=\"width:40%;\" border_radii_fields=\"on|5px|5px|5px|5px\" custom_css_newsletter_button_last_edited=\"on|phone\" custom_css_newsletter_button_phone=\"width:100%;\" custom_css_newsletter_button_tablet=\"width:40%;\" sticky_enabled=\"0\"][\/et_pb_signup][\/et_pb_column][et_pb_column type=\"1_2\" module_class=\"home-start\" _builder_version=\"4.7.6\" _module_preset=\"default\"][et_pb_image src=\"https:\/\/www.factris.com\/wp-content\/uploads\/2021\/03\/newsletter.png\" title_text=\"newsletter\" align=\"center\" disabled_on=\"off|off|off\" module_class=\"wicon\" _builder_version=\"4.9.0\" _module_preset=\"default\" width=\"70%\" scroll_vertical_motion_enable=\"on\" scroll_vertical_motion=\"0|50|60|100|0|0|3.3\" scroll_fade_enable=\"on\" scroll_fade=\"0|26|68|92|0%|96%|0%\" motion_trigger_start=\"bottom\" scroll_vertical_motion_tablet=\"0|50|50|100|4|0|-0.7\" scroll_vertical_motion_phone=\"0|50|50|100|4|0|0\" scroll_vertical_motion_last_edited=\"on|phone\" scroll_fade_tablet=\"\" scroll_fade_phone=\"0|26|68|100|0%|96%|100%\" scroll_fade_last_edited=\"on|phone\"][\/et_pb_image][\/et_pb_column][\/et_pb_row][\/et_pb_section]\n<!-- \/wp:divi\/placeholder -->","_et_gb_content_width":"","footnotes":""},"yoast_head":"<!-- This site is optimized with the Yoast SEO Premium plugin v22.2 (Yoast SEO v24.5) - https:\/\/yoast.com\/wordpress\/plugins\/seo\/ -->\n<title>Newsletter: B\u0105d\u017a na bie\u017c\u0105co dzi\u0119ki finansowym aktualno\u015bci<\/title>\n<meta name=\"description\" content=\"Newsletter: Informuj swoj\u0105 firm\u0119 na bie\u017c\u0105co i rozwijaj si\u0119 dzi\u0119ki najnowszym wiadomo\u015bciom finansowym, trendom biznesowym i poradom ekspert\u00f3w.\" \/>\n<meta name=\"robots\" content=\"index, follow, max-snippet:-1, max-image-preview:large, max-video-preview:-1\" \/>\n<link rel=\"canonical\" href=\"https:\/\/www.factris.com\/pl\/newsletter\/\" \/>\n<meta property=\"og:locale\" content=\"pl_PL\" \/>\n<meta property=\"og:type\" content=\"article\" \/>\n<meta property=\"og:title\" content=\"Newsletter\" \/>\n<meta property=\"og:description\" content=\"Newsletter: Informuj swoj\u0105 firm\u0119 na bie\u017c\u0105co i rozwijaj si\u0119 dzi\u0119ki najnowszym wiadomo\u015bciom finansowym, trendom biznesowym i poradom ekspert\u00f3w.\" \/>\n<meta property=\"og:url\" content=\"https:\/\/www.factris.com\/pl\/newsletter\/\" \/>\n<meta property=\"og:site_name\" content=\"Factris\" \/>\n<meta property=\"article:publisher\" content=\"https:\/\/www.facebook.com\/factris\" \/>\n<meta property=\"article:modified_time\" content=\"2024-04-18T14:20:21+00:00\" \/>\n<meta property=\"og:image\" content=\"https:\/\/www.factris.com\/wp-content\/uploads\/2022\/02\/PL9.png\" \/>\n\t<meta property=\"og:image:width\" content=\"1200\" \/>\n\t<meta property=\"og:image:height\" content=\"1200\" \/>\n\t<meta property=\"og:image:type\" content=\"image\/png\" \/>\n<meta name=\"twitter:card\" content=\"summary_large_image\" \/>\n<meta name=\"twitter:site\" content=\"@factris\" \/>\n<meta name=\"twitter:label1\" content=\"Szacowany czas czytania\" \/>\n\t<meta name=\"twitter:data1\" content=\"1 minuta\" \/>\n<script type=\"application\/ld+json\" class=\"yoast-schema-graph\">{\"@context\":\"https:\/\/schema.org\",\"@graph\":[{\"@type\":\"WebPage\",\"@id\":\"https:\/\/www.factris.com\/pl\/newsletter\/\",\"url\":\"https:\/\/www.factris.com\/pl\/newsletter\/\",\"name\":\"Newsletter: B\u0105d\u017a na bie\u017c\u0105co dzi\u0119ki finansowym aktualno\u015bci\",\"isPartOf\":{\"@id\":\"https:\/\/www.factris.com\/pl\/#website\"},\"primaryImageOfPage\":{\"@id\":\"https:\/\/www.factris.com\/pl\/newsletter\/#primaryimage\"},\"image\":{\"@id\":\"https:\/\/www.factris.com\/pl\/newsletter\/#primaryimage\"},\"thumbnailUrl\":\"https:\/\/www.factris.com\/wp-content\/uploads\/2022\/02\/PL9.png\",\"datePublished\":\"2022-10-31T11:04:14+00:00\",\"dateModified\":\"2024-04-18T14:20:21+00:00\",\"description\":\"Newsletter: Informuj swoj\u0105 firm\u0119 na bie\u017c\u0105co i rozwijaj si\u0119 dzi\u0119ki najnowszym wiadomo\u015bciom finansowym, trendom biznesowym i poradom ekspert\u00f3w.\",\"breadcrumb\":{\"@id\":\"https:\/\/www.factris.com\/pl\/newsletter\/#breadcrumb\"},\"inLanguage\":\"pl-PL\",\"potentialAction\":[{\"@type\":\"ReadAction\",\"target\":[\"https:\/\/www.factris.com\/pl\/newsletter\/\"]}]},{\"@type\":\"ImageObject\",\"inLanguage\":\"pl-PL\",\"@id\":\"https:\/\/www.factris.com\/pl\/newsletter\/#primaryimage\",\"url\":\"https:\/\/www.factris.com\/wp-content\/uploads\/2022\/02\/PL9.png\",\"contentUrl\":\"https:\/\/www.factris.com\/wp-content\/uploads\/2022\/02\/PL9.png\",\"width\":1200,\"height\":1200},{\"@type\":\"BreadcrumbList\",\"@id\":\"https:\/\/www.factris.com\/pl\/newsletter\/#breadcrumb\",\"itemListElement\":[{\"@type\":\"ListItem\",\"position\":1,\"name\":\"Home\",\"item\":\"https:\/\/www.factris.com\/pl\/\"},{\"@type\":\"ListItem\",\"position\":2,\"name\":\"Newsletter\"}]},{\"@type\":\"WebSite\",\"@id\":\"https:\/\/www.factris.com\/pl\/#website\",\"url\":\"https:\/\/www.factris.com\/pl\/\",\"name\":\"Factris\",\"description\":\"Your invoices. Our financing.\",\"publisher\":{\"@id\":\"https:\/\/www.factris.com\/pl\/#organization\"},\"potentialAction\":[{\"@type\":\"SearchAction\",\"target\":{\"@type\":\"EntryPoint\",\"urlTemplate\":\"https:\/\/www.factris.com\/pl\/?s={search_term_string}\"},\"query-input\":{\"@type\":\"PropertyValueSpecification\",\"valueRequired\":true,\"valueName\":\"search_term_string\"}}],\"inLanguage\":\"pl-PL\"},{\"@type\":\"Organization\",\"@id\":\"https:\/\/www.factris.com\/pl\/#organization\",\"name\":\"Factris Holding B.V.\",\"url\":\"https:\/\/www.factris.com\/pl\/\",\"logo\":{\"@type\":\"ImageObject\",\"inLanguage\":\"pl-PL\",\"@id\":\"https:\/\/www.factris.com\/pl\/#\/schema\/logo\/image\/\",\"url\":\"https:\/\/www.factris.com\/wp-content\/uploads\/2020\/12\/logo-factris-black.png\",\"contentUrl\":\"https:\/\/www.factris.com\/wp-content\/uploads\/2020\/12\/logo-factris-black.png\",\"width\":400,\"height\":73,\"caption\":\"Factris Holding B.V.\"},\"image\":{\"@id\":\"https:\/\/www.factris.com\/pl\/#\/schema\/logo\/image\/\"},\"sameAs\":[\"https:\/\/www.facebook.com\/factris\",\"https:\/\/x.com\/factris\",\"https:\/\/www.instagram.com\/factrisholding\/\",\"https:\/\/www.linkedin.com\/company\/factrisholding\",\"https:\/\/www.youtube.com\/channel\/UCFupqDt-Xo3EaKYGiqJH1nQ\"]}]}<\/script>\n<!-- \/ Yoast SEO Premium plugin. -->","yoast_head_json":{"title":"Newsletter: B\u0105d\u017a na bie\u017c\u0105co dzi\u0119ki finansowym aktualno\u015bci","description":"Newsletter: Informuj swoj\u0105 firm\u0119 na bie\u017c\u0105co i rozwijaj si\u0119 dzi\u0119ki najnowszym wiadomo\u015bciom finansowym, trendom biznesowym i poradom ekspert\u00f3w.","robots":{"index":"index","follow":"follow","max-snippet":"max-snippet:-1","max-image-preview":"max-image-preview:large","max-video-preview":"max-video-preview:-1"},"canonical":"https:\/\/www.factris.com\/pl\/newsletter\/","og_locale":"pl_PL","og_type":"article","og_title":"Newsletter","og_description":"Newsletter: Informuj swoj\u0105 firm\u0119 na bie\u017c\u0105co i rozwijaj si\u0119 dzi\u0119ki najnowszym wiadomo\u015bciom finansowym, trendom biznesowym i poradom ekspert\u00f3w.","og_url":"https:\/\/www.factris.com\/pl\/newsletter\/","og_site_name":"Factris","article_publisher":"https:\/\/www.facebook.com\/factris","article_modified_time":"2024-04-18T14:20:21+00:00","og_image":[{"width":1200,"height":1200,"url":"https:\/\/www.factris.com\/wp-content\/uploads\/2022\/02\/PL9.png","type":"image\/png"}],"twitter_card":"summary_large_image","twitter_site":"@factris","twitter_misc":{"Szacowany czas czytania":"1 minuta"},"schema":{"@context":"https:\/\/schema.org","@graph":[{"@type":"WebPage","@id":"https:\/\/www.factris.com\/pl\/newsletter\/","url":"https:\/\/www.factris.com\/pl\/newsletter\/","name":"Newsletter: B\u0105d\u017a na bie\u017c\u0105co dzi\u0119ki finansowym aktualno\u015bci","isPartOf":{"@id":"https:\/\/www.factris.com\/pl\/#website"},"primaryImageOfPage":{"@id":"https:\/\/www.factris.com\/pl\/newsletter\/#primaryimage"},"image":{"@id":"https:\/\/www.factris.com\/pl\/newsletter\/#primaryimage"},"thumbnailUrl":"https:\/\/www.factris.com\/wp-content\/uploads\/2022\/02\/PL9.png","datePublished":"2022-10-31T11:04:14+00:00","dateModified":"2024-04-18T14:20:21+00:00","description":"Newsletter: Informuj swoj\u0105 firm\u0119 na bie\u017c\u0105co i rozwijaj si\u0119 dzi\u0119ki najnowszym wiadomo\u015bciom finansowym, trendom biznesowym i poradom ekspert\u00f3w.","breadcrumb":{"@id":"https:\/\/www.factris.com\/pl\/newsletter\/#breadcrumb"},"inLanguage":"pl-PL","potentialAction":[{"@type":"ReadAction","target":["https:\/\/www.factris.com\/pl\/newsletter\/"]}]},{"@type":"ImageObject","inLanguage":"pl-PL","@id":"https:\/\/www.factris.com\/pl\/newsletter\/#primaryimage","url":"https:\/\/www.factris.com\/wp-content\/uploads\/2022\/02\/PL9.png","contentUrl":"https:\/\/www.factris.com\/wp-content\/uploads\/2022\/02\/PL9.png","width":1200,"height":1200},{"@type":"BreadcrumbList","@id":"https:\/\/www.factris.com\/pl\/newsletter\/#breadcrumb","itemListElement":[{"@type":"ListItem","position":1,"name":"Home","item":"https:\/\/www.factris.com\/pl\/"},{"@type":"ListItem","position":2,"name":"Newsletter"}]},{"@type":"WebSite","@id":"https:\/\/www.factris.com\/pl\/#website","url":"https:\/\/www.factris.com\/pl\/","name":"Factris","description":"Your invoices. Our financing.","publisher":{"@id":"https:\/\/www.factris.com\/pl\/#organization"},"potentialAction":[{"@type":"SearchAction","target":{"@type":"EntryPoint","urlTemplate":"https:\/\/www.factris.com\/pl\/?s={search_term_string}"},"query-input":{"@type":"PropertyValueSpecification","valueRequired":true,"valueName":"search_term_string"}}],"inLanguage":"pl-PL"},{"@type":"Organization","@id":"https:\/\/www.factris.com\/pl\/#organization","name":"Factris Holding B.V.","url":"https:\/\/www.factris.com\/pl\/","logo":{"@type":"ImageObject","inLanguage":"pl-PL","@id":"https:\/\/www.factris.com\/pl\/#\/schema\/logo\/image\/","url":"https:\/\/www.factris.com\/wp-content\/uploads\/2020\/12\/logo-factris-black.png","contentUrl":"https:\/\/www.factris.com\/wp-content\/uploads\/2020\/12\/logo-factris-black.png","width":400,"height":73,"caption":"Factris Holding B.V."},"image":{"@id":"https:\/\/www.factris.com\/pl\/#\/schema\/logo\/image\/"},"sameAs":["https:\/\/www.facebook.com\/factris","https:\/\/x.com\/factris","https:\/\/www.instagram.com\/factrisholding\/","https:\/\/www.linkedin.com\/company\/factrisholding","https:\/\/www.youtube.com\/channel\/UCFupqDt-Xo3EaKYGiqJH1nQ"]}]}},"_links":{"self":[{"href":"https:\/\/www.factris.com\/pl\/wp-json\/wp\/v2\/pages\/19412"}],"collection":[{"href":"https:\/\/www.factris.com\/pl\/wp-json\/wp\/v2\/pages"}],"about":[{"href":"https:\/\/www.factris.com\/pl\/wp-json\/wp\/v2\/types\/page"}],"author":[{"embeddable":true,"href":"https:\/\/www.factris.com\/pl\/wp-json\/wp\/v2\/users\/1"}],"replies":[{"embeddable":true,"href":"https:\/\/www.factris.com\/pl\/wp-json\/wp\/v2\/comments?post=19412"}],"version-history":[{"count":765,"href":"https:\/\/www.factris.com\/pl\/wp-json\/wp\/v2\/pages\/19412\/revisions"}],"predecessor-version":[{"id":31125,"href":"https:\/\/www.factris.com\/pl\/wp-json\/wp\/v2\/pages\/19412\/revisions\/31125"}],"wp:featuredmedia":[{"embeddable":true,"href":"https:\/\/www.factris.com\/pl\/wp-json\/wp\/v2\/media\/13192"}],"wp:attachment":[{"href":"https:\/\/www.factris.com\/pl\/wp-json\/wp\/v2\/media?parent=19412"}],"curies":[{"name":"wp","href":"https:\/\/api.w.org\/{rel}","templated":true}]}}