{"id":21753,"date":"2023-01-10T14:11:05","date_gmt":"2023-01-10T14:11:05","guid":{"rendered":"https:\/\/www.factris.com\/?page_id=21753"},"modified":"2024-04-10T16:59:59","modified_gmt":"2024-04-10T16:59:59","slug":"nagrody","status":"publish","type":"page","link":"https:\/\/www.factris.com\/pl\/nagrody\/","title":{"rendered":"Nagrody"},"content":{"rendered":"<p>[et_pb_section fb_built=&#8221;1&#8243; _builder_version=&#8221;4.24.0&#8243; _module_preset=&#8221;default&#8221; background_color=&#8221;#f7efff&#8221; z_index=&#8221;9999&#8243; custom_padding=&#8221;||||false|false&#8221; hover_enabled=&#8221;0&#8243; global_colors_info=&#8221;{}&#8221; sticky_enabled=&#8221;0&#8243;][et_pb_row use_custom_gutter=&#8221;on&#8221; gutter_width=&#8221;2&#8243; make_equal=&#8221;on&#8221; _builder_version=&#8221;4.24.0&#8243; _module_preset=&#8221;default&#8221; custom_padding=&#8221;||||true|false&#8221; hover_enabled=&#8221;0&#8243; global_colors_info=&#8221;{}&#8221; sticky_enabled=&#8221;0&#8243;][et_pb_column type=&#8221;4_4&#8243; _builder_version=&#8221;4.16&#8243; _module_preset=&#8221;default&#8221; global_colors_info=&#8221;{}&#8221;][et_pb_text _builder_version=&#8221;4.24.0&#8243; _module_preset=&#8221;default&#8221; header_font=&#8221;|700|||||||&#8221; header_text_color=&#8221;#000A54&#8243; header_2_font=&#8221;|700|||||||&#8221; header_2_text_color=&#8221;#000A54&#8243; header_2_font_size=&#8221;36px&#8221; header_3_font=&#8221;|600|||||||&#8221; header_3_text_align=&#8221;center&#8221; header_3_text_color=&#8221;#ffffff&#8221; header_3_font_size=&#8221;46px&#8221; hover_enabled=&#8221;0&#8243; header_2_line_height_tablet=&#8221;&#8221; header_2_line_height_phone=&#8221;1.4em&#8221; header_2_line_height_last_edited=&#8221;on|phone&#8221; global_colors_info=&#8221;{}&#8221; sticky_enabled=&#8221;0&#8243;]<\/p>\n<h1 style=\"text-align: left;\">Nagrody<\/h1>\n<p>[\/et_pb_text][\/et_pb_column][\/et_pb_row][\/et_pb_section][et_pb_section fb_built=&#8221;1&#8243; _builder_version=&#8221;4.24.0&#8243; _module_preset=&#8221;default&#8221; background_color=&#8221;#FFFFFF&#8221; z_index=&#8221;9999&#8243; custom_padding=&#8221;||||false|false&#8221; saved_tabs=&#8221;all&#8221; global_colors_info=&#8221;{}&#8221; theme_builder_area=&#8221;post_content&#8221;][et_pb_row _builder_version=&#8221;4.24.0&#8243; _module_preset=&#8221;default&#8221; global_colors_info=&#8221;{}&#8221; theme_builder_area=&#8221;post_content&#8221;][et_pb_column type=&#8221;4_4&#8243; _builder_version=&#8221;4.24.0&#8243; _module_preset=&#8221;default&#8221; global_colors_info=&#8221;{}&#8221; theme_builder_area=&#8221;post_content&#8221;][et_pb_gallery gallery_ids=&#8221;30612,20432,20418,20419,20417,20416,20434,20414,20415,20421,28494,28493,28491,20439,20438,30552,30553,20411,20412,30554,30556,20413,20420,28497,28496,20431&#8243; posts_number=&#8221;25&#8243; dbdb_version=&#8221;4.4.0&#8243; show_title_and_caption=&#8221;off&#8221; show_pagination=&#8221;off&#8221; _builder_version=&#8221;4.24.0&#8243; _module_preset=&#8221;default&#8221; global_colors_info=&#8221;{}&#8221; theme_builder_area=&#8221;post_content&#8221;][\/et_pb_gallery][\/et_pb_column][\/et_pb_row][\/et_pb_section]<\/p>\n","protected":false},"excerpt":{"rendered":"<p>Nagrody<\/p>\n","protected":false},"author":1,"featured_media":13194,"parent":0,"menu_order":0,"comment_status":"closed","ping_status":"closed","template":"","meta":{"_et_pb_use_builder":"on","_et_pb_old_content":"[et_pb_section fb_built=\"1\" _builder_version=\"4.18.0\" _module_preset=\"default\" background_color=\"#FFFFFF\" z_index=\"9999\" custom_padding=\"||50px|||\" global_colors_info=\"{}\"][et_pb_row use_custom_gutter=\"on\" gutter_width=\"2\" make_equal=\"on\" _builder_version=\"4.16\" _module_preset=\"default\" custom_padding=\"0px||0px||true|false\" global_colors_info=\"{}\"][et_pb_column type=\"4_4\" _builder_version=\"4.16\" _module_preset=\"default\" global_colors_info=\"{}\"][et_pb_text _builder_version=\"4.18.0\" _module_preset=\"default\" header_font=\"|600|||||||\" header_text_color=\"#000A54\" header_font_size=\"46px\" header_2_font=\"|700|||||||\" header_2_text_color=\"#000A54\" header_2_font_size=\"36px\" header_3_font=\"|600|||||||\" header_3_text_align=\"center\" header_3_text_color=\"#ffffff\" header_3_font_size=\"46px\" hover_enabled=\"0\" header_2_line_height_tablet=\"\" header_2_line_height_phone=\"1.4em\" header_2_line_height_last_edited=\"on|phone\" global_colors_info=\"{}\" sticky_enabled=\"0\"]\n<h1 style=\"text-align: left;\">Apdovanojimai<\/h1>\n[\/et_pb_text][\/et_pb_column][\/et_pb_row][et_pb_row column_structure=\"1_5,1_5,1_5,1_5,1_5\" use_custom_gutter=\"on\" gutter_width=\"2\" make_equal=\"on\" _builder_version=\"4.18.0\" _module_preset=\"default\" global_colors_info=\"{}\"][et_pb_column type=\"1_5\" _builder_version=\"4.18.0\" _module_preset=\"default\" global_colors_info=\"{}\"][et_pb_image src=\"https:\/\/www.factris.com\/wp-content\/uploads\/2023\/03\/Progress-champion-2022.svg\" title_text=\"20. Gamechangers Progress Champion Awards 2022\" url=\"https:\/\/awards.acq5.com\/33\" url_new_window=\"on\" align=\"center\" _builder_version=\"4.18.0\" _module_preset=\"default\" global_colors_info=\"{}\"][\/et_pb_image][\/et_pb_column][et_pb_column type=\"1_5\" _builder_version=\"4.18.0\" _module_preset=\"default\" global_colors_info=\"{}\"][et_pb_image src=\"https:\/\/www.factris.com\/wp-content\/uploads\/2023\/03\/IE-100.svg\" title_text=\"International Elite 100 Awards 2022\" url=\"https:\/\/internationalelite100.com\/\" url_new_window=\"on\" align=\"center\" _builder_version=\"4.18.0\" _module_preset=\"default\" custom_css_main_element=\"width:160px;\" global_colors_info=\"{}\"][\/et_pb_image][\/et_pb_column][et_pb_column type=\"1_5\" _builder_version=\"4.18.0\" _module_preset=\"default\" global_colors_info=\"{}\"][et_pb_image src=\"https:\/\/www.factris.com\/wp-content\/uploads\/2023\/03\/Fintech-2022.svg\" title_text=\"Fintech Awards - Fintech Innovation - Brian Reaves 2022\" url=\"https:\/\/www.wealthandfinance-news.com\/awards\/fintech-awards\/\" url_new_window=\"on\" align=\"center\" _builder_version=\"4.18.0\" _module_preset=\"default\" custom_css_main_element=\"width:170px;\" global_colors_info=\"{}\"][\/et_pb_image][\/et_pb_column][et_pb_column type=\"1_5\" _builder_version=\"4.18.0\" _module_preset=\"default\" global_colors_info=\"{}\"][et_pb_image src=\"https:\/\/www.factris.com\/wp-content\/uploads\/2023\/03\/2022-Business-Excellence-Awards.svg\" title_text=\"Business Excellence Awards - Most Innovative SME Factoring Specialists 2022\" url=\"https:\/\/www.acquisition-international.com\/winners\/factris-holding-b-v-3\/\" url_new_window=\"on\" align=\"center\" _builder_version=\"4.18.0\" _module_preset=\"default\" global_colors_info=\"{}\"][\/et_pb_image][\/et_pb_column][et_pb_column type=\"1_5\" _builder_version=\"4.18.0\" _module_preset=\"default\" global_colors_info=\"{}\"][et_pb_image src=\"https:\/\/www.factris.com\/wp-content\/uploads\/2023\/03\/Corporate-vision.svg\" title_text=\"Corporate Excellence Awards - Best SME Financing Solutions Company 2022\" url=\"https:\/\/www.corporatevision-news.com\/\" url_new_window=\"on\" align=\"center\" _builder_version=\"4.18.0\" _module_preset=\"default\" global_colors_info=\"{}\"][\/et_pb_image][\/et_pb_column][\/et_pb_row][et_pb_row column_structure=\"1_5,1_5,1_5,1_5,1_5\" use_custom_gutter=\"on\" gutter_width=\"2\" make_equal=\"on\" _builder_version=\"4.18.0\" _module_preset=\"default\" global_colors_info=\"{}\"][et_pb_column type=\"1_5\" _builder_version=\"4.18.0\" _module_preset=\"default\" global_colors_info=\"{}\"][et_pb_image src=\"https:\/\/www.factris.com\/wp-content\/uploads\/2023\/03\/Go-Global.svg\" title_text=\"15. Go Global Awards - 1st Place Trade Finance 2021\" url=\"https:\/\/goglobalawards.org\/\" url_new_window=\"on\" align=\"center\" _builder_version=\"4.18.0\" _module_preset=\"default\" global_colors_info=\"{}\"][\/et_pb_image][\/et_pb_column][et_pb_column type=\"1_5\" _builder_version=\"4.18.0\" _module_preset=\"default\" global_colors_info=\"{}\"][et_pb_image src=\"https:\/\/www.factris.com\/wp-content\/uploads\/2023\/03\/Fintech-awards-2021.svg\" title_text=\"Fintech Awards - Most Innovative SME Financing Solutions Provider 2021\" url=\"https:\/\/www.wealthandfinance-news.com\/issues\/fintech-awards-2021\/2\/\" url_new_window=\"on\" align=\"center\" _builder_version=\"4.18.0\" _module_preset=\"default\" global_colors_info=\"{}\"][\/et_pb_image][\/et_pb_column][et_pb_column type=\"1_5\" _builder_version=\"4.18.0\" _module_preset=\"default\" global_colors_info=\"{}\"][et_pb_image src=\"https:\/\/www.factris.com\/wp-content\/uploads\/2023\/03\/Innovation-awards.svg\" title_text=\"CorporateLiveWire Innovation &amp; Excellence Awards 2021\" url=\"https:\/\/www.corporatelivewire.com\/awards.html?award=189\" url_new_window=\"on\" align=\"center\" _builder_version=\"4.18.0\" _module_preset=\"default\" custom_css_main_element=\"width:180px;\" global_colors_info=\"{}\"][\/et_pb_image][\/et_pb_column][et_pb_column type=\"1_5\" _builder_version=\"4.18.0\" _module_preset=\"default\" global_colors_info=\"{}\"][et_pb_image src=\"https:\/\/www.factris.com\/wp-content\/uploads\/2023\/03\/Fintech-innovation-2021.svg\" title_text=\"Finance Monthly Fintech Awards - Fintech Innovation 2021\" url=\"https:\/\/fintechawards.finance-monthly.com\/\" url_new_window=\"on\" align=\"center\" _builder_version=\"4.18.0\" _module_preset=\"default\" custom_css_main_element=\"width:170px;\" global_colors_info=\"{}\"][\/et_pb_image][\/et_pb_column][et_pb_column type=\"1_5\" _builder_version=\"4.18.0\" _module_preset=\"default\" global_colors_info=\"{}\"][et_pb_image src=\"https:\/\/www.factris.com\/wp-content\/uploads\/2023\/03\/Business-Excellence-2021.svg\" title_text=\"11. Business Excellence Awards - Best Accessible Finance Services 2021\" url=\"https:\/\/www.acquisition-international.com\/winners\/factris-holding-b-v-2\/\" url_new_window=\"on\" align=\"center\" _builder_version=\"4.18.0\" _module_preset=\"default\" global_colors_info=\"{}\"][\/et_pb_image][\/et_pb_column][\/et_pb_row][et_pb_row column_structure=\"1_5,1_5,1_5,1_5,1_5\" use_custom_gutter=\"on\" gutter_width=\"2\" make_equal=\"on\" _builder_version=\"4.18.0\" _module_preset=\"default\" global_colors_info=\"{}\"][et_pb_column type=\"1_5\" _builder_version=\"4.18.0\" _module_preset=\"default\" global_colors_info=\"{}\"][et_pb_image src=\"https:\/\/www.factris.com\/wp-content\/uploads\/2023\/03\/Corporate-Excellence-2021.svg\" title_text=\"Corporate Excellence Awards - Best European SME Financing Specialists - 2021\" url=\"https:\/\/www.corporatevision-news.com\/winners\/factris-holding-b-v\/\" url_new_window=\"on\" align=\"center\" _builder_version=\"4.18.0\" _module_preset=\"default\" global_colors_info=\"{}\"][\/et_pb_image][\/et_pb_column][et_pb_column type=\"1_5\" _builder_version=\"4.18.0\" _module_preset=\"default\" global_colors_info=\"{}\"][et_pb_image src=\"https:\/\/www.factris.com\/wp-content\/uploads\/2023\/03\/Global-100.svg\" title_text=\"Global 100 - CEO of the Year - Brian Reaves 2020\" url=\"https:\/\/www.emgpublishinggroup.com\/global_100_winners\" url_new_window=\"on\" align=\"center\" _builder_version=\"4.18.0\" _module_preset=\"default\" global_colors_info=\"{}\"][\/et_pb_image][\/et_pb_column][et_pb_column type=\"1_5\" _builder_version=\"4.18.0\" _module_preset=\"default\" global_colors_info=\"{}\"][et_pb_image src=\"https:\/\/www.factris.com\/wp-content\/uploads\/2023\/03\/Gamechanger-2020.svg\" title_text=\"ACQ5 Global Awards - Gamechanger of the Year - Brian Reaves 2020\" url=\"https:\/\/awards.acq5.com\/\" url_new_window=\"on\" align=\"center\" _builder_version=\"4.18.0\" _module_preset=\"default\" global_colors_info=\"{}\"][\/et_pb_image][\/et_pb_column][et_pb_column type=\"1_5\" _builder_version=\"4.18.0\" _module_preset=\"default\" global_colors_info=\"{}\"][et_pb_image src=\"https:\/\/www.factris.com\/wp-content\/uploads\/2022\/12\/7.-ACQ5-Global-Awards-Factoring-Lender-of-the-Year-2020.png\" title_text=\"ACQ5 Global Awards - Factoring Lender of the Year 2020\" url=\"https:\/\/www.acq5.com\/\" url_new_window=\"on\" align=\"center\" _builder_version=\"4.18.0\" _module_preset=\"default\" global_colors_info=\"{}\"][\/et_pb_image][\/et_pb_column][et_pb_column type=\"1_5\" _builder_version=\"4.18.0\" _module_preset=\"default\" global_colors_info=\"{}\"][et_pb_image src=\"https:\/\/www.factris.com\/wp-content\/uploads\/2023\/03\/2020-Business-excellence-awards.svg\" title_text=\"Business Excellence Awards - Best Alternative SME Financing Solutions Provider 2020\" url=\"https:\/\/www.acquisition-international.com\/winners\/factris-holding-b-v\/\" url_new_window=\"on\" align=\"center\" _builder_version=\"4.18.0\" _module_preset=\"default\" global_colors_info=\"{}\"][\/et_pb_image][\/et_pb_column][\/et_pb_row][et_pb_row column_structure=\"1_5,1_5,1_5,1_5,1_5\" use_custom_gutter=\"on\" gutter_width=\"2\" make_equal=\"on\" _builder_version=\"4.18.0\" _module_preset=\"default\" global_colors_info=\"{}\"][et_pb_column type=\"1_5\" _builder_version=\"4.18.0\" _module_preset=\"default\" global_colors_info=\"{}\"][et_pb_image src=\"https:\/\/www.factris.com\/wp-content\/uploads\/2022\/12\/5.-Amsterdam-Prestige-Awards-SME-Working-Capital-Provider-of-the-Year-2020.png\" title_text=\"Amsterdam Prestige Awards - SME Working Capital Provider of the Year 2020\" url=\"https:\/\/prestigeawards.co.uk\/awards\/netherlands-prestige-awards-2020\/\" url_new_window=\"on\" align=\"center\" _builder_version=\"4.18.0\" _module_preset=\"default\" global_colors_info=\"{}\"][\/et_pb_image][\/et_pb_column][et_pb_column type=\"1_5\" _builder_version=\"4.18.0\" _module_preset=\"default\" global_colors_info=\"{}\"][et_pb_image src=\"https:\/\/www.factris.com\/wp-content\/uploads\/2023\/03\/European-enterprise-awards.svg\" title_text=\"European Enterprise Awards - Most Innovative SME Capital Provider 2019\" url=\"https:\/\/www.eubusinessnews.com\/winners\/factris-holding-b-v\/\" url_new_window=\"on\" align=\"center\" _builder_version=\"4.18.0\" _module_preset=\"default\" global_colors_info=\"{}\"][\/et_pb_image][\/et_pb_column][et_pb_column type=\"1_5\" _builder_version=\"4.18.0\" _module_preset=\"default\" global_colors_info=\"{}\"][et_pb_image src=\"https:\/\/www.factris.com\/wp-content\/uploads\/2022\/12\/3.-European-Business-Awards-2019-One-to-Watch.jpg\" title_text=\"European Business Awards 2019 - One to Watch\" url=\"https:\/\/www.businessawardseurope.com\/otw\/entry\/one-to-watch-2019\/27760\" url_new_window=\"on\" align=\"center\" _builder_version=\"4.18.0\" _module_preset=\"default\" global_colors_info=\"{}\"][\/et_pb_image][\/et_pb_column][et_pb_column type=\"1_5\" _builder_version=\"4.18.0\" _module_preset=\"default\" global_colors_info=\"{}\"][et_pb_image src=\"https:\/\/www.factris.com\/wp-content\/uploads\/2023\/03\/Corporate-Excellence-2019.svg\" title_text=\"Corporate Excellence Awards - Most Client-Focused SME Financing Solutions Provider - 2019\" url=\"https:\/\/www.corporatevision-news.com\/winners\/2020-factris-holding-b-v\/\" url_new_window=\"on\" align=\"center\" _builder_version=\"4.18.0\" _module_preset=\"default\" global_colors_info=\"{}\"][\/et_pb_image][\/et_pb_column][et_pb_column type=\"1_5\" _builder_version=\"4.18.0\" _module_preset=\"default\" global_colors_info=\"{}\"][et_pb_image src=\"https:\/\/www.factris.com\/wp-content\/uploads\/2023\/03\/CEO-awards-2019.svg\" title_text=\"Finance Monthly CEO Awards 2019\" url=\"https:\/\/ceoawards.finance-monthly.com\/winners-edition\/\" url_new_window=\"on\" align=\"center\" _builder_version=\"4.18.0\" _module_preset=\"default\" custom_css_main_element=\"width:180px\" global_colors_info=\"{}\"][\/et_pb_image][\/et_pb_column][\/et_pb_row][\/et_pb_section]","_et_gb_content_width":"","footnotes":""},"yoast_head":"<!-- This site is optimized with the Yoast SEO Premium plugin v22.2 (Yoast SEO v24.5) - https:\/\/yoast.com\/wordpress\/plugins\/seo\/ -->\n<title>Nagrody. Najwa\u017cniejsze momenty w historii Factris.<\/title>\n<meta name=\"description\" content=\"Naszym celem jest, by wzmocni\u0107 pozycj\u0119 ma\u0142ych i \u015brednich przedsi\u0119biorstw dzi\u0119ki faktoringowi oraz spersonalizowanemu doradztwu.\" \/>\n<meta name=\"robots\" content=\"index, follow, max-snippet:-1, max-image-preview:large, max-video-preview:-1\" \/>\n<link rel=\"canonical\" href=\"https:\/\/www.factris.com\/pl\/nagrody\/\" \/>\n<meta property=\"og:locale\" content=\"pl_PL\" \/>\n<meta property=\"og:type\" content=\"article\" \/>\n<meta property=\"og:title\" content=\"Nagrody\" \/>\n<meta property=\"og:description\" content=\"Naszym celem jest, by wzmocni\u0107 pozycj\u0119 ma\u0142ych i \u015brednich przedsi\u0119biorstw dzi\u0119ki faktoringowi oraz spersonalizowanemu doradztwu.\" \/>\n<meta property=\"og:url\" content=\"https:\/\/www.factris.com\/pl\/nagrody\/\" \/>\n<meta property=\"og:site_name\" content=\"Factris\" \/>\n<meta property=\"article:publisher\" content=\"https:\/\/www.facebook.com\/factris\" \/>\n<meta property=\"article:modified_time\" content=\"2024-04-10T16:59:59+00:00\" \/>\n<meta property=\"og:image\" content=\"https:\/\/www.factris.com\/wp-content\/uploads\/2022\/02\/PL11.png\" \/>\n\t<meta property=\"og:image:width\" content=\"1200\" \/>\n\t<meta property=\"og:image:height\" content=\"1200\" \/>\n\t<meta property=\"og:image:type\" content=\"image\/png\" \/>\n<meta name=\"twitter:card\" content=\"summary_large_image\" \/>\n<meta name=\"twitter:site\" content=\"@factris\" \/>\n<meta name=\"twitter:label1\" content=\"Szacowany czas czytania\" \/>\n\t<meta name=\"twitter:data1\" content=\"2 minuty\" \/>\n<script type=\"application\/ld+json\" class=\"yoast-schema-graph\">{\"@context\":\"https:\/\/schema.org\",\"@graph\":[{\"@type\":\"WebPage\",\"@id\":\"https:\/\/www.factris.com\/pl\/nagrody\/\",\"url\":\"https:\/\/www.factris.com\/pl\/nagrody\/\",\"name\":\"Nagrody. Najwa\u017cniejsze momenty w historii Factris.\",\"isPartOf\":{\"@id\":\"https:\/\/www.factris.com\/pl\/#website\"},\"primaryImageOfPage\":{\"@id\":\"https:\/\/www.factris.com\/pl\/nagrody\/#primaryimage\"},\"image\":{\"@id\":\"https:\/\/www.factris.com\/pl\/nagrody\/#primaryimage\"},\"thumbnailUrl\":\"https:\/\/www.factris.com\/wp-content\/uploads\/2022\/02\/PL11.png\",\"datePublished\":\"2023-01-10T14:11:05+00:00\",\"dateModified\":\"2024-04-10T16:59:59+00:00\",\"description\":\"Naszym celem jest, by wzmocni\u0107 pozycj\u0119 ma\u0142ych i \u015brednich przedsi\u0119biorstw dzi\u0119ki faktoringowi oraz spersonalizowanemu doradztwu.\",\"breadcrumb\":{\"@id\":\"https:\/\/www.factris.com\/pl\/nagrody\/#breadcrumb\"},\"inLanguage\":\"pl-PL\",\"potentialAction\":[{\"@type\":\"ReadAction\",\"target\":[\"https:\/\/www.factris.com\/pl\/nagrody\/\"]}]},{\"@type\":\"ImageObject\",\"inLanguage\":\"pl-PL\",\"@id\":\"https:\/\/www.factris.com\/pl\/nagrody\/#primaryimage\",\"url\":\"https:\/\/www.factris.com\/wp-content\/uploads\/2022\/02\/PL11.png\",\"contentUrl\":\"https:\/\/www.factris.com\/wp-content\/uploads\/2022\/02\/PL11.png\",\"width\":1200,\"height\":1200},{\"@type\":\"BreadcrumbList\",\"@id\":\"https:\/\/www.factris.com\/pl\/nagrody\/#breadcrumb\",\"itemListElement\":[{\"@type\":\"ListItem\",\"position\":1,\"name\":\"Home\",\"item\":\"https:\/\/www.factris.com\/pl\/\"},{\"@type\":\"ListItem\",\"position\":2,\"name\":\"Nagrody\"}]},{\"@type\":\"WebSite\",\"@id\":\"https:\/\/www.factris.com\/pl\/#website\",\"url\":\"https:\/\/www.factris.com\/pl\/\",\"name\":\"Factris\",\"description\":\"Your invoices. Our financing.\",\"publisher\":{\"@id\":\"https:\/\/www.factris.com\/pl\/#organization\"},\"potentialAction\":[{\"@type\":\"SearchAction\",\"target\":{\"@type\":\"EntryPoint\",\"urlTemplate\":\"https:\/\/www.factris.com\/pl\/?s={search_term_string}\"},\"query-input\":{\"@type\":\"PropertyValueSpecification\",\"valueRequired\":true,\"valueName\":\"search_term_string\"}}],\"inLanguage\":\"pl-PL\"},{\"@type\":\"Organization\",\"@id\":\"https:\/\/www.factris.com\/pl\/#organization\",\"name\":\"Factris Holding B.V.\",\"url\":\"https:\/\/www.factris.com\/pl\/\",\"logo\":{\"@type\":\"ImageObject\",\"inLanguage\":\"pl-PL\",\"@id\":\"https:\/\/www.factris.com\/pl\/#\/schema\/logo\/image\/\",\"url\":\"https:\/\/www.factris.com\/wp-content\/uploads\/2020\/12\/logo-factris-black.png\",\"contentUrl\":\"https:\/\/www.factris.com\/wp-content\/uploads\/2020\/12\/logo-factris-black.png\",\"width\":400,\"height\":73,\"caption\":\"Factris Holding B.V.\"},\"image\":{\"@id\":\"https:\/\/www.factris.com\/pl\/#\/schema\/logo\/image\/\"},\"sameAs\":[\"https:\/\/www.facebook.com\/factris\",\"https:\/\/x.com\/factris\",\"https:\/\/www.instagram.com\/factrisholding\/\",\"https:\/\/www.linkedin.com\/company\/factrisholding\",\"https:\/\/www.youtube.com\/channel\/UCFupqDt-Xo3EaKYGiqJH1nQ\"]}]}<\/script>\n<!-- \/ Yoast SEO Premium plugin. -->","yoast_head_json":{"title":"Nagrody. Najwa\u017cniejsze momenty w historii Factris.","description":"Naszym celem jest, by wzmocni\u0107 pozycj\u0119 ma\u0142ych i \u015brednich przedsi\u0119biorstw dzi\u0119ki faktoringowi oraz spersonalizowanemu doradztwu.","robots":{"index":"index","follow":"follow","max-snippet":"max-snippet:-1","max-image-preview":"max-image-preview:large","max-video-preview":"max-video-preview:-1"},"canonical":"https:\/\/www.factris.com\/pl\/nagrody\/","og_locale":"pl_PL","og_type":"article","og_title":"Nagrody","og_description":"Naszym celem jest, by wzmocni\u0107 pozycj\u0119 ma\u0142ych i \u015brednich przedsi\u0119biorstw dzi\u0119ki faktoringowi oraz spersonalizowanemu doradztwu.","og_url":"https:\/\/www.factris.com\/pl\/nagrody\/","og_site_name":"Factris","article_publisher":"https:\/\/www.facebook.com\/factris","article_modified_time":"2024-04-10T16:59:59+00:00","og_image":[{"width":1200,"height":1200,"url":"https:\/\/www.factris.com\/wp-content\/uploads\/2022\/02\/PL11.png","type":"image\/png"}],"twitter_card":"summary_large_image","twitter_site":"@factris","twitter_misc":{"Szacowany czas czytania":"2 minuty"},"schema":{"@context":"https:\/\/schema.org","@graph":[{"@type":"WebPage","@id":"https:\/\/www.factris.com\/pl\/nagrody\/","url":"https:\/\/www.factris.com\/pl\/nagrody\/","name":"Nagrody. Najwa\u017cniejsze momenty w historii Factris.","isPartOf":{"@id":"https:\/\/www.factris.com\/pl\/#website"},"primaryImageOfPage":{"@id":"https:\/\/www.factris.com\/pl\/nagrody\/#primaryimage"},"image":{"@id":"https:\/\/www.factris.com\/pl\/nagrody\/#primaryimage"},"thumbnailUrl":"https:\/\/www.factris.com\/wp-content\/uploads\/2022\/02\/PL11.png","datePublished":"2023-01-10T14:11:05+00:00","dateModified":"2024-04-10T16:59:59+00:00","description":"Naszym celem jest, by wzmocni\u0107 pozycj\u0119 ma\u0142ych i \u015brednich przedsi\u0119biorstw dzi\u0119ki faktoringowi oraz spersonalizowanemu doradztwu.","breadcrumb":{"@id":"https:\/\/www.factris.com\/pl\/nagrody\/#breadcrumb"},"inLanguage":"pl-PL","potentialAction":[{"@type":"ReadAction","target":["https:\/\/www.factris.com\/pl\/nagrody\/"]}]},{"@type":"ImageObject","inLanguage":"pl-PL","@id":"https:\/\/www.factris.com\/pl\/nagrody\/#primaryimage","url":"https:\/\/www.factris.com\/wp-content\/uploads\/2022\/02\/PL11.png","contentUrl":"https:\/\/www.factris.com\/wp-content\/uploads\/2022\/02\/PL11.png","width":1200,"height":1200},{"@type":"BreadcrumbList","@id":"https:\/\/www.factris.com\/pl\/nagrody\/#breadcrumb","itemListElement":[{"@type":"ListItem","position":1,"name":"Home","item":"https:\/\/www.factris.com\/pl\/"},{"@type":"ListItem","position":2,"name":"Nagrody"}]},{"@type":"WebSite","@id":"https:\/\/www.factris.com\/pl\/#website","url":"https:\/\/www.factris.com\/pl\/","name":"Factris","description":"Your invoices. Our financing.","publisher":{"@id":"https:\/\/www.factris.com\/pl\/#organization"},"potentialAction":[{"@type":"SearchAction","target":{"@type":"EntryPoint","urlTemplate":"https:\/\/www.factris.com\/pl\/?s={search_term_string}"},"query-input":{"@type":"PropertyValueSpecification","valueRequired":true,"valueName":"search_term_string"}}],"inLanguage":"pl-PL"},{"@type":"Organization","@id":"https:\/\/www.factris.com\/pl\/#organization","name":"Factris Holding B.V.","url":"https:\/\/www.factris.com\/pl\/","logo":{"@type":"ImageObject","inLanguage":"pl-PL","@id":"https:\/\/www.factris.com\/pl\/#\/schema\/logo\/image\/","url":"https:\/\/www.factris.com\/wp-content\/uploads\/2020\/12\/logo-factris-black.png","contentUrl":"https:\/\/www.factris.com\/wp-content\/uploads\/2020\/12\/logo-factris-black.png","width":400,"height":73,"caption":"Factris Holding B.V."},"image":{"@id":"https:\/\/www.factris.com\/pl\/#\/schema\/logo\/image\/"},"sameAs":["https:\/\/www.facebook.com\/factris","https:\/\/x.com\/factris","https:\/\/www.instagram.com\/factrisholding\/","https:\/\/www.linkedin.com\/company\/factrisholding","https:\/\/www.youtube.com\/channel\/UCFupqDt-Xo3EaKYGiqJH1nQ"]}]}},"_links":{"self":[{"href":"https:\/\/www.factris.com\/pl\/wp-json\/wp\/v2\/pages\/21753"}],"collection":[{"href":"https:\/\/www.factris.com\/pl\/wp-json\/wp\/v2\/pages"}],"about":[{"href":"https:\/\/www.factris.com\/pl\/wp-json\/wp\/v2\/types\/page"}],"author":[{"embeddable":true,"href":"https:\/\/www.factris.com\/pl\/wp-json\/wp\/v2\/users\/1"}],"replies":[{"embeddable":true,"href":"https:\/\/www.factris.com\/pl\/wp-json\/wp\/v2\/comments?post=21753"}],"version-history":[{"count":11,"href":"https:\/\/www.factris.com\/pl\/wp-json\/wp\/v2\/pages\/21753\/revisions"}],"predecessor-version":[{"id":30644,"href":"https:\/\/www.factris.com\/pl\/wp-json\/wp\/v2\/pages\/21753\/revisions\/30644"}],"wp:featuredmedia":[{"embeddable":true,"href":"https:\/\/www.factris.com\/pl\/wp-json\/wp\/v2\/media\/13194"}],"wp:attachment":[{"href":"https:\/\/www.factris.com\/pl\/wp-json\/wp\/v2\/media?parent=21753"}],"curies":[{"name":"wp","href":"https:\/\/api.w.org\/{rel}","templated":true}]}}