{"id":23219,"date":"2023-05-03T11:51:28","date_gmt":"2023-05-03T11:51:28","guid":{"rendered":"https:\/\/www.factris.com\/?page_id=23219"},"modified":"2023-05-08T07:41:56","modified_gmt":"2023-05-08T07:41:56","slug":"wiecej","status":"publish","type":"page","link":"https:\/\/www.factris.com\/pl\/wiecej\/","title":{"rendered":"Wiecej"},"content":{"rendered":"<p>[et_pb_section fb_built=&#8221;1&#8243; _builder_version=&#8221;4.16&#8243; _module_preset=&#8221;default&#8221; custom_padding=&#8221;0px||0px||true|false&#8221; global_colors_info=&#8221;{}&#8221;][et_pb_row _builder_version=&#8221;4.16&#8243; _module_preset=&#8221;default&#8221; global_colors_info=&#8221;{}&#8221;][et_pb_column type=&#8221;4_4&#8243; _builder_version=&#8221;4.16&#8243; _module_preset=&#8221;default&#8221; global_colors_info=&#8221;{}&#8221;][et_pb_image src=&#8221;https:\/\/www.factris.com\/wp-content\/uploads\/2022\/04\/logo-factris.png-1.webp&#8221; title_text=&#8221;factris&#8221; _builder_version=&#8221;4.16&#8243; _module_preset=&#8221;default&#8221; custom_css_main_element=&#8221;width:200px;&#8221; global_colors_info=&#8221;{}&#8221;][\/et_pb_image][\/et_pb_column][\/et_pb_row][et_pb_row column_structure=&#8221;1_2,1_2&#8243; custom_padding_last_edited=&#8221;on|phone&#8221; _builder_version=&#8221;4.16&#8243; _module_preset=&#8221;default&#8221; custom_padding=&#8221;7vh||10vh||false|false&#8221; custom_padding_tablet=&#8221;2vh||||false|false&#8221; custom_padding_phone=&#8221;1vh||||false|false&#8221; global_colors_info=&#8221;{}&#8221;][et_pb_column type=&#8221;1_2&#8243; _builder_version=&#8221;4.16&#8243; _module_preset=&#8221;default&#8221; global_colors_info=&#8221;{}&#8221;][et_pb_image src=&#8221;https:\/\/www.factris.com\/wp-content\/uploads\/2022\/04\/Growth.png.webp&#8221; title_text=&#8221;Growth&#8221; _builder_version=&#8221;4.16&#8243; _module_preset=&#8221;default&#8221; global_colors_info=&#8221;{}&#8221;][\/et_pb_image][et_pb_text content_tablet=&#8221;<\/p>\n<h1 style=%22padding-bottom: 20px;%22>Twoje faktury.<br \/>Nasze finansowanie.<\/h1>\n<h3 style=%22padding-bottom: 20px;%22>Uwalniamy \u015brodki z Twoich faktur, kt\u00f3re mo\u017cesz przeznaczy\u0107 na rozw\u00f3j firmy. Dzi\u0119ki faktoringowi poprawisz p\u0142ynno\u015b\u0107 finansow\u0105 i rozwiniesz swoj\u0105 firm\u0119.<\/h3>\n<p>Zapomnij o stresie i odleg\u0142ych terminach p\u0142atno\u015bci. Zdecyduj si\u0119 na faktoring &#8211; szybkie i proste finansowanie.<\/p>\n<h3 style=%22padding-top: 20px;%22>Masz pytania? Zadzwo\u0144: <a href=%22tel:+48 665 225 225%22><span style=%22font-weight: 600; color: #ff8a00;%22>+48 665 225 225<\/span><\/a><\/h3>\n<p>&#8221; content_phone=&#8221;<\/p>\n<h1 style=%22padding-bottom: 20px;%22>Twoje faktury.<br \/>Nasze finansowanie.<\/h1>\n<h3 style=%22padding-bottom: 20px;%22>Uwalniamy \u015brodki z Twoich faktur, kt\u00f3re mo\u017cesz przeznaczy\u0107 na rozw\u00f3j firmy. Dzi\u0119ki faktoringowi poprawisz p\u0142ynno\u015b\u0107 finansow\u0105 i rozwiniesz swoj\u0105 firm\u0119.<\/h3>\n<p>Zapomnij o stresie i odleg\u0142ych terminach p\u0142atno\u015bci. Zdecyduj si\u0119 na faktoring &#8211; szybkie i proste finansowanie.<\/p>\n<h3 style=%22padding-top: 20px;%22>Masz pytania? Zadzwo\u0144: <a href=%22tel:+48 665 225 225%22><span style=%22font-weight: 600; color: #ff8a00;%22><br \/>\n+48 665 225 225<\/span><\/a><\/h3>\n<p>&#8221; content_last_edited=&#8221;off|desktop&#8221; _builder_version=&#8221;4.17.4&#8243; _module_preset=&#8221;default&#8221; text_text_color=&#8221;#FFFFFF&#8221; header_font=&#8221;|700|||||||&#8221; header_text_color=&#8221;#FFFFFF&#8221; header_font_size=&#8221;46px&#8221; header_line_height=&#8221;1.2em&#8221; header_3_font=&#8221;|700|||||||&#8221; header_3_text_color=&#8221;#FFFFFF&#8221; header_3_font_size=&#8221;25px&#8221; header_3_line_height=&#8221;1.2em&#8221; header_font_size_tablet=&#8221;46px&#8221; header_font_size_phone=&#8221;33px&#8221; header_font_size_last_edited=&#8221;on|phone&#8221; header_3_font_size_tablet=&#8221;25px&#8221; header_3_font_size_phone=&#8221;23px&#8221; header_3_font_size_last_edited=&#8221;on|phone&#8221; global_colors_info=&#8221;{}&#8221;]<\/p>\n<h1 style=\"padding-bottom: 20px;\">Twoje Faktury.<br \/>Nasze Finansowanie!<\/h1>\n<p>Faktoring eksportowy w EUR z ubezpieczaniem to nasz flagowy produkt.<\/p>\n<p><span>Skontaktuj si\u0119 z nami i poznaj ofert\u0119 przygotowan\u0105 specjalnie dla Twojej firmy.<\/span> Factris to mi\u0119dzynarodowa firma faktoringowa wspomagaj\u0105ca przedsi\u0119biorc\u00f3w z ca\u0142ej Unii Europejskiej.<\/p>\n<p>Elastyczno\u015b\u0107 i bezpiecze\u0144stwo to s\u0142owa charakteryzuj\u0105ce nasze us\u0142ugi. Faktoring pe\u0142ny to pewno\u015b\u0107 zap\u0142aty, nie martw si\u0119 o swoje pieni\u0105dze, zabezpiecz p\u0142atno\u015bci faktoringiem z ubezpieczaniem. Faktoring eksportowy realizujemy tylko w EUR.<\/p>\n<p>[\/et_pb_text][\/et_pb_column][et_pb_column type=&#8221;1_2&#8243; _builder_version=&#8221;4.16&#8243; _module_preset=&#8221;default&#8221; global_colors_info=&#8221;{}&#8221;][et_pb_code _builder_version=&#8221;4.20.4&#8243; _module_preset=&#8221;default&#8221; background_color=&#8221;#d8daee&#8221; custom_padding=&#8221;40px|30px|40px|30px|true|true&#8221; hover_enabled=&#8221;0&#8243; border_radii=&#8221;on|12px|12px|12px|12px&#8221; box_shadow_style=&#8221;preset1&#8243; global_colors_info=&#8221;{}&#8221; sticky_enabled=&#8221;0&#8243;]<\/p>\n<div class=\"pipedriveWebForms\" data-pd-webforms=\"https:\/\/webforms.pipedrive.com\/f\/2XiiqbVDpvBCcupfmwD7VMdi1HdgjiW0W2vzejgVVH4jcpp9qCciqR2QDYguQIzIv\"><script src=\"https:\/\/webforms.pipedrive.com\/f\/loader\"><\/script><\/div>\n<p>[\/et_pb_code][\/et_pb_column][\/et_pb_row][\/et_pb_section][et_pb_section fb_built=&#8221;1&#8243; _builder_version=&#8221;4.16&#8243; _module_preset=&#8221;default&#8221; background_color=&#8221;#000a54&#8243; global_colors_info=&#8221;{}&#8221;][et_pb_row _builder_version=&#8221;4.16&#8243; _module_preset=&#8221;default&#8221; global_colors_info=&#8221;{}&#8221;][et_pb_column type=&#8221;4_4&#8243; _builder_version=&#8221;4.16&#8243; _module_preset=&#8221;default&#8221; global_colors_info=&#8221;{}&#8221;][et_pb_text _builder_version=&#8221;4.16&#8243; _module_preset=&#8221;default&#8221; header_2_font=&#8221;|700|||||||&#8221; header_2_text_align=&#8221;center&#8221; header_2_text_color=&#8221;#FFFFFF&#8221; header_2_font_size=&#8221;38px&#8221; header_3_font=&#8221;|700|||||||&#8221; header_3_text_align=&#8221;center&#8221; header_3_text_color=&#8221;#FFFFFF&#8221; header_3_font_size=&#8221;29px&#8221; header_3_line_height=&#8221;1.8em&#8221; header_2_font_size_tablet=&#8221;38px&#8221; header_2_font_size_phone=&#8221;34px&#8221; header_2_font_size_last_edited=&#8221;on|phone&#8221; header_2_line_height_tablet=&#8221;&#8221; header_2_line_height_phone=&#8221;1.2em&#8221; header_2_line_height_last_edited=&#8221;on|phone&#8221; header_3_font_size_tablet=&#8221;29px&#8221; header_3_font_size_phone=&#8221;22px&#8221; header_3_font_size_last_edited=&#8221;on|phone&#8221; header_3_line_height_tablet=&#8221;1.8em&#8221; header_3_line_height_phone=&#8221;1.5em&#8221; header_3_line_height_last_edited=&#8221;on|phone&#8221; global_colors_info=&#8221;{}&#8221;]<\/p>\n<h2>Poszukujesz finansowania zagranicznych kontrahent\u00f3w?<\/h2>\n<h3>Factris w tym pomo\u017ce!<br \/>Wype\u0142nij formularz, a nasz doradca skontaktuje si\u0119 z Tob\u0105.<\/h3>\n<p>[\/et_pb_text][\/et_pb_column][\/et_pb_row][\/et_pb_section]<\/p>\n","protected":false},"excerpt":{"rendered":"<p>Twoje Faktury.Nasze Finansowanie! Faktoring eksportowy w EUR z ubezpieczaniem to nasz flagowy produkt. Skontaktuj si\u0119 z nami i poznaj ofert\u0119 przygotowan\u0105 specjalnie dla Twojej firmy. Factris to mi\u0119dzynarodowa firma faktoringowa wspomagaj\u0105ca przedsi\u0119biorc\u00f3w z ca\u0142ej Unii Europejskiej. Elastyczno\u015b\u0107 i bezpiecze\u0144stwo to s\u0142owa charakteryzuj\u0105ce nasze us\u0142ugi. Faktoring pe\u0142ny to pewno\u015b\u0107 zap\u0142aty, nie martw si\u0119 o swoje pieni\u0105dze, [&hellip;]<\/p>\n","protected":false},"author":1,"featured_media":13184,"parent":12947,"menu_order":0,"comment_status":"closed","ping_status":"closed","template":"","meta":{"_et_pb_use_builder":"on","_et_pb_old_content":"","_et_gb_content_width":"","footnotes":""},"yoast_head":"<!-- This site is optimized with the Yoast SEO Premium plugin v22.2 (Yoast SEO v24.5) - https:\/\/yoast.com\/wordpress\/plugins\/seo\/ -->\n<title>Faktoring oferty - Faktoring eksportowy<\/title>\n<meta name=\"description\" content=\"Faktoring eksportowy, finansowanie eksportu, faktoring pe\u0142ny, faktoring bez regresu, ubezpieczanie nale\u017cno\u015bci.\" \/>\n<meta name=\"robots\" content=\"index, follow, max-snippet:-1, max-image-preview:large, max-video-preview:-1\" \/>\n<link rel=\"canonical\" href=\"https:\/\/www.factris.com\/pl\/wiecej\/\" \/>\n<meta property=\"og:locale\" content=\"pl_PL\" \/>\n<meta property=\"og:type\" content=\"article\" \/>\n<meta property=\"og:title\" content=\"Wiecej\" \/>\n<meta property=\"og:description\" content=\"Faktoring eksportowy, finansowanie eksportu, faktoring pe\u0142ny, faktoring bez regresu, ubezpieczanie nale\u017cno\u015bci.\" \/>\n<meta property=\"og:url\" content=\"https:\/\/www.factris.com\/pl\/wiecej\/\" \/>\n<meta property=\"og:site_name\" content=\"Factris\" \/>\n<meta property=\"article:publisher\" content=\"https:\/\/www.facebook.com\/factris\" \/>\n<meta property=\"article:modified_time\" content=\"2023-05-08T07:41:56+00:00\" \/>\n<meta property=\"og:image\" content=\"https:\/\/www.factris.com\/wp-content\/uploads\/2022\/02\/PL1.png\" \/>\n\t<meta property=\"og:image:width\" content=\"1200\" \/>\n\t<meta property=\"og:image:height\" content=\"1200\" \/>\n\t<meta property=\"og:image:type\" content=\"image\/png\" \/>\n<meta name=\"twitter:card\" content=\"summary_large_image\" \/>\n<meta name=\"twitter:site\" content=\"@factris\" \/>\n<meta name=\"twitter:label1\" content=\"Szacowany czas czytania\" \/>\n\t<meta name=\"twitter:data1\" content=\"2 minuty\" \/>\n<script type=\"application\/ld+json\" class=\"yoast-schema-graph\">{\"@context\":\"https:\/\/schema.org\",\"@graph\":[{\"@type\":\"WebPage\",\"@id\":\"https:\/\/www.factris.com\/pl\/wiecej\/\",\"url\":\"https:\/\/www.factris.com\/pl\/wiecej\/\",\"name\":\"Faktoring oferty - Faktoring eksportowy\",\"isPartOf\":{\"@id\":\"https:\/\/www.factris.com\/pl\/#website\"},\"primaryImageOfPage\":{\"@id\":\"https:\/\/www.factris.com\/pl\/wiecej\/#primaryimage\"},\"image\":{\"@id\":\"https:\/\/www.factris.com\/pl\/wiecej\/#primaryimage\"},\"thumbnailUrl\":\"https:\/\/www.factris.com\/wp-content\/uploads\/2022\/02\/PL1.png\",\"datePublished\":\"2023-05-03T11:51:28+00:00\",\"dateModified\":\"2023-05-08T07:41:56+00:00\",\"description\":\"Faktoring eksportowy, finansowanie eksportu, faktoring pe\u0142ny, faktoring bez regresu, ubezpieczanie nale\u017cno\u015bci.\",\"breadcrumb\":{\"@id\":\"https:\/\/www.factris.com\/pl\/wiecej\/#breadcrumb\"},\"inLanguage\":\"pl-PL\",\"potentialAction\":[{\"@type\":\"ReadAction\",\"target\":[\"https:\/\/www.factris.com\/pl\/wiecej\/\"]}]},{\"@type\":\"ImageObject\",\"inLanguage\":\"pl-PL\",\"@id\":\"https:\/\/www.factris.com\/pl\/wiecej\/#primaryimage\",\"url\":\"https:\/\/www.factris.com\/wp-content\/uploads\/2022\/02\/PL1.png\",\"contentUrl\":\"https:\/\/www.factris.com\/wp-content\/uploads\/2022\/02\/PL1.png\",\"width\":1200,\"height\":1200},{\"@type\":\"BreadcrumbList\",\"@id\":\"https:\/\/www.factris.com\/pl\/wiecej\/#breadcrumb\",\"itemListElement\":[{\"@type\":\"ListItem\",\"position\":1,\"name\":\"Home\",\"item\":\"https:\/\/www.factris.com\/pl\/\"},{\"@type\":\"ListItem\",\"position\":2,\"name\":\"Home\",\"item\":\"https:\/\/www.factris.com\/pl\/\"},{\"@type\":\"ListItem\",\"position\":3,\"name\":\"Wiecej\"}]},{\"@type\":\"WebSite\",\"@id\":\"https:\/\/www.factris.com\/pl\/#website\",\"url\":\"https:\/\/www.factris.com\/pl\/\",\"name\":\"Factris\",\"description\":\"Your invoices. Our financing.\",\"publisher\":{\"@id\":\"https:\/\/www.factris.com\/pl\/#organization\"},\"potentialAction\":[{\"@type\":\"SearchAction\",\"target\":{\"@type\":\"EntryPoint\",\"urlTemplate\":\"https:\/\/www.factris.com\/pl\/?s={search_term_string}\"},\"query-input\":{\"@type\":\"PropertyValueSpecification\",\"valueRequired\":true,\"valueName\":\"search_term_string\"}}],\"inLanguage\":\"pl-PL\"},{\"@type\":\"Organization\",\"@id\":\"https:\/\/www.factris.com\/pl\/#organization\",\"name\":\"Factris Holding B.V.\",\"url\":\"https:\/\/www.factris.com\/pl\/\",\"logo\":{\"@type\":\"ImageObject\",\"inLanguage\":\"pl-PL\",\"@id\":\"https:\/\/www.factris.com\/pl\/#\/schema\/logo\/image\/\",\"url\":\"https:\/\/www.factris.com\/wp-content\/uploads\/2020\/12\/logo-factris-black.png\",\"contentUrl\":\"https:\/\/www.factris.com\/wp-content\/uploads\/2020\/12\/logo-factris-black.png\",\"width\":400,\"height\":73,\"caption\":\"Factris Holding B.V.\"},\"image\":{\"@id\":\"https:\/\/www.factris.com\/pl\/#\/schema\/logo\/image\/\"},\"sameAs\":[\"https:\/\/www.facebook.com\/factris\",\"https:\/\/x.com\/factris\",\"https:\/\/www.instagram.com\/factrisholding\/\",\"https:\/\/www.linkedin.com\/company\/factrisholding\",\"https:\/\/www.youtube.com\/channel\/UCFupqDt-Xo3EaKYGiqJH1nQ\"]}]}<\/script>\n<!-- \/ Yoast SEO Premium plugin. -->","yoast_head_json":{"title":"Faktoring oferty - Faktoring eksportowy","description":"Faktoring eksportowy, finansowanie eksportu, faktoring pe\u0142ny, faktoring bez regresu, ubezpieczanie nale\u017cno\u015bci.","robots":{"index":"index","follow":"follow","max-snippet":"max-snippet:-1","max-image-preview":"max-image-preview:large","max-video-preview":"max-video-preview:-1"},"canonical":"https:\/\/www.factris.com\/pl\/wiecej\/","og_locale":"pl_PL","og_type":"article","og_title":"Wiecej","og_description":"Faktoring eksportowy, finansowanie eksportu, faktoring pe\u0142ny, faktoring bez regresu, ubezpieczanie nale\u017cno\u015bci.","og_url":"https:\/\/www.factris.com\/pl\/wiecej\/","og_site_name":"Factris","article_publisher":"https:\/\/www.facebook.com\/factris","article_modified_time":"2023-05-08T07:41:56+00:00","og_image":[{"width":1200,"height":1200,"url":"https:\/\/www.factris.com\/wp-content\/uploads\/2022\/02\/PL1.png","type":"image\/png"}],"twitter_card":"summary_large_image","twitter_site":"@factris","twitter_misc":{"Szacowany czas czytania":"2 minuty"},"schema":{"@context":"https:\/\/schema.org","@graph":[{"@type":"WebPage","@id":"https:\/\/www.factris.com\/pl\/wiecej\/","url":"https:\/\/www.factris.com\/pl\/wiecej\/","name":"Faktoring oferty - Faktoring eksportowy","isPartOf":{"@id":"https:\/\/www.factris.com\/pl\/#website"},"primaryImageOfPage":{"@id":"https:\/\/www.factris.com\/pl\/wiecej\/#primaryimage"},"image":{"@id":"https:\/\/www.factris.com\/pl\/wiecej\/#primaryimage"},"thumbnailUrl":"https:\/\/www.factris.com\/wp-content\/uploads\/2022\/02\/PL1.png","datePublished":"2023-05-03T11:51:28+00:00","dateModified":"2023-05-08T07:41:56+00:00","description":"Faktoring eksportowy, finansowanie eksportu, faktoring pe\u0142ny, faktoring bez regresu, ubezpieczanie nale\u017cno\u015bci.","breadcrumb":{"@id":"https:\/\/www.factris.com\/pl\/wiecej\/#breadcrumb"},"inLanguage":"pl-PL","potentialAction":[{"@type":"ReadAction","target":["https:\/\/www.factris.com\/pl\/wiecej\/"]}]},{"@type":"ImageObject","inLanguage":"pl-PL","@id":"https:\/\/www.factris.com\/pl\/wiecej\/#primaryimage","url":"https:\/\/www.factris.com\/wp-content\/uploads\/2022\/02\/PL1.png","contentUrl":"https:\/\/www.factris.com\/wp-content\/uploads\/2022\/02\/PL1.png","width":1200,"height":1200},{"@type":"BreadcrumbList","@id":"https:\/\/www.factris.com\/pl\/wiecej\/#breadcrumb","itemListElement":[{"@type":"ListItem","position":1,"name":"Home","item":"https:\/\/www.factris.com\/pl\/"},{"@type":"ListItem","position":2,"name":"Home","item":"https:\/\/www.factris.com\/pl\/"},{"@type":"ListItem","position":3,"name":"Wiecej"}]},{"@type":"WebSite","@id":"https:\/\/www.factris.com\/pl\/#website","url":"https:\/\/www.factris.com\/pl\/","name":"Factris","description":"Your invoices. Our financing.","publisher":{"@id":"https:\/\/www.factris.com\/pl\/#organization"},"potentialAction":[{"@type":"SearchAction","target":{"@type":"EntryPoint","urlTemplate":"https:\/\/www.factris.com\/pl\/?s={search_term_string}"},"query-input":{"@type":"PropertyValueSpecification","valueRequired":true,"valueName":"search_term_string"}}],"inLanguage":"pl-PL"},{"@type":"Organization","@id":"https:\/\/www.factris.com\/pl\/#organization","name":"Factris Holding B.V.","url":"https:\/\/www.factris.com\/pl\/","logo":{"@type":"ImageObject","inLanguage":"pl-PL","@id":"https:\/\/www.factris.com\/pl\/#\/schema\/logo\/image\/","url":"https:\/\/www.factris.com\/wp-content\/uploads\/2020\/12\/logo-factris-black.png","contentUrl":"https:\/\/www.factris.com\/wp-content\/uploads\/2020\/12\/logo-factris-black.png","width":400,"height":73,"caption":"Factris Holding B.V."},"image":{"@id":"https:\/\/www.factris.com\/pl\/#\/schema\/logo\/image\/"},"sameAs":["https:\/\/www.facebook.com\/factris","https:\/\/x.com\/factris","https:\/\/www.instagram.com\/factrisholding\/","https:\/\/www.linkedin.com\/company\/factrisholding","https:\/\/www.youtube.com\/channel\/UCFupqDt-Xo3EaKYGiqJH1nQ"]}]}},"_links":{"self":[{"href":"https:\/\/www.factris.com\/pl\/wp-json\/wp\/v2\/pages\/23219"}],"collection":[{"href":"https:\/\/www.factris.com\/pl\/wp-json\/wp\/v2\/pages"}],"about":[{"href":"https:\/\/www.factris.com\/pl\/wp-json\/wp\/v2\/types\/page"}],"author":[{"embeddable":true,"href":"https:\/\/www.factris.com\/pl\/wp-json\/wp\/v2\/users\/1"}],"replies":[{"embeddable":true,"href":"https:\/\/www.factris.com\/pl\/wp-json\/wp\/v2\/comments?post=23219"}],"version-history":[{"count":17,"href":"https:\/\/www.factris.com\/pl\/wp-json\/wp\/v2\/pages\/23219\/revisions"}],"predecessor-version":[{"id":23375,"href":"https:\/\/www.factris.com\/pl\/wp-json\/wp\/v2\/pages\/23219\/revisions\/23375"}],"up":[{"embeddable":true,"href":"https:\/\/www.factris.com\/pl\/wp-json\/wp\/v2\/pages\/12947"}],"wp:featuredmedia":[{"embeddable":true,"href":"https:\/\/www.factris.com\/pl\/wp-json\/wp\/v2\/media\/13184"}],"wp:attachment":[{"href":"https:\/\/www.factris.com\/pl\/wp-json\/wp\/v2\/media?parent=23219"}],"curies":[{"name":"wp","href":"https:\/\/api.w.org\/{rel}","templated":true}]}}