{"id":25196,"date":"2023-09-11T13:52:16","date_gmt":"2023-09-11T13:52:16","guid":{"rendered":"https:\/\/www.factris.com\/?page_id=25196"},"modified":"2023-09-11T13:58:59","modified_gmt":"2023-09-11T13:58:59","slug":"faktoring-aktualnosci","status":"publish","type":"page","link":"https:\/\/www.factris.com\/pl\/faktoring-aktualnosci\/","title":{"rendered":"Category Faktoring"},"content":{"rendered":"<p>[et_pb_section fb_built=&#8221;1&#8243; _builder_version=&#8221;4.16&#8243; _module_preset=&#8221;default&#8221; background_color=&#8221;#D8DAEE&#8221; z_index=&#8221;9999&#8243; custom_padding=&#8221;||50px|||&#8221; global_colors_info=&#8221;{}&#8221;][et_pb_row column_structure=&#8221;1_2,1_2&#8243; use_custom_gutter=&#8221;on&#8221; gutter_width=&#8221;2&#8243; make_equal=&#8221;on&#8221; _builder_version=&#8221;4.16&#8243; _module_preset=&#8221;default&#8221; custom_padding=&#8221;0px||0px||true|false&#8221; global_colors_info=&#8221;{}&#8221;][et_pb_column type=&#8221;1_2&#8243; _builder_version=&#8221;4.16&#8243; _module_preset=&#8221;default&#8221; global_colors_info=&#8221;{}&#8221;][et_pb_text _builder_version=&#8221;4.20.4&#8243; _module_preset=&#8221;default&#8221; header_font=&#8221;|600|||||||&#8221; header_text_color=&#8221;#000A54&#8243; header_font_size=&#8221;46px&#8221; header_2_font=&#8221;|700|||||||&#8221; header_2_text_color=&#8221;#000A54&#8243; header_2_font_size=&#8221;36px&#8221; header_3_font=&#8221;|600|||||||&#8221; header_3_text_align=&#8221;center&#8221; header_3_text_color=&#8221;#ffffff&#8221; header_3_font_size=&#8221;46px&#8221; custom_margin=&#8221;||25px|||&#8221; hover_enabled=&#8221;0&#8243; header_2_line_height_tablet=&#8221;&#8221; header_2_line_height_phone=&#8221;1.4em&#8221; header_2_line_height_last_edited=&#8221;on|phone&#8221; global_colors_info=&#8221;{}&#8221; sticky_enabled=&#8221;0&#8243;]<\/p>\n<h2 style=\"text-align: left;\">Aktualno\u015bci na temat faktoringu<\/h2>\n<p>[\/et_pb_text][\/et_pb_column][et_pb_column type=&#8221;1_2&#8243; _builder_version=&#8221;4.16&#8243; _module_preset=&#8221;default&#8221; global_colors_info=&#8221;{}&#8221;][et_pb_button button_url=&#8221;\/pl\/aktualnosci\/&#8221; button_text=&#8221;Przeczytaj wszystkie wiadomo\u015bci&#8221; button_alignment=&#8221;right&#8221; module_class=&#8221;btn-tertiary&#8221; _builder_version=&#8221;4.20.4&#8243; _module_preset=&#8221;default&#8221; custom_button=&#8221;on&#8221; button_text_color=&#8221;#001194&#8243; button_bg_color=&#8221;RGBA(0,0,0,0)&#8221; button_font=&#8221;||||on||||&#8221; button_icon=&#8221;&#x24;||divi||400&#8243; button_icon_color=&#8221;#001194&#8243; button_on_hover=&#8221;off&#8221; global_colors_info=&#8221;{}&#8221;][\/et_pb_button][\/et_pb_column][\/et_pb_row][et_pb_row use_custom_gutter=&#8221;on&#8221; gutter_width=&#8221;2&#8243; make_equal=&#8221;on&#8221; _builder_version=&#8221;4.16&#8243; _module_preset=&#8221;default&#8221; custom_padding=&#8221;0px||0px||true|false&#8221; global_colors_info=&#8221;{}&#8221;][et_pb_column type=&#8221;4_4&#8243; _builder_version=&#8221;4.16&#8243; _module_preset=&#8221;default&#8221; global_colors_info=&#8221;{}&#8221;][et_pb_blog fullwidth=&#8221;off&#8221; posts_number=&#8221;1000&#8243; include_categories=&#8221;152&#8243; use_manual_excerpt=&#8221;off&#8221; show_author=&#8221;off&#8221; show_date=&#8221;off&#8221; show_excerpt=&#8221;off&#8221; module_class=&#8221;news-page&#8221; _builder_version=&#8221;4.20.4&#8243; _module_preset=&#8221;default&#8221; header_level=&#8221;h4&#8243; header_font=&#8221;|700|||||||&#8221; header_text_color=&#8221;#000A54&#8243; header_font_size=&#8221;21px&#8221; header_line_height=&#8221;1.3em&#8221; body_font=&#8221;||||||||&#8221; meta_text_color=&#8221;#000A54&#8243; meta_font_size=&#8221;12px&#8221; background_color=&#8221;rgba(0,0,0,0)&#8221; custom_css_title=&#8221;margin-left:-20px;&#8221; custom_css_post_meta=&#8221;margin-left:-20px;||margin-top:-35px;&#8221; global_colors_info=&#8221;{}&#8221;][\/et_pb_blog][\/et_pb_column][\/et_pb_row][\/et_pb_section][et_pb_section fb_built=&#8221;1&#8243; _builder_version=&#8221;4.7.6&#8243; _module_preset=&#8221;default&#8221; background_color=&#8221;#000A54&#8243; custom_padding=&#8221;20vh||20vh||true|false&#8221; global_module=&#8221;2087&#8243; saved_tabs=&#8221;all&#8221; global_colors_info=&#8221;{}&#8221;][et_pb_row _builder_version=&#8221;4.16&#8243; _module_preset=&#8221;default&#8221; custom_padding=&#8221;0px||0px||true|false&#8221; global_colors_info=&#8221;{}&#8221;][et_pb_column type=&#8221;4_4&#8243; _builder_version=&#8221;4.16&#8243; _module_preset=&#8221;default&#8221; global_colors_info=&#8221;{}&#8221;][et_pb_text _builder_version=&#8221;4.16&#8243; _module_preset=&#8221;default&#8221; header_font=&#8221;|700|||||||&#8221; header_text_color=&#8221;#ffffff&#8221; header_font_size=&#8221;46px&#8221; header_line_height=&#8221;2em&#8221; header_2_font=&#8221;|700|||||||&#8221; header_2_text_color=&#8221;#ffffff&#8221; header_2_font_size=&#8221;46px&#8221; header_2_line_height=&#8221;2em&#8221; header_3_font=&#8221;|700|||||||&#8221; header_3_text_align=&#8221;center&#8221; header_3_text_color=&#8221;#ffffff&#8221; header_3_font_size=&#8221;25px&#8221; header_font_tablet=&#8221;&#8221; header_font_phone=&#8221;&#8221; header_font_last_edited=&#8221;on|desktop&#8221; header_line_height_tablet=&#8221;1.8em&#8221; header_line_height_phone=&#8221;1.4em&#8221; header_line_height_last_edited=&#8221;on|phone&#8221; header_2_font_size_tablet=&#8221;&#8221; header_2_font_size_phone=&#8221;32px&#8221; header_2_font_size_last_edited=&#8221;on|tablet&#8221; header_3_font_tablet=&#8221;&#8221; header_3_font_phone=&#8221;&#8221; header_3_font_last_edited=&#8221;on|phone&#8221; header_3_line_height_tablet=&#8221;&#8221; header_3_line_height_phone=&#8221;1.8em&#8221; header_3_line_height_last_edited=&#8221;on|phone&#8221; global_colors_info=&#8221;{}&#8221;]<\/p>\n<h2 style=\"text-align: center;\">Buduj biznes na w\u0142asnych zasadach<\/h2>\n<h3 style=\"text-align: center;\">Zamie\u0144 nale\u017cno\u015bci na kapita\u0142 dzi\u0119ki faktoringowi<\/h3>\n<p>[\/et_pb_text][et_pb_button button_url=&#8221;https:\/\/www.factris.com\/pl\/kryteria\/&#8221; button_text=&#8221;Sprawd\u017a swoje mo\u017cliwo\u015bci&#8221; button_alignment=&#8221;center&#8221; module_class=&#8221;btn-tertiary-2&#8243; _builder_version=&#8221;4.20.4&#8243; _module_preset=&#8221;default&#8221; custom_button=&#8221;on&#8221; button_text_color=&#8221;#ffffff&#8221; button_bg_color=&#8221;rgba(0,0,0,0)&#8221; button_font=&#8221;||||on||||&#8221; button_icon=&#8221;&#x24;||divi||400&#8243; button_icon_color=&#8221;#ffffff&#8221; button_on_hover=&#8221;off&#8221; custom_margin=&#8221;||20px|||&#8221; custom_padding=&#8221;0px|0px|0px|0px|true|true&#8221; global_colors_info=&#8221;{}&#8221;][\/et_pb_button][et_pb_button button_url=&#8221;https:\/\/onboarding.factris.com\/pl\/sign-up&#8221; button_text=&#8221;Sfinansuj pierwsz\u0105 faktur\u0119&#8221; button_alignment=&#8221;center&#8221; _builder_version=&#8221;4.16&#8243; _module_preset=&#8221;default&#8221; button_icon=&#8221;&#x24;||divi||400&#8243; button_icon_color=&#8221;#353540&#8243; button_on_hover=&#8221;off&#8221; custom_margin=&#8221;||18px|||&#8221; custom_padding=&#8221;10px|40px|10px|25px|true|false&#8221; global_colors_info=&#8221;{}&#8221; custom_padding__hover_enabled=&#8221;on|hover&#8221; custom_padding__hover=&#8221;|50px|||true|false&#8221;][\/et_pb_button][\/et_pb_column][\/et_pb_row][\/et_pb_section]<\/p>\n","protected":false},"excerpt":{"rendered":"<p>Aktualno\u015bci na temat faktoringuBuduj biznes na w\u0142asnych zasadach Zamie\u0144 nale\u017cno\u015bci na kapita\u0142 dzi\u0119ki faktoringowi<\/p>\n","protected":false},"author":1,"featured_media":0,"parent":0,"menu_order":0,"comment_status":"closed","ping_status":"closed","template":"","meta":{"_et_pb_use_builder":"on","_et_pb_old_content":"[et_pb_section fb_built=\"1\" _builder_version=\"4.16\" _module_preset=\"default\" background_color=\"#D8DAEE\" z_index=\"9999\" custom_padding=\"||50px|||\" global_colors_info=\"{}\"][et_pb_row column_structure=\"1_2,1_2\" use_custom_gutter=\"on\" gutter_width=\"2\" make_equal=\"on\" _builder_version=\"4.16\" _module_preset=\"default\" custom_padding=\"0px||0px||true|false\" global_colors_info=\"{}\"][et_pb_column type=\"1_2\" _builder_version=\"4.16\" _module_preset=\"default\" global_colors_info=\"{}\"][et_pb_text _builder_version=\"4.20.4\" _module_preset=\"default\" header_font=\"|600|||||||\" header_text_color=\"#000A54\" header_font_size=\"46px\" header_2_font=\"|700|||||||\" header_2_text_color=\"#000A54\" header_2_font_size=\"36px\" header_3_font=\"|600|||||||\" header_3_text_align=\"center\" header_3_text_color=\"#ffffff\" header_3_font_size=\"46px\" custom_margin=\"||25px|||\" hover_enabled=\"0\" header_2_line_height_tablet=\"\" header_2_line_height_phone=\"1.4em\" header_2_line_height_last_edited=\"on|phone\" global_colors_info=\"{}\" sticky_enabled=\"0\"]\n<h2 style=\"text-align: left;\">Factoring news<\/h2>\n[\/et_pb_text][\/et_pb_column][et_pb_column type=\"1_2\" _builder_version=\"4.16\" _module_preset=\"default\" global_colors_info=\"{}\"][et_pb_button button_url=\"\/en\/news\/\" button_text=\"Read all news\" button_alignment=\"right\" module_class=\"btn-tertiary\" _builder_version=\"4.20.4\" _module_preset=\"default\" custom_button=\"on\" button_text_color=\"#001194\" button_bg_color=\"RGBA(0,0,0,0)\" button_font=\"||||on||||\" button_icon=\"&#x24;||divi||400\" button_icon_color=\"#001194\" button_on_hover=\"off\" hover_enabled=\"0\" global_colors_info=\"{}\" sticky_enabled=\"0\"][\/et_pb_button][\/et_pb_column][\/et_pb_row][et_pb_row use_custom_gutter=\"on\" gutter_width=\"2\" make_equal=\"on\" _builder_version=\"4.16\" _module_preset=\"default\" custom_padding=\"0px||0px||true|false\" global_colors_info=\"{}\"][et_pb_column type=\"4_4\" _builder_version=\"4.16\" _module_preset=\"default\" hover_enabled=\"0\" global_colors_info=\"{}\" sticky_enabled=\"0\"][et_pb_blog fullwidth=\"off\" posts_number=\"1000\" include_categories=\"3\" use_manual_excerpt=\"off\" show_author=\"off\" show_date=\"off\" show_excerpt=\"off\" module_class=\"news-page\" _builder_version=\"4.20.4\" _module_preset=\"default\" header_level=\"h4\" header_font=\"|700|||||||\" header_text_color=\"#000A54\" header_font_size=\"21px\" header_line_height=\"1.3em\" body_font=\"||||||||\" meta_text_color=\"#000A54\" meta_font_size=\"12px\" background_color=\"rgba(0,0,0,0)\" hover_enabled=\"0\" custom_css_title=\"margin-left:-20px;\" custom_css_post_meta=\"margin-left:-20px;||margin-top:-35px;\" global_colors_info=\"{}\" sticky_enabled=\"0\"][\/et_pb_blog][\/et_pb_column][\/et_pb_row][\/et_pb_section][et_pb_section fb_built=\"1\" _builder_version=\"4.7.6\" _module_preset=\"default\" background_color=\"#000A54\" custom_padding=\"20vh||20vh||true|false\" global_module=\"2087\" saved_tabs=\"all\" global_colors_info=\"{}\"][et_pb_row _builder_version=\"4.18.0\" _module_preset=\"default\" custom_padding=\"0px||0px||true|false\" global_colors_info=\"{}\"][et_pb_column type=\"4_4\" _builder_version=\"4.16\" _module_preset=\"default\" global_colors_info=\"{}\"][et_pb_text _builder_version=\"4.18.0\" _module_preset=\"default\" header_font=\"|700|||||||\" header_text_color=\"#ffffff\" header_font_size=\"46px\" header_line_height=\"2em\" header_2_font=\"|700|||||||\" header_2_text_color=\"#ffffff\" header_2_font_size=\"46px\" header_2_line_height=\"2em\" header_3_font=\"|700|||||||\" header_3_text_align=\"center\" header_3_text_color=\"#ffffff\" header_3_font_size=\"25px\" header_font_tablet=\"\" header_font_phone=\"\" header_font_last_edited=\"on|desktop\" header_line_height_tablet=\"1.8em\" header_line_height_phone=\"1.4em\" header_line_height_last_edited=\"on|phone\" header_2_font_size_tablet=\"\" header_2_font_size_phone=\"32px\" header_2_font_size_last_edited=\"on|tablet\" header_3_font_tablet=\"\" header_3_font_phone=\"\" header_3_font_last_edited=\"on|phone\" header_3_line_height_tablet=\"\" header_3_line_height_phone=\"1.8em\" header_3_line_height_last_edited=\"on|phone\" global_colors_info=\"{}\"]\n<h2 style=\"text-align: center;\">Focus on telling your business story<\/h2>\n<h3 style=\"text-align: center;\">Trade your invoices for working capital by factoring<\/h3>\n[\/et_pb_text][et_pb_button button_url=\"https:\/\/www.factris.com\/en\/eligibility\/\" button_text=\"See if I qualify\" button_alignment=\"center\" module_class=\"btn-tertiary-2\" _builder_version=\"4.20.4\" _module_preset=\"default\" custom_button=\"on\" button_text_color=\"#ffffff\" button_bg_color=\"rgba(0,0,0,0)\" button_font=\"||||on||||\" button_icon=\"&#x24;||divi||400\" button_icon_color=\"#ffffff\" button_on_hover=\"off\" custom_margin=\"||20px|||\" custom_padding=\"0px|0px|0px|0px|true|true\" global_colors_info=\"{}\"][\/et_pb_button][et_pb_button button_url=\"https:\/\/onboarding.factris.com\/en\/sign-up\" button_text=\"Finance my invoices\" button_alignment=\"center\" _builder_version=\"4.20.4\" _module_preset=\"default\" button_icon=\"&#x24;||divi||400\" button_icon_color=\"#353540\" button_on_hover=\"off\" custom_margin=\"||18px|||\" custom_padding=\"10px|40px|10px|25px|true|false\" global_colors_info=\"{}\" custom_padding__hover_enabled=\"on|hover\" custom_padding__hover=\"|50px|||true|false\"][\/et_pb_button][\/et_pb_column][\/et_pb_row][\/et_pb_section]","_et_gb_content_width":"","footnotes":""},"yoast_head":"<!-- This site is optimized with the Yoast SEO Premium plugin v22.2 (Yoast SEO v24.5) - https:\/\/yoast.com\/wordpress\/plugins\/seo\/ -->\n<title>Category Faktoring - Factris<\/title>\n<meta name=\"robots\" content=\"noindex, follow\" \/>\n<meta property=\"og:locale\" content=\"pl_PL\" \/>\n<meta property=\"og:type\" content=\"article\" \/>\n<meta property=\"og:title\" content=\"Category Faktoring\" \/>\n<meta property=\"og:description\" content=\"Aktualno\u015bci na temat faktoringuBuduj biznes na w\u0142asnych zasadach Zamie\u0144 nale\u017cno\u015bci na kapita\u0142 dzi\u0119ki faktoringowi\" \/>\n<meta property=\"og:url\" content=\"https:\/\/www.factris.com\/pl\/faktoring-aktualnosci\/\" \/>\n<meta property=\"og:site_name\" content=\"Factris\" \/>\n<meta property=\"article:publisher\" content=\"https:\/\/www.facebook.com\/factris\" \/>\n<meta property=\"article:modified_time\" content=\"2023-09-11T13:58:59+00:00\" \/>\n<meta property=\"og:image\" content=\"https:\/\/www.factris.com\/wp-content\/uploads\/2021\/03\/EN11.png\" \/>\n\t<meta property=\"og:image:width\" content=\"1200\" \/>\n\t<meta property=\"og:image:height\" content=\"1200\" \/>\n\t<meta property=\"og:image:type\" content=\"image\/png\" \/>\n<meta name=\"twitter:card\" content=\"summary_large_image\" \/>\n<meta name=\"twitter:site\" content=\"@factris\" \/>\n<meta name=\"twitter:label1\" content=\"Szacowany czas czytania\" \/>\n\t<meta name=\"twitter:data1\" content=\"1 minuta\" \/>\n<script type=\"application\/ld+json\" class=\"yoast-schema-graph\">{\"@context\":\"https:\/\/schema.org\",\"@graph\":[{\"@type\":\"WebPage\",\"@id\":\"https:\/\/www.factris.com\/pl\/faktoring-aktualnosci\/\",\"url\":\"https:\/\/www.factris.com\/pl\/faktoring-aktualnosci\/\",\"name\":\"Category Faktoring - Factris\",\"isPartOf\":{\"@id\":\"https:\/\/www.factris.com\/pl\/#website\"},\"datePublished\":\"2023-09-11T13:52:16+00:00\",\"dateModified\":\"2023-09-11T13:58:59+00:00\",\"breadcrumb\":{\"@id\":\"https:\/\/www.factris.com\/pl\/faktoring-aktualnosci\/#breadcrumb\"},\"inLanguage\":\"pl-PL\",\"potentialAction\":[{\"@type\":\"ReadAction\",\"target\":[\"https:\/\/www.factris.com\/pl\/faktoring-aktualnosci\/\"]}]},{\"@type\":\"BreadcrumbList\",\"@id\":\"https:\/\/www.factris.com\/pl\/faktoring-aktualnosci\/#breadcrumb\",\"itemListElement\":[{\"@type\":\"ListItem\",\"position\":1,\"name\":\"Home\",\"item\":\"https:\/\/www.factris.com\/pl\/\"},{\"@type\":\"ListItem\",\"position\":2,\"name\":\"Category Faktoring\"}]},{\"@type\":\"WebSite\",\"@id\":\"https:\/\/www.factris.com\/pl\/#website\",\"url\":\"https:\/\/www.factris.com\/pl\/\",\"name\":\"Factris\",\"description\":\"Your invoices. Our financing.\",\"publisher\":{\"@id\":\"https:\/\/www.factris.com\/pl\/#organization\"},\"potentialAction\":[{\"@type\":\"SearchAction\",\"target\":{\"@type\":\"EntryPoint\",\"urlTemplate\":\"https:\/\/www.factris.com\/pl\/?s={search_term_string}\"},\"query-input\":{\"@type\":\"PropertyValueSpecification\",\"valueRequired\":true,\"valueName\":\"search_term_string\"}}],\"inLanguage\":\"pl-PL\"},{\"@type\":\"Organization\",\"@id\":\"https:\/\/www.factris.com\/pl\/#organization\",\"name\":\"Factris Holding B.V.\",\"url\":\"https:\/\/www.factris.com\/pl\/\",\"logo\":{\"@type\":\"ImageObject\",\"inLanguage\":\"pl-PL\",\"@id\":\"https:\/\/www.factris.com\/pl\/#\/schema\/logo\/image\/\",\"url\":\"https:\/\/www.factris.com\/wp-content\/uploads\/2020\/12\/logo-factris-black.png\",\"contentUrl\":\"https:\/\/www.factris.com\/wp-content\/uploads\/2020\/12\/logo-factris-black.png\",\"width\":400,\"height\":73,\"caption\":\"Factris Holding B.V.\"},\"image\":{\"@id\":\"https:\/\/www.factris.com\/pl\/#\/schema\/logo\/image\/\"},\"sameAs\":[\"https:\/\/www.facebook.com\/factris\",\"https:\/\/x.com\/factris\",\"https:\/\/www.instagram.com\/factrisholding\/\",\"https:\/\/www.linkedin.com\/company\/factrisholding\",\"https:\/\/www.youtube.com\/channel\/UCFupqDt-Xo3EaKYGiqJH1nQ\"]}]}<\/script>\n<!-- \/ Yoast SEO Premium plugin. -->","yoast_head_json":{"title":"Category Faktoring - Factris","robots":{"index":"noindex","follow":"follow"},"og_locale":"pl_PL","og_type":"article","og_title":"Category Faktoring","og_description":"Aktualno\u015bci na temat faktoringuBuduj biznes na w\u0142asnych zasadach Zamie\u0144 nale\u017cno\u015bci na kapita\u0142 dzi\u0119ki faktoringowi","og_url":"https:\/\/www.factris.com\/pl\/faktoring-aktualnosci\/","og_site_name":"Factris","article_publisher":"https:\/\/www.facebook.com\/factris","article_modified_time":"2023-09-11T13:58:59+00:00","og_image":[{"width":1200,"height":1200,"url":"https:\/\/www.factris.com\/wp-content\/uploads\/2021\/03\/EN11.png","type":"image\/png"}],"twitter_card":"summary_large_image","twitter_site":"@factris","twitter_misc":{"Szacowany czas czytania":"1 minuta"},"schema":{"@context":"https:\/\/schema.org","@graph":[{"@type":"WebPage","@id":"https:\/\/www.factris.com\/pl\/faktoring-aktualnosci\/","url":"https:\/\/www.factris.com\/pl\/faktoring-aktualnosci\/","name":"Category Faktoring - Factris","isPartOf":{"@id":"https:\/\/www.factris.com\/pl\/#website"},"datePublished":"2023-09-11T13:52:16+00:00","dateModified":"2023-09-11T13:58:59+00:00","breadcrumb":{"@id":"https:\/\/www.factris.com\/pl\/faktoring-aktualnosci\/#breadcrumb"},"inLanguage":"pl-PL","potentialAction":[{"@type":"ReadAction","target":["https:\/\/www.factris.com\/pl\/faktoring-aktualnosci\/"]}]},{"@type":"BreadcrumbList","@id":"https:\/\/www.factris.com\/pl\/faktoring-aktualnosci\/#breadcrumb","itemListElement":[{"@type":"ListItem","position":1,"name":"Home","item":"https:\/\/www.factris.com\/pl\/"},{"@type":"ListItem","position":2,"name":"Category Faktoring"}]},{"@type":"WebSite","@id":"https:\/\/www.factris.com\/pl\/#website","url":"https:\/\/www.factris.com\/pl\/","name":"Factris","description":"Your invoices. Our financing.","publisher":{"@id":"https:\/\/www.factris.com\/pl\/#organization"},"potentialAction":[{"@type":"SearchAction","target":{"@type":"EntryPoint","urlTemplate":"https:\/\/www.factris.com\/pl\/?s={search_term_string}"},"query-input":{"@type":"PropertyValueSpecification","valueRequired":true,"valueName":"search_term_string"}}],"inLanguage":"pl-PL"},{"@type":"Organization","@id":"https:\/\/www.factris.com\/pl\/#organization","name":"Factris Holding B.V.","url":"https:\/\/www.factris.com\/pl\/","logo":{"@type":"ImageObject","inLanguage":"pl-PL","@id":"https:\/\/www.factris.com\/pl\/#\/schema\/logo\/image\/","url":"https:\/\/www.factris.com\/wp-content\/uploads\/2020\/12\/logo-factris-black.png","contentUrl":"https:\/\/www.factris.com\/wp-content\/uploads\/2020\/12\/logo-factris-black.png","width":400,"height":73,"caption":"Factris Holding B.V."},"image":{"@id":"https:\/\/www.factris.com\/pl\/#\/schema\/logo\/image\/"},"sameAs":["https:\/\/www.facebook.com\/factris","https:\/\/x.com\/factris","https:\/\/www.instagram.com\/factrisholding\/","https:\/\/www.linkedin.com\/company\/factrisholding","https:\/\/www.youtube.com\/channel\/UCFupqDt-Xo3EaKYGiqJH1nQ"]}]}},"_links":{"self":[{"href":"https:\/\/www.factris.com\/pl\/wp-json\/wp\/v2\/pages\/25196"}],"collection":[{"href":"https:\/\/www.factris.com\/pl\/wp-json\/wp\/v2\/pages"}],"about":[{"href":"https:\/\/www.factris.com\/pl\/wp-json\/wp\/v2\/types\/page"}],"author":[{"embeddable":true,"href":"https:\/\/www.factris.com\/pl\/wp-json\/wp\/v2\/users\/1"}],"replies":[{"embeddable":true,"href":"https:\/\/www.factris.com\/pl\/wp-json\/wp\/v2\/comments?post=25196"}],"version-history":[{"count":6,"href":"https:\/\/www.factris.com\/pl\/wp-json\/wp\/v2\/pages\/25196\/revisions"}],"predecessor-version":[{"id":25202,"href":"https:\/\/www.factris.com\/pl\/wp-json\/wp\/v2\/pages\/25196\/revisions\/25202"}],"wp:attachment":[{"href":"https:\/\/www.factris.com\/pl\/wp-json\/wp\/v2\/media?parent=25196"}],"curies":[{"name":"wp","href":"https:\/\/api.w.org\/{rel}","templated":true}]}}