{"id":25758,"date":"2023-09-20T10:49:30","date_gmt":"2023-09-20T10:49:30","guid":{"rendered":"https:\/\/www.factris.com\/?page_id=25758"},"modified":"2024-04-16T14:21:19","modified_gmt":"2024-04-16T14:21:19","slug":"e-book","status":"publish","type":"page","link":"https:\/\/www.factris.com\/pl\/e-book\/","title":{"rendered":"E-book"},"content":{"rendered":"<p>[et_pb_section fb_built=&#8221;1&#8243; _builder_version=&#8221;4.16&#8243; _module_preset=&#8221;default&#8221; position_origin_f=&#8221;top_center&#8221; z_index=&#8221;9999&#8243; custom_padding=&#8221;||||false|false&#8221; sticky_limit_top=&#8221;body&#8221; global_colors_info=&#8221;{}&#8221; background_enable_color=&#8221;off&#8221; use_background_color_gradient=&#8221;on&#8221; background_color_gradient_stops=&#8221;#ffd9cc 35%|#cc3600 100%&#8221; background_enable_image=&#8221;off&#8221; background_size=&#8221;initial&#8221;][et_pb_row column_structure=&#8221;1_2,1_2&#8243; use_custom_gutter=&#8221;on&#8221; gutter_width=&#8221;2&#8243; module_class=&#8221;home-start&#8221; _builder_version=&#8221;4.16&#8243; _module_preset=&#8221;default&#8221; background_enable_image=&#8221;off&#8221; background_size=&#8221;contain&#8221; background_position=&#8221;top_right&#8221; custom_margin=&#8221;||||false|false&#8221; custom_margin_tablet=&#8221;&#8221; custom_margin_phone=&#8221;-100px||-50px||false|false&#8221; custom_margin_last_edited=&#8221;on|phone&#8221; custom_padding=&#8221;10vh||13vh||false|false&#8221; global_colors_info=&#8221;{}&#8221;][et_pb_column type=&#8221;1_2&#8243; module_class=&#8221;start-slogan&#8221; _builder_version=&#8221;4.16&#8243; _module_preset=&#8221;default&#8221; global_colors_info=&#8221;{}&#8221;][et_pb_text _builder_version=&#8221;4.20.4&#8243; _module_preset=&#8221;default&#8221; text_text_color=&#8221;#541700&#8243; header_font=&#8221;|700|||||||&#8221; header_text_color=&#8221;#541700&#8243; header_line_height=&#8221;1.2em&#8221; header_3_font=&#8221;|700|||||||&#8221; header_3_text_color=&#8221;#541700&#8243; header_3_font_size=&#8221;25px&#8221; header_3_line_height=&#8221;1.2em&#8221; header_5_text_color=&#8221;#ffffff&#8221; header_5_font_size=&#8221;25px&#8221; header_5_line_height=&#8221;1.3em&#8221; custom_margin=&#8221;||30px||false|false&#8221; header_font_size_tablet=&#8221;&#8221; header_font_size_phone=&#8221;44px&#8221; header_font_size_last_edited=&#8221;on|phone&#8221; global_colors_info=&#8221;{}&#8221;]<\/p>\n<h1 style=\"padding-bottom: 20px;\">10 \u017ar\u00f3de\u0142 finansowania M\u015aP<\/h1>\n<p>Bez wzgl\u0119du na to, jak prowadzisz sw\u00f3j biznes, <strong>potrzebujesz finansowania.<\/strong><\/p>\n<p><strong>Dopiero zaczynasz swoj\u0105 dzia\u0142alno\u015b\u0107?<\/strong> Wi\u0119kszo\u015b\u0107 obiecuj\u0105cych przedsi\u0119biorc\u00f3w nie ma wystarczaj\u0105cego kapita\u0142u, aby rozpocz\u0105\u0107 dzia\u0142alno\u015b\u0107 gospodarcz\u0105. Co gorsza, kredyty bankowe dla ma\u0142ych start-up\u00f3w s\u0105 trudne do uzyskania \u2013 zw\u0142aszcza bez zabezpieczenia.<\/p>\n<p><strong>Dzia\u0142asz ju\u017c jaki\u015b czas?<\/strong> B\u0119dziesz potrzebowa\u0142 dodatkowych funduszy, aby nad\u0105\u017cy\u0107 za ci\u0105g\u0142ym wzrostem i rozwojem. Dlatego przygotowali\u015bmy ten przewodnik, jak pozyskiwa\u0107 pieni\u0105dze na ka\u017cdym etapie rozwoju firmy.<\/p>\n<p>[\/et_pb_text][et_pb_button button_url=&#8221;\/E-book\/E-book-LV.pdf&#8221; url_new_window=&#8221;on&#8221; button_text=&#8221;Sa\u0146emt e-gr\u0101matu&#8221; _builder_version=&#8221;4.24.0&#8243; _module_preset=&#8221;default&#8221; custom_button=&#8221;on&#8221; button_text_color=&#8221;#353540&#8243; button_bg_color=&#8221;#FFFFFF&#8221; button_icon=&#8221;&#x24;||divi||400&#8243; button_icon_color=&#8221;#353540&#8243; button_on_hover=&#8221;off&#8221; custom_margin=&#8221;25px||18px||false|false&#8221; custom_padding=&#8221;10px|40px|10px|28px|true|false&#8221; hover_enabled=&#8221;0&#8243; global_colors_info=&#8221;{}&#8221; custom_padding__hover_enabled=&#8221;on|hover&#8221; custom_padding__hover=&#8221;|53px|||true|false&#8221; sticky_enabled=&#8221;0&#8243; locked=&#8221;off&#8221;][\/et_pb_button][\/et_pb_column][et_pb_column type=&#8221;1_2&#8243; module_class=&#8221;home-start&#8221; _builder_version=&#8221;4.16&#8243; _module_preset=&#8221;default&#8221; global_colors_info=&#8221;{}&#8221;][et_pb_image src=&#8221;https:\/\/www.factris.com\/wp-content\/uploads\/2024\/04\/Group-545-1.png&#8221; title_text=&#8221;Group 545&#8243; align=&#8221;center&#8221; _builder_version=&#8221;4.24.0&#8243; _module_preset=&#8221;default&#8221; global_colors_info=&#8221;{}&#8221; locked=&#8221;off&#8221;][\/et_pb_image][\/et_pb_column][\/et_pb_row][\/et_pb_section]<\/p>\n","protected":false},"excerpt":{"rendered":"<p>10 \u017ar\u00f3de\u0142 finansowania M\u015aP Bez wzgl\u0119du na to, jak prowadzisz sw\u00f3j biznes, potrzebujesz finansowania. Dopiero zaczynasz swoj\u0105 dzia\u0142alno\u015b\u0107? Wi\u0119kszo\u015b\u0107 obiecuj\u0105cych przedsi\u0119biorc\u00f3w nie ma wystarczaj\u0105cego kapita\u0142u, aby rozpocz\u0105\u0107 dzia\u0142alno\u015b\u0107 gospodarcz\u0105. Co gorsza, kredyty bankowe dla ma\u0142ych start-up\u00f3w s\u0105 trudne do uzyskania \u2013 zw\u0142aszcza bez zabezpieczenia. Dzia\u0142asz ju\u017c jaki\u015b czas? B\u0119dziesz potrzebowa\u0142 dodatkowych funduszy, aby nad\u0105\u017cy\u0107 za [&hellip;]<\/p>\n","protected":false},"author":1,"featured_media":30414,"parent":0,"menu_order":0,"comment_status":"closed","ping_status":"closed","template":"","meta":{"_et_pb_use_builder":"on","_et_pb_old_content":"","_et_gb_content_width":"","footnotes":""},"yoast_head":"<!-- This site is optimized with the Yoast SEO Premium plugin v22.2 (Yoast SEO v24.5) - https:\/\/yoast.com\/wordpress\/plugins\/seo\/ -->\n<title>E-book 10 \u017ar\u00f3de\u0142 finansowania Factris<\/title>\n<meta name=\"description\" content=\"E-book 10 \u017ar\u00f3de\u0142 finansowania. Sprawd\u017a 10 \u017ar\u00f3de\u0142 finansowania dla M\u015aP. Misj\u0105 Factris jest wzmocnienie pozycji M\u015aP technologi\u0105 finansow\u0105.\" \/>\n<meta name=\"robots\" content=\"index, follow, max-snippet:-1, max-image-preview:large, max-video-preview:-1\" \/>\n<link rel=\"canonical\" href=\"https:\/\/www.factris.com\/pl\/e-book\/\" \/>\n<meta property=\"og:locale\" content=\"pl_PL\" \/>\n<meta property=\"og:type\" content=\"article\" \/>\n<meta property=\"og:title\" content=\"E-book\" \/>\n<meta property=\"og:description\" content=\"E-book 10 \u017ar\u00f3de\u0142 finansowania. Sprawd\u017a 10 \u017ar\u00f3de\u0142 finansowania dla M\u015aP. Misj\u0105 Factris jest wzmocnienie pozycji M\u015aP technologi\u0105 finansow\u0105.\" \/>\n<meta property=\"og:url\" content=\"https:\/\/www.factris.com\/pl\/e-book\/\" \/>\n<meta property=\"og:site_name\" content=\"Factris\" \/>\n<meta property=\"article:publisher\" content=\"https:\/\/www.facebook.com\/factris\" \/>\n<meta property=\"article:modified_time\" content=\"2024-04-16T14:21:19+00:00\" \/>\n<meta property=\"og:image\" content=\"https:\/\/www.factris.com\/wp-content\/uploads\/2021\/03\/EN4.png\" \/>\n\t<meta property=\"og:image:width\" content=\"1200\" \/>\n\t<meta property=\"og:image:height\" content=\"1200\" \/>\n\t<meta property=\"og:image:type\" content=\"image\/png\" \/>\n<meta name=\"twitter:card\" content=\"summary_large_image\" \/>\n<meta name=\"twitter:site\" content=\"@factris\" \/>\n<meta name=\"twitter:label1\" content=\"Szacowany czas czytania\" \/>\n\t<meta name=\"twitter:data1\" content=\"1 minuta\" \/>\n<script type=\"application\/ld+json\" class=\"yoast-schema-graph\">{\"@context\":\"https:\/\/schema.org\",\"@graph\":[{\"@type\":\"WebPage\",\"@id\":\"https:\/\/www.factris.com\/pl\/e-book\/\",\"url\":\"https:\/\/www.factris.com\/pl\/e-book\/\",\"name\":\"E-book 10 \u017ar\u00f3de\u0142 finansowania Factris\",\"isPartOf\":{\"@id\":\"https:\/\/www.factris.com\/pl\/#website\"},\"primaryImageOfPage\":{\"@id\":\"https:\/\/www.factris.com\/pl\/e-book\/#primaryimage\"},\"image\":{\"@id\":\"https:\/\/www.factris.com\/pl\/e-book\/#primaryimage\"},\"thumbnailUrl\":\"https:\/\/www.factris.com\/wp-content\/uploads\/2021\/03\/EN4.png\",\"datePublished\":\"2023-09-20T10:49:30+00:00\",\"dateModified\":\"2024-04-16T14:21:19+00:00\",\"description\":\"E-book 10 \u017ar\u00f3de\u0142 finansowania. Sprawd\u017a 10 \u017ar\u00f3de\u0142 finansowania dla M\u015aP. Misj\u0105 Factris jest wzmocnienie pozycji M\u015aP technologi\u0105 finansow\u0105.\",\"breadcrumb\":{\"@id\":\"https:\/\/www.factris.com\/pl\/e-book\/#breadcrumb\"},\"inLanguage\":\"pl-PL\",\"potentialAction\":[{\"@type\":\"ReadAction\",\"target\":[\"https:\/\/www.factris.com\/pl\/e-book\/\"]}]},{\"@type\":\"ImageObject\",\"inLanguage\":\"pl-PL\",\"@id\":\"https:\/\/www.factris.com\/pl\/e-book\/#primaryimage\",\"url\":\"https:\/\/www.factris.com\/wp-content\/uploads\/2021\/03\/EN4.png\",\"contentUrl\":\"https:\/\/www.factris.com\/wp-content\/uploads\/2021\/03\/EN4.png\",\"width\":1200,\"height\":1200},{\"@type\":\"BreadcrumbList\",\"@id\":\"https:\/\/www.factris.com\/pl\/e-book\/#breadcrumb\",\"itemListElement\":[{\"@type\":\"ListItem\",\"position\":1,\"name\":\"Home\",\"item\":\"https:\/\/www.factris.com\/pl\/\"},{\"@type\":\"ListItem\",\"position\":2,\"name\":\"E-book\"}]},{\"@type\":\"WebSite\",\"@id\":\"https:\/\/www.factris.com\/pl\/#website\",\"url\":\"https:\/\/www.factris.com\/pl\/\",\"name\":\"Factris\",\"description\":\"Your invoices. Our financing.\",\"publisher\":{\"@id\":\"https:\/\/www.factris.com\/pl\/#organization\"},\"potentialAction\":[{\"@type\":\"SearchAction\",\"target\":{\"@type\":\"EntryPoint\",\"urlTemplate\":\"https:\/\/www.factris.com\/pl\/?s={search_term_string}\"},\"query-input\":{\"@type\":\"PropertyValueSpecification\",\"valueRequired\":true,\"valueName\":\"search_term_string\"}}],\"inLanguage\":\"pl-PL\"},{\"@type\":\"Organization\",\"@id\":\"https:\/\/www.factris.com\/pl\/#organization\",\"name\":\"Factris Holding B.V.\",\"url\":\"https:\/\/www.factris.com\/pl\/\",\"logo\":{\"@type\":\"ImageObject\",\"inLanguage\":\"pl-PL\",\"@id\":\"https:\/\/www.factris.com\/pl\/#\/schema\/logo\/image\/\",\"url\":\"https:\/\/www.factris.com\/wp-content\/uploads\/2020\/12\/logo-factris-black.png\",\"contentUrl\":\"https:\/\/www.factris.com\/wp-content\/uploads\/2020\/12\/logo-factris-black.png\",\"width\":400,\"height\":73,\"caption\":\"Factris Holding B.V.\"},\"image\":{\"@id\":\"https:\/\/www.factris.com\/pl\/#\/schema\/logo\/image\/\"},\"sameAs\":[\"https:\/\/www.facebook.com\/factris\",\"https:\/\/x.com\/factris\",\"https:\/\/www.instagram.com\/factrisholding\/\",\"https:\/\/www.linkedin.com\/company\/factrisholding\",\"https:\/\/www.youtube.com\/channel\/UCFupqDt-Xo3EaKYGiqJH1nQ\"]}]}<\/script>\n<!-- \/ Yoast SEO Premium plugin. -->","yoast_head_json":{"title":"E-book 10 \u017ar\u00f3de\u0142 finansowania Factris","description":"E-book 10 \u017ar\u00f3de\u0142 finansowania. Sprawd\u017a 10 \u017ar\u00f3de\u0142 finansowania dla M\u015aP. Misj\u0105 Factris jest wzmocnienie pozycji M\u015aP technologi\u0105 finansow\u0105.","robots":{"index":"index","follow":"follow","max-snippet":"max-snippet:-1","max-image-preview":"max-image-preview:large","max-video-preview":"max-video-preview:-1"},"canonical":"https:\/\/www.factris.com\/pl\/e-book\/","og_locale":"pl_PL","og_type":"article","og_title":"E-book","og_description":"E-book 10 \u017ar\u00f3de\u0142 finansowania. Sprawd\u017a 10 \u017ar\u00f3de\u0142 finansowania dla M\u015aP. Misj\u0105 Factris jest wzmocnienie pozycji M\u015aP technologi\u0105 finansow\u0105.","og_url":"https:\/\/www.factris.com\/pl\/e-book\/","og_site_name":"Factris","article_publisher":"https:\/\/www.facebook.com\/factris","article_modified_time":"2024-04-16T14:21:19+00:00","og_image":[{"width":1200,"height":1200,"url":"https:\/\/www.factris.com\/wp-content\/uploads\/2021\/03\/EN4.png","type":"image\/png"}],"twitter_card":"summary_large_image","twitter_site":"@factris","twitter_misc":{"Szacowany czas czytania":"1 minuta"},"schema":{"@context":"https:\/\/schema.org","@graph":[{"@type":"WebPage","@id":"https:\/\/www.factris.com\/pl\/e-book\/","url":"https:\/\/www.factris.com\/pl\/e-book\/","name":"E-book 10 \u017ar\u00f3de\u0142 finansowania Factris","isPartOf":{"@id":"https:\/\/www.factris.com\/pl\/#website"},"primaryImageOfPage":{"@id":"https:\/\/www.factris.com\/pl\/e-book\/#primaryimage"},"image":{"@id":"https:\/\/www.factris.com\/pl\/e-book\/#primaryimage"},"thumbnailUrl":"https:\/\/www.factris.com\/wp-content\/uploads\/2021\/03\/EN4.png","datePublished":"2023-09-20T10:49:30+00:00","dateModified":"2024-04-16T14:21:19+00:00","description":"E-book 10 \u017ar\u00f3de\u0142 finansowania. Sprawd\u017a 10 \u017ar\u00f3de\u0142 finansowania dla M\u015aP. Misj\u0105 Factris jest wzmocnienie pozycji M\u015aP technologi\u0105 finansow\u0105.","breadcrumb":{"@id":"https:\/\/www.factris.com\/pl\/e-book\/#breadcrumb"},"inLanguage":"pl-PL","potentialAction":[{"@type":"ReadAction","target":["https:\/\/www.factris.com\/pl\/e-book\/"]}]},{"@type":"ImageObject","inLanguage":"pl-PL","@id":"https:\/\/www.factris.com\/pl\/e-book\/#primaryimage","url":"https:\/\/www.factris.com\/wp-content\/uploads\/2021\/03\/EN4.png","contentUrl":"https:\/\/www.factris.com\/wp-content\/uploads\/2021\/03\/EN4.png","width":1200,"height":1200},{"@type":"BreadcrumbList","@id":"https:\/\/www.factris.com\/pl\/e-book\/#breadcrumb","itemListElement":[{"@type":"ListItem","position":1,"name":"Home","item":"https:\/\/www.factris.com\/pl\/"},{"@type":"ListItem","position":2,"name":"E-book"}]},{"@type":"WebSite","@id":"https:\/\/www.factris.com\/pl\/#website","url":"https:\/\/www.factris.com\/pl\/","name":"Factris","description":"Your invoices. Our financing.","publisher":{"@id":"https:\/\/www.factris.com\/pl\/#organization"},"potentialAction":[{"@type":"SearchAction","target":{"@type":"EntryPoint","urlTemplate":"https:\/\/www.factris.com\/pl\/?s={search_term_string}"},"query-input":{"@type":"PropertyValueSpecification","valueRequired":true,"valueName":"search_term_string"}}],"inLanguage":"pl-PL"},{"@type":"Organization","@id":"https:\/\/www.factris.com\/pl\/#organization","name":"Factris Holding B.V.","url":"https:\/\/www.factris.com\/pl\/","logo":{"@type":"ImageObject","inLanguage":"pl-PL","@id":"https:\/\/www.factris.com\/pl\/#\/schema\/logo\/image\/","url":"https:\/\/www.factris.com\/wp-content\/uploads\/2020\/12\/logo-factris-black.png","contentUrl":"https:\/\/www.factris.com\/wp-content\/uploads\/2020\/12\/logo-factris-black.png","width":400,"height":73,"caption":"Factris Holding B.V."},"image":{"@id":"https:\/\/www.factris.com\/pl\/#\/schema\/logo\/image\/"},"sameAs":["https:\/\/www.facebook.com\/factris","https:\/\/x.com\/factris","https:\/\/www.instagram.com\/factrisholding\/","https:\/\/www.linkedin.com\/company\/factrisholding","https:\/\/www.youtube.com\/channel\/UCFupqDt-Xo3EaKYGiqJH1nQ"]}]}},"_links":{"self":[{"href":"https:\/\/www.factris.com\/pl\/wp-json\/wp\/v2\/pages\/25758"}],"collection":[{"href":"https:\/\/www.factris.com\/pl\/wp-json\/wp\/v2\/pages"}],"about":[{"href":"https:\/\/www.factris.com\/pl\/wp-json\/wp\/v2\/types\/page"}],"author":[{"embeddable":true,"href":"https:\/\/www.factris.com\/pl\/wp-json\/wp\/v2\/users\/1"}],"replies":[{"embeddable":true,"href":"https:\/\/www.factris.com\/pl\/wp-json\/wp\/v2\/comments?post=25758"}],"version-history":[{"count":13,"href":"https:\/\/www.factris.com\/pl\/wp-json\/wp\/v2\/pages\/25758\/revisions"}],"predecessor-version":[{"id":31012,"href":"https:\/\/www.factris.com\/pl\/wp-json\/wp\/v2\/pages\/25758\/revisions\/31012"}],"wp:featuredmedia":[{"embeddable":true,"href":"https:\/\/www.factris.com\/pl\/wp-json\/wp\/v2\/media\/30414"}],"wp:attachment":[{"href":"https:\/\/www.factris.com\/pl\/wp-json\/wp\/v2\/media?parent=25758"}],"curies":[{"name":"wp","href":"https:\/\/api.w.org\/{rel}","templated":true}]}}